{"id":22501,"date":"2023-08-14T00:00:00","date_gmt":"2023-08-14T00:00:00","guid":{"rendered":"https:\/\/www.espamob.com\/sectores-practicas-empresas-erasmusplus\/construccion\/stage-erasmus-peintre-en-batiment\/"},"modified":"2024-02-28T09:04:12","modified_gmt":"2024-02-28T09:04:12","slug":"practica-erasmus-pintor-para-edificios","status":"publish","type":"page","link":"https:\/\/espamob.com\/es\/sectores-practicas-empresas-erasmusplus\/construccion\/practica-erasmus-pintor-para-edificios\/","title":{"rendered":"Stage Erasmus : Peintre en b\u00e2timent"},"content":{"rendered":"<div class=\"wpb-content-wrapper\"><p>[vc_row css=\u00bb.vc_custom_1704997744585{margin-top: -20px !important;margin-bottom: 40px !important;background-image: url(https:\/\/espamob.com\/wp-content\/uploads\/2024\/01\/Pintura-para-edificios.webp?id=22468) !important;}\u00bb conditional_render=\u00bb%5B%7B%22value_role%22%3A%22administrator%22%7D%5D\u00bb][vc_column css=\u00bb.vc_custom_1687965657482{padding-top: 30px !important;}\u00bb conditional_render=\u00bb%5B%7B%22value_role%22%3A%22administrator%22%7D%5D\u00bb][vc_empty_space height=\u00bb170&#8243;][vc_custom_heading text=\u00bbPr\u00e1ctica Erasmus: Pintor para edificios\u00bb font_container=\u00bbtag:h1|font_size:27|text_align:center|color:%23ffffff\u00bb use_theme_fonts=\u00bbyes\u00bb css=\u00bb.vc_custom_1705168073175{margin-bottom: 15px !important;background-color: rgba(136,136,136,0.29) !important;*background-color: rgb(136,136,136) !important;}\u00bb animation_type=\u00bbzoomIn\u00bb][vc_empty_space height=\u00bb40&#8243;][\/vc_column][\/vc_row][vc_row wrap_container=\u00bbyes\u00bb text_align=\u00bbjustify\u00bb][vc_column text_align=\u00bbjustify\u00bb][vc_column_text]<\/p>\n<nav aria-label=\"breadcrumb\">\n<ol class=\"breadcrumb\">\n<li class=\"breadcrumb-item\"><a href=\"https:\/\/espamob.com\/es\">Home<\/a><\/li>\n<li class=\"breadcrumb-item\"><a href=\"https:\/\/espamob.com\/es\/sectores-practicas-empresas-erasmusplus\">Sectores de pr\u00e1cticas<\/a><\/li>\n<li class=\"breadcrumb-item active\" aria-current=\"page\"><a href=\"https:\/\/espamob.com\/es\/sectores-practicas-empresas-erasmusplus\/construccion\/\">Movilidad en el sector de la construcci\u00f3n<\/a><\/li>\n<li class=\"breadcrumb-item active\" aria-current=\"page\">Pr\u00e1ctica Erasmus : Pintor para edificios<\/li>\n<\/ol>\n<\/nav>\n<p>[\/vc_column_text][vc_custom_heading text=\u00bbImpulsa tu carrera con unas pr\u00e1cticas Erasmus en pintor para edificios\u00bb use_theme_fonts=\u00bbyes\u00bb css=\u00bb.vc_custom_1705168110337{margin-top: 20px !important;}\u00bb][vc_separator][vc_row_inner][vc_column_inner width=\u00bb7\/12&#8243;][vc_column_text]El programa Erasmus es una excelente oportunidad para estudiantes y j\u00f3venes profesionales que desean enriquecer su trayectoria profesional en el campo de la pintura de edificios. Al participar en una <strong>pr\u00e1ctica Erasmus de Pintor para edificios<\/strong>, podr\u00e1s desarrollar tus habilidades, descubrir nuevas t\u00e9cnicas y trabajar en un contexto internacional. En este art\u00edculo, exploraremos las diferentes facetas de este tipo de pr\u00e1ctica, as\u00ed como los beneficios que puede ofrecer a aquellos que eligen aprovecharla.<\/p>\n<h2>\u00bfQu\u00e9 es una pr\u00e1ctica Erasmus de Pintor para Edificios?<\/h2>\n<p>Una pr\u00e1ctica Erasmus de Pintor para Edificios es una experiencia profesional realizada en el marco del programa Erasmus+, que permite a estudiantes y reci\u00e9n graduados formarse en el extranjero en su campo de estudio o trabajo. Este tipo de pr\u00e1ctica tiene como objetivo <strong>formar espec\u00edficamente a profesionales del sector de la pintura de edificios<\/strong>, brind\u00e1ndoles la oportunidad de aprender nuevas t\u00e9cnicas y m\u00e9todos de trabajo en empresas europeas especializadas en este campo.<\/p>\n<h3>Objetivos de la pr\u00e1ctica<\/h3>\n<p>El objetivo principal de una pr\u00e1ctica Erasmus de Pintor para Edificios es ofrecer a los participantes la oportunidad de <strong>adquirir nuevas habilidades y conocimientos<\/strong> en su campo de elecci\u00f3n. Adem\u00e1s, este tipo de pr\u00e1ctica permite a los practicantes sumergirse en un entorno profesional y cultural diferente, fomentando su <strong>adaptabilidad y apertura mental<\/strong>.<\/p>\n<h2>Beneficios de una pr\u00e1ctica Erasmus de Pintor para Edificios<\/h2>\n<p>Participar en una pr\u00e1ctica Erasmus de Pintor para Edificios tiene numerosos beneficios para los participantes. Aqu\u00ed hay algunas razones por las cuales deber\u00edas considerar esta oportunidad:<\/p>\n<ul>\n<li><strong>Desarrollo de habilidades t\u00e9cnicas<\/strong>: Trabajando con profesionales del sector de la pintura de edificios, aprender\u00e1s nuevas t\u00e9cnicas y m\u00e9todos de trabajo que pueden ser muy \u00fatiles para tu futura carrera.<\/li>\n<li><strong>Aprendizaje de nuevos idiomas<\/strong>: Una pr\u00e1ctica en el extranjero es una excelente oportunidad para aprender o mejorar tus habilidades ling\u00fc\u00edsticas, especialmente si eliges ir a un pa\u00eds cuyo idioma a\u00fan no dominas.<\/li>\n<li><strong>Fortalecimiento de tu red profesional<\/strong>: Al realizar una pr\u00e1ctica Erasmus de Pintor para Edificios, tendr\u00e1s la oportunidad de conocer y trabajar con profesionales del sector, lo que puede contribuir al desarrollo de tu red y facilitar tu inserci\u00f3n laboral en el futuro.<\/li>\n<li><strong>Descubrimiento de una nueva cultura<\/strong>: Vivir y trabajar en otro pa\u00eds te permitir\u00e1 familiarizarte con su cultura, tradiciones y estilo de vida. Esta experiencia no solo ser\u00e1 enriquecedora a nivel personal, sino tambi\u00e9n beneficiosa para tu trayectoria profesional, demostrando tu adaptabilidad y flexibilidad.<\/li>\n<\/ul>\n<p>[\/vc_column_text][\/vc_column_inner][vc_column_inner width=\u00bb1\/12&#8243;][\/vc_column_inner][vc_column_inner width=\u00bb4\/12&#8243;][vc_single_image image=\u00bb18277&#8243; img_size=\u00bb400*400&#8243; alignment=\u00bbright\u00bb style=\u00bbvc_box_rounded\u00bb][vc_btn title=\u00bbVer m\u00e1s\u00bb style=\u00bbcustom\u00bb custom_background=\u00bb#e20000&#8243; custom_text=\u00bb#ffffff\u00bb align=\u00bbcenter\u00bb link=\u00bburl:https%3A%2F%2Fespamob.com%2Fes%2Fcontacto%2F|title:Contacto|target:_blank\u00bb][\/vc_column_inner][\/vc_row_inner][vc_custom_heading text=\u00bb\u00bfC\u00f3mo tener \u00e9xito en tu pr\u00e1ctica de pintura de edificios Erasmus?\u00bb font_container=\u00bbtag:h3|text_align:left\u00bb use_theme_fonts=\u00bbyes\u00bb css=\u00bb.vc_custom_1709111011599{margin-top: 20px !important;}\u00bb][vc_separator][vc_row_inner][vc_column_inner width=\u00bb7\/12&#8243;][vc_column_text]Para aprovechar al m\u00e1ximo esta experiencia, sea proactivo y est\u00e9 bien preparado. Aqu\u00ed hay algunos consejos \u00fatiles:<\/p>\n<ul>\n<li><strong>Inf\u00f3rmese sobre la empresa anfitriona:<\/strong> averig\u00fce sus actividades principales y los tipos de sitios de construcci\u00f3n en los que trabajan.<\/li>\n<li><strong>Prepare su salida<\/strong>: aseg\u00farese de tener todos los documentos necesarios (pasaporte, visa, contrato de pr\u00e1cticas, etc.) y conozca los tr\u00e1mites que debe realizar antes de su llegada al pa\u00eds anfitri\u00f3n.<\/li>\n<li><strong>Ad\u00e1ptese a la cultura local:<\/strong> sea de mente abierta e interact\u00fae con las personas que lo rodean. Esto le ayudar\u00e1 a sentirse m\u00e1s c\u00f3modo y aprender m\u00e1s sobre la cultura del pa\u00eds.<\/li>\n<li><strong>Muestre curiosidad y motivaci\u00f3n<\/strong>: haga preguntas si tiene dudas o desea saber m\u00e1s. Esto demostrar\u00e1 su inter\u00e9s en el sector y reforzar\u00e1 la confianza de su tutor en usted.<\/li>\n<\/ul>\n<p>En resumen, la pr\u00e1ctica Erasmus en pintura de edificios es una oportunidad excepcional para los aprendices. Ofrece la oportunidad de adquirir nuevas habilidades, aprender t\u00e9cnicas de trabajo diferentes de las habituales y establecer redes profesionales internacionales. Para beneficiarse plenamente de esta experiencia enriquecedora, la preparaci\u00f3n minuciosa y una actitud curiosa y motivada durante toda la pr\u00e1ctica son esenciales.<\/p>\n<p><strong><u>An\u00e1lisis de la experiencia de Alexia:<\/u><\/strong><\/p>\n<p>Esta joven aprendiz francesa pas\u00f3 dos semanas en pr\u00e1cticas en Barcelona junto a Carlos, un pintor de edificios. Durante su movilidad, asisti\u00f3 a su tutor en diversos proyectos, incluida la pintura de techos y paredes en espacios de vida (sal\u00f3n, cocina, oficina, habitaci\u00f3n, ba\u00f1o &#8230;). Esta experiencia en Espa\u00f1a la empuj\u00f3 a salir de su zona de confort, lo que ser\u00e1 extremadamente formativo y beneficioso para su futuro profesional.[\/vc_column_text][\/vc_column_inner][vc_column_inner width=\u00bb1\/12&#8243;][\/vc_column_inner][vc_column_inner width=\u00bb4\/12&#8243;][vc_raw_html]JTNDZGl2JTIwc3R5bGUlM0QlMjJwYWRkaW5nJTNBJTIwMzBweCUzQmJhY2tncm91bmQtY29sb3IlM0ElMjAlMjNGNEY0RjQlM0IlMjIlM0UlMEElMjAlMjAlMjAlMjAlM0NoNCUzRURlc2N1YnJhJTIwdG9kb3MlMjBsb3MlMjBzZWN0b3JlcyUyMGRlJTIwcHIlQzMlQTFjdGljYXMlM0MlMkZoNCUzRSUwQSUyMCUyMCUyMCUyMCUzQ3AlM0VFc3BhbW9iJTIwZXMlMjBlc3BlY2lhbGlzdGElMjBlbiUyMGxhJTIwYXNlc29yJUMzJUFEYSUyMGRlJTIwZ3J1cG9zJTIwZW4lMjBzdSUyMG1vdmlsaWRhZCUyMEVyYXNtdXMlMkIuJTIwRGVzY3VicmUlMjBlbiUyMHVub3MlMjBwb2NvcyUyMGNsaWNzJTIwdG9kb3MlMjBsb3MlMjBzZWN0b3JlcyUyMGRlJTIwcHIlQzMlQTFjdGljYXMlMjBFcmFzbXVzJTIwZW4lMjBFc3BhJUMzJUIxYS4lM0MlMkZwJTNFJTBBJTIwJTIwJTIwJTIwJTNDYSUyMGNsYXNzJTNEJTIydmNfZ2VuZXJhbCUyMHZjX2J0bjMlMjB2Y19idG4zLXNpemUtbWQlMjB2Y19idG4zLXNoYXBlLWRlZmF1bHQlMjB2Y19idG4zLXN0eWxlLWN1c3RvbSUyMHdwYl9jdXN0b21fNjY4N2IyNmYzOTQ4OGRkYmI4NWRkYjNjMWNlOGUxMTElMjBidG4lMjIlMjBzdHlsZSUzRCUyMmJhY2tncm91bmQtY29sb3IlM0ElMjNlMjAwMDAlM0IlMjBjb2xvciUzQSUyM2ZmZmZmZiUzQiUyMGJhY2tncm91bmQtY29sb3IlM0ElMjNlMjAwMDAlM0IlMjBjb2xvciUzQSUyM2ZmZmZmZiUzQiUyMiUyMGhyZWYlM0QlMjJodHRwcyUzQSUyRiUyRnd3dy5lc3BhbW9iLmNvbSUyRmVzJTJGc2VjdG9yZXMtcHJhY3RpY2FzLWVtcHJlc2FzLWVyYXNtdXNwbHVzJTJGJTIyJTIwdGl0bGUlM0QlMjJTZWN0b3JlcyUyMGRlJTIwcHIlQzMlQTFjdGljYXMlMjIlMjB0YXJnZXQlM0QlMjJfYmxhbmslMjIlM0VEZXNjdWJyaXIlMjBsb3MlMjBzZWN0b3JlcyUzQyUyRmElM0UlMEElM0MlMkZkaXYlM0U=[\/vc_raw_html][vc_custom_heading text=\u00bbDescubre la experiencia de los participantes en Erasmus + :\u00bb font_container=\u00bbtag:h3|text_align:left\u00bb use_theme_fonts=\u00bbyes\u00bb css=\u00bb.vc_custom_1709024444905{margin-top: 20px !important;}\u00bb][vc_separator][vc_video link=\u00bbhttps:\/\/youtu.be\/ixkyCLZ6Jwk?si=6qERfi3ZI-NqRzv1&#8243; align=\u00bbcenter\u00bb][\/vc_column_inner][\/vc_row_inner][\/vc_column][\/vc_row][vc_row full_width=\u00bbstretch_row\u00bb wrap_container=\u00bbyes\u00bb is_section=\u00bbyes\u00bb css=\u00bb.vc_custom_1705167564311{border-top-width: 0px !important;padding-top: 15px !important;padding-bottom: 15px !important;background-color: #f8f392 !important;}\u00bb conditional_render=\u00bb%5B%7B%22value_role%22%3A%22administrator%22%7D%5D\u00bb][vc_column][vc_row_inner css=\u00bb.vc_custom_1688548648248{background-color: #f8f392 !important;}\u00bb][vc_column_inner][vc_custom_heading text=\u00bbSolicite un presupuesto gratuito\u00bb font_container=\u00bbtag:h2|text_align:center\u00bb use_theme_fonts=\u00bbyes\u00bb][vc_column_text]<\/p>\n<p style=\"text-align: justify;\">\u00bfTienes una idea para un proyecto Erasmus+ en Espa\u00f1a y est\u00e1s buscando un referente de confianza que te apoye? \u00a1<strong>Espamob<\/strong>\u2019 est\u00e1 aqu\u00ed para ayudarte! Te ofrecemos un presupuesto gratuito y sin compromiso para ayudarte a gestionar tu proyecto de movilidad. Gracias a nuestra experiencia y nuestra red de empresas asociadas, podemos ofrecerle soporte personalizado para satisfacer sus necesidades espec\u00edficas. Cont\u00e1ctenos ahora para hablar de su proyecto y obtener su presupuesto gratuito.<\/p>\n<p>[\/vc_column_text]<div id=\"modal-trg-txt-wrap-5188\" class=\"ult-modal-input-wrapper ult-adjust-bottom-margin    \" data-keypress-control=\"keypress-control-enable\" data-overlay-control=\"overlay-control-enable\"><style>\n\t\t\t\t\t.btn-modal.btn-id-69e756abc0a255-31056353:hover {\n\t\t\t\t\t\tbackground-color: #e20000 !important;\n\t\t\t\t\t}\n\t\t\t\t\t<\/style><button  data-ultimate-target='#modal-trg-txt-wrap-5188 .btn-modal'  data-responsive-json-new='{\"font-size\":\"\",\"line-height\":\"\"}'  style=\"background:#888888;border-color:#888888;color:#ffffff; \" data-class-id=\"content-69e756abc0a255-31056353\" class=\"btn-modal ult-responsive btn-primary btn-modal-md overlay-show ult-align-center btn-id-69e756abc0a255-31056353\" data-overlay-class=\"overlay-cornerbottomleft\">SOLICITAR PRESUPUESTO GRATUITO<\/button><\/div>\n<div class=\"ult-overlay content-69e756abc0a255-31056353 \" data-class=\"content-69e756abc0a255-31056353\" id=\"button-click-overlay\" style=\"background:rgba(51,51,51,0.8); display:none;\">\n\t<div class=\"ult_modal ult-fade ult-medium\">\n\t\t<div id=\"ult-modal-wrap-4856\" class=\"ult_modal-content ult-hide\" style=\"border-style:solid;border-width:2px;border-radius:0px;border-color:#333333;\">\n\t\t\t<div class=\"ult_modal-header\" style=\"color:#333333;border-color:#333333;\">\n\t\t\t\t<h3  data-ultimate-target='#ult-modal-wrap-4856 .ult_modal-title'  data-responsive-json-new='{\"font-size\":\"\",\"line-height\":\"\"}'  class=\"ult_modal-title ult-responsive\">SOLICITAR PRESUPUESTO GRATUITO<\/h3>\n\t\t\t<\/div>\n\t\t\t<div  data-ultimate-target='#ult-modal-wrap-4856 .ult_modal-body'  data-responsive-json-new='{\"font-size\":\"\",\"line-height\":\"\"}'  class=\"ult_modal-body ult-responsive ult-html\" style=\"\">\n\t\t\t<\/p>\n<p>[caldera_form id=\u00bbCF6149c7d1c4417&#8243;]<\/p>\n<p>\n\t\t\t<\/div>\n\t<\/div>\n\t<\/div>\n\t<div class=\"ult-overlay-close top-right\" style=\"width:80px;height:80px; \"><div class=\"ult-overlay-close-inside\">Close<\/div><\/div>\n<\/div>[\/vc_column_inner][\/vc_row_inner][\/vc_column][\/vc_row][vc_row wrap_container=\u00bbyes\u00bb css=\u00bb.vc_custom_1689256499740{margin-top: 15px !important;}\u00bb conditional_render=\u00bb%5B%7B%22value_role%22%3A%22administrator%22%7D%5D\u00bb][vc_column][vc_custom_heading text=\u00bbPreguntas frecuentes\u00bb font_container=\u00bbtag:h2|text_align:center|color:%23000000&#8243; use_theme_fonts=\u00bbyes\u00bb][vc_separator][vc_row_inner][vc_column_inner width=\u00bb7\/12&#8243;][vc_column_text]<\/p>\n<h3>Cu\u00e1les son las ventajas de elegir Espamob para realizar una pr\u00e1ctica Erasmus como pintor en edificaci\u00f3n?<\/h3>\n<p>Optar por Espamob para llevar a cabo una pr\u00e1ctica Erasmus como pintor en edificaci\u00f3n ofrece varias ventajas. En primer lugar, la agencia Espamob cuenta con una red de socios locales y universidades en Espa\u00f1a que pueden proporcionarte oportunidades de pr\u00e1cticas en este campo espec\u00edfico. Adem\u00e1s, Espamob te acompa\u00f1ar\u00e1 en la b\u00fasqueda de financiamiento para tu movilidad y te ayudar\u00e1 a encontrar un alojamiento adecuado en el lugar. Por \u00faltimo, la agencia se encargar\u00e1 de recibirte en el aeropuerto y proporcionarte un seguimiento personalizado durante toda tu estancia.<\/p>\n<h3>\u00bfC\u00f3mo puede Espamob ayudarme a financiar mi pr\u00e1ctica Erasmus como pintor en edificaci\u00f3n?<\/h3>\n<p>Espamob cuenta con un equipo especializado en la b\u00fasqueda de financiamiento para proyectos de movilidad. La agencia te guiar\u00e1 en los tr\u00e1mites administrativos necesarios para obtener becas o subvenciones para tu pr\u00e1ctica Erasmus como pintor en edificaci\u00f3n. Adem\u00e1s, Espamob puede ponerte en contacto con empresas colaboradoras que podr\u00edan estar interesadas en tu perfil y dispuestas a contribuir financieramente a tu movilidad.<\/p>\n<h3>\u00bfCu\u00e1les son las posibilidades de pr\u00e1cticas como pintor en edificaci\u00f3n que ofrece Espamob en Espa\u00f1a?<\/h3>\n<p>Espamob trabaja estrechamente con empresas colaboradoras en Espa\u00f1a que pueden ofrecer oportunidades de pr\u00e1cticas para pintores en edificaci\u00f3n. Estas pr\u00e1cticas pueden llevarse a cabo en empresas de construcci\u00f3n, compa\u00f1\u00edas de renovaci\u00f3n o empresas especializadas en pintura. Espamob se esforzar\u00e1 por encontrar la pr\u00e1ctica que mejor se adapte a tus expectativas y a tu proyecto profesional, teniendo en cuenta tus habilidades y objetivos.[\/vc_column_text][\/vc_column_inner][vc_column_inner width=\u00bb1\/12&#8243;][\/vc_column_inner][vc_column_inner width=\u00bb4\/12&#8243;][vc_single_image image=\u00bb15074&#8243; img_size=\u00bbfull\u00bb][vc_column_text]<strong>Inf\u00f3rmate sobre los diferentes destinos Erasmus + en Espa\u00f1a :<\/strong><\/p>\n<ul>\n<li><a href=\"https:\/\/espamob.com\/es\/sectores-practicas-empresas-erasmusplus\/construccion\/practica-erasmus-alicatado\/\">Pr\u00e1cticas Erasmus Alicatado<\/a><\/li>\n<li><a href=\"https:\/\/espamob.com\/es\/sectores-practicas-empresas-erasmusplus\/construccion\/practica-erasmus-albanileria\/\">Pr\u00e1cticas Erasmus Alba\u00f1iler\u00eda<\/a><\/li>\n<li><a href=\"https:\/\/espamob.com\/es\/sectores-practicas-empresas-erasmusplus\/construccion\/practica-erasmus-electricidad\/\">Pr\u00e1cticas Erasmus Electricidad<\/a><\/li>\n<li><a href=\"https:\/\/espamob.com\/es\/sectores-practicas-empresas-erasmusplus\/construccion\/practica-erasmus-carpinteria\/\">Pr\u00e1cticas Erasmus\u00a0Carpinter\u00eda<\/a><\/li>\n<li><a href=\"https:\/\/espamob.com\/es\/sectores-practicas-empresas-erasmusplus\/construccion\/practica-erasmus-ebanisteria\/\">Pr\u00e1cticas Erasmus\u00a0de Ebanister\u00eda<\/a><\/li>\n<li><a href=\"https:\/\/espamob.com\/es\/sectores-practicas-empresas-erasmusplus\/construccion\/practica-erasmus-fontaneria\/\">Pr\u00e1cticas Erasmus\u00a0de Fontaner\u00eda<\/a><\/li>\n<\/ul>\n<p>[\/vc_column_text][\/vc_column_inner][\/vc_row_inner][\/vc_column][\/vc_row]<\/p>\n<\/div>","protected":false},"excerpt":{"rendered":"<p>[vc_row css=\u00bb.vc_custom_1704997744585{margin-top: -20px !important;margin-bottom: 40px !important;background-image: url(https:\/\/espamob.com\/wp-content\/uploads\/2024\/01\/Pintura-para-edificios.webp?id=22468) !important;}\u00bb conditional_render=\u00bb%5B%7B%22value_role%22%3A%22administrator%22%7D%5D\u00bb][vc_column css=\u00bb.vc_custom_1687965657482{padding-top: 30px !important;}\u00bb conditional_render=\u00bb%5B%7B%22value_role%22%3A%22administrator%22%7D%5D\u00bb][vc_empty_space height=\u00bb170&#8243;][vc_custom_heading text=\u00bbPr\u00e1ctica Erasmus: Pintor para edificios\u00bb font_container=\u00bbtag:h1|font_size:27|text_align:center|color:%23ffffff\u00bb use_theme_fonts=\u00bbyes\u00bb css=\u00bb.vc_custom_1705168073175{margin-bottom: 15px !important;background-color: rgba(136,136,136,0.29) !important;*background-color: rgb(136,136,136) !important;}\u00bb animation_type=\u00bbzoomIn\u00bb][vc_empty_space height=\u00bb40&#8243;][\/vc_column][\/vc_row][vc_row wrap_container=\u00bbyes\u00bb text_align=\u00bbjustify\u00bb][vc_column text_align=\u00bbjustify\u00bb][vc_column_text] Home Sectores de pr\u00e1cticas Movilidad en el sector de la construcci\u00f3n Pr\u00e1ctica Erasmus : Pintor para edificios [\/vc_column_text][vc_custom_heading text=\u00bbImpulsa tu carrera con<\/p>\n","protected":false},"author":2,"featured_media":0,"parent":12396,"menu_order":0,"comment_status":"closed","ping_status":"closed","template":"","meta":{"footnotes":""},"class_list":["post-22501","page","type-page","status-publish","hentry"],"_links":{"self":[{"href":"https:\/\/espamob.com\/es\/wp-json\/wp\/v2\/pages\/22501","targetHints":{"allow":["GET"]}}],"collection":[{"href":"https:\/\/espamob.com\/es\/wp-json\/wp\/v2\/pages"}],"about":[{"href":"https:\/\/espamob.com\/es\/wp-json\/wp\/v2\/types\/page"}],"author":[{"embeddable":true,"href":"https:\/\/espamob.com\/es\/wp-json\/wp\/v2\/users\/2"}],"replies":[{"embeddable":true,"href":"https:\/\/espamob.com\/es\/wp-json\/wp\/v2\/comments?post=22501"}],"version-history":[{"count":0,"href":"https:\/\/espamob.com\/es\/wp-json\/wp\/v2\/pages\/22501\/revisions"}],"up":[{"embeddable":true,"href":"https:\/\/espamob.com\/es\/wp-json\/wp\/v2\/pages\/12396"}],"wp:attachment":[{"href":"https:\/\/espamob.com\/es\/wp-json\/wp\/v2\/media?parent=22501"}],"curies":[{"name":"wp","href":"https:\/\/api.w.org\/{rel}","templated":true}]}}