{"id":22493,"date":"2023-08-14T00:00:00","date_gmt":"2023-08-14T00:00:00","guid":{"rendered":"https:\/\/www.espamob.com\/sectores-practicas-empresas-erasmusplus\/construccion\/stage-erasmus-maconnerie\/"},"modified":"2024-01-14T14:36:55","modified_gmt":"2024-01-14T14:36:55","slug":"practica-erasmus-albanileria","status":"publish","type":"page","link":"https:\/\/espamob.com\/es\/sectores-practicas-empresas-erasmusplus\/construccion\/practica-erasmus-albanileria\/","title":{"rendered":"Stage Erasmus : Ma\u00e7onnerie"},"content":{"rendered":"<div class=\"wpb-content-wrapper\"><p>[vc_row css=\u00bb.vc_custom_1704997686865{margin-top: -20px !important;margin-bottom: 40px !important;background-image: url(https:\/\/espamob.com\/wp-content\/uploads\/2024\/01\/Mamposteria.webp?id=22456) !important;}\u00bb conditional_render=\u00bb%5B%7B%22value_role%22%3A%22administrator%22%7D%5D\u00bb][vc_column css=\u00bb.vc_custom_1687965657482{padding-top: 30px !important;}\u00bb conditional_render=\u00bb%5B%7B%22value_role%22%3A%22administrator%22%7D%5D\u00bb][vc_empty_space height=\u00bb170&#8243;][vc_custom_heading text=\u00bbPr\u00e1ctica Erasmus : Alba\u00f1iler\u00eda\u00bb font_container=\u00bbtag:h1|font_size:27|text_align:center|color:%23ffffff\u00bb use_theme_fonts=\u00bbyes\u00bb css=\u00bb.vc_custom_1705093551883{margin-bottom: 15px !important;background-color: rgba(136,136,136,0.29) !important;*background-color: rgb(136,136,136) !important;}\u00bb animation_type=\u00bbzoomIn\u00bb][vc_empty_space height=\u00bb40&#8243;][\/vc_column][\/vc_row][vc_row wrap_container=\u00bbyes\u00bb text_align=\u00bbjustify\u00bb][vc_column text_align=\u00bbjustify\u00bb][vc_column_text]<\/p>\n<nav aria-label=\"breadcrumb\">\n<ol class=\"breadcrumb\">\n<li class=\"breadcrumb-item\"><a href=\"https:\/\/espamob.com\/es\">Home<\/a><\/li>\n<li class=\"breadcrumb-item\"><a href=\"https:\/\/espamob.com\/es\/sectores-practicas-empresas-erasmusplus\">Sectores de pr\u00e1cticas<\/a><\/li>\n<li class=\"breadcrumb-item active\" aria-current=\"page\"><a href=\"https:\/\/espamob.com\/es\/sectores-practicas-empresas-erasmusplus\/construccion\/\">Movilidad en el sector de la construcci\u00f3n<\/a><\/li>\n<li class=\"breadcrumb-item active\" aria-current=\"page\">Pr\u00e1ctica Erasmus : Alba\u00f1iler\u00eda<\/li>\n<\/ol>\n<\/nav>\n<p>[\/vc_column_text][vc_custom_heading text=\u00bbPr\u00e1ctica Erasmus de alba\u00f1iler\u00eda: una experiencia profesional gratificante\u00bb use_theme_fonts=\u00bbyes\u00bb css=\u00bb.vc_custom_1705093543090{margin-top: 20px !important;}\u00bb][vc_separator][vc_row_inner][vc_column_inner width=\u00bb7\/12&#8243;][vc_column_text]Eres estudiante de alba\u00f1iler\u00eda y est\u00e1s buscando vivir una experiencia internacional. \u00a1La Pr\u00e1ctica Erasmus Mamposter\u00eda es la soluci\u00f3n ideal para ti! En este art\u00edculo, exploraremos juntos las oportunidades ofrecidas por tal pasant\u00eda, as\u00ed como los oficios de la construcci\u00f3n relacionados con la alba\u00f1iler\u00eda.<\/p>\n<h2>El programa Erasmus+: oportunidades para j\u00f3venes profesionales de la construcci\u00f3n<\/h2>\n<p>El programa Erasmus+ es una iniciativa europea que permite a estudiantes y j\u00f3venes profesionales realizar estancias en el extranjero como parte de su formaci\u00f3n. Ofrece la posibilidad de realizar una pr\u00e1ctica en una empresa ubicada en otro pa\u00eds europeo, lo que constituye un verdadero valor a\u00f1adido en el mercado laboral.<\/p>\n<p>Para los oficios de la construcci\u00f3n, como la alba\u00f1iler\u00eda, esto puede representar una oportunidad \u00fanica para aprender nuevas t\u00e9cnicas y profundizar en las habilidades mientras se descubre una nueva cultura. <strong>Por lo tanto, la pr\u00e1ctica Erasmus Alba\u00f1iler\u00eda es una oportunidad que vale la pena aprovechar para impulsar tu carrera en el sector de la construcci\u00f3n.<\/strong><\/p>\n<h3>Ventajas de una pr\u00e1ctica en alba\u00f1iler\u00eda en el extranjero<\/h3>\n<p>Realizar una pr\u00e1ctica Erasmus en alba\u00f1iler\u00eda tiene varias ventajas:<\/p>\n<ul>\n<li><strong>Descubrir nuevas metodolog\u00edas de trabajo:<\/strong> cada pa\u00eds tiene sus propias especificidades en cuanto a construcci\u00f3n. Una pasant\u00eda en el extranjero puede permitirte familiarizarte con nuevas t\u00e9cnicas y materiales.<\/li>\n<li><strong>Mejorar tus habilidades ling\u00fc\u00edsticas<\/strong>: el dominio de un idioma extranjero es una ventaja crucial para los alba\u00f1iles en busca de oportunidades profesionales internacionales. La pr\u00e1ctica Erasmus te sumerge por completo y favorece tu progreso ling\u00fc\u00edstico.<\/li>\n<li><strong>Ampliar tu red profesional<\/strong>: ir al extranjero tambi\u00e9n es una oportunidad para conocer a profesionales del sector de la construcci\u00f3n y compartir experiencias. Una red s\u00f3lida puede resultar muy \u00fatil en la b\u00fasqueda de empleo futuro.<\/li>\n<\/ul>\n<p>[\/vc_column_text][\/vc_column_inner][vc_column_inner width=\u00bb1\/12&#8243;][\/vc_column_inner][vc_column_inner width=\u00bb4\/12&#8243;][vc_single_image image=\u00bb18227&#8243; img_size=\u00bb400*400&#8243; alignment=\u00bbright\u00bb style=\u00bbvc_box_rounded\u00bb][vc_btn title=\u00bbVer m\u00e1s\u00bb style=\u00bbcustom\u00bb custom_background=\u00bb#e20000&#8243; custom_text=\u00bb#ffffff\u00bb align=\u00bbcenter\u00bb link=\u00bburl:https%3A%2F%2Fespamob.com%2Fes%2Fcontacto%2F|title:Contacto|target:_blank\u00bb][\/vc_column_inner][\/vc_row_inner][vc_custom_heading text=\u00bbLa alba\u00f1iler\u00eda: un sector diversificado\u00bb font_container=\u00bbtag:h3|text_align:left\u00bb use_theme_fonts=\u00bbyes\u00bb css=\u00bb.vc_custom_1705093631035{margin-top: 20px !important;}\u00bb][vc_separator][vc_row_inner][vc_column_inner width=\u00bb7\/12&#8243;][vc_column_text]La alba\u00f1iler\u00eda engloba diversos oficios relacionados con la construcci\u00f3n, la renovaci\u00f3n o la restauraci\u00f3n de edificios. Entre estos oficios, se encuentran:<\/p>\n<ul>\n<li>Alba\u00f1il tradicional: este profesional realiza trabajos de obra gruesa como la construcci\u00f3n de muros portantes, tabiques o pisos. Trabaja generalmente con materiales como concreto, ladrillo o piedra.<\/li>\n<li>Alba\u00f1il de VRD (Voiries et R\u00e9seaux Divers): especializado en obras urbanas, interviene en la construcci\u00f3n de calles, aceras o canalizaciones, por ejemplo.<\/li>\n<li>Cantero: este oficio artesanal consiste en trabajar la piedra para convertirla en elementos arquitect\u00f3nicos o decorativos. El cantero interviene especialmente en obras de restauraci\u00f3n de monumentos hist\u00f3ricos.<\/li>\n<li>Constructor de hormig\u00f3n armado: realiza estructuras de hormig\u00f3n armado, como vigas, losas o columnas, respetando planos precisos y utilizando equipo espec\u00edfico. Las habilidades necesarias para trabajar en el sector de la alba\u00f1iler\u00eda<\/li>\n<\/ul>\n<h2>Para ejercer un oficio en el \u00e1mbito de la alba\u00f1iler\u00eda, es necesario poseer ciertas habilidades:<\/h2>\n<ul>\n<li><strong>Rigor<\/strong>: la calidad y solidez de las obras realizadas dependen del respeto de las reglas del arte y de las normas vigentes.<\/li>\n<li><strong>Esp\u00edritu de equipo<\/strong>: los alba\u00f1iles trabajan generalmente en equipo en un canteo, por lo que es esencial saber colaborar con los colegas para llevar a cabo los diferentes proyectos.<\/li>\n<li><strong>Versatilidad<\/strong>: cada canteo es diferente y a veces se requiere adaptarse a nuevas t\u00e9cnicas o materiales. Adem\u00e1s, los oficios de la alba\u00f1iler\u00eda pueden exigir habilidades en lectura de planos, c\u00e1lculos o dibujo t\u00e9cnico.<\/li>\n<li><strong>Resistencia f\u00edsica<\/strong>: los alba\u00f1iles manipulan cargas pesadas y trabajan a alturas o en posiciones inc\u00f3modas. Se requiere una buena condici\u00f3n f\u00edsica para ejercer estos oficios.<\/li>\n<\/ul>\n<h2>Optar por un stage Erasmus Alba\u00f1iler\u00eda para destacar en el mercado laboral<\/h2>\n<p>En resumen, realizar un stage Erasmus Alba\u00f1iler\u00eda ofrece numerosos beneficios a estudiantes y j\u00f3venes profesionales que deseen desarrollar habilidades y obtener una experiencia valiosa a nivel internacional.<strong> Este tipo de pasant\u00eda no solo permite mejorar conocimientos t\u00e9cnicos y ling\u00fc\u00edsticos, sino tambi\u00e9n construir una red profesional s\u00f3lida y diversificada.<\/strong> \u00a1No dudes m\u00e1s y aprovecha esta oportunidad para destacarte en el mercado laboral en el sector de la construcci\u00f3n![\/vc_column_text][\/vc_column_inner][vc_column_inner width=\u00bb1\/12&#8243;][\/vc_column_inner][vc_column_inner width=\u00bb4\/12&#8243;][vc_raw_html]JTNDZGl2JTIwc3R5bGUlM0QlMjJwYWRkaW5nJTNBJTIwMzBweCUzQmJhY2tncm91bmQtY29sb3IlM0ElMjAlMjNGNEY0RjQlM0IlMjIlM0UlMEElMjAlMjAlMjAlMjAlM0NoNCUzRURlc2N1YnJhJTIwdG9kb3MlMjBsb3MlMjBzZWN0b3JlcyUyMGRlJTIwcHIlQzMlQTFjdGljYXMlM0MlMkZoNCUzRSUwQSUyMCUyMCUyMCUyMCUzQ3AlM0VFc3BhbW9iJTIwZXMlMjBlc3BlY2lhbGlzdGElMjBlbiUyMGxhJTIwYXNlc29yJUMzJUFEYSUyMGRlJTIwZ3J1cG9zJTIwZW4lMjBzdSUyMG1vdmlsaWRhZCUyMEVyYXNtdXMlMkIuJTIwRGVzY3VicmUlMjBlbiUyMHVub3MlMjBwb2NvcyUyMGNsaWNzJTIwdG9kb3MlMjBsb3MlMjBzZWN0b3JlcyUyMGRlJTIwcHIlQzMlQTFjdGljYXMlMjBFcmFzbXVzJTIwZW4lMjBFc3BhJUMzJUIxYS4lM0MlMkZwJTNFJTBBJTIwJTIwJTIwJTIwJTNDYSUyMGNsYXNzJTNEJTIydmNfZ2VuZXJhbCUyMHZjX2J0bjMlMjB2Y19idG4zLXNpemUtbWQlMjB2Y19idG4zLXNoYXBlLWRlZmF1bHQlMjB2Y19idG4zLXN0eWxlLWN1c3RvbSUyMHdwYl9jdXN0b21fNjY4N2IyNmYzOTQ4OGRkYmI4NWRkYjNjMWNlOGUxMTElMjBidG4lMjIlMjBzdHlsZSUzRCUyMmJhY2tncm91bmQtY29sb3IlM0ElMjNlMjAwMDAlM0IlMjBjb2xvciUzQSUyM2ZmZmZmZiUzQiUyMGJhY2tncm91bmQtY29sb3IlM0ElMjNlMjAwMDAlM0IlMjBjb2xvciUzQSUyM2ZmZmZmZiUzQiUyMiUyMGhyZWYlM0QlMjJodHRwcyUzQSUyRiUyRnd3dy5lc3BhbW9iLmNvbSUyRmVzJTJGc2VjdG9yZXMtcHJhY3RpY2FzLWVtcHJlc2FzLWVyYXNtdXNwbHVzJTJGJTIyJTIwdGl0bGUlM0QlMjJTZWN0b3JlcyUyMGRlJTIwcHIlQzMlQTFjdGljYXMlMjIlMjB0YXJnZXQlM0QlMjJfYmxhbmslMjIlM0VEZXNjdWJyaXIlMjBsb3MlMjBzZWN0b3JlcyUzQyUyRmElM0UlMEElM0MlMkZkaXYlM0U=[\/vc_raw_html][\/vc_column_inner][\/vc_row_inner][\/vc_column][\/vc_row][vc_row full_width=\u00bbstretch_row\u00bb wrap_container=\u00bbyes\u00bb is_section=\u00bbyes\u00bb css=\u00bb.vc_custom_1705093829704{border-top-width: 0px !important;padding-top: 15px !important;padding-bottom: 15px !important;background-color: #f8f392 !important;}\u00bb conditional_render=\u00bb%5B%7B%22value_role%22%3A%22administrator%22%7D%5D\u00bb][vc_column][vc_row_inner css=\u00bb.vc_custom_1688548648248{background-color: #f8f392 !important;}\u00bb][vc_column_inner][vc_custom_heading text=\u00bbSolicite un presupuesto gratuito\u00bb font_container=\u00bbtag:h2|text_align:center\u00bb use_theme_fonts=\u00bbyes\u00bb][vc_column_text]<\/p>\n<p style=\"text-align: justify;\">\u00bfTienes una idea para un proyecto Erasmus+ en Espa\u00f1a y est\u00e1s buscando un referente de confianza que te apoye? \u00a1<strong>Espamob<\/strong>\u2019 est\u00e1 aqu\u00ed para ayudarte! Te ofrecemos un presupuesto gratuito y sin compromiso para ayudarte a gestionar tu proyecto de movilidad. Gracias a nuestra experiencia y nuestra red de empresas asociadas, podemos ofrecerle soporte personalizado para satisfacer sus necesidades espec\u00edficas. Cont\u00e1ctenos ahora para hablar de su proyecto y obtener su presupuesto gratuito.<\/p>\n<p>[\/vc_column_text]<div id=\"modal-trg-txt-wrap-6781\" class=\"ult-modal-input-wrapper ult-adjust-bottom-margin    \" data-keypress-control=\"keypress-control-enable\" data-overlay-control=\"overlay-control-enable\"><style>\n\t\t\t\t\t.btn-modal.btn-id-69e77b550ade09-83157089:hover {\n\t\t\t\t\t\tbackground-color: #e20000 !important;\n\t\t\t\t\t}\n\t\t\t\t\t<\/style><button  data-ultimate-target='#modal-trg-txt-wrap-6781 .btn-modal'  data-responsive-json-new='{\"font-size\":\"\",\"line-height\":\"\"}'  style=\"background:#888888;border-color:#888888;color:#ffffff; \" data-class-id=\"content-69e77b550ade09-83157089\" class=\"btn-modal ult-responsive btn-primary btn-modal-md overlay-show ult-align-center btn-id-69e77b550ade09-83157089\" data-overlay-class=\"overlay-cornerbottomleft\">SOLICITAR PRESUPUESTO GRATUITO<\/button><\/div>\n<div class=\"ult-overlay content-69e77b550ade09-83157089 \" data-class=\"content-69e77b550ade09-83157089\" id=\"button-click-overlay\" style=\"background:rgba(51,51,51,0.8); display:none;\">\n\t<div class=\"ult_modal ult-fade ult-medium\">\n\t\t<div id=\"ult-modal-wrap-3111\" class=\"ult_modal-content ult-hide\" style=\"border-style:solid;border-width:2px;border-radius:0px;border-color:#333333;\">\n\t\t\t<div class=\"ult_modal-header\" style=\"color:#333333;border-color:#333333;\">\n\t\t\t\t<h3  data-ultimate-target='#ult-modal-wrap-3111 .ult_modal-title'  data-responsive-json-new='{\"font-size\":\"\",\"line-height\":\"\"}'  class=\"ult_modal-title ult-responsive\">SOLICITAR PRESUPUESTO GRATUITO<\/h3>\n\t\t\t<\/div>\n\t\t\t<div  data-ultimate-target='#ult-modal-wrap-3111 .ult_modal-body'  data-responsive-json-new='{\"font-size\":\"\",\"line-height\":\"\"}'  class=\"ult_modal-body ult-responsive ult-html\" style=\"\">\n\t\t\t<\/p>\n<p>[caldera_form id=\u00bbCF6149c7d1c4417&#8243;]<\/p>\n<p>\n\t\t\t<\/div>\n\t<\/div>\n\t<\/div>\n\t<div class=\"ult-overlay-close top-right\" style=\"width:80px;height:80px; \"><div class=\"ult-overlay-close-inside\">Close<\/div><\/div>\n<\/div>[\/vc_column_inner][\/vc_row_inner][\/vc_column][\/vc_row][vc_row wrap_container=\u00bbyes\u00bb css=\u00bb.vc_custom_1689256499740{margin-top: 15px !important;}\u00bb conditional_render=\u00bb%5B%7B%22value_role%22%3A%22administrator%22%7D%5D\u00bb][vc_column][vc_custom_heading text=\u00bbPreguntas frecuentes\u00bb font_container=\u00bbtag:h2|text_align:center|color:%23000000&#8243; use_theme_fonts=\u00bbyes\u00bb][vc_separator][vc_row_inner][vc_column_inner width=\u00bb7\/12&#8243;][vc_column_text]<\/p>\n<h3>\u00bfCu\u00e1les son las ventajas de elegir Espamob para realizar una pr\u00e1ctica Erasmus en el \u00e1mbito de la alba\u00f1iler\u00eda?<\/h3>\n<p>Los beneficios de elegir a Espamob para realizar una pr\u00e1ctica Erasmus en el campo de la alba\u00f1iler\u00eda son abundantes. Como agencia especializada, Espamob cuenta con una red s\u00f3lida de socios en el sector de la construcci\u00f3n en Espa\u00f1a, lo que facilita la b\u00fasqueda de pr\u00e1cticas de calidad. Adem\u00e1s, Espamob acompa\u00f1a a los grupos en todas las etapas del proyecto, desde la creaci\u00f3n hasta la implementaci\u00f3n, lo que permite una experiencia de pasant\u00eda Erasmus fluida y bien organizada.<\/p>\n<h3>\u00bfC\u00f3mo ayuda Espamob a los grupos a encontrar financiamiento para su pr\u00e1ctica Erasmus en alba\u00f1iler\u00eda?<\/h3>\n<p>Espamob ofrece un servicio de asesoramiento en la b\u00fasqueda de financiamiento para las pr\u00e1cticas Erasmus en alba\u00f1iler\u00eda. La agencia brinda consejos y recursos para ayudar a los grupos a identificar diversas opciones de financiamiento, ya sea a trav\u00e9s de becas Erasmus, subvenciones nacionales o regionales, o asociaciones con empresas. Espamob tambi\u00e9n gu\u00eda a los grupos en la redacci\u00f3n de solicitudes de financiamiento y los ayuda a maximizar sus posibilidades de \u00e9xito.<\/p>\n<h3>\u00bfC\u00f3mo organiza Espamob la recepci\u00f3n de grupos de practicantes en alba\u00f1iler\u00eda?<\/h3>\n<p>Espamob se encarga de la recepci\u00f3n de los grupos de practicantes en alba\u00f1iler\u00eda desde su llegada a Espa\u00f1a. La agencia se encarga de la reserva de alojamientos adaptados a las necesidades del grupo, ya sea en residencias estudiantiles, apartamentos compartidos o familias de acogida. Adem\u00e1s, Espamob se encarga del transporte desde el aeropuerto hasta el lugar de alojamiento. Durante toda la duraci\u00f3n de la pasant\u00eda, la agencia permanece disponible para responder preguntas y brindar apoyo log\u00edstico a los alumnos.[\/vc_column_text][\/vc_column_inner][vc_column_inner width=\u00bb1\/12&#8243;][\/vc_column_inner][vc_column_inner width=\u00bb4\/12&#8243;][vc_single_image image=\u00bb15074&#8243; img_size=\u00bbfull\u00bb][vc_column_text]<strong>Inf\u00f3rmate sobre los diferentes destinos Erasmus + en Espa\u00f1a :<\/strong><\/p>\n<ul>\n<li><a href=\"https:\/\/espamob.com\/es\/sectores-practicas-empresas-erasmusplus\/construccion\/practica-erasmus-alicatado\/\">Pr\u00e1cticas Erasmus Alicatado<\/a><\/li>\n<li><a href=\"https:\/\/espamob.com\/es\/sectores-practicas-empresas-erasmusplus\/construccion\/practica-erasmus-electricidad\/\">Pr\u00e1cticas Erasmus Electricidad<\/a><\/li>\n<li><a href=\"https:\/\/espamob.com\/es\/sectores-practicas-empresas-erasmusplus\/construccion\/practica-erasmus-pintor-para-edificios\/\">Pr\u00e1cticas Erasmus Pintor para edificios<\/a><\/li>\n<li><a href=\"https:\/\/espamob.com\/es\/sectores-practicas-empresas-erasmusplus\/construccion\/practica-erasmus-carpinteria\/\">Pr\u00e1cticas Erasmus\u00a0Carpinter\u00eda<\/a><\/li>\n<li><a href=\"https:\/\/espamob.com\/es\/sectores-practicas-empresas-erasmusplus\/construccion\/practica-erasmus-ebanisteria\/\">Pr\u00e1cticas Erasmus\u00a0de Ebanister\u00eda<\/a><\/li>\n<li><a href=\"https:\/\/espamob.com\/es\/sectores-practicas-empresas-erasmusplus\/construccion\/practica-erasmus-fontaneria\/\">Pr\u00e1cticas Erasmus\u00a0de Fontaner\u00eda<\/a><\/li>\n<\/ul>\n<p>[\/vc_column_text][\/vc_column_inner][\/vc_row_inner][\/vc_column][\/vc_row]<\/p>\n<\/div>","protected":false},"excerpt":{"rendered":"<p>[vc_row css=\u00bb.vc_custom_1704997686865{margin-top: -20px !important;margin-bottom: 40px !important;background-image: url(https:\/\/espamob.com\/wp-content\/uploads\/2024\/01\/Mamposteria.webp?id=22456) !important;}\u00bb conditional_render=\u00bb%5B%7B%22value_role%22%3A%22administrator%22%7D%5D\u00bb][vc_column css=\u00bb.vc_custom_1687965657482{padding-top: 30px !important;}\u00bb conditional_render=\u00bb%5B%7B%22value_role%22%3A%22administrator%22%7D%5D\u00bb][vc_empty_space height=\u00bb170&#8243;][vc_custom_heading text=\u00bbPr\u00e1ctica Erasmus : Alba\u00f1iler\u00eda\u00bb font_container=\u00bbtag:h1|font_size:27|text_align:center|color:%23ffffff\u00bb use_theme_fonts=\u00bbyes\u00bb css=\u00bb.vc_custom_1705093551883{margin-bottom: 15px !important;background-color: rgba(136,136,136,0.29) !important;*background-color: rgb(136,136,136) !important;}\u00bb animation_type=\u00bbzoomIn\u00bb][vc_empty_space height=\u00bb40&#8243;][\/vc_column][\/vc_row][vc_row wrap_container=\u00bbyes\u00bb text_align=\u00bbjustify\u00bb][vc_column text_align=\u00bbjustify\u00bb][vc_column_text] Home Sectores de pr\u00e1cticas Movilidad en el sector de la construcci\u00f3n Pr\u00e1ctica Erasmus : Alba\u00f1iler\u00eda [\/vc_column_text][vc_custom_heading text=\u00bbPr\u00e1ctica Erasmus de alba\u00f1iler\u00eda: una experiencia profesional<\/p>\n","protected":false},"author":2,"featured_media":0,"parent":12396,"menu_order":0,"comment_status":"closed","ping_status":"closed","template":"","meta":{"footnotes":""},"class_list":["post-22493","page","type-page","status-publish","hentry"],"_links":{"self":[{"href":"https:\/\/espamob.com\/es\/wp-json\/wp\/v2\/pages\/22493","targetHints":{"allow":["GET"]}}],"collection":[{"href":"https:\/\/espamob.com\/es\/wp-json\/wp\/v2\/pages"}],"about":[{"href":"https:\/\/espamob.com\/es\/wp-json\/wp\/v2\/types\/page"}],"author":[{"embeddable":true,"href":"https:\/\/espamob.com\/es\/wp-json\/wp\/v2\/users\/2"}],"replies":[{"embeddable":true,"href":"https:\/\/espamob.com\/es\/wp-json\/wp\/v2\/comments?post=22493"}],"version-history":[{"count":0,"href":"https:\/\/espamob.com\/es\/wp-json\/wp\/v2\/pages\/22493\/revisions"}],"up":[{"embeddable":true,"href":"https:\/\/espamob.com\/es\/wp-json\/wp\/v2\/pages\/12396"}],"wp:attachment":[{"href":"https:\/\/espamob.com\/es\/wp-json\/wp\/v2\/media?parent=22493"}],"curies":[{"name":"wp","href":"https:\/\/api.w.org\/{rel}","templated":true}]}}