{"id":22224,"date":"2023-08-08T00:00:00","date_gmt":"2023-08-08T00:00:00","guid":{"rendered":"https:\/\/www.espamob.com\/sectores-practicas-empresas-erasmusplus\/sector-servicios\/stage-erasmus-gestion-administration\/"},"modified":"2024-01-10T15:44:13","modified_gmt":"2024-01-10T15:44:13","slug":"practica-erasmus-gestion-administrativa","status":"publish","type":"page","link":"https:\/\/espamob.com\/es\/sectores-practicas-empresas-erasmusplus\/sector-servicios\/practica-erasmus-gestion-administrativa\/","title":{"rendered":"Stage Erasmus : Gestion administration"},"content":{"rendered":"<div class=\"wpb-content-wrapper\"><p>[vc_row css=\u00bb.vc_custom_1703789293459{margin-top: -20px !important;margin-bottom: 40px !important;background-image: url(https:\/\/espamob.com\/wp-content\/uploads\/2023\/12\/Gestion-administrativa.webp?id=22173) !important;}\u00bb conditional_render=\u00bb%5B%7B%22value_role%22%3A%22administrator%22%7D%5D\u00bb][vc_column css=\u00bb.vc_custom_1687965657482{padding-top: 30px !important;}\u00bb conditional_render=\u00bb%5B%7B%22value_role%22%3A%22administrator%22%7D%5D\u00bb][vc_empty_space height=\u00bb170&#8243;][vc_custom_heading text=\u00bbPr\u00e1ctica Erasmus: Gesti\u00f3n Administrativa\u00bb font_container=\u00bbtag:h1|font_size:27|text_align:center|color:%23ffffff\u00bb use_theme_fonts=\u00bbyes\u00bb css=\u00bb.vc_custom_1704817600567{margin-bottom: 15px !important;background-color: rgba(136,136,136,0.29) !important;*background-color: rgb(136,136,136) !important;}\u00bb animation_type=\u00bbzoomIn\u00bb][vc_empty_space height=\u00bb40&#8243;][\/vc_column][\/vc_row][vc_row wrap_container=\u00bbyes\u00bb text_align=\u00bbjustify\u00bb][vc_column text_align=\u00bbjustify\u00bb][vc_column_text]<\/p>\n<nav aria-label=\"breadcrumb\">\n<ol class=\"breadcrumb\">\n<li class=\"breadcrumb-item\"><a href=\"https:\/\/espamob.com\/es\">Home<\/a><\/li>\n<li class=\"breadcrumb-item\"><a href=\"https:\/\/espamob.com\/es\/sectores-practicas-empresas-erasmusplus\">Sectores de pr\u00e1cticas<\/a><\/li>\n<li class=\"breadcrumb-item active\" aria-current=\"page\"><a href=\"https:\/\/espamob.com\/es\/sectores-practicas-empresas-erasmusplus\/sector-servicios\/\">Movilidad sector terciario<\/a><\/li>\n<li class=\"breadcrumb-item active\" aria-current=\"page\">Pr\u00e1ctica Erasmus : Gesti\u00f3n Administrativa<\/li>\n<\/ol>\n<\/nav>\n<p>[\/vc_column_text][vc_custom_heading text=\u00bbPr\u00e1ctica Erasmus en gesti\u00f3n administrativa: una oportunidad que merece la pena aprovechar\u00bb use_theme_fonts=\u00bbyes\u00bb css=\u00bb.vc_custom_1704817654006{margin-top: 20px !important;}\u00bb][vc_separator][vc_row_inner][vc_column_inner width=\u00bb7\/12&#8243;][vc_column_text]El programa Erasmus+ es hoy en d\u00eda una verdadera oportunidad para los j\u00f3venes estudiantes que desean adquirir nuevas habilidades y experiencia internacional. Entre las \u00e1reas que se benefician de esta oportunidad, la gesti\u00f3n administrativa ocupa un lugar destacado. Viajar, descubrir otras culturas y aprender sobre el terreno son solo algunos de los beneficios ofrecidos por una pr\u00e1ctica Erasmus en Gesti\u00f3n Administrativa.<\/p>\n<h2>\u00bfQu\u00e9 es una pr\u00e1ctica Erasmus en Gesti\u00f3n Administrativa?<\/h2>\n<p>Una pr\u00e1ctica Erasmus en gesti\u00f3n administrativa es una experiencia profesional realizada en el marco del programa europeo Erasmus+. Permite a los estudiantes de gesti\u00f3n administrativa realizar una pr\u00e1ctica en el extranjero en una empresa u organizaci\u00f3n. De esta manera, los pasantes tienen la oportunidad de mejorar sus habilidades profesionales y ling\u00fc\u00edsticas mientras descubren una nueva cultura.<\/p>\n<h3>\u00bfPor qu\u00e9 elegir una pr\u00e1ctica Erasmus en gesti\u00f3n administrativa?<\/h3>\n<ul>\n<li><strong>Desarrollar habilidades<\/strong>: Una pr\u00e1ctica Erasmus en gesti\u00f3n administrativa brinda a los estudiantes la oportunidad de desarrollar habilidades t\u00e9cnicas y relacionales en un contexto internacional.<\/li>\n<li><strong>Mejorar la empleabilidad<\/strong>: Realizar una pr\u00e1ctica en el extranjero es un activo valioso en un curr\u00edculum y puede facilitar el acceso al mercado laboral.<\/li>\n<li><strong>Vivir una experiencia \u00fanica:<\/strong> Vivir en el extranjero, sumergirse en una nueva cultura y trabajar con colegas de diferentes pa\u00edses enriquece tanto el recorrido personal como el profesional.<\/li>\n<li><strong>Aprender un nuevo idioma<\/strong>: Una estancia en el extranjero es una oportunidad para practicar y mejorar en un idioma extranjero, lo que representa una ventaja innegable en el mercado laboral.<\/li>\n<\/ul>\n<h2>\u00bfC\u00f3mo conseguir una pr\u00e1ctica Erasmus en gesti\u00f3n administrativa?<\/h2>\n<h3>Informarse en la instituci\u00f3n educativa<\/h3>\n<p>El primer paso para encontrar una pr\u00e1ctica Erasmus en gesti\u00f3n administrativa es informarse en la instituci\u00f3n educativa. De hecho, las escuelas y universidades mantienen relaciones con empresas y organizaciones asociadas en diferentes pa\u00edses. Por lo tanto, es posible que puedan ofrecer ofertas de pr\u00e1cticas adaptadas a las necesidades y habilidades de los estudiantes.<\/p>\n<h3>Realizar b\u00fasquedas en l\u00ednea<\/h3>\n<p>Numerosas plataformas en l\u00ednea permiten consultar anuncios de pr\u00e1cticas en el extranjero. Los principales sitios para consultar son:<\/p>\n<ul>\n<li>El portal europeo de movilidad laboral (EURES): es una red que agrupa a organizaciones e instituciones europeas que trabajan para facilitar la movilidad profesional en Europa.<\/li>\n<li>Sitios especializados en pr\u00e1cticas en el extranjero como Internshipmapper o Stages-Emplois.com.<\/li>\n<li>Redes sociales profesionales como LinkedIn o Viadeo, que permiten seguir las noticias de las empresas y consultar ofertas de pr\u00e1cticas.<\/li>\n<\/ul>\n<h3>Construir una red de contactos<\/h3>\n<p>Es importante construir una red profesional para facilitar la b\u00fasqueda de pr\u00e1cticas. Participar en foros, ferias o eventos dedicados al empleo y las pr\u00e1cticas puede ayudar a establecer contactos con empresas y organizaciones que puedan acoger a pasantes.[\/vc_column_text][\/vc_column_inner][vc_column_inner width=\u00bb1\/12&#8243;][\/vc_column_inner][vc_column_inner width=\u00bb4\/12&#8243;][vc_single_image image=\u00bb18207&#8243; img_size=\u00bb400*400&#8243; alignment=\u00bbright\u00bb style=\u00bbvc_box_rounded\u00bb label=\u00bb\u00bb][vc_btn title=\u00bbVer m\u00e1s\u00bb style=\u00bbcustom\u00bb custom_background=\u00bb#e20000&#8243; custom_text=\u00bb#ffffff\u00bb align=\u00bbcenter\u00bb link=\u00bburl:https%3A%2F%2Fespamob.com%2Fes%2Fcontacto%2F|title:Contacto|target:_blank\u00bb][\/vc_column_inner][\/vc_row_inner][vc_custom_heading text=\u00bbLes d\u00e9marches administratives pour partir en stage Erasmus Gestion administration\u00bb font_container=\u00bbtag:h3|text_align:left\u00bb use_theme_fonts=\u00bbyes\u00bb css=\u00bb.vc_custom_1689259044425{margin-top: 20px !important;}\u00bb][vc_separator][vc_row_inner][vc_column_inner width=\u00bb7\/12&#8243;][vc_column_text]<\/p>\n<h3>Informarse sobre las condiciones de elegibilidad<\/h3>\n<p>Para poder beneficiarse de una pr\u00e1ctica Erasmus en gesti\u00f3n administrativa, es necesario estar inscrito en una instituci\u00f3n de educaci\u00f3n superior que participe en el programa Erasmus+ y estudiar en el campo de la gesti\u00f3n administrativa. Adem\u00e1s, es necesario verificar las condiciones de elegibilidad espec\u00edficas de cada pa\u00eds, que incluyen, entre otras cosas, la duraci\u00f3n de la pr\u00e1ctica, la edad m\u00ednima requerida o la necesidad de poseer una visa o permiso de trabajo.<\/p>\n<h3>Realizar los tr\u00e1mites administrativos<\/h3>\n<p>Una vez encontrada la pr\u00e1ctica, es necesario llevar a cabo los tr\u00e1mites administrativos necesarios. Esto incluye:<\/p>\n<ol>\n<li>La firma de un convenio de pr\u00e1ctica entre el pasante, la instituci\u00f3n de env\u00edo y la empresa receptora.<\/li>\n<li>La presentaci\u00f3n de un expediente de solicitud ante la instituci\u00f3n de origen para obtener una beca Erasmus+.<\/li>\n<li>La contrataci\u00f3n de un seguro de responsabilidad civil, enfermedad y repatriaci\u00f3n durante la duraci\u00f3n de la pr\u00e1ctica.<\/li>\n<\/ol>\n<p>En resumen, realizar una pr\u00e1ctica Erasmus en gesti\u00f3n administrativa ofrece una experiencia enriquecedora tanto a nivel profesional como personal. Permite a los pasantes desarrollar sus habilidades y su empleabilidad mientras viven una aventura \u00fanica en el extranjero. Entonces, \u00a1no dudes m\u00e1s y aprovecha esta oportunidad![\/vc_column_text][\/vc_column_inner][vc_column_inner width=\u00bb1\/12&#8243;][\/vc_column_inner][vc_column_inner width=\u00bb4\/12&#8243;][vc_raw_html]JTNDZGl2JTIwc3R5bGUlM0QlMjJwYWRkaW5nJTNBJTIwMzBweCUzQmJhY2tncm91bmQtY29sb3IlM0ElMjAlMjNGNEY0RjQlM0IlMjIlM0UlMEElMjAlMjAlMjAlMjAlM0NoNCUzRURlc2N1YnJhJTIwdG9kb3MlMjBsb3MlMjBzZWN0b3JlcyUyMGRlJTIwcHIlQzMlQTFjdGljYXMlM0MlMkZoNCUzRSUwQSUyMCUyMCUyMCUyMCUzQ3AlM0VFc3BhbW9iJTIwZXMlMjBlc3BlY2lhbGlzdGElMjBlbiUyMGxhJTIwYXNlc29yJUMzJUFEYSUyMGRlJTIwZ3J1cG9zJTIwZW4lMjBzdSUyMG1vdmlsaWRhZCUyMEVyYXNtdXMlMkIuJTIwRGVzY3VicmUlMjBlbiUyMHVub3MlMjBwb2NvcyUyMGNsaWNzJTIwdG9kb3MlMjBsb3MlMjBzZWN0b3JlcyUyMGRlJTIwcHIlQzMlQTFjdGljYXMlMjBFcmFzbXVzJTIwZW4lMjBFc3BhJUMzJUIxYS4lM0MlMkZwJTNFJTBBJTIwJTIwJTIwJTIwJTNDYSUyMGNsYXNzJTNEJTIydmNfZ2VuZXJhbCUyMHZjX2J0bjMlMjB2Y19idG4zLXNpemUtbWQlMjB2Y19idG4zLXNoYXBlLWRlZmF1bHQlMjB2Y19idG4zLXN0eWxlLWN1c3RvbSUyMHdwYl9jdXN0b21fNjY4N2IyNmYzOTQ4OGRkYmI4NWRkYjNjMWNlOGUxMTElMjBidG4lMjIlMjBzdHlsZSUzRCUyMmJhY2tncm91bmQtY29sb3IlM0ElMjNlMjAwMDAlM0IlMjBjb2xvciUzQSUyM2ZmZmZmZiUzQiUyMGJhY2tncm91bmQtY29sb3IlM0ElMjNlMjAwMDAlM0IlMjBjb2xvciUzQSUyM2ZmZmZmZiUzQiUyMiUyMGhyZWYlM0QlMjJodHRwcyUzQSUyRiUyRnd3dy5lc3BhbW9iLmNvbSUyRmVzJTJGc2VjdG9yZXMtcHJhY3RpY2FzLWVtcHJlc2FzLWVyYXNtdXNwbHVzJTJGJTIyJTIwdGl0bGUlM0QlMjJTZWN0b3JlcyUyMGRlJTIwcHIlQzMlQTFjdGljYXMlMjIlMjB0YXJnZXQlM0QlMjJfYmxhbmslMjIlM0VEZXNjdWJyaXIlMjBsb3MlMjBzZWN0b3JlcyUzQyUyRmElM0UlMEElM0MlMkZkaXYlM0U=[\/vc_raw_html][vc_custom_heading text=\u00bbDescubre las opiniones de los participantes en Erasmus + :\u00bb font_container=\u00bbtag:h3|text_align:left\u00bb use_theme_fonts=\u00bbyes\u00bb css=\u00bb.vc_custom_1704818109780{margin-top: 20px !important;}\u00bb][vc_separator][vc_video link=\u00bbhttps:\/\/youtu.be\/iAeYxCy66dQ\u00bb align=\u00bbcenter\u00bb][\/vc_column_inner][\/vc_row_inner][\/vc_column][\/vc_row][vc_row full_width=\u00bbstretch_row\u00bb wrap_container=\u00bbyes\u00bb is_section=\u00bbyes\u00bb css=\u00bb.vc_custom_1704818123901{padding-top: 15px !important;padding-bottom: 15px !important;background-color: #f8f392 !important;}\u00bb conditional_render=\u00bb%5B%7B%22value_role%22%3A%22administrator%22%7D%5D\u00bb][vc_column][vc_row_inner css=\u00bb.vc_custom_1688548648248{background-color: #f8f392 !important;}\u00bb][vc_column_inner][vc_custom_heading text=\u00bbSolicite un presupuesto gratuito\u00bb font_container=\u00bbtag:h2|text_align:center\u00bb use_theme_fonts=\u00bbyes\u00bb][vc_column_text]<\/p>\n<p style=\"text-align: justify;\">\u00bfTienes una idea para un proyecto Erasmus+ en Espa\u00f1a y est\u00e1s buscando un referente de confianza que te apoye? \u00a1<strong>Espamob<\/strong>\u2019 est\u00e1 aqu\u00ed para ayudarte! Te ofrecemos un presupuesto gratuito y sin compromiso para ayudarte a gestionar tu proyecto de movilidad. Gracias a nuestra experiencia y nuestra red de empresas asociadas, podemos ofrecerle soporte personalizado para satisfacer sus necesidades espec\u00edficas. Cont\u00e1ctenos ahora para hablar de su proyecto y obtener su presupuesto gratuito.<\/p>\n<p>[\/vc_column_text]<div id=\"modal-trg-txt-wrap-9902\" class=\"ult-modal-input-wrapper ult-adjust-bottom-margin    \" data-keypress-control=\"keypress-control-enable\" data-overlay-control=\"overlay-control-enable\"><style>\n\t\t\t\t\t.btn-modal.btn-id-69e818a9643d47-29840929:hover {\n\t\t\t\t\t\tbackground-color: #e20000 !important;\n\t\t\t\t\t}\n\t\t\t\t\t<\/style><button  data-ultimate-target='#modal-trg-txt-wrap-9902 .btn-modal'  data-responsive-json-new='{\"font-size\":\"\",\"line-height\":\"\"}'  style=\"background:#888888;border-color:#888888;color:#ffffff; \" data-class-id=\"content-69e818a9643d47-29840929\" class=\"btn-modal ult-responsive btn-primary btn-modal-md overlay-show ult-align-center btn-id-69e818a9643d47-29840929\" data-overlay-class=\"overlay-cornerbottomleft\">SOLICITAR PRESUPUESTO GRATUITO<\/button><\/div>\n<div class=\"ult-overlay content-69e818a9643d47-29840929 \" data-class=\"content-69e818a9643d47-29840929\" id=\"button-click-overlay\" style=\"background:rgba(51,51,51,0.8); display:none;\">\n\t<div class=\"ult_modal ult-fade ult-medium\">\n\t\t<div id=\"ult-modal-wrap-6463\" class=\"ult_modal-content ult-hide\" style=\"border-style:solid;border-width:2px;border-radius:0px;border-color:#333333;\">\n\t\t\t<div class=\"ult_modal-header\" style=\"color:#333333;border-color:#333333;\">\n\t\t\t\t<h3  data-ultimate-target='#ult-modal-wrap-6463 .ult_modal-title'  data-responsive-json-new='{\"font-size\":\"\",\"line-height\":\"\"}'  class=\"ult_modal-title ult-responsive\">SOLICITAR PRESUPUESTO GRATUITO<\/h3>\n\t\t\t<\/div>\n\t\t\t<div  data-ultimate-target='#ult-modal-wrap-6463 .ult_modal-body'  data-responsive-json-new='{\"font-size\":\"\",\"line-height\":\"\"}'  class=\"ult_modal-body ult-responsive ult-html\" style=\"\">\n\t\t\t<\/p>\n<p>[caldera_form id=\u00bbCF6149c7d1c4417&#8243;]<\/p>\n<p>\n\t\t\t<\/div>\n\t<\/div>\n\t<\/div>\n\t<div class=\"ult-overlay-close top-right\" style=\"width:80px;height:80px; \"><div class=\"ult-overlay-close-inside\">Close<\/div><\/div>\n<\/div>[\/vc_column_inner][\/vc_row_inner][\/vc_column][\/vc_row][vc_row wrap_container=\u00bbyes\u00bb css=\u00bb.vc_custom_1689256499740{margin-top: 15px !important;}\u00bb conditional_render=\u00bb%5B%7B%22value_role%22%3A%22administrator%22%7D%5D\u00bb][vc_column][vc_custom_heading text=\u00bbPreguntas m\u00e1s frecuentes\u00bb font_container=\u00bbtag:h2|text_align:center|color:%23000000&#8243; use_theme_fonts=\u00bbyes\u00bb][vc_separator][vc_row_inner][vc_column_inner width=\u00bb7\/12&#8243;][vc_column_text]<\/p>\n<h3>\u00bfCu\u00e1les son los servicios ofrecidos por Espamob para llevar a cabo una pr\u00e1ctica Erasmus en Espa\u00f1a?<\/h3>\n<p>Espamob brinda una gesti\u00f3n integral del proyecto de movilidad Erasmus+ en Espa\u00f1a. Esto incluye la asesor\u00eda en la creaci\u00f3n del proyecto, la b\u00fasqueda de financiamiento, la recepci\u00f3n en universidades y empresas asociadas para las pr\u00e1cticas, la b\u00fasqueda de alojamiento local y la coordinaci\u00f3n de los traslados desde el aeropuerto.<\/p>\n<h3>\u00bfC\u00f3mo puede Espamob ayudar en la b\u00fasqueda de financiamiento para una pr\u00e1ctica Erasmus en Espa\u00f1a?<\/h3>\n<p>Espamob cuenta con experiencia en la b\u00fasqueda de financiamiento para proyectos de movilidad. La agencia puede ayudar a los grupos a identificar diversas fuentes de financiamiento, asistir en la redacci\u00f3n de solicitudes de subvenci\u00f3n y brindar apoyo en los tr\u00e1mites administrativos necesarios para obtener el financiamiento.<\/p>\n<h3>\u00bfCu\u00e1les son las ventajas de recurrir a Espamob para la gesti\u00f3n administrativa de una pr\u00e1ctica Erasmus en Espa\u00f1a?<\/h3>\n<p>Contar con Espamob para la gesti\u00f3n administrativa de una pr\u00e1ctica Erasmus en Espa\u00f1a tiene varias ventajas. La agencia posee un profundo conocimiento del programa Erasmus+ y de los procedimientos administrativos relacionados con la movilidad. Esto permite a los grupos ahorrar tiempo y recibir asesoramiento personalizado a lo largo de todo el proceso. Adem\u00e1s, Espamob ya ha establecido asociaciones con universidades y empresas en Espa\u00f1a, facilitando la organizaci\u00f3n de las pr\u00e1cticas y asegurando una experiencia de calidad para los participantes.[\/vc_column_text][\/vc_column_inner][vc_column_inner width=\u00bb1\/12&#8243;][\/vc_column_inner][vc_column_inner width=\u00bb4\/12&#8243;][vc_single_image image=\u00bb15074&#8243; img_size=\u00bbfull\u00bb][vc_column_text]<strong>M\u00e1s informaci\u00f3n sobre los diferentes destinos Erasmus + en Espa\u00f1a :<\/strong><\/p>\n<ul>\n<li><a href=\"https:\/\/espamob.com\/es\/sectores-practicas-empresas-erasmusplus\/sector-servicios\/practica-erasmus-venta\/\">Pr\u00e1ctica Erasmus Venta<\/a><\/li>\n<li><a href=\"https:\/\/espamob.com\/es\/sectores-practicas-empresas-erasmusplus\/sector-servicios\/practica-erasmus-comercio\/\">Pr\u00e1ctica Erasmus Comercio<\/a><\/li>\n<li><a href=\"https:\/\/espamob.com\/es\/sectores-practicas-empresas-erasmusplus\/sector-servicios\/practica-erasmus-recepcion\/\">Pr\u00e1ctica Erasmus en Recepci\u00f3n<\/a><\/li>\n<li><a href=\"https:\/\/espamob.com\/es\/sectores-practicas-empresas-erasmusplus\/sector-servicios\/practica-erasmus-marketing\/\">Pr\u00e1ctica Erasmus Marketing<\/a><\/li>\n<li><a href=\"https:\/\/espamob.com\/es\/sectores-practicas-empresas-erasmusplus\/sector-servicios\/practica-erasmus-comunicacion\/\">Pr\u00e1ctica Erasmus Comunicaci\u00f3n<\/a><\/li>\n<\/ul>\n<p>[\/vc_column_text][\/vc_column_inner][\/vc_row_inner][\/vc_column][\/vc_row]<\/p>\n<\/div>","protected":false},"excerpt":{"rendered":"<p>[vc_row css=\u00bb.vc_custom_1703789293459{margin-top: -20px !important;margin-bottom: 40px !important;background-image: url(https:\/\/espamob.com\/wp-content\/uploads\/2023\/12\/Gestion-administrativa.webp?id=22173) !important;}\u00bb conditional_render=\u00bb%5B%7B%22value_role%22%3A%22administrator%22%7D%5D\u00bb][vc_column css=\u00bb.vc_custom_1687965657482{padding-top: 30px !important;}\u00bb conditional_render=\u00bb%5B%7B%22value_role%22%3A%22administrator%22%7D%5D\u00bb][vc_empty_space height=\u00bb170&#8243;][vc_custom_heading text=\u00bbPr\u00e1ctica Erasmus: Gesti\u00f3n Administrativa\u00bb font_container=\u00bbtag:h1|font_size:27|text_align:center|color:%23ffffff\u00bb use_theme_fonts=\u00bbyes\u00bb css=\u00bb.vc_custom_1704817600567{margin-bottom: 15px !important;background-color: rgba(136,136,136,0.29) !important;*background-color: rgb(136,136,136) !important;}\u00bb animation_type=\u00bbzoomIn\u00bb][vc_empty_space height=\u00bb40&#8243;][\/vc_column][\/vc_row][vc_row wrap_container=\u00bbyes\u00bb text_align=\u00bbjustify\u00bb][vc_column text_align=\u00bbjustify\u00bb][vc_column_text] Home Sectores de pr\u00e1cticas Movilidad sector terciario Pr\u00e1ctica Erasmus : Gesti\u00f3n Administrativa [\/vc_column_text][vc_custom_heading text=\u00bbPr\u00e1ctica Erasmus en gesti\u00f3n administrativa: una oportunidad que merece la<\/p>\n","protected":false},"author":2,"featured_media":0,"parent":12448,"menu_order":0,"comment_status":"closed","ping_status":"closed","template":"","meta":{"footnotes":""},"class_list":["post-22224","page","type-page","status-publish","hentry"],"_links":{"self":[{"href":"https:\/\/espamob.com\/es\/wp-json\/wp\/v2\/pages\/22224","targetHints":{"allow":["GET"]}}],"collection":[{"href":"https:\/\/espamob.com\/es\/wp-json\/wp\/v2\/pages"}],"about":[{"href":"https:\/\/espamob.com\/es\/wp-json\/wp\/v2\/types\/page"}],"author":[{"embeddable":true,"href":"https:\/\/espamob.com\/es\/wp-json\/wp\/v2\/users\/2"}],"replies":[{"embeddable":true,"href":"https:\/\/espamob.com\/es\/wp-json\/wp\/v2\/comments?post=22224"}],"version-history":[{"count":0,"href":"https:\/\/espamob.com\/es\/wp-json\/wp\/v2\/pages\/22224\/revisions"}],"up":[{"embeddable":true,"href":"https:\/\/espamob.com\/es\/wp-json\/wp\/v2\/pages\/12448"}],"wp:attachment":[{"href":"https:\/\/espamob.com\/es\/wp-json\/wp\/v2\/media?parent=22224"}],"curies":[{"name":"wp","href":"https:\/\/api.w.org\/{rel}","templated":true}]}}