{"id":22212,"date":"2023-08-08T00:00:00","date_gmt":"2023-08-08T00:00:00","guid":{"rendered":"https:\/\/www.espamob.com\/sectores-practicas-empresas-erasmusplus\/sector-servicios\/stage-erasmus-vente\/"},"modified":"2025-11-03T15:27:30","modified_gmt":"2025-11-03T15:27:30","slug":"practica-erasmus-venta","status":"publish","type":"page","link":"https:\/\/espamob.com\/es\/sectores-practicas-empresas-erasmusplus\/sector-servicios\/practica-erasmus-venta\/","title":{"rendered":"Stage Erasmus : Vente"},"content":{"rendered":"<div class=\"wpb-content-wrapper\"><p>[vc_row css=\u00bb.vc_custom_1703789165469{margin-top: -20px !important;margin-bottom: 40px !important;background-image: url(https:\/\/espamob.com\/wp-content\/uploads\/2023\/12\/Venta.webp?id=22188) !important;}\u00bb conditional_render=\u00bb%5B%7B%22value_role%22%3A%22administrator%22%7D%5D\u00bb][vc_column css=\u00bb.vc_custom_1687965657482{padding-top: 30px !important;}\u00bb conditional_render=\u00bb%5B%7B%22value_role%22%3A%22administrator%22%7D%5D\u00bb][vc_empty_space height=\u00bb170&#8243;][vc_custom_heading text=\u00bbPractica Erasmus : Venta\u00bb font_container=\u00bbtag:h1|font_size:27|text_align:center|color:%23ffffff\u00bb use_theme_fonts=\u00bbyes\u00bb css=\u00bb.vc_custom_1704813647145{margin-bottom: 15px !important;background-color: rgba(136,136,136,0.29) !important;*background-color: rgb(136,136,136) !important;}\u00bb animation_type=\u00bbzoomIn\u00bb][vc_empty_space height=\u00bb40&#8243;][\/vc_column][\/vc_row][vc_row wrap_container=\u00bbyes\u00bb text_align=\u00bbjustify\u00bb][vc_column text_align=\u00bbjustify\u00bb][vc_column_text]<\/p>\n<nav aria-label=\"breadcrumb\">\n<ol class=\"breadcrumb\">\n<li class=\"breadcrumb-item\"><a href=\"https:\/\/espamob.com\/es\">Home<\/a><\/li>\n<li class=\"breadcrumb-item\"><a href=\"https:\/\/espamob.com\/es\/sectores-practicas-empresas-erasmusplus\">Sectores de pr\u00e1cticas<\/a><\/li>\n<li class=\"breadcrumb-item active\" aria-current=\"page\"><a href=\"https:\/\/espamob.com\/es\/sectores-practicas-empresas-erasmusplus\/sector-servicios\/\">Movilidad sector terciario<\/a><\/li>\n<li class=\"breadcrumb-item active\" aria-current=\"page\">Pr\u00e1ctica Erasmus : Venta<\/li>\n<\/ol>\n<\/nav>\n<p>[\/vc_column_text][vc_custom_heading text=\u00bbTodo lo que debe saber sobre la pr\u00e1ctica Erasmus Venta para disfrutar de una experiencia internacional exitosa\u00bb use_theme_fonts=\u00bbyes\u00bb css=\u00bb.vc_custom_1704813760690{margin-top: 20px !important;}\u00bb][vc_separator][vc_row_inner][vc_column_inner width=\u00bb7\/12&#8243;][vc_column_text]La pr\u00e1ctica Erasmus Venta ofrece una oportunidad \u00fanica para desarrollar habilidades profesionales en el campo de las ventas en el extranjero. Este programa de movilidad europea permite a estudiantes y j\u00f3venes profesionales adquirir una valiosa experiencia en una empresa internacional, al tiempo que reciben apoyo financiero y log\u00edstico de la Uni\u00f3n Europea. En este art\u00edculo, presentamos las principales caracter\u00edsticas de este programa, as\u00ed como consejos para maximizar las posibilidades de \u00e9xito.<\/p>\n<h2>Programa Erasmus: una aventura humana y profesional<\/h2>\n<p>Desde su creaci\u00f3n en 1987, el<strong> programa Erasmus<\/strong> se ha convertido en un verdadero s\u00edmbolo de intercambios culturales y acad\u00e9micos entre los pa\u00edses europeos. Cada a\u00f1o, permite a miles de estudiantes y j\u00f3venes profesionales vivir una experiencia enriquecedora en el extranjero, tanto a nivel personal como profesional. Con el tiempo, el programa se ha diversificado para ofrecer diversas oportunidades de movilidad, incluyendo, entre otras, pasant\u00edas en empresas.<\/p>\n<h3>Objetivos de la pr\u00e1ctica Erasmus en Venta<\/h3>\n<p>La pr\u00e1ctica Erasmus en Venta persigue varios objetivos clave:<\/p>\n<ul>\n<li><strong>Desarrollar habilidades<\/strong> espec\u00edficas en el sector de las ventas, como la negociaci\u00f3n, la prospecci\u00f3n o la gesti\u00f3n de la relaci\u00f3n con el cliente.<\/li>\n<li><strong>Adquirir experiencia profesional internacional<\/strong>, valorable en el curr\u00edculum y ante los empleadores.<\/li>\n<li><strong>Mejorar las habilidades ling\u00fc\u00edsticas<\/strong>, practicando un idioma extranjero a diario en un entorno profesional.<\/li>\n<li><strong>Descubrir nuevas culturas<\/strong> y enfoques profesionales al trabajar con colegas de diferentes horizontes.<\/li>\n<\/ul>\n<h2>Condiciones para participar en la pr\u00e1ctica Erasmus en Venta<\/h2>\n<p>Para ser elegible para la pr\u00e1ctica Erasmus en Venta, es necesario:<\/p>\n<ul>\n<li>Estar inscrito en una <strong>instituci\u00f3n de educaci\u00f3n superior<\/strong> que participe en el programa Erasmus+.<\/li>\n<li>Haber validado un n\u00famero espec\u00edfico de <strong>cr\u00e9ditos ECTS<\/strong> en su plan de estudios, generalmente al menos 60 cr\u00e9ditos para licenciaturas.<\/li>\n<li>Tener un <strong>buen nivel de idioma<\/strong> en la lengua del pa\u00eds de acogida (se recomienda un nivel B1 o B2).<\/li>\n<li>Obtener la aprobaci\u00f3n de su instituci\u00f3n y encontrar una <strong>empresa de acogida<\/strong> en el extranjero.<\/li>\n<\/ul>\n<p>Cabe destacar que la duraci\u00f3n de la pr\u00e1ctica puede variar entre 2 y 12 meses, seg\u00fan las necesidades de la empresa y la disponibilidad del estudiante. Tambi\u00e9n es posible realizar varias pr\u00e1cticas Erasmus durante los estudios, siempre que la duraci\u00f3n total no exceda los 12 meses por ciclo de estudios (licenciatura, m\u00e1ster, doctorado).<\/p>\n<h3>Financiamiento de la pr\u00e1ctica Erasmus Venta<\/h3>\n<p>Gracias al programa Erasmus+, los participantes reciben una <strong>beca de movilidad<\/strong> para cubrir parte de sus gastos durante la estancia en el extranjero. El monto de esta beca var\u00eda seg\u00fan el pa\u00eds de destino y la duraci\u00f3n de la pr\u00e1ctica, pero generalmente oscila entre 300 y 500 euros por mes. Esta suma se paga directamente al estudiante, sin condiciones de recursos.<\/p>\n<p>Es importante destacar que esta beca es acumulable con otras ayudas financieras, como becas por criterios sociales o becas regionales. Adem\u00e1s, algunas instituciones ofrecen ayudas espec\u00edficas para fomentar la movilidad internacional de sus estudiantes.[\/vc_column_text][\/vc_column_inner][vc_column_inner width=\u00bb1\/12&#8243;][\/vc_column_inner][vc_column_inner width=\u00bb4\/12&#8243;][vc_single_image image=\u00bb18332&#8243; img_size=\u00bb400*400&#8243; alignment=\u00bbright\u00bb style=\u00bbvc_box_rounded\u00bb][vc_btn title=\u00bbVer m\u00e1s\u00bb style=\u00bbcustom\u00bb custom_background=\u00bb#e20000&#8243; custom_text=\u00bb#ffffff\u00bb align=\u00bbcenter\u00bb link=\u00bburl:https%3A%2F%2Fespamob.com%2Fes%2Fcontacto%2F|title:Contacto|target:_blank\u00bb][vc_video link=\u00bbhttps:\/\/youtube.com\/shorts\/o2KoXWVjGHE?si=nw5aYs4WRin9Q__3&#8243; el_aspect=\u00bb916&#8243; align=\u00bbcenter\u00bb][\/vc_column_inner][\/vc_row_inner][vc_custom_heading text=\u00bbLas claves del \u00e9xito de una pr\u00e1ctica Erasmus Venta\u00bb font_container=\u00bbtag:h3|text_align:left\u00bb use_theme_fonts=\u00bbyes\u00bb css=\u00bb.vc_custom_1704814339093{margin-top: 20px !important;}\u00bb][vc_separator][vc_row_inner][vc_column_inner width=\u00bb7\/12&#8243;][vc_column_text]<\/p>\n<h3>Encontrar la empresa anfitriona adecuada<\/h3>\n<p>El primer paso para tener \u00e9xito en tu pr\u00e1ctica\u00a0Erasmus en Ventas es encontrar una empresa anfitriona que se adapte a tus objetivos profesionales y personales. Para ello, se recomienda:<\/p>\n<ul>\n<li>Realizar investigaciones exhaustivas sobre las empresas activas en el campo de las ventas en el pa\u00eds objetivo.<\/li>\n<li>Utilizar tu red profesional y acad\u00e9mica para obtener contactos y recomendaciones.<\/li>\n<li>Informarte sobre las expectativas y las condiciones de trabajo espec\u00edficas de cada empresa (horarios, tareas, supervisi\u00f3n, etc.).<\/li>\n<\/ul>\n<h3>Prepararse antes de partir<\/h3>\n<p>Para aprovechar al m\u00e1ximo tu pr\u00e1ctica Erasmus en Ventas, es esencial prepararse bien de antemano:<\/p>\n<ul>\n<li><strong>Mejorar tus habilidades ling\u00fc\u00edsticas<\/strong> tomando cursos de idiomas o participando en intercambios ling\u00fc\u00edsticos.<\/li>\n<li><strong>Organizar tu alojamiento y transporte<\/strong> en el lugar, utilizando los recursos proporcionados por la empresa anfitriona o los servicios de asistencia en vivienda locales.<\/li>\n<li><strong>Familiarizarte con la cultura del pa\u00eds de acogida<\/strong>, leyendo art\u00edculos, viendo pel\u00edculas o hablando con personas nativas.<\/li>\n<li><strong>Prever un presupuesto realista<\/strong> para cubrir tus gastos diarios y considerar la posibilidad de buscar un trabajo a tiempo parcial para complementar los ingresos de la beca Erasmus.<\/li>\n<\/ul>\n<h3>Comprometerse plenamente con la pr\u00e1ctica<\/h3>\n<p>Finalmente, es importante comprometerse tanto como sea posible con tu pr\u00e1ctica Erasmus en Ventas, para aprovechar al m\u00e1ximo esta experiencia \u00fanica:<\/p>\n<ul>\n<li><strong>Mostrar tu motivaci\u00f3n y seriedad<\/strong> ante tu tutor y compa\u00f1eros de trabajo.<\/li>\n<li><strong>Participar activamente en proyectos<\/strong> y tareas asignadas por la empresa anfitriona.<\/li>\n<li><strong>Compartir tus ideas y conocimientos<\/strong> con los dem\u00e1s miembros del equipo, manteni\u00e9ndote receptivo y aprendiendo de las diferentes perspectivas propuestas.<\/li>\n<li><strong>Aprovechar las oportunidades de networking<\/strong> para ampliar tu red profesional y aumentar tus posibilidades de encontrar empleo en el campo de las ventas despu\u00e9s de la pr\u00e1ctica.<\/li>\n<\/ul>\n<p>En conclusi\u00f3n, la pr\u00e1ctica Erasmus en Ventas brinda una oportunidad invaluable para desarrollar habilidades en el \u00e1mbito de las ventas a nivel internacional, al mismo tiempo que disfrutas de una experiencia cultural y humana enriquecedora. Siguiendo estos consejos y comprometi\u00e9ndote plenamente, est\u00e1s aumentando todas las posibilidades de tener \u00e9xito en esta aventura \u00fanica.[\/vc_column_text][\/vc_column_inner][vc_column_inner width=\u00bb1\/12&#8243;][\/vc_column_inner][vc_column_inner width=\u00bb4\/12&#8243;][vc_raw_html]JTNDZGl2JTIwc3R5bGUlM0QlMjJwYWRkaW5nJTNBJTIwMzBweCUzQmJhY2tncm91bmQtY29sb3IlM0ElMjAlMjNGNEY0RjQlM0IlMjIlM0UlMEElMjAlMjAlMjAlMjAlM0NoNCUzRURlc2N1YnJhJTIwdG9kb3MlMjBsb3MlMjBzZWN0b3JlcyUyMGRlJTIwcHIlQzMlQTFjdGljYXMlM0MlMkZoNCUzRSUwQSUyMCUyMCUyMCUyMCUzQ3AlM0VFc3BhbW9iJTIwZXMlMjBlc3BlY2lhbGlzdGElMjBlbiUyMGxhJTIwYXNlc29yJUMzJUFEYSUyMGRlJTIwZ3J1cG9zJTIwZW4lMjBzdSUyMG1vdmlsaWRhZCUyMEVyYXNtdXMlMkIuJTIwRGVzY3VicmUlMjBlbiUyMHVub3MlMjBwb2NvcyUyMGNsaWNzJTIwdG9kb3MlMjBsb3MlMjBzZWN0b3JlcyUyMGRlJTIwcHIlQzMlQTFjdGljYXMlMjBFcmFzbXVzJTIwZW4lMjBFc3BhJUMzJUIxYS4lM0MlMkZwJTNFJTBBJTIwJTIwJTIwJTIwJTNDYSUyMGNsYXNzJTNEJTIydmNfZ2VuZXJhbCUyMHZjX2J0bjMlMjB2Y19idG4zLXNpemUtbWQlMjB2Y19idG4zLXNoYXBlLWRlZmF1bHQlMjB2Y19idG4zLXN0eWxlLWN1c3RvbSUyMHdwYl9jdXN0b21fNjY4N2IyNmYzOTQ4OGRkYmI4NWRkYjNjMWNlOGUxMTElMjBidG4lMjIlMjBzdHlsZSUzRCUyMmJhY2tncm91bmQtY29sb3IlM0ElMjNlMjAwMDAlM0IlMjBjb2xvciUzQSUyM2ZmZmZmZiUzQiUyMGJhY2tncm91bmQtY29sb3IlM0ElMjNlMjAwMDAlM0IlMjBjb2xvciUzQSUyM2ZmZmZmZiUzQiUyMiUyMGhyZWYlM0QlMjJodHRwcyUzQSUyRiUyRnd3dy5lc3BhbW9iLmNvbSUyRmVzJTJGc2VjdG9yZXMtcHJhY3RpY2FzLWVtcHJlc2FzLWVyYXNtdXNwbHVzJTJGJTIyJTIwdGl0bGUlM0QlMjJTZWN0b3JlcyUyMGRlJTIwcHIlQzMlQTFjdGljYXMlMjIlMjB0YXJnZXQlM0QlMjJfYmxhbmslMjIlM0VEZXNjdWJyaXIlMjBsb3MlMjBzZWN0b3JlcyUzQyUyRmElM0UlMEElM0MlMkZkaXYlM0U=[\/vc_raw_html][vc_custom_heading text=\u00bbDescubre las opiniones de los participantes en Erasmus + :\u00bb font_container=\u00bbtag:h3|text_align:left\u00bb use_theme_fonts=\u00bbyes\u00bb css=\u00bb.vc_custom_1704814613393{margin-top: 20px !important;}\u00bb][vc_separator][vc_column_text]<\/p>\n<blockquote class=\"instagram-media\" style=\"background: #FFF; border: 0; border-radius: 3px; box-shadow: 0 0 1px 0 rgba(0,0,0,0.5),0 1px 10px 0 rgba(0,0,0,0.15); margin: 1px; max-width: 540px; min-width: 326px; padding: 0; width: calc(100% - 2px);\" data-instgrm-permalink=\"https:\/\/www.instagram.com\/reel\/C8uZUNuMPjK\/?utm_source=ig_embed&amp;utm_campaign=loading\" data-instgrm-version=\"14\">\n<div style=\"padding: 16px;\">\n<p>&nbsp;<\/p>\n<div style=\"display: flex; flex-direction: row; align-items: center;\">\n<div style=\"background-color: #f4f4f4; border-radius: 50%; flex-grow: 0; height: 40px; margin-right: 14px; width: 40px;\"><\/div>\n<div style=\"display: flex; flex-direction: column; flex-grow: 1; justify-content: center;\">\n<div style=\"background-color: #f4f4f4; border-radius: 4px; flex-grow: 0; height: 14px; margin-bottom: 6px; width: 100px;\"><\/div>\n<div style=\"background-color: #f4f4f4; border-radius: 4px; flex-grow: 0; height: 14px; width: 60px;\"><\/div>\n<\/div>\n<\/div>\n<div style=\"padding: 19% 0;\"><\/div>\n<div style=\"display: block; height: 50px; margin: 0 auto 12px; width: 50px;\"><\/div>\n<div style=\"padding-top: 8px;\">\n<div style=\"color: #3897f0; font-family: Arial,sans-serif; font-size: 14px; font-style: normal; font-weight: 550; line-height: 18px;\">Ver esta publicaci\u00f3n en Instagram<\/div>\n<\/div>\n<div style=\"padding: 12.5% 0;\"><\/div>\n<div style=\"display: flex; flex-direction: row; margin-bottom: 14px; align-items: center;\">\n<div>\n<div style=\"background-color: #f4f4f4; border-radius: 50%; height: 12.5px; width: 12.5px; transform: translateX(0px) translateY(7px);\"><\/div>\n<div style=\"background-color: #f4f4f4; height: 12.5px; transform: rotate(-45deg) translateX(3px) translateY(1px); width: 12.5px; flex-grow: 0; margin-right: 14px; margin-left: 2px;\"><\/div>\n<div style=\"background-color: #f4f4f4; border-radius: 50%; height: 12.5px; width: 12.5px; transform: translateX(9px) translateY(-18px);\"><\/div>\n<\/div>\n<div style=\"margin-left: 8px;\">\n<div style=\"background-color: #f4f4f4; border-radius: 50%; flex-grow: 0; height: 20px; width: 20px;\"><\/div>\n<div style=\"width: 0; height: 0; border-top: 2px solid transparent; border-left: 6px solid #f4f4f4; border-bottom: 2px solid transparent; transform: translateX(16px) translateY(-4px) rotate(30deg);\"><\/div>\n<\/div>\n<div style=\"margin-left: auto;\">\n<div style=\"width: 0px; border-top: 8px solid #F4F4F4; border-right: 8px solid transparent; transform: translateY(16px);\"><\/div>\n<div style=\"background-color: #f4f4f4; flex-grow: 0; height: 12px; width: 16px; transform: translateY(-4px);\"><\/div>\n<div style=\"width: 0; height: 0; border-top: 8px solid #F4F4F4; border-left: 8px solid transparent; transform: translateY(-4px) translateX(8px);\"><\/div>\n<\/div>\n<\/div>\n<div style=\"display: flex; flex-direction: column; flex-grow: 1; justify-content: center; margin-bottom: 24px;\">\n<div style=\"background-color: #f4f4f4; border-radius: 4px; flex-grow: 0; height: 14px; margin-bottom: 6px; width: 224px;\"><\/div>\n<div style=\"background-color: #f4f4f4; border-radius: 4px; flex-grow: 0; height: 14px; width: 144px;\"><\/div>\n<\/div>\n<p>&nbsp;<\/p>\n<p style=\"color: #c9c8cd; font-family: Arial,sans-serif; font-size: 14px; line-height: 17px; margin-bottom: 0; margin-top: 8px; overflow: hidden; padding: 8px 0 7px; text-align: center; text-overflow: ellipsis; white-space: nowrap;\"><a style=\"color: #c9c8cd; font-family: Arial,sans-serif; font-size: 14px; font-style: normal; font-weight: normal; line-height: 17px; text-decoration: none;\" href=\"https:\/\/www.instagram.com\/reel\/C8uZUNuMPjK\/?utm_source=ig_embed&amp;utm_campaign=loading\" target=\"_blank\" rel=\"noopener\">Una publicaci\u00f3n compartida de ESPAMOB&#8217; &#8211; ERASMUS+ (@espamobspain)<\/a><\/p>\n<\/div>\n<\/blockquote>\n<p><script async src=\"\/\/www.instagram.com\/embed.js\"><\/script>[\/vc_column_text][\/vc_column_inner][\/vc_row_inner][\/vc_column][\/vc_row][vc_row][vc_column][vc_column_text]<\/p>\n<p>[\/vc_column_text][\/vc_column][\/vc_row][vc_row full_width=\u00bbstretch_row\u00bb wrap_container=\u00bbyes\u00bb is_section=\u00bbyes\u00bb css=\u00bb.vc_custom_1704814633197{padding-top: 15px !important;padding-bottom: 15px !important;background-color: #f8f392 !important;}\u00bb conditional_render=\u00bb%5B%7B%22value_role%22%3A%22administrator%22%7D%5D\u00bb][vc_column][vc_row_inner css=\u00bb.vc_custom_1688548648248{background-color: #f8f392 !important;}\u00bb][vc_column_inner][vc_custom_heading text=\u00bbSolicite un presupuesto gratuito\u00bb font_container=\u00bbtag:h2|text_align:center\u00bb use_theme_fonts=\u00bbyes\u00bb][vc_column_text]<\/p>\n<p style=\"text-align: justify;\">\u00bfTienes una idea para un proyecto Erasmus+ en Espa\u00f1a y est\u00e1s buscando un referente de confianza que te apoye? \u00a1<strong>Espamob<\/strong>\u2019 est\u00e1 aqu\u00ed para ayudarte! Te ofrecemos un presupuesto gratuito y sin compromiso para ayudarte a gestionar tu proyecto de movilidad. Gracias a nuestra experiencia y nuestra red de empresas asociadas, podemos ofrecerle soporte personalizado para satisfacer sus necesidades espec\u00edficas. Cont\u00e1ctenos ahora para hablar de su proyecto y obtener su presupuesto gratuito.<\/p>\n<p>[\/vc_column_text]<div id=\"modal-trg-txt-wrap-8018\" class=\"ult-modal-input-wrapper ult-adjust-bottom-margin    \" data-keypress-control=\"keypress-control-enable\" data-overlay-control=\"overlay-control-enable\"><style>\n\t\t\t\t\t.btn-modal.btn-id-69e816d56e64d5-14790376:hover {\n\t\t\t\t\t\tbackground-color: #e20000 !important;\n\t\t\t\t\t}\n\t\t\t\t\t<\/style><button  data-ultimate-target='#modal-trg-txt-wrap-8018 .btn-modal'  data-responsive-json-new='{\"font-size\":\"\",\"line-height\":\"\"}'  style=\"background:#888888;border-color:#888888;color:#ffffff; \" data-class-id=\"content-69e816d56e64d5-14790376\" class=\"btn-modal ult-responsive btn-primary btn-modal-md overlay-show ult-align-center btn-id-69e816d56e64d5-14790376\" data-overlay-class=\"overlay-cornerbottomleft\">SOLICITAR PRESUPUESTO GRATUITO<\/button><\/div>\n<div class=\"ult-overlay content-69e816d56e64d5-14790376 \" data-class=\"content-69e816d56e64d5-14790376\" id=\"button-click-overlay\" style=\"background:rgba(51,51,51,0.8); display:none;\">\n\t<div class=\"ult_modal ult-fade ult-medium\">\n\t\t<div id=\"ult-modal-wrap-4821\" class=\"ult_modal-content ult-hide\" style=\"border-style:solid;border-width:2px;border-radius:0px;border-color:#333333;\">\n\t\t\t<div class=\"ult_modal-header\" style=\"color:#333333;border-color:#333333;\">\n\t\t\t\t<h3  data-ultimate-target='#ult-modal-wrap-4821 .ult_modal-title'  data-responsive-json-new='{\"font-size\":\"\",\"line-height\":\"\"}'  class=\"ult_modal-title ult-responsive\">SOLICITAR PRESUPUESTO GRATUITO<\/h3>\n\t\t\t<\/div>\n\t\t\t<div  data-ultimate-target='#ult-modal-wrap-4821 .ult_modal-body'  data-responsive-json-new='{\"font-size\":\"\",\"line-height\":\"\"}'  class=\"ult_modal-body ult-responsive ult-html\" style=\"\">\n\t\t\t<\/p>\n<p>[caldera_form id=\u00bbCF6149c7d1c4417&#8243;]<\/p>\n<p>\n\t\t\t<\/div>\n\t<\/div>\n\t<\/div>\n\t<div class=\"ult-overlay-close top-right\" style=\"width:80px;height:80px; \"><div class=\"ult-overlay-close-inside\">Close<\/div><\/div>\n<\/div>[\/vc_column_inner][\/vc_row_inner][\/vc_column][\/vc_row][vc_row wrap_container=\u00bbyes\u00bb css=\u00bb.vc_custom_1689256499740{margin-top: 15px !important;}\u00bb conditional_render=\u00bb%5B%7B%22value_role%22%3A%22administrator%22%7D%5D\u00bb][vc_column][vc_custom_heading text=\u00bbPreguntas m\u00e1s frecuentes\u00bb font_container=\u00bbtag:h2|text_align:center|color:%23000000&#8243; use_theme_fonts=\u00bbyes\u00bb][vc_separator][vc_row_inner][vc_column_inner width=\u00bb7\/12&#8243;][vc_column_text]<\/p>\n<h3>\u00bfCu\u00e1les son las ventajas de elegir a Espamob para llevar a cabo una pr\u00e1ctica Erasmus en venta\u00a0en Espa\u00f1a?<\/h3>\n<p>Al optar por Espamob para realizar una pr\u00e1ctica Erasmus en ventas en Espa\u00f1a, obtendr\u00e1s un acompa\u00f1amiento integral de principio a fin. La agencia gestionar\u00e1 tu proyecto de movilidad, te ayudar\u00e1 a encontrar financiamiento, te recibir\u00e1 en universidades y empresas asociadas para tu pr\u00e1ctica, y tambi\u00e9n se encargar\u00e1 de encontrar alojamiento en el lugar y de recogerte en el aeropuerto.<\/p>\n<h3>\u00bfC\u00f3mo puede Espamob ayudarme a obtener financiamiento para mi pr\u00e1ctica Erasmus en venta en Espa\u00f1a?<\/h3>\n<p>Espamob cuenta con experiencia y una s\u00f3lida red de colaboradores que pueden ayudarte a obtener financiamiento para tu pr\u00e1ctica Erasmus en venta en Espa\u00f1a. La agencia te asesorar\u00e1 sobre las distintas opciones de financiamiento disponibles, te ayudar\u00e1 a elaborar tu solicitud de financiamiento y te acompa\u00f1ar\u00e1 durante todo el proceso.<\/p>\n<h3>\u00bfQu\u00e9 tipos de alojamientos ofrece Espamob para los grupos que realizan una pr\u00e1ctica Erasmus en venta en Espa\u00f1a?<\/h3>\n<p>Espamob ofrece diversos tipos de alojamientos para los grupos que llevan a cabo una pr\u00e1ctica Erasmus en venta en Espa\u00f1a. Puedes elegir entre apartamentos compartidos, residencias estudiantiles o familias de acogida. La agencia se asegurar\u00e1 de encontrar alojamientos c\u00f3modos, seguros y bien ubicados, seg\u00fan tus preferencias y tu presupuesto.[\/vc_column_text][\/vc_column_inner][vc_column_inner width=\u00bb1\/12&#8243;][\/vc_column_inner][vc_column_inner width=\u00bb4\/12&#8243;][vc_single_image image=\u00bb15078&#8243; img_size=\u00bbfull\u00bb][vc_column_text]<strong>M\u00e1s informaci\u00f3n sobre los diferentes destinos Erasmus + en Espa\u00f1a :<\/strong><\/p>\n<ul>\n<li><a href=\"https:\/\/espamob.com\/es\/sectores-practicas-empresas-erasmusplus\/sector-servicios\/practica-erasmus-comercio\/\">Pr\u00e1ctica Erasmus Comercio<\/a><\/li>\n<li><a href=\"https:\/\/espamob.com\/es\/sectores-practicas-empresas-erasmusplus\/sector-servicios\/practica-erasmus-recepcion\/\">Pr\u00e1ctica Erasmus Recepci\u00f3n<\/a><\/li>\n<li><a href=\"https:\/\/espamob.com\/es\/sectores-practicas-empresas-erasmusplus\/sector-servicios\/practica-erasmus-gestion-administrativa\/\">Pr\u00e1ctica Erasmus en Gesti\u00f3n Administrativa<\/a><\/li>\n<li><a href=\"https:\/\/espamob.com\/es\/sectores-practicas-empresas-erasmusplus\/sector-servicios\/practica-erasmus-marketing\/\">Pr\u00e1ctica Erasmus Marketing<\/a><\/li>\n<li><a href=\"https:\/\/espamob.com\/es\/sectores-practicas-empresas-erasmusplus\/sector-servicios\/practica-erasmus-comunicacion\/\">Pr\u00e1ctica Erasmus Comunicaci\u00f3n<\/a><\/li>\n<\/ul>\n<p>[\/vc_column_text][\/vc_column_inner][\/vc_row_inner][\/vc_column][\/vc_row]<\/p>\n<\/div>","protected":false},"excerpt":{"rendered":"<p>[vc_row css=\u00bb.vc_custom_1703789165469{margin-top: -20px !important;margin-bottom: 40px !important;background-image: url(https:\/\/espamob.com\/wp-content\/uploads\/2023\/12\/Venta.webp?id=22188) !important;}\u00bb conditional_render=\u00bb%5B%7B%22value_role%22%3A%22administrator%22%7D%5D\u00bb][vc_column css=\u00bb.vc_custom_1687965657482{padding-top: 30px !important;}\u00bb conditional_render=\u00bb%5B%7B%22value_role%22%3A%22administrator%22%7D%5D\u00bb][vc_empty_space height=\u00bb170&#8243;][vc_custom_heading text=\u00bbPractica Erasmus : Venta\u00bb font_container=\u00bbtag:h1|font_size:27|text_align:center|color:%23ffffff\u00bb use_theme_fonts=\u00bbyes\u00bb css=\u00bb.vc_custom_1704813647145{margin-bottom: 15px !important;background-color: rgba(136,136,136,0.29) !important;*background-color: rgb(136,136,136) !important;}\u00bb animation_type=\u00bbzoomIn\u00bb][vc_empty_space height=\u00bb40&#8243;][\/vc_column][\/vc_row][vc_row wrap_container=\u00bbyes\u00bb text_align=\u00bbjustify\u00bb][vc_column text_align=\u00bbjustify\u00bb][vc_column_text] Home Sectores de pr\u00e1cticas Movilidad sector terciario Pr\u00e1ctica Erasmus : Venta [\/vc_column_text][vc_custom_heading text=\u00bbTodo lo que debe saber sobre la pr\u00e1ctica Erasmus Venta para<\/p>\n","protected":false},"author":2,"featured_media":0,"parent":12448,"menu_order":0,"comment_status":"closed","ping_status":"closed","template":"","meta":{"footnotes":""},"class_list":["post-22212","page","type-page","status-publish","hentry"],"_links":{"self":[{"href":"https:\/\/espamob.com\/es\/wp-json\/wp\/v2\/pages\/22212","targetHints":{"allow":["GET"]}}],"collection":[{"href":"https:\/\/espamob.com\/es\/wp-json\/wp\/v2\/pages"}],"about":[{"href":"https:\/\/espamob.com\/es\/wp-json\/wp\/v2\/types\/page"}],"author":[{"embeddable":true,"href":"https:\/\/espamob.com\/es\/wp-json\/wp\/v2\/users\/2"}],"replies":[{"embeddable":true,"href":"https:\/\/espamob.com\/es\/wp-json\/wp\/v2\/comments?post=22212"}],"version-history":[{"count":0,"href":"https:\/\/espamob.com\/es\/wp-json\/wp\/v2\/pages\/22212\/revisions"}],"up":[{"embeddable":true,"href":"https:\/\/espamob.com\/es\/wp-json\/wp\/v2\/pages\/12448"}],"wp:attachment":[{"href":"https:\/\/espamob.com\/es\/wp-json\/wp\/v2\/media?parent=22212"}],"curies":[{"name":"wp","href":"https:\/\/api.w.org\/{rel}","templated":true}]}}