{"id":21552,"date":"2023-08-04T00:00:00","date_gmt":"2023-08-04T00:00:00","guid":{"rendered":"https:\/\/www.espamob.com\/sectores-practicas-empresas-erasmusplus\/alimentacion\/stage-erasmus-chocolaterie\/"},"modified":"2025-04-21T20:14:04","modified_gmt":"2025-04-21T20:14:04","slug":"practica-erasmus-chocolateria","status":"publish","type":"page","link":"https:\/\/espamob.com\/es\/sectores-practicas-empresas-erasmusplus\/alimentacion\/practica-erasmus-chocolateria\/","title":{"rendered":"Stage Erasmus : Chocolaterie"},"content":{"rendered":"<div class=\"wpb-content-wrapper\"><p>[vc_row css=\u00bb.vc_custom_1703413974867{margin-top: -20px !important;margin-bottom: 40px !important;background-image: url(https:\/\/espamob.com\/wp-content\/uploads\/2023\/12\/Chocolateria-Confiteria.webp?id=22140) !important;}\u00bb conditional_render=\u00bb%5B%7B%22value_role%22%3A%22administrator%22%7D%5D\u00bb][vc_column css=\u00bb.vc_custom_1687965657482{padding-top: 30px !important;}\u00bb conditional_render=\u00bb%5B%7B%22value_role%22%3A%22administrator%22%7D%5D\u00bb][vc_empty_space height=\u00bb170&#8243;][vc_custom_heading text=\u00bbPr\u00e1ctica Erasmus: Chocolater\u00eda\u00bb font_container=\u00bbtag:h1|font_size:27|text_align:center|color:%23ffffff\u00bb use_theme_fonts=\u00bbyes\u00bb css=\u00bb.vc_custom_1702896161058{margin-bottom: 15px !important;background-color: rgba(136,136,136,0.29) !important;*background-color: rgb(136,136,136) !important;}\u00bb animation_type=\u00bbzoomIn\u00bb][vc_empty_space height=\u00bb40&#8243;][\/vc_column][\/vc_row][vc_row wrap_container=\u00bbyes\u00bb text_align=\u00bbjustify\u00bb][vc_column text_align=\u00bbjustify\u00bb][vc_column_text]<\/p>\n<nav aria-label=\"breadcrumb\">\n<ol class=\"breadcrumb\">\n<li class=\"breadcrumb-item\"><a href=\"https:\/\/espamob.com\/es\/es-2\/\">Home<\/a><\/li>\n<li class=\"breadcrumb-item\"><a href=\"https:\/\/espamob.com\/es\/sectores-practicas-empresas-erasmusplus\/\">Sectores de pr\u00e1cticas<\/a><\/li>\n<li class=\"breadcrumb-item active\" aria-current=\"page\"><a href=\"https:\/\/espamob.com\/es\/sectores-practicas-empresas-erasmusplus\/alimentacion\/\">Movilidad en el sector de la alimentaci\u00f3n<\/a><\/li>\n<li class=\"breadcrumb-item active\" aria-current=\"page\">Pr\u00e1ctica Erasmus : Chocolater\u00eda<\/li>\n<\/ol>\n<\/nav>\n<p>[\/vc_column_text][vc_custom_heading text=\u00bbConvierte tu pasi\u00f3n por el chocolate en una experiencia inolvidable con una pr\u00e1ctica Erasmus en Chocolater\u00eda\u00bb use_theme_fonts=\u00bbyes\u00bb css=\u00bb.vc_custom_1702896217746{margin-top: 20px !important;}\u00bb][vc_separator][vc_row_inner][vc_column_inner width=\u00bb7\/12&#8243;][vc_column_text]La <strong>pr\u00e1ctica Erasmus en Chocolater\u00eda<\/strong> es una oportunidad \u00fanica para estudiantes y aprendices que desean adquirir una experiencia profesional enriquecedora en este delicioso campo. Este programa europeo, que se extiende por varios meses, permite descubrir no solo las t\u00e9cnicas de fabricaci\u00f3n del chocolate, sino tambi\u00e9n la cultura y las tradiciones de los pa\u00edses participantes. Entonces, sum\u00e9rgete en este universo gastron\u00f3mico y descubre c\u00f3mo conseguir una pasant\u00eda Erasmus en Chocolater\u00eda.<\/p>\n<h2>\u00bfQu\u00e9 es el programa Erasmus?<\/h2>\n<p>Erasmus es un <strong>programa europeo de intercambio de estudiantes y aprendices<\/strong>, creado en 1987 por la Uni\u00f3n Europea. Su objetivo es promover la movilidad y la cooperaci\u00f3n entre las instituciones de educaci\u00f3n superior y las empresas. El programa Erasmus ofrece la oportunidad a los j\u00f3venes de vivir una experiencia profesional e intercultural en otro pa\u00eds europeo, en diversos sectores, incluida la Chocolater\u00eda.<\/p>\n<h3>\u00bfPor qu\u00e9 elegir una pr\u00e1ctica Erasmus en Chocolater\u00eda?<\/h3>\n<p>La Chocolater\u00eda es un <strong>oficio de arte y pasi\u00f3n<\/strong> donde la creatividad, la destreza y la rigurosidad son esenciales. Una pasant\u00eda Erasmus en Chocolater\u00eda permite adquirir una valiosa experiencia internacional y desarrollar habilidades t\u00e9cnicas y profesionales en este campo. Adem\u00e1s, esta experiencia enriquece el curr\u00edculum vitae y destaca en el mercado laboral.<\/p>\n<h2>Pasos para conseguir una pr\u00e1ctica Erasmus en Chocolater\u00eda<\/h2>\n<p>Para participar en una pr\u00e1ctica Erasmus en Chocolater\u00eda, es necesario seguir algunos pasos clave:<\/p>\n<ol>\n<li><strong>Encontrar un lugar de acogida<\/strong>: Puede ser una empresa, una tienda o un taller artesanal especializado en la fabricaci\u00f3n de chocolate. La b\u00fasqueda puede realizarse a trav\u00e9s de los organismos asociados al programa Erasmus, a trav\u00e9s de redes profesionales o con la orientaci\u00f3n de tu instituci\u00f3n educativa.<\/li>\n<li><strong>Verificar las condiciones de elegibilidad:<\/strong> La pr\u00e1ctica Erasmus en Chocolater\u00eda est\u00e1 disponible para estudiantes y aprendices inscritos en una instituci\u00f3n de educaci\u00f3n superior que hayan validado al menos un a\u00f1o de estudios. Tambi\u00e9n es importante verificar si tu instituci\u00f3n y la que est\u00e1s considerando son miembros del programa Erasmus.<\/li>\n<li><strong>Preparar un expediente de solicitud:<\/strong> Este expediente debe incluir un curr\u00edculum vitae, una carta de motivaci\u00f3n y los datos de dos referencias (profesores o empleadores) que puedan recomendar tu perfil. El expediente se presentar\u00e1 a la instituci\u00f3n de acogida, que evaluar\u00e1 tu solicitud.<\/li>\n<li><strong>Preparar los documentos administrativos<\/strong>: Una vez aceptada la pr\u00e1ctica, ser\u00e1 necesario preparar un expediente administrativo que incluya una convenci\u00f3n de pasant\u00eda y un contrato de formaci\u00f3n firmados por las partes involucradas.<\/li>\n<li><strong>Organizar tu estancia:<\/strong> Finalmente, es importante planificar tu alojamiento, transporte y cobertura social durante la duraci\u00f3n de la pr\u00e1ctica.<\/li>\n<\/ol>\n<p>[\/vc_column_text][\/vc_column_inner][vc_column_inner width=\u00bb1\/12&#8243;][\/vc_column_inner][vc_column_inner width=\u00bb4\/12&#8243;][vc_single_image image=\u00bb18172&#8243; img_size=\u00bb400*400&#8243; alignment=\u00bbright\u00bb style=\u00bbvc_box_rounded\u00bb][vc_btn title=\u00bbVer m\u00e1s\u00bb style=\u00bbcustom\u00bb custom_background=\u00bb#e20000&#8243; custom_text=\u00bb#ffffff\u00bb align=\u00bbcenter\u00bb link=\u00bburl:https%3A%2F%2Fespamob.com%2Fes%2Fcontacto|title:Contacto|target:_blank\u00bb][vc_column_text]<iframe loading=\"lazy\" width=\"560\" height=\"315\" src=\"https:\/\/www.youtube.com\/embed\/YbPBIzvIuO4?si=eU2IFa5MGzscrg5z\" title=\"YouTube video player\" frameborder=\"0\" allow=\"accelerometer; autoplay; clipboard-write; encrypted-media; gyroscope; picture-in-picture; web-share\" referrerpolicy=\"strict-origin-when-cross-origin\" allowfullscreen><\/iframe>[\/vc_column_text][\/vc_column_inner][\/vc_row_inner][vc_custom_heading text=\u00bbCursos de chocolater\u00eda compatibles con el programa Erasmus\u00bb font_container=\u00bbtag:h3|text_align:left\u00bb use_theme_fonts=\u00bbyes\u00bb css=\u00bb.vc_custom_1702896664172{margin-top: 20px !important;}\u00bb][vc_separator][vc_row_inner][vc_column_inner width=\u00bb7\/12&#8243;][vc_column_text]Para acceder a una pr\u00e1ctica Erasmus en Chocolater\u00eda, es importante estar inscrito en una formaci\u00f3n adecuada. Aqu\u00ed tienes algunos ejemplos de formaciones compatibles:<\/p>\n<ul>\n<li><strong>El curso Pastelero-Chocolatero-Confitero-Heladero<\/strong>: esta formaci\u00f3n polivalente permite adquirir habilidades t\u00e9cnicas en la creaci\u00f3n de pasteles, chocolates, confiter\u00eda y helados.<\/li>\n<li><strong>El curso Panadero-Pastelero<\/strong>: este diploma ofrece una especializaci\u00f3n en panader\u00eda y pasteler\u00eda, al mismo tiempo que desarrolla habilidades en gesti\u00f3n y emprendimiento.<\/li>\n<li><strong>El curso Alimentaci\u00f3n opci\u00f3n Chocolater\u00eda<\/strong>: accesible despu\u00e9s de un Bachillerato profesional o tecnol\u00f3gico, esta formaci\u00f3n de dos a\u00f1os propone una especializaci\u00f3n en Chocolater\u00eda y permite acceder a puestos de responsabilidad.<\/li>\n<\/ul>\n<h2>Los pa\u00edses europeos donde realizar una pr\u00e1ctica Erasmus en Chocolater\u00eda<\/h2>\n<p>Dado que la Chocolater\u00eda es un oficio con tradiciones ancestrales, algunos pa\u00edses son particularmente conocidos por su experiencia. As\u00ed, una pr\u00e1ctica Erasmus en Chocolater\u00eda se puede realizar en los siguientes pa\u00edses:<\/p>\n<ul>\n<li><strong>B\u00e9lgica<\/strong>, reconocida mundialmente por sus pralin\u00e9s y sus chocolateros de renombre como Pierre Marcolini o Neuhaus.<\/li>\n<li><strong>Francia<\/strong>, con sus maestros chocolateros como Patrick Roger o Jean-Paul H\u00e9vin, que han sabido combinar tradici\u00f3n e innovaci\u00f3n.<\/li>\n<li><strong>Suiza<\/strong>, cuna del chocolate con leche y del chocolate relleno gracias a marcas emblem\u00e1ticas como Lindt o Toblerone.<\/li>\n<li><strong>Reino Unido<\/strong>, donde se encuentran muchos chocolateros innovadores y creativos como Rococo Chocolates o Paul A. Young.<\/li>\n<\/ul>\n<p>En resumen, una pr\u00e1ctica Erasmus en Chocolater\u00eda es una experiencia \u00fanica para formarse con los mejores artesanos y profundizar la pasi\u00f3n por el chocolate, al mismo tiempo que se descubren otras culturas y tradiciones. Entonces, \u00a1no dudes m\u00e1s y sum\u00e9rgete en esta aventura golosa![\/vc_column_text][\/vc_column_inner][vc_column_inner width=\u00bb1\/12&#8243;][\/vc_column_inner][vc_column_inner width=\u00bb4\/12&#8243;][vc_raw_html]JTNDZGl2JTIwc3R5bGUlM0QlMjJwYWRkaW5nJTNBJTIwMzBweCUzQmJhY2tncm91bmQtY29sb3IlM0ElMjAlMjNGNEY0RjQlM0IlMjIlM0UlMEElMjAlMjAlMjAlMjAlM0NoNCUzRURlc2N1YnJhJTIwdG9kb3MlMjBsb3MlMjBzZWN0b3JlcyUyMGRlJTIwcHIlQzMlQTFjdGljYXMlM0MlMkZoNCUzRSUwQSUyMCUyMCUyMCUyMCUzQ3AlM0VFc3BhbW9iJTIwZXMlMjBlc3BlY2lhbGlzdGElMjBlbiUyMGxhJTIwYXNlc29yJUMzJUFEYSUyMGRlJTIwZ3J1cG9zJTIwZW4lMjBzdSUyMG1vdmlsaWRhZCUyMEVyYXNtdXMlMkIuJTIwRGVzY3VicmUlMjBlbiUyMHVub3MlMjBwb2NvcyUyMGNsaWNzJTIwdG9kb3MlMjBsb3MlMjBzZWN0b3JlcyUyMGRlJTIwcHIlQzMlQTFjdGljYXMlMjBFcmFzbXVzJTIwZW4lMjBFc3BhJUMzJUIxYS4lM0MlMkZwJTNFJTBBJTIwJTIwJTIwJTIwJTNDYSUyMGNsYXNzJTNEJTIydmNfZ2VuZXJhbCUyMHZjX2J0bjMlMjB2Y19idG4zLXNpemUtbWQlMjB2Y19idG4zLXNoYXBlLWRlZmF1bHQlMjB2Y19idG4zLXN0eWxlLWN1c3RvbSUyMHdwYl9jdXN0b21fNjY4N2IyNmYzOTQ4OGRkYmI4NWRkYjNjMWNlOGUxMTElMjBidG4lMjIlMjBzdHlsZSUzRCUyMmJhY2tncm91bmQtY29sb3IlM0ElMjNlMjAwMDAlM0IlMjBjb2xvciUzQSUyM2ZmZmZmZiUzQiUyMGJhY2tncm91bmQtY29sb3IlM0ElMjNlMjAwMDAlM0IlMjBjb2xvciUzQSUyM2ZmZmZmZiUzQiUyMiUyMGhyZWYlM0QlMjJodHRwcyUzQSUyRiUyRnd3dy5lc3BhbW9iLmNvbSUyRmVzJTJGc2VjdG9yZXMtcHJhY3RpY2FzLWVtcHJlc2FzLWVyYXNtdXNwbHVzJTJGJTIyJTIwdGl0bGUlM0QlMjJTZWN0b3JlcyUyMGRlJTIwcHIlQzMlQTFjdGljYXMlMjIlMjB0YXJnZXQlM0QlMjJfYmxhbmslMjIlM0VEZXNjdWJyaXIlMjBsb3MlMjBzZWN0b3JlcyUzQyUyRmElM0UlMEElM0MlMkZkaXYlM0U=[\/vc_raw_html][\/vc_column_inner][\/vc_row_inner][\/vc_column][\/vc_row][vc_row full_width=\u00bbstretch_row\u00bb wrap_container=\u00bbyes\u00bb is_section=\u00bbyes\u00bb css=\u00bb.vc_custom_1702896984854{padding-top: 15px !important;padding-bottom: 15px !important;background-color: #f8f392 !important;}\u00bb conditional_render=\u00bb%5B%7B%22value_role%22%3A%22administrator%22%7D%5D\u00bb][vc_column][vc_row_inner css=\u00bb.vc_custom_1688548648248{background-color: #f8f392 !important;}\u00bb][vc_column_inner][vc_custom_heading text=\u00bbSolicite un presupuesto gratuito\u00bb font_container=\u00bbtag:h2|text_align:center\u00bb use_theme_fonts=\u00bbyes\u00bb][vc_column_text]<\/p>\n<p style=\"text-align: justify;\">\u00bfTienes una idea para un proyecto Erasmus+ en Espa\u00f1a y est\u00e1s buscando un referente de confianza que te apoye? \u00a1<strong>Espamob<\/strong>\u2019 est\u00e1 aqu\u00ed para ayudarte! Te ofrecemos un presupuesto gratuito y sin compromiso para ayudarte a gestionar tu proyecto de movilidad. Gracias a nuestra experiencia y nuestra red de empresas asociadas, podemos ofrecerle soporte personalizado para satisfacer sus necesidades espec\u00edficas. Cont\u00e1ctenos ahora para hablar de su proyecto y obtener su presupuesto gratuito.<\/p>\n<p>[\/vc_column_text]<div id=\"modal-trg-txt-wrap-5428\" class=\"ult-modal-input-wrapper ult-adjust-bottom-margin    \" data-keypress-control=\"keypress-control-enable\" data-overlay-control=\"overlay-control-enable\"><style>\n\t\t\t\t\t.btn-modal.btn-id-69e7b07796fde4-32439269:hover {\n\t\t\t\t\t\tbackground-color: #e20000 !important;\n\t\t\t\t\t}\n\t\t\t\t\t<\/style><button  data-ultimate-target='#modal-trg-txt-wrap-5428 .btn-modal'  data-responsive-json-new='{\"font-size\":\"\",\"line-height\":\"\"}'  style=\"background:#888888;border-color:#888888;color:#ffffff; \" data-class-id=\"content-69e7b07796fde4-32439269\" class=\"btn-modal ult-responsive btn-primary btn-modal-md overlay-show ult-align-center btn-id-69e7b07796fde4-32439269\" data-overlay-class=\"overlay-cornerbottomleft\">SOLICITAR PRESUPUESTO GRATUITO<\/button><\/div>\n<div class=\"ult-overlay content-69e7b07796fde4-32439269 \" data-class=\"content-69e7b07796fde4-32439269\" id=\"button-click-overlay\" style=\"background:rgba(51,51,51,0.8); display:none;\">\n\t<div class=\"ult_modal ult-fade ult-medium\">\n\t\t<div id=\"ult-modal-wrap-1999\" class=\"ult_modal-content ult-hide\" style=\"border-style:solid;border-width:2px;border-radius:0px;border-color:#333333;\">\n\t\t\t<div class=\"ult_modal-header\" style=\"color:#333333;border-color:#333333;\">\n\t\t\t\t<h3  data-ultimate-target='#ult-modal-wrap-1999 .ult_modal-title'  data-responsive-json-new='{\"font-size\":\"\",\"line-height\":\"\"}'  class=\"ult_modal-title ult-responsive\">SOLICITAR PRESUPUESTO GRATUITO<\/h3>\n\t\t\t<\/div>\n\t\t\t<div  data-ultimate-target='#ult-modal-wrap-1999 .ult_modal-body'  data-responsive-json-new='{\"font-size\":\"\",\"line-height\":\"\"}'  class=\"ult_modal-body ult-responsive ult-html\" style=\"\">\n\t\t\t<\/p>\n<p>[caldera_form id=\u00bbCF6149c7d1c4417&#8243;]<\/p>\n<p>\n\t\t\t<\/div>\n\t<\/div>\n\t<\/div>\n\t<div class=\"ult-overlay-close top-right\" style=\"width:80px;height:80px; \"><div class=\"ult-overlay-close-inside\">Close<\/div><\/div>\n<\/div>[\/vc_column_inner][\/vc_row_inner][\/vc_column][\/vc_row][vc_row wrap_container=\u00bbyes\u00bb css=\u00bb.vc_custom_1689256499740{margin-top: 15px !important;}\u00bb conditional_render=\u00bb%5B%7B%22value_role%22%3A%22administrator%22%7D%5D\u00bb][vc_column][vc_custom_heading text=\u00bbPreguntas frecuentes\u00bb font_container=\u00bbtag:h2|text_align:center|color:%23000000&#8243; use_theme_fonts=\u00bbyes\u00bb][vc_separator][vc_row_inner][vc_column_inner width=\u00bb7\/12&#8243;][vc_column_text]<\/p>\n<h3>\u00bfCu\u00e1les son los servicios ofrecidos por Espamob para las pr\u00e1cticas Erasmus en Espa\u00f1a?<\/h3>\n<p>Espamob ofrece una gama completa de servicios para las pr\u00e1cticas Erasmus en Espa\u00f1a. Le acompa\u00f1an en la creaci\u00f3n de su proyecto, la b\u00fasqueda de financiamiento, la acogida en universidades y empresas colaboradoras, la b\u00fasqueda de alojamiento en el lugar y la gesti\u00f3n de su traslado desde el aeropuerto.<\/p>\n<h3>\u00bfC\u00f3mo puede Espamob ayudarte a realizar una pr\u00e1ctica Erasmus en chocolater\u00eda en Espa\u00f1a?<\/h3>\n<p>Espamob cuenta con una amplia red de colaboradores en Espa\u00f1a, incluyendo el sector de la chocolater\u00eda. Pueden ayudarte a encontrar empresas colaboradoras especializadas en la fabricaci\u00f3n de chocolate, donde podr\u00e1s realizar tu pr\u00e1ctica Erasmus. Tambi\u00e9n te acompa\u00f1ar\u00e1n en todas las etapas del proceso, desde la creaci\u00f3n de tu proyecto hasta la bienvenida en la empresa.<\/p>\n<h3>\u00bfCu\u00e1les son las ventajas de elegir a Espamob para realizar una pr\u00e1ctica Erasmus en Espa\u00f1a?<\/h3>\n<p>Al elegir a Espamob para realizar una pr\u00e1ctica Erasmus en Espa\u00f1a, disfrutas de un acompa\u00f1amiento completo y personalizado. Su experiencia en la gesti\u00f3n de proyectos Erasmus asegura una experiencia sin complicaciones. Adem\u00e1s, su amplia red de colaboradores te permite encontrar oportunidades de pr\u00e1cticas en \u00e1reas espec\u00edficas, como la chocolater\u00eda, y aprovechar el apoyo local a lo largo de tu estancia.[\/vc_column_text][\/vc_column_inner][vc_column_inner width=\u00bb1\/12&#8243;][\/vc_column_inner][vc_column_inner width=\u00bb4\/12&#8243;][vc_single_image image=\u00bb15074&#8243; img_size=\u00bbfull\u00bb][vc_column_text]<strong>M\u00e1s informaci\u00f3n sobre los diferentes destinos Erasmus + en Espa\u00f1a :<\/strong><\/p>\n<ul>\n<li><a href=\"https:\/\/espamob.com\/es\/sectores-practicas-empresas-erasmusplus\/alimentacion\/practica-erasmus-carniceria\/\">Pr\u00e1cticas Erasmus en Carnicer\u00eda<\/a><\/li>\n<li><a href=\"https:\/\/espamob.com\/es\/sectores-practicas-empresas-erasmusplus\/alimentacion\/practica-erasmus-charcuteria\/\">Pr\u00e1cticas Erasmus en Charcuter\u00eda<\/a><\/li>\n<li><a href=\"https:\/\/espamob.com\/es\/sectores-practicas-empresas-erasmusplus\/alimentacion\/practica-erasmus-camarero-de-vinos\/\">Pr\u00e1cticas Erasmus en Camarero de vinos<\/a><\/li>\n<li><a href=\"https:\/\/espamob.com\/es\/sectores-practicas-empresas-erasmusplus\/alimentacion\/practica-erasmus-pescaderia\/\">Pr\u00e1cticas Erasmus en Pescader\u00eda<\/a><\/li>\n<li><a href=\"https:\/\/espamob.com\/es\/sectores-practicas-empresas-erasmusplus\/alimentacion\/practica-erasmus-panaderia\/\">Pr\u00e1cticas Erasmus en Panader\u00eda<\/a><\/li>\n<li><a href=\"https:\/\/espamob.com\/es\/sectores-practicas-empresas-erasmusplus\/alimentacion\/practica-erasmus-pasteleria\/\">Pr\u00e1cticas Erasmus en Pasteler\u00eda<\/a><\/li>\n<li><a href=\"https:\/\/espamob.com\/es\/sectores-practicas-empresas-erasmusplus\/alimentacion\/practica-erasmus-heladero\/\">Pr\u00e1cticas Erasmus de heladero<\/a><\/li>\n<li><a href=\"https:\/\/espamob.com\/es\/sectores-practicas-empresas-erasmusplus\/alimentacion\/practica-erasmus-cocina\/\">Pr\u00e1cticas Erasmus en Cocina<\/a><\/li>\n<\/ul>\n<p>[\/vc_column_text][\/vc_column_inner][\/vc_row_inner][\/vc_column][\/vc_row]<\/p>\n<\/div>","protected":false},"excerpt":{"rendered":"<p>[vc_row css=\u00bb.vc_custom_1703413974867{margin-top: -20px !important;margin-bottom: 40px !important;background-image: url(https:\/\/espamob.com\/wp-content\/uploads\/2023\/12\/Chocolateria-Confiteria.webp?id=22140) !important;}\u00bb conditional_render=\u00bb%5B%7B%22value_role%22%3A%22administrator%22%7D%5D\u00bb][vc_column css=\u00bb.vc_custom_1687965657482{padding-top: 30px !important;}\u00bb conditional_render=\u00bb%5B%7B%22value_role%22%3A%22administrator%22%7D%5D\u00bb][vc_empty_space height=\u00bb170&#8243;][vc_custom_heading text=\u00bbPr\u00e1ctica Erasmus: Chocolater\u00eda\u00bb font_container=\u00bbtag:h1|font_size:27|text_align:center|color:%23ffffff\u00bb use_theme_fonts=\u00bbyes\u00bb css=\u00bb.vc_custom_1702896161058{margin-bottom: 15px !important;background-color: rgba(136,136,136,0.29) !important;*background-color: rgb(136,136,136) !important;}\u00bb animation_type=\u00bbzoomIn\u00bb][vc_empty_space height=\u00bb40&#8243;][\/vc_column][\/vc_row][vc_row wrap_container=\u00bbyes\u00bb text_align=\u00bbjustify\u00bb][vc_column text_align=\u00bbjustify\u00bb][vc_column_text] Home Sectores de pr\u00e1cticas Movilidad en el sector de la alimentaci\u00f3n Pr\u00e1ctica Erasmus : Chocolater\u00eda [\/vc_column_text][vc_custom_heading text=\u00bbConvierte tu pasi\u00f3n por el chocolate en una<\/p>\n","protected":false},"author":2,"featured_media":0,"parent":12391,"menu_order":0,"comment_status":"closed","ping_status":"closed","template":"","meta":{"footnotes":""},"class_list":["post-21552","page","type-page","status-publish","hentry"],"_links":{"self":[{"href":"https:\/\/espamob.com\/es\/wp-json\/wp\/v2\/pages\/21552","targetHints":{"allow":["GET"]}}],"collection":[{"href":"https:\/\/espamob.com\/es\/wp-json\/wp\/v2\/pages"}],"about":[{"href":"https:\/\/espamob.com\/es\/wp-json\/wp\/v2\/types\/page"}],"author":[{"embeddable":true,"href":"https:\/\/espamob.com\/es\/wp-json\/wp\/v2\/users\/2"}],"replies":[{"embeddable":true,"href":"https:\/\/espamob.com\/es\/wp-json\/wp\/v2\/comments?post=21552"}],"version-history":[{"count":0,"href":"https:\/\/espamob.com\/es\/wp-json\/wp\/v2\/pages\/21552\/revisions"}],"up":[{"embeddable":true,"href":"https:\/\/espamob.com\/es\/wp-json\/wp\/v2\/pages\/12391"}],"wp:attachment":[{"href":"https:\/\/espamob.com\/es\/wp-json\/wp\/v2\/media?parent=21552"}],"curies":[{"name":"wp","href":"https:\/\/api.w.org\/{rel}","templated":true}]}}