{"id":21540,"date":"2023-07-13T14:41:12","date_gmt":"2023-07-13T14:41:12","guid":{"rendered":"https:\/\/www.espamob.com\/sectores-practicas-empresas-erasmusplus\/alimentacion\/stage-erasmus-poissonnerie\/"},"modified":"2023-12-24T10:26:35","modified_gmt":"2023-12-24T10:26:35","slug":"practica-erasmus-pescaderia","status":"publish","type":"page","link":"https:\/\/espamob.com\/es\/sectores-practicas-empresas-erasmusplus\/alimentacion\/practica-erasmus-pescaderia\/","title":{"rendered":"Stage Erasmus &#8211; Poissonnerie"},"content":{"rendered":"<div class=\"wpb-content-wrapper\"><p>[vc_row css=\u00bb.vc_custom_1703413570966{margin-top: -20px !important;margin-bottom: 40px !important;background-image: url(https:\/\/espamob.com\/wp-content\/uploads\/2023\/12\/Pescaderia.webp?id=22104) !important;}\u00bb conditional_render=\u00bb%5B%7B%22value_role%22%3A%22administrator%22%7D%5D\u00bb][vc_column css=\u00bb.vc_custom_1687965657482{padding-top: 30px !important;}\u00bb conditional_render=\u00bb%5B%7B%22value_role%22%3A%22administrator%22%7D%5D\u00bb][vc_empty_space height=\u00bb170&#8243;][vc_custom_heading text=\u00bbPr\u00e1cticas Erasmus: Pescader\u00eda\u00bb font_container=\u00bbtag:h1|font_size:27|text_align:center|color:%23ffffff\u00bb use_theme_fonts=\u00bbyes\u00bb css=\u00bb.vc_custom_1702893409681{margin-bottom: 15px !important;background-color: rgba(136,136,136,0.29) !important;*background-color: rgb(136,136,136) !important;}\u00bb animation_type=\u00bbzoomIn\u00bb][vc_empty_space height=\u00bb40&#8243;][\/vc_column][\/vc_row][vc_row wrap_container=\u00bbyes\u00bb text_align=\u00bbjustify\u00bb][vc_column text_align=\u00bbjustify\u00bb][vc_column_text]<\/p>\n<nav aria-label=\"breadcrumb\">\n<ol class=\"breadcrumb\">\n<li class=\"breadcrumb-item\"><a href=\"https:\/\/espamob.com\/es\">Home<\/a><\/li>\n<li class=\"breadcrumb-item\"><a href=\"https:\/\/espamob.com\/es\/sectores-practicas-empresas-erasmusplus\">Sectores de pr\u00e1cticas<\/a><\/li>\n<li class=\"breadcrumb-item active\" aria-current=\"page\"><a href=\"https:\/\/espamob.com\/es\/sectores-practicas-empresas-erasmusplus\/alimentacion\">Movilidad en el sector de la alimentaci\u00f3n<\/a><\/li>\n<li class=\"breadcrumb-item active\" aria-current=\"page\">Pr\u00e1ctica Erasmus : Pescader\u00eda<\/li>\n<\/ol>\n<\/nav>\n<p>[\/vc_column_text][vc_custom_heading text=\u00bbLas pr\u00e1cticas Erasmus en una pescader\u00eda: una experiencia \u00fanica para futuros profesionales\u00bb use_theme_fonts=\u00bbyes\u00bb css=\u00bb.vc_custom_1702893479610{margin-top: 20px !important;}\u00bb][vc_separator][vc_row_inner][vc_column_inner width=\u00bb7\/12&#8243;][vc_column_text]En el marco de una formaci\u00f3n profesional o estudios superiores,<strong> realizar una pr\u00e1ctica en el extranjero<\/strong> es una oportunidad enriquecedora que permite desarrollar nuevas habilidades y adquirir una experiencia significativa. El programa europeo Erasmus+ ofrece a los estudiantes y aprendices la posibilidad de llevar a cabo una pr\u00e1ctica profesional en diversos sectores, al tiempo que reciben apoyo financiero. Entre las m\u00faltiples opciones disponibles, se encuentra la oportunidad de realizar una pr\u00e1ctica Erasmus en pescader\u00eda, una elecci\u00f3n original que presenta numerosas ventajas para los futuros profesionales del sector.<\/p>\n<h2>Los empleos en la pescader\u00eda: un sector lleno de oportunidades<\/h2>\n<p>El mundo de la pescader\u00eda abarca una amplia variedad de empleos, desde el simple empleado de la secci\u00f3n hasta puestos de responsabilidad como el de jefe de secci\u00f3n o responsable de aprovisionamiento. La industria ofrece as\u00ed un amplio abanico de oportunidades profesionales con perspectivas de desarrollo interesantes. El sector de la pescader\u00eda tambi\u00e9n incluye actividades relacionadas con la transformaci\u00f3n y distribuci\u00f3n de productos del mar.<\/p>\n<h3>Algunos empleos clave del sector<\/h3>\n<ul>\n<li><strong>Pescadero<\/strong>: se encarga principalmente de la preparaci\u00f3n y venta de pescados, mariscos y otros productos marinos. Puede trabajar en una tienda, en mercados o en grandes superficies.<\/li>\n<li><strong>Desescamador<\/strong>: especializado en moluscos y crust\u00e1ceos, se encarga de abrir ostras y preparar bandejas de mariscos para la venta o el consumo en el lugar.<\/li>\n<li><strong>Catering de productos del mar<\/strong>: ofrece una variedad de platos preparados a base de pescados y mariscos, a menudo elaborados con recetas locales y tradicionales. Puede ejercer su actividad en una tienda, en un restaurante o como servicio de catering para eventos.<\/li>\n<\/ul>\n<p>[\/vc_column_text][\/vc_column_inner][vc_column_inner width=\u00bb1\/12&#8243;][\/vc_column_inner][vc_column_inner width=\u00bb4\/12&#8243;][vc_single_image image=\u00bb18292&#8243; img_size=\u00bb400*400&#8243; alignment=\u00bbright\u00bb style=\u00bbvc_box_rounded\u00bb][vc_btn title=\u00bbVer m\u00e1s\u00bb style=\u00bbcustom\u00bb custom_background=\u00bb#e20000&#8243; custom_text=\u00bb#ffffff\u00bb align=\u00bbcenter\u00bb link=\u00bburl:https%3A%2F%2Fespamob.com%2Fes%2Fcontacto|title:Contacto|target:_blank\u00bb][\/vc_column_inner][\/vc_row_inner][vc_custom_heading text=\u00bb\u00bfPor qu\u00e9 elegir unas pr\u00e1cticas Erasmus en una pescader\u00eda?\u00bb font_container=\u00bbtag:h3|text_align:left\u00bb use_theme_fonts=\u00bbyes\u00bb css=\u00bb.vc_custom_1702893704336{margin-top: 20px !important;}\u00bb][vc_separator][vc_row_inner][vc_column_inner width=\u00bb7\/12&#8243;][vc_column_text]Realizar una<strong> pr\u00e1ctica Erasmus en pescader\u00eda<\/strong> ofrece varias ventajas para los estudiantes que desean formarse en los oficios de este sector. De hecho, este tipo de pasant\u00eda permite:<\/p>\n<ol>\n<li><strong>Descubrir nuevas t\u00e9cnicas<\/strong>: cada pa\u00eds tiene sus propios m\u00e9todos y conocimientos en cuanto a la preparaci\u00f3n y venta de productos del mar. Una pr\u00e1ctica en el extranjero brinda la oportunidad de enriquecerse profesionalmente y aprender nuevas t\u00e9cnicas de trabajo.<\/li>\n<li><strong>Ampliar las habilidades ling\u00fc\u00edsticas:<\/strong> dominar uno o varios idiomas extranjeros es una ventaja innegable en el mundo laboral. Una pr\u00e1ctica Erasmus+ contribuye a mejorar los conocimientos ling\u00fc\u00edsticos mientras desarrolla habilidades interculturales.<\/li>\n<li><strong>Valorizar el curr\u00edculum vitae<\/strong>: mencionar una experiencia de pr\u00e1ctica en el extranjero en el \u00e1mbito de la pescader\u00eda es una ventaja considerable para futuros solicitantes de empleo. Demuestra capacidad de adaptaci\u00f3n y apertura de mente, cualidades apreciadas por los reclutadores.<\/li>\n<\/ol>\n<h2>Los programas Erasmus+ vinculados a la movilidad profesional<\/h2>\n<p>El programa europeo Erasmus+ financia proyectos de movilidad para estudiantes, aprendices y j\u00f3venes trabajadores que desean adquirir experiencia profesional en el extranjero. Existen varios dispositivos que permiten realizar una pr\u00e1ctica en pescader\u00eda:<\/p>\n<ul>\n<li><strong>Erasmus+ Estudios<\/strong>: dirigido a estudiantes matriculados en una instituci\u00f3n de educaci\u00f3n superior, este programa permite realizar una pr\u00e1ctica profesional de dos a doce meses.<\/li>\n<li><strong>Erasmus+ Alternancia<\/strong>: ofrece la posibilidad a los aprendices de llevar a cabo parte de su formaci\u00f3n en una empresa en el extranjero, con una duraci\u00f3n de dos semanas a seis meses.<\/li>\n<li><strong>ErasmusPro:<\/strong> este dispositivo se dirige espec\u00edficamente a j\u00f3venes en formaci\u00f3n profesional inicial (CAP, Bachillerato profesional, etc.). Ofrece pr\u00e1cticas de larga duraci\u00f3n, de tres a seis meses.<\/li>\n<\/ul>\n<p><strong>C\u00f3mo encontrar una pr\u00e1ctica Erasmus en pescader\u00eda<\/strong><\/p>\n<p>Para buscar una pr\u00e1ctica Erasmus en pescader\u00eda, se recomienda ponerse en contacto con la instituci\u00f3n educativa, que puede informar sobre las asociaciones existentes y los procedimientos a seguir. Las redes profesionales y las plataformas en l\u00ednea especializadas en la b\u00fasqueda de pasant\u00edas en el extranjero tambi\u00e9n pueden ser excelentes herramientas para encontrar ofertas que se ajusten a sus expectativas.<\/p>\n<p>En resumen, realizar una <strong>pr\u00e1ctica Erasmus en pescader\u00eda<\/strong> representa una oportunidad \u00fanica para que los futuros profesionales del sector se formen en los oficios, descubran nuevas t\u00e9cnicas de trabajo, mejoren sus habilidades ling\u00fc\u00edsticas y vivan una experiencia inolvidable en el extranjero.[\/vc_column_text][\/vc_column_inner][vc_column_inner width=\u00bb1\/12&#8243;][\/vc_column_inner][vc_column_inner width=\u00bb4\/12&#8243;][vc_raw_html]JTNDZGl2JTIwc3R5bGUlM0QlMjJwYWRkaW5nJTNBJTIwMzBweCUzQmJhY2tncm91bmQtY29sb3IlM0ElMjAlMjNGNEY0RjQlM0IlMjIlM0UlMEElMjAlMjAlMjAlMjAlM0NoNCUzRURlc2N1YnJhJTIwdG9kb3MlMjBsb3MlMjBzZWN0b3JlcyUyMGRlJTIwcHIlQzMlQTFjdGljYXMlM0MlMkZoNCUzRSUwQSUyMCUyMCUyMCUyMCUzQ3AlM0VFc3BhbW9iJTIwZXMlMjBlc3BlY2lhbGlzdGElMjBlbiUyMGxhJTIwYXNlc29yJUMzJUFEYSUyMGRlJTIwZ3J1cG9zJTIwZW4lMjBzdSUyMG1vdmlsaWRhZCUyMEVyYXNtdXMlMkIuJTIwRGVzY3VicmUlMjBlbiUyMHVub3MlMjBwb2NvcyUyMGNsaWNzJTIwdG9kb3MlMjBsb3MlMjBzZWN0b3JlcyUyMGRlJTIwcHIlQzMlQTFjdGljYXMlMjBFcmFzbXVzJTIwZW4lMjBFc3BhJUMzJUIxYS4lM0MlMkZwJTNFJTBBJTIwJTIwJTIwJTIwJTNDYSUyMGNsYXNzJTNEJTIydmNfZ2VuZXJhbCUyMHZjX2J0bjMlMjB2Y19idG4zLXNpemUtbWQlMjB2Y19idG4zLXNoYXBlLWRlZmF1bHQlMjB2Y19idG4zLXN0eWxlLWN1c3RvbSUyMHdwYl9jdXN0b21fNjY4N2IyNmYzOTQ4OGRkYmI4NWRkYjNjMWNlOGUxMTElMjBidG4lMjIlMjBzdHlsZSUzRCUyMmJhY2tncm91bmQtY29sb3IlM0ElMjNlMjAwMDAlM0IlMjBjb2xvciUzQSUyM2ZmZmZmZiUzQiUyMGJhY2tncm91bmQtY29sb3IlM0ElMjNlMjAwMDAlM0IlMjBjb2xvciUzQSUyM2ZmZmZmZiUzQiUyMiUyMGhyZWYlM0QlMjJodHRwcyUzQSUyRiUyRnd3dy5lc3BhbW9iLmNvbSUyRmVzJTJGc2VjdG9yZXMtcHJhY3RpY2FzLWVtcHJlc2FzLWVyYXNtdXNwbHVzJTJGJTIyJTIwdGl0bGUlM0QlMjJTZWN0b3JlcyUyMGRlJTIwcHIlQzMlQTFjdGljYXMlMjIlMjB0YXJnZXQlM0QlMjJfYmxhbmslMjIlM0VEZXNjdWJyaXIlMjBsb3MlMjBzZWN0b3JlcyUzQyUyRmElM0UlMEElM0MlMkZkaXYlM0U=[\/vc_raw_html][vc_custom_heading text=\u00bbDescubre las opiniones de los participantes en Erasmus + :\u00bb font_container=\u00bbtag:h3|text_align:left\u00bb use_theme_fonts=\u00bbyes\u00bb css=\u00bb.vc_custom_1702893754225{margin-top: 20px !important;}\u00bb][vc_separator][vc_video link=\u00bbhttps:\/\/www.youtube.com\/watch?v=qdSTZpUC0ks&amp;t=12s&amp;ab_channel=Espamob%27-EuropeanMobilityProgram\u00bb align=\u00bbcenter\u00bb][\/vc_column_inner][\/vc_row_inner][\/vc_column][\/vc_row][vc_row full_width=\u00bbstretch_row\u00bb wrap_container=\u00bbyes\u00bb is_section=\u00bbyes\u00bb css=\u00bb.vc_custom_1702894242052{padding-top: 15px !important;padding-bottom: 15px !important;background-color: #f8f392 !important;}\u00bb conditional_render=\u00bb%5B%7B%22value_role%22%3A%22administrator%22%7D%5D\u00bb][vc_column][vc_row_inner css=\u00bb.vc_custom_1688548648248{background-color: #f8f392 !important;}\u00bb][vc_column_inner][vc_custom_heading text=\u00bbSolicite un presupuesto gratuito\u00bb font_container=\u00bbtag:h2|text_align:center\u00bb use_theme_fonts=\u00bbyes\u00bb][vc_column_text]<\/p>\n<p style=\"text-align: justify;\">\u00bfTienes una idea para un proyecto Erasmus+ en Espa\u00f1a y est\u00e1s buscando un referente de confianza que te apoye? \u00a1<strong>Espamob<\/strong>\u2019 est\u00e1 aqu\u00ed para ayudarte! Te ofrecemos un presupuesto gratuito y sin compromiso para ayudarte a gestionar tu proyecto de movilidad. Gracias a nuestra experiencia y nuestra red de empresas asociadas, podemos ofrecerle soporte personalizado para satisfacer sus necesidades espec\u00edficas. Cont\u00e1ctenos ahora para hablar de su proyecto y obtener su presupuesto gratuito.<\/p>\n<p>[\/vc_column_text]<div id=\"modal-trg-txt-wrap-7513\" class=\"ult-modal-input-wrapper ult-adjust-bottom-margin    \" data-keypress-control=\"keypress-control-enable\" data-overlay-control=\"overlay-control-enable\"><style>\n\t\t\t\t\t.btn-modal.btn-id-69f37532d519f6-28128224:hover {\n\t\t\t\t\t\tbackground-color: #e20000 !important;\n\t\t\t\t\t}\n\t\t\t\t\t<\/style><button  data-ultimate-target='#modal-trg-txt-wrap-7513 .btn-modal'  data-responsive-json-new='{\"font-size\":\"\",\"line-height\":\"\"}'  style=\"background:#888888;border-color:#888888;color:#ffffff; \" data-class-id=\"content-69f37532d519f6-28128224\" class=\"btn-modal ult-responsive btn-primary btn-modal-md overlay-show ult-align-center btn-id-69f37532d519f6-28128224\" data-overlay-class=\"overlay-cornerbottomleft\">SOLICITAR PRESUPUESTO GRATUITO<\/button><\/div>\n<div class=\"ult-overlay content-69f37532d519f6-28128224 \" data-class=\"content-69f37532d519f6-28128224\" id=\"button-click-overlay\" style=\"background:rgba(51,51,51,0.8); display:none;\">\n\t<div class=\"ult_modal ult-fade ult-medium\">\n\t\t<div id=\"ult-modal-wrap-8371\" class=\"ult_modal-content ult-hide\" style=\"border-style:solid;border-width:2px;border-radius:0px;border-color:#333333;\">\n\t\t\t<div class=\"ult_modal-header\" style=\"color:#333333;border-color:#333333;\">\n\t\t\t\t<h3  data-ultimate-target='#ult-modal-wrap-8371 .ult_modal-title'  data-responsive-json-new='{\"font-size\":\"\",\"line-height\":\"\"}'  class=\"ult_modal-title ult-responsive\">SOLICITAR PRESUPUESTO GRATUITO<\/h3>\n\t\t\t<\/div>\n\t\t\t<div  data-ultimate-target='#ult-modal-wrap-8371 .ult_modal-body'  data-responsive-json-new='{\"font-size\":\"\",\"line-height\":\"\"}'  class=\"ult_modal-body ult-responsive ult-html\" style=\"\">\n\t\t\t<\/p>\n<p>[caldera_form id=\u00bbCF6149c7d1c4417&#8243;]<\/p>\n<p>\n\t\t\t<\/div>\n\t<\/div>\n\t<\/div>\n\t<div class=\"ult-overlay-close top-right\" style=\"width:80px;height:80px; \"><div class=\"ult-overlay-close-inside\">Close<\/div><\/div>\n<\/div>[\/vc_column_inner][\/vc_row_inner][\/vc_column][\/vc_row][vc_row wrap_container=\u00bbyes\u00bb css=\u00bb.vc_custom_1689256499740{margin-top: 15px !important;}\u00bb conditional_render=\u00bb%5B%7B%22value_role%22%3A%22administrator%22%7D%5D\u00bb][vc_column][vc_custom_heading text=\u00bbPreguntas frecuentes\u00bb font_container=\u00bbtag:h2|text_align:center|color:%23000000&#8243; use_theme_fonts=\u00bbyes\u00bb][vc_separator][vc_row_inner][vc_column_inner width=\u00bb7\/12&#8243;][vc_column_text]<\/p>\n<h3>\u00bfCu\u00e1les son los servicios que Espamob ofrece para las pr\u00e1cticas Erasmus en Espa\u00f1a?<\/h3>\n<p>Espamob proporciona una gesti\u00f3n integral de los proyectos de movilidad Erasmus en Espa\u00f1a. Esto incluye la asesor\u00eda en la creaci\u00f3n del proyecto, la b\u00fasqueda de financiamiento, la recepci\u00f3n en universidades y empresas asociadas para las pr\u00e1cticas, la b\u00fasqueda de alojamientos en el lugar y la coordinaci\u00f3n de los traslados desde el aeropuerto.<\/p>\n<h3>\u00bfC\u00f3mo puede Espamob ayudar a los grupos que desean realizar una pr\u00e1ctica Erasmus en Espa\u00f1a en el campo de la pescader\u00eda?<\/h3>\n<p>Espamob cuenta con una red de colaboradores en Espa\u00f1a, incluyendo en el \u00e1mbito de la pescader\u00eda. Por lo tanto, la agencia puede facilitar la b\u00fasqueda de pr\u00e1cticas en este campo espec\u00edfico y acompa\u00f1ar a los grupos en su recepci\u00f3n en empresas asociadas especializadas en pescader\u00eda.<\/p>\n<h3>\u00bfCu\u00e1les son las ventajas de utilizar los servicios de Espamob para organizar una pr\u00e1ctica Erasmus en Espa\u00f1a en el campo de la pescader\u00eda?<\/h3>\n<p>Al elegir Espamob, los grupos se benefician de la experiencia en la organizaci\u00f3n de pr\u00e1cticas Erasmus en Espa\u00f1a. La agencia se encarga de todos los tr\u00e1mites administrativos, la b\u00fasqueda de financiamiento y la log\u00edstica en el lugar, lo que permite a los participantes concentrarse plenamente en su experiencia en pescader\u00eda. Adem\u00e1s, la red de colaboradores de Espamob facilita la b\u00fasqueda de pr\u00e1cticas en este campo espec\u00edfico, brindando oportunidades \u00fanicas a los participantes.[\/vc_column_text][\/vc_column_inner][vc_column_inner width=\u00bb1\/12&#8243;][\/vc_column_inner][vc_column_inner width=\u00bb4\/12&#8243;][vc_single_image image=\u00bb15074&#8243; img_size=\u00bbfull\u00bb][vc_column_text]<strong>M\u00e1s informaci\u00f3n sobre los diferentes destinos Erasmus + en Espa\u00f1a :<\/strong><\/p>\n<ul>\n<li><a href=\"https:\/\/espamob.com\/es\/sectores-practicas-empresas-erasmusplus\/alimentacion\/practica-erasmus-carniceria\">Pr\u00e1cticas Erasmus en Carnicer\u00eda<\/a><\/li>\n<li><a href=\"https:\/\/espamob.com\/es\/sectores-practicas-empresas-erasmusplus\/alimentacion\/practica-erasmus-charcuteria\">Pr\u00e1cticas Erasmus en Charcuter\u00eda<\/a><\/li>\n<li><a href=\"https:\/\/espamob.com\/es\/sectores-practicas-empresas-erasmusplus\/alimentacion\/practica-erasmus-camarero-de-vinos\">Pr\u00e1cticas Erasmus en Camarero de vinos<\/a><\/li>\n<li><a href=\"https:\/\/espamob.com\/es\/sectores-practicas-empresas-erasmusplus\/alimentacion\/practica-erasmus-panaderia\">Pr\u00e1cticas Erasmus en Panader\u00eda<\/a><\/li>\n<li><a href=\"https:\/\/espamob.com\/es\/sectores-practicas-empresas-erasmusplus\/alimentacion\/practica-erasmus-pasteleria\">Pr\u00e1cticas Erasmus en Pasteler\u00eda<\/a><\/li>\n<li><a href=\"https:\/\/espamob.com\/es\/sectores-practicas-empresas-erasmusplus\/alimentacion\/practica-erasmus-chocolateria\">Pr\u00e1cticas Erasmus en Chocolater\u00eda-Confiter\u00eda<\/a><\/li>\n<li><a href=\"https:\/\/espamob.com\/es\/sectores-practicas-empresas-erasmusplus\/alimentacion\/practica-erasmus-heladero\">Pr\u00e1cticas Erasmus en Helader\u00eda<\/a><\/li>\n<li><a href=\"https:\/\/espamob.com\/es\/sectores-practicas-empresas-erasmusplus\/alimentacion\/practica-erasmus-cocina\">Pr\u00e1cticas Erasmus en Cocina<\/a><\/li>\n<\/ul>\n<p>[\/vc_column_text][\/vc_column_inner][\/vc_row_inner][\/vc_column][\/vc_row]<\/p>\n<\/div>","protected":false},"excerpt":{"rendered":"<p>[vc_row css=\u00bb.vc_custom_1703413570966{margin-top: -20px !important;margin-bottom: 40px !important;background-image: url(https:\/\/espamob.com\/wp-content\/uploads\/2023\/12\/Pescaderia.webp?id=22104) !important;}\u00bb conditional_render=\u00bb%5B%7B%22value_role%22%3A%22administrator%22%7D%5D\u00bb][vc_column css=\u00bb.vc_custom_1687965657482{padding-top: 30px !important;}\u00bb conditional_render=\u00bb%5B%7B%22value_role%22%3A%22administrator%22%7D%5D\u00bb][vc_empty_space height=\u00bb170&#8243;][vc_custom_heading text=\u00bbPr\u00e1cticas Erasmus: Pescader\u00eda\u00bb font_container=\u00bbtag:h1|font_size:27|text_align:center|color:%23ffffff\u00bb use_theme_fonts=\u00bbyes\u00bb css=\u00bb.vc_custom_1702893409681{margin-bottom: 15px !important;background-color: rgba(136,136,136,0.29) !important;*background-color: rgb(136,136,136) !important;}\u00bb animation_type=\u00bbzoomIn\u00bb][vc_empty_space height=\u00bb40&#8243;][\/vc_column][\/vc_row][vc_row wrap_container=\u00bbyes\u00bb text_align=\u00bbjustify\u00bb][vc_column text_align=\u00bbjustify\u00bb][vc_column_text] Home Sectores de pr\u00e1cticas Movilidad en el sector de la alimentaci\u00f3n Pr\u00e1ctica Erasmus : Pescader\u00eda [\/vc_column_text][vc_custom_heading text=\u00bbLas pr\u00e1cticas Erasmus en una pescader\u00eda: una experiencia<\/p>\n","protected":false},"author":2,"featured_media":0,"parent":12391,"menu_order":0,"comment_status":"closed","ping_status":"closed","template":"","meta":{"footnotes":""},"class_list":["post-21540","page","type-page","status-publish","hentry"],"_links":{"self":[{"href":"https:\/\/espamob.com\/es\/wp-json\/wp\/v2\/pages\/21540","targetHints":{"allow":["GET"]}}],"collection":[{"href":"https:\/\/espamob.com\/es\/wp-json\/wp\/v2\/pages"}],"about":[{"href":"https:\/\/espamob.com\/es\/wp-json\/wp\/v2\/types\/page"}],"author":[{"embeddable":true,"href":"https:\/\/espamob.com\/es\/wp-json\/wp\/v2\/users\/2"}],"replies":[{"embeddable":true,"href":"https:\/\/espamob.com\/es\/wp-json\/wp\/v2\/comments?post=21540"}],"version-history":[{"count":0,"href":"https:\/\/espamob.com\/es\/wp-json\/wp\/v2\/pages\/21540\/revisions"}],"up":[{"embeddable":true,"href":"https:\/\/espamob.com\/es\/wp-json\/wp\/v2\/pages\/12391"}],"wp:attachment":[{"href":"https:\/\/espamob.com\/es\/wp-json\/wp\/v2\/media?parent=21540"}],"curies":[{"name":"wp","href":"https:\/\/api.w.org\/{rel}","templated":true}]}}