{"id":21532,"date":"2023-08-04T00:00:00","date_gmt":"2023-08-04T00:00:00","guid":{"rendered":"https:\/\/www.espamob.com\/sectores-practicas-empresas-erasmusplus\/alimentacion\/stage-erasmus-charcuterie\/"},"modified":"2023-12-20T16:31:42","modified_gmt":"2023-12-20T16:31:42","slug":"practica-erasmus-charcuteria","status":"publish","type":"page","link":"https:\/\/espamob.com\/es\/sectores-practicas-empresas-erasmusplus\/alimentacion\/practica-erasmus-charcuteria\/","title":{"rendered":"Stage Erasmus : Charcuterie"},"content":{"rendered":"<div class=\"wpb-content-wrapper\"><p>[vc_row css=\u00bb.vc_custom_1703089882970{margin-top: -20px !important;margin-bottom: 40px !important;background-image: url(https:\/\/espamob.com\/wp-content\/uploads\/2023\/12\/Carniceria.webp?id=22079) !important;}\u00bb conditional_render=\u00bb%5B%7B%22value_role%22%3A%22administrator%22%7D%5D\u00bb][vc_column css=\u00bb.vc_custom_1687965657482{padding-top: 30px !important;}\u00bb conditional_render=\u00bb%5B%7B%22value_role%22%3A%22administrator%22%7D%5D\u00bb][vc_empty_space height=\u00bb170&#8243;][vc_custom_heading text=\u00bbPr\u00e1cticas Erasmus: Charcuter\u00eda\u00bb font_container=\u00bbtag:h1|font_size:27|text_align:center|color:%23ffffff\u00bb use_theme_fonts=\u00bbyes\u00bb css=\u00bb.vc_custom_1702653426299{margin-bottom: 15px !important;background-color: rgba(136,136,136,0.29) !important;*background-color: rgb(136,136,136) !important;}\u00bb animation_type=\u00bbzoomIn\u00bb][vc_empty_space height=\u00bb40&#8243;][\/vc_column][\/vc_row][vc_row wrap_container=\u00bbyes\u00bb text_align=\u00bbjustify\u00bb][vc_column text_align=\u00bbjustify\u00bb][vc_column_text]<\/p>\n<nav aria-label=\"breadcrumb\">\n<ol class=\"breadcrumb\">\n<li class=\"breadcrumb-item\"><a href=\"https:\/\/espamob.com\/es\">Home<\/a><\/li>\n<li class=\"breadcrumb-item\"><a href=\"https:\/\/espamob.com\/es\/sectores-practicas-empresas-erasmusplus\">Sectores de pr\u00e1cticas<\/a><\/li>\n<li class=\"breadcrumb-item active\" aria-current=\"page\"><a href=\"https:\/\/espamob.com\/es\/sectores-practicas-empresas-erasmusplus\/alimentacion\">Movilidad en el sector de la alimentaci\u00f3n<\/a><\/li>\n<li class=\"breadcrumb-item active\" aria-current=\"page\">Pr\u00e1ctica Erasmus : Charcuter\u00eda<\/li>\n<\/ol>\n<\/nav>\n<p>[\/vc_column_text][vc_custom_heading text=\u00bbPr\u00e1cticas Erasmus Charcuter\u00eda: una experiencia \u00fanica para los estudiantes\u00bb use_theme_fonts=\u00bbyes\u00bb css=\u00bb.vc_custom_1702653488698{margin-top: 20px !important;}\u00bb][vc_separator][vc_row_inner][vc_column_inner width=\u00bb7\/12&#8243;][vc_column_text]La <strong>pr\u00e1ctica Erasmus en Charcuter\u00eda<\/strong> es una oportunidad \u00fanica para los estudiantes de carnicer\u00eda, charcuter\u00eda o catering de vivir una experiencia internacional enriquecedora. Este programa permite a los j\u00f3venes profesionales adquirir nuevas habilidades y expandir su red profesional mientras descubren una nueva cultura.<\/p>\n<h2>\u00bfEn qu\u00e9 consiste la pr\u00e1ctica Erasmus en Charcuter\u00eda?<\/h2>\n<p>La pr\u00e1ctica Erasmus en Charcuter\u00eda es un programa de intercambio europeo que brinda a estudiantes y j\u00f3venes profesionales del sector de la <strong>carnicer\u00eda-charcuter\u00eda-catering<\/strong> la oportunidad de realizar una pr\u00e1ctica en el extranjero. Es una ocasi\u00f3n excepcional para recibir formaci\u00f3n de profesionales experimentados en diferentes pa\u00edses miembros de la Uni\u00f3n Europea.<\/p>\n<h3>Objetivos de la pr\u00e1ctica Erasmus en Charcuter\u00eda<\/h3>\n<p>Este programa tiene varios objetivos:<\/p>\n<ul>\n<li>Permitir a los estudiantes familiarizarse con diferentes t\u00e9cnicas y habilidades en carnicer\u00eda, charcuter\u00eda y catering.<\/li>\n<li>Reforzar las habilidades ling\u00fc\u00edsticas e interculturales de los participantes.<\/li>\n<li>Desarrollar una red profesional internacional que pueda ser \u00fatil a lo largo de la carrera de los estudiantes.<\/li>\n<li>Promover la movilidad de aprendices y profesionales en el sector de la carnicer\u00eda-charcuter\u00eda-catering.<\/li>\n<\/ul>\n<h2>Condiciones para participar<\/h2>\n<p>Para participar en la pr\u00e1ctica Erasmus en Charcuter\u00eda, se deben cumplir ciertas condiciones:<\/p>\n<ol>\n<li>Ser estudiante o aprendiz en el sector de la carnicer\u00eda, charcuter\u00eda o catering. Tener entre 18 y 30 a\u00f1os.<\/li>\n<li>Ser alumno de una instituci\u00f3n educativa o empresa que participe en el programa Erasmus+.<\/li>\n<li>Contar con un nivel suficiente en el idioma del pa\u00eds de acogida (generalmente, ingl\u00e9s).<\/li>\n<\/ol>\n<h3>Duraci\u00f3n y organizaci\u00f3n de la pr\u00e1ctica<\/h3>\n<p>La duraci\u00f3n de la pr\u00e1ctica var\u00eda seg\u00fan las necesidades y disponibilidad de cada participante, pero debe oscilar entre<strong> 2 semanas y 12 meses<\/strong>. Durante este per\u00edodo, los practicantes trabajar\u00e1n en una empresa especializada en carnicer\u00eda, charcuter\u00eda o catering, donde podr\u00e1n poner en pr\u00e1ctica sus conocimientos y desarrollar nuevas habilidades.<\/p>\n<h2>Financiamiento y apoyo a los participantes<\/h2>\n<p>El programa Erasmus+ ofrece apoyo financiero a los participantes para cubrir parte de los gastos relacionados con la estad\u00eda. Este financiamiento incluye:<\/p>\n<ul>\n<li>Una contribuci\u00f3n a los gastos de viaje y estancia en el extranjero.<\/li>\n<li>Una asignaci\u00f3n mensual para ayudar a cubrir los gastos cotidianos (alojamiento, comida, etc.).<\/li>\n<\/ul>\n<p>Adem\u00e1s, los practicantes tambi\u00e9n reciben apoyo para su proyecto profesional. Son supervisados por un tutor en la empresa de acogida y cuentan con el respaldo de su instituci\u00f3n de origen durante toda la pr\u00e1ctica.[\/vc_column_text][\/vc_column_inner][vc_column_inner width=\u00bb1\/12&#8243;][\/vc_column_inner][vc_column_inner width=\u00bb4\/12&#8243;][vc_single_image image=\u00bb18167&#8243; img_size=\u00bb400*400&#8243; alignment=\u00bbright\u00bb style=\u00bbvc_box_rounded\u00bb][vc_btn title=\u00bbVer m\u00e1s\u00bb style=\u00bbcustom\u00bb custom_background=\u00bb#e20000&#8243; custom_text=\u00bb#ffffff\u00bb align=\u00bbcenter\u00bb link=\u00bburl:https%3A%2F%2Fespamob.com%2Fes%2Fcontacto|title:Contacto|target:_blank\u00bb][\/vc_column_inner][\/vc_row_inner][vc_custom_heading text=\u00bbVentajas de las pr\u00e1cticas Erasmus Charcuter\u00eda\u00bb font_container=\u00bbtag:h3|text_align:left\u00bb use_theme_fonts=\u00bbyes\u00bb css=\u00bb.vc_custom_1702653798819{margin-top: 20px !important;}\u00bb][vc_separator][vc_row_inner][vc_column_inner width=\u00bb7\/12&#8243;][vc_column_text]Participar en este programa brinda numerosos beneficios, tanto a nivel profesional como personal:<\/p>\n<ul>\n<li><strong>Adquirir una experiencia profesional internacional<\/strong> valorada en el mercado laboral.<\/li>\n<li><strong>Desarrollar habilidades t\u00e9cnicas y ling\u00fc\u00edsticas<\/strong>, esenciales para tener \u00e9xito en el sector de la carnicer\u00eda-charcuter\u00eda-catering.<\/li>\n<li><strong>Descubrir una nueva cultura<\/strong> y abrirse a nuevas perspectivas.<\/li>\n<li><strong>Construir una red profesional<\/strong> que ser\u00e1 \u00fatil a lo largo de la carrera.<\/li>\n<\/ul>\n<h2>Testimonios de antiguos participantes<\/h2>\n<p>Son muchos los estudiantes que han vivido esta experiencia \u00fanica y salen fortalecidos. Aqu\u00ed algunos testimonios de antiguos participantes:<\/p>\n<blockquote>\n<p>\u00abLa pr\u00e1ctica Erasmus en Charcuter\u00eda me permiti\u00f3 descubrir nuevas t\u00e9cnicas de trabajo y mejorar mis habilidades en mi oficio. Tambi\u00e9n pude perfeccionar mi ingl\u00e9s y hacer encuentros inolvidables.\u00bb &#8211; Pierre, 23 a\u00f1os, Francia<\/p>\n<p>\u00abMi pr\u00e1ctica en Italia fue una experiencia incre\u00edble. Aprend\u00ed mucho sobre la charcuter\u00eda italiana y regres\u00e9 con muchas ideas para desarrollar mi actividad futura. \u00a1Recomiendo este programa a todos los estudiantes en el sector!\u00bb &#8211; Marta, 25 a\u00f1os, Espa\u00f1a<\/p>\n<\/blockquote>\n<p>En resumen, la pr\u00e1ctica Erasmus en Charcuter\u00eda es una oportunidad que no deben perderse los estudiantes de carnicer\u00eda, charcuter\u00eda o catering que deseen enriquecer su trayectoria profesional y vivir una experiencia internacional \u00fanica.[\/vc_column_text][\/vc_column_inner][vc_column_inner width=\u00bb1\/12&#8243;][\/vc_column_inner][vc_column_inner width=\u00bb4\/12&#8243;][vc_raw_html]JTNDZGl2JTIwc3R5bGUlM0QlMjJwYWRkaW5nJTNBJTIwMzBweCUzQmJhY2tncm91bmQtY29sb3IlM0ElMjAlMjNGNEY0RjQlM0IlMjIlM0UlMEElMjAlMjAlMjAlMjAlM0NoNCUzRURlc2N1YnJhJTIwdG9kb3MlMjBsb3MlMjBzZWN0b3JlcyUyMGRlJTIwcHIlQzMlQTFjdGljYXMlM0MlMkZoNCUzRSUwQSUyMCUyMCUyMCUyMCUzQ3AlM0VFc3BhbW9iJTIwZXMlMjBlc3BlY2lhbGlzdGElMjBlbiUyMGxhJTIwYXNlc29yJUMzJUFEYSUyMGRlJTIwZ3J1cG9zJTIwZW4lMjBzdSUyMG1vdmlsaWRhZCUyMEVyYXNtdXMlMkIuJTIwRGVzY3VicmUlMjBlbiUyMHVub3MlMjBwb2NvcyUyMGNsaWNzJTIwdG9kb3MlMjBsb3MlMjBzZWN0b3JlcyUyMGRlJTIwcHIlQzMlQTFjdGljYXMlMjBFcmFzbXVzJTIwZW4lMjBFc3BhJUMzJUIxYS4lM0MlMkZwJTNFJTBBJTIwJTIwJTIwJTIwJTNDYSUyMGNsYXNzJTNEJTIydmNfZ2VuZXJhbCUyMHZjX2J0bjMlMjB2Y19idG4zLXNpemUtbWQlMjB2Y19idG4zLXNoYXBlLWRlZmF1bHQlMjB2Y19idG4zLXN0eWxlLWN1c3RvbSUyMHdwYl9jdXN0b21fNjY4N2IyNmYzOTQ4OGRkYmI4NWRkYjNjMWNlOGUxMTElMjBidG4lMjIlMjBzdHlsZSUzRCUyMmJhY2tncm91bmQtY29sb3IlM0ElMjNlMjAwMDAlM0IlMjBjb2xvciUzQSUyM2ZmZmZmZiUzQiUyMGJhY2tncm91bmQtY29sb3IlM0ElMjNlMjAwMDAlM0IlMjBjb2xvciUzQSUyM2ZmZmZmZiUzQiUyMiUyMGhyZWYlM0QlMjJodHRwcyUzQSUyRiUyRnd3dy5lc3BhbW9iLmNvbSUyRmVzJTJGc2VjdG9yZXMtcHJhY3RpY2FzLWVtcHJlc2FzLWVyYXNtdXNwbHVzJTJGJTIyJTIwdGl0bGUlM0QlMjJTZWN0b3JlcyUyMGRlJTIwcHIlQzMlQTFjdGljYXMlMjIlMjB0YXJnZXQlM0QlMjJfYmxhbmslMjIlM0VEZXNjdWJyaXIlMjBsb3MlMjBzZWN0b3JlcyUzQyUyRmElM0UlMEElM0MlMkZkaXYlM0U=[\/vc_raw_html][\/vc_column_inner][\/vc_row_inner][\/vc_column][\/vc_row][vc_row full_width=\u00bbstretch_row\u00bb wrap_container=\u00bbyes\u00bb is_section=\u00bbyes\u00bb css=\u00bb.vc_custom_1702654093824{padding-top: 15px !important;padding-bottom: 15px !important;background-color: #f8f392 !important;}\u00bb conditional_render=\u00bb%5B%7B%22value_role%22%3A%22administrator%22%7D%5D\u00bb][vc_column][vc_row_inner css=\u00bb.vc_custom_1688548648248{background-color: #f8f392 !important;}\u00bb][vc_column_inner][vc_custom_heading text=\u00bbSolicite un presupuesto gratuito\u00bb font_container=\u00bbtag:h2|text_align:center\u00bb use_theme_fonts=\u00bbyes\u00bb][vc_column_text]<\/p>\n<p style=\"text-align: justify;\">\u00bfTienes una idea para un proyecto Erasmus+ en Espa\u00f1a y est\u00e1s buscando un referente de confianza que te apoye? \u00a1<strong>Espamob<\/strong>\u2019 est\u00e1 aqu\u00ed para ayudarte! Te ofrecemos un presupuesto gratuito y sin compromiso para ayudarte a gestionar tu proyecto de movilidad. Gracias a nuestra experiencia y nuestra red de empresas asociadas, podemos ofrecerle soporte personalizado para satisfacer sus necesidades espec\u00edficas. Cont\u00e1ctenos ahora para hablar de su proyecto y obtener su presupuesto gratuito.<\/p>\n<p>[\/vc_column_text]<div id=\"modal-trg-txt-wrap-4351\" class=\"ult-modal-input-wrapper ult-adjust-bottom-margin    \" data-keypress-control=\"keypress-control-enable\" data-overlay-control=\"overlay-control-enable\"><style>\n\t\t\t\t\t.btn-modal.btn-id-69e7e98fed6fc7-66276445:hover {\n\t\t\t\t\t\tbackground-color: #e20000 !important;\n\t\t\t\t\t}\n\t\t\t\t\t<\/style><button  data-ultimate-target='#modal-trg-txt-wrap-4351 .btn-modal'  data-responsive-json-new='{\"font-size\":\"\",\"line-height\":\"\"}'  style=\"background:#888888;border-color:#888888;color:#ffffff; \" data-class-id=\"content-69e7e98fed6fc7-66276445\" class=\"btn-modal ult-responsive btn-primary btn-modal-md overlay-show ult-align-center btn-id-69e7e98fed6fc7-66276445\" data-overlay-class=\"overlay-cornerbottomleft\">SOLICITAR PRESUPUESTO GRATUITO<\/button><\/div>\n<div class=\"ult-overlay content-69e7e98fed6fc7-66276445 \" data-class=\"content-69e7e98fed6fc7-66276445\" id=\"button-click-overlay\" style=\"background:rgba(51,51,51,0.8); display:none;\">\n\t<div class=\"ult_modal ult-fade ult-medium\">\n\t\t<div id=\"ult-modal-wrap-1067\" class=\"ult_modal-content ult-hide\" style=\"border-style:solid;border-width:2px;border-radius:0px;border-color:#333333;\">\n\t\t\t<div class=\"ult_modal-header\" style=\"color:#333333;border-color:#333333;\">\n\t\t\t\t<h3  data-ultimate-target='#ult-modal-wrap-1067 .ult_modal-title'  data-responsive-json-new='{\"font-size\":\"\",\"line-height\":\"\"}'  class=\"ult_modal-title ult-responsive\">SOLICITAR PRESUPUESTO GRATUITO<\/h3>\n\t\t\t<\/div>\n\t\t\t<div  data-ultimate-target='#ult-modal-wrap-1067 .ult_modal-body'  data-responsive-json-new='{\"font-size\":\"\",\"line-height\":\"\"}'  class=\"ult_modal-body ult-responsive ult-html\" style=\"\">\n\t\t\t<\/p>\n<p>[caldera_form id=\u00bbCF6149c7d1c4417&#8243;]<\/p>\n<p>\n\t\t\t<\/div>\n\t<\/div>\n\t<\/div>\n\t<div class=\"ult-overlay-close top-right\" style=\"width:80px;height:80px; \"><div class=\"ult-overlay-close-inside\">Close<\/div><\/div>\n<\/div>[\/vc_column_inner][\/vc_row_inner][\/vc_column][\/vc_row][vc_row wrap_container=\u00bbyes\u00bb css=\u00bb.vc_custom_1689256499740{margin-top: 15px !important;}\u00bb conditional_render=\u00bb%5B%7B%22value_role%22%3A%22administrator%22%7D%5D\u00bb][vc_column][vc_custom_heading text=\u00bbPreguntas frecuentes\u00bb font_container=\u00bbtag:h2|text_align:center|color:%23000000&#8243; use_theme_fonts=\u00bbyes\u00bb][vc_separator][vc_row_inner][vc_column_inner width=\u00bb7\/12&#8243;][vc_column_text]<\/p>\n<h3>\u00bfCu\u00e1les son los servicios ofrecidos por Espamob para las pr\u00e1cticas Erasmus en Espa\u00f1a en el \u00e1mbito de la charcuter\u00eda?<\/h3>\n<p>Espamob ofrece una gama completa de servicios para las pr\u00e1cticas Erasmus en el \u00e1mbito de la charcuter\u00eda en Espa\u00f1a. Esto incluye la asesor\u00eda en la creaci\u00f3n del proyecto, la b\u00fasqueda de financiamiento, la bienvenida en las universidades y empresas asociadas especializadas en charcuter\u00eda, as\u00ed como la b\u00fasqueda y reserva de alojamientos adecuados.<\/p>\n<h3>\u00bfC\u00f3mo puede Espamob ayudar a financiar una pr\u00e1ctica Erasmus en el \u00e1mbito de la charcuter\u00eda en Espa\u00f1a?<\/h3>\n<p>Espamob cuenta con experiencia en la b\u00fasqueda de financiamiento para las pr\u00e1cticas Erasmus. La agencia puede orientarte en los tr\u00e1mites para obtener becas o subvenciones que financien tu proyecto de pr\u00e1ctica en el \u00e1mbito de la charcuter\u00eda en Espa\u00f1a. Tambi\u00e9n puede ayudarte a preparar un presupuesto detallado y a identificar posibles socios financieros.<\/p>\n<h3>\u00bfSe encarga Espamob de la recepci\u00f3n en el aeropuerto para las pr\u00e1cticas Erasmus en Espa\u00f1a en el \u00e1mbito de la charcuter\u00eda?<\/h3>\n<p>S\u00ed, Espamob tambi\u00e9n se encarga de recibir a los grupos en el aeropuerto a su llegada a Espa\u00f1a para las pr\u00e1cticas Erasmus en el \u00e1mbito de la charcuter\u00eda. La agencia se encarga de recoger a los participantes a su llegada y llevarlos hasta su alojamiento. Esto permite que los practicantes reciban una c\u00e1lida bienvenida y comiencen su experiencia con tranquilidad.[\/vc_column_text][\/vc_column_inner][vc_column_inner width=\u00bb1\/12&#8243;][\/vc_column_inner][vc_column_inner width=\u00bb4\/12&#8243;][vc_single_image image=\u00bb15074&#8243; img_size=\u00bbfull\u00bb][vc_column_text]<strong>M\u00e1s informaci\u00f3n sobre los diferentes destinos Erasmus + en Espa\u00f1a :<\/strong><\/p>\n<ul>\n<li><a href=\"https:\/\/espamob.com\/es\/sectores-practicas-empresas-erasmusplus\/alimentacion\/practica-erasmus-carniceria\">Pr\u00e1cticas Erasmus en Carnicer\u00eda<\/a><\/li>\n<li><a href=\"https:\/\/espamob.com\/es\/sectores-practicas-empresas-erasmusplus\/alimentacion\/practica-erasmus-camarero-de-vinos\">Pr\u00e1cticas Erasmus en Sumiller\u00eda<\/a><\/li>\n<li><a href=\"https:\/\/espamob.com\/es\/sectores-practicas-empresas-erasmusplus\/alimentacion\/practica-erasmus-pescaderia\">Pr\u00e1cticas Erasmus en Pescader\u00eda<\/a><\/li>\n<li><a href=\"https:\/\/espamob.com\/es\/sectores-practicas-empresas-erasmusplus\/alimentacion\/practica-erasmus-panaderia\">Pr\u00e1cticas Erasmus en Panader\u00eda<\/a><\/li>\n<li><a href=\"https:\/\/espamob.com\/es\/sectores-practicas-empresas-erasmusplus\/alimentacion\/practica-erasmus-pasteleria\">Pr\u00e1cticas Erasmus en Pasteler\u00eda<\/a><\/li>\n<li><a href=\"https:\/\/espamob.com\/es\/sectores-practicas-empresas-erasmusplus\/alimentacion\/practica-erasmus-chocolateria\">Pr\u00e1cticas Erasmus en Chocolater\u00eda-Confiter\u00eda<\/a><\/li>\n<li><a href=\"https:\/\/espamob.com\/es\/sectores-practicas-empresas-erasmusplus\/alimentacion\/practica-erasmus-heladero\">Pr\u00e1cticas Erasmus en Helader\u00eda<\/a><\/li>\n<li><a href=\"https:\/\/espamob.com\/es\/sectores-practicas-empresas-erasmusplus\/alimentacion\/practica-erasmus-cocina\">Pr\u00e1cticas Erasmus en Cocina<\/a><\/li>\n<\/ul>\n<p>[\/vc_column_text][\/vc_column_inner][\/vc_row_inner][\/vc_column][\/vc_row]<\/p>\n<\/div>","protected":false},"excerpt":{"rendered":"<p>[vc_row css=\u00bb.vc_custom_1703089882970{margin-top: -20px !important;margin-bottom: 40px !important;background-image: url(https:\/\/espamob.com\/wp-content\/uploads\/2023\/12\/Carniceria.webp?id=22079) !important;}\u00bb conditional_render=\u00bb%5B%7B%22value_role%22%3A%22administrator%22%7D%5D\u00bb][vc_column css=\u00bb.vc_custom_1687965657482{padding-top: 30px !important;}\u00bb conditional_render=\u00bb%5B%7B%22value_role%22%3A%22administrator%22%7D%5D\u00bb][vc_empty_space height=\u00bb170&#8243;][vc_custom_heading text=\u00bbPr\u00e1cticas Erasmus: Charcuter\u00eda\u00bb font_container=\u00bbtag:h1|font_size:27|text_align:center|color:%23ffffff\u00bb use_theme_fonts=\u00bbyes\u00bb css=\u00bb.vc_custom_1702653426299{margin-bottom: 15px !important;background-color: rgba(136,136,136,0.29) !important;*background-color: rgb(136,136,136) !important;}\u00bb animation_type=\u00bbzoomIn\u00bb][vc_empty_space height=\u00bb40&#8243;][\/vc_column][\/vc_row][vc_row wrap_container=\u00bbyes\u00bb text_align=\u00bbjustify\u00bb][vc_column text_align=\u00bbjustify\u00bb][vc_column_text] Home Sectores de pr\u00e1cticas Movilidad en el sector de la alimentaci\u00f3n Pr\u00e1ctica Erasmus : Charcuter\u00eda [\/vc_column_text][vc_custom_heading text=\u00bbPr\u00e1cticas Erasmus Charcuter\u00eda: una experiencia \u00fanica para los<\/p>\n","protected":false},"author":2,"featured_media":0,"parent":12391,"menu_order":0,"comment_status":"closed","ping_status":"closed","template":"","meta":{"footnotes":""},"class_list":["post-21532","page","type-page","status-publish","hentry"],"_links":{"self":[{"href":"https:\/\/espamob.com\/es\/wp-json\/wp\/v2\/pages\/21532","targetHints":{"allow":["GET"]}}],"collection":[{"href":"https:\/\/espamob.com\/es\/wp-json\/wp\/v2\/pages"}],"about":[{"href":"https:\/\/espamob.com\/es\/wp-json\/wp\/v2\/types\/page"}],"author":[{"embeddable":true,"href":"https:\/\/espamob.com\/es\/wp-json\/wp\/v2\/users\/2"}],"replies":[{"embeddable":true,"href":"https:\/\/espamob.com\/es\/wp-json\/wp\/v2\/comments?post=21532"}],"version-history":[{"count":0,"href":"https:\/\/espamob.com\/es\/wp-json\/wp\/v2\/pages\/21532\/revisions"}],"up":[{"embeddable":true,"href":"https:\/\/espamob.com\/es\/wp-json\/wp\/v2\/pages\/12391"}],"wp:attachment":[{"href":"https:\/\/espamob.com\/es\/wp-json\/wp\/v2\/media?parent=21532"}],"curies":[{"name":"wp","href":"https:\/\/api.w.org\/{rel}","templated":true}]}}