{"id":19014,"date":"2023-05-08T14:02:31","date_gmt":"2023-05-08T14:02:31","guid":{"rendered":"https:\/\/www.espamob.com\/les-mobilites-des-enseignants-erasmusplus\/"},"modified":"2023-11-07T14:49:36","modified_gmt":"2023-11-07T14:49:36","slug":"movilidad-del-profesorado-erasmus-plus","status":"publish","type":"page","link":"https:\/\/espamob.com\/es\/movilidad-del-profesorado-erasmus-plus\/","title":{"rendered":"Movilidad del profesorado de formaci\u00f3n profesional con Erasmus Plus"},"content":{"rendered":"<div class=\"wpb-content-wrapper\"><p>[vc_row css=\u00bb.vc_custom_1699121591873{margin-top: -20px !important;background-image: url(https:\/\/espamob.com\/wp-content\/uploads\/2023\/11\/Movilidad-del-profesorado-de-formacion-profesional-con-Erasmus-Plus.jpg?id=19605) !important;background-position: center !important;background-repeat: no-repeat !important;background-size: cover !important;}\u00bb conditional_render=\u00bb%5B%7B%22value_role%22%3A%22administrator%22%7D%5D\u00bb][vc_column][vc_empty_space height=\u00bb240&#8243;][vc_custom_heading text=\u00bbMovilidad del profesorado de formaci\u00f3n profesional con Erasmus Plus\u00bb font_container=\u00bbtag:h1|font_size:27|text_align:center|color:%23ffffff\u00bb use_theme_fonts=\u00bbyes\u00bb css=\u00bb.vc_custom_1698334905696{margin-bottom: 15px !important;background-color: rgba(136,136,136,0.29) !important;*background-color: rgb(136,136,136) !important;}\u00bb][vc_empty_space height=\u00bb60&#8243;][\/vc_column][\/vc_row][vc_row wrap_container=\u00bbyes\u00bb text_align=\u00bbjustify\u00bb][vc_column text_align=\u00bbjustify\u00bb][vc_empty_space height=\u00bb50&#8243;][vc_custom_heading text=\u00bbMovilidad docente con Erasmus Plus\u00bb use_theme_fonts=\u00bbyes\u00bb css=\u00bb.vc_custom_1698334915366{margin-top: 20px !important;}\u00bb][vc_custom_heading text=\u00bb\u00bfQu\u00e9 son las movilidades Erasmus+ para profesores?\u00bb font_container=\u00bbtag:h3|text_align:justify\u00bb use_theme_fonts=\u00bbyes\u00bb css=\u00bb.vc_custom_1698334923189{margin-top: 20px !important;}\u00bb][vc_row_inner][vc_column_inner width=\u00bb7\/12&#8243;][vc_column_text]La movilidad Erasmus+ para el profesorado permite organizar estancias en un pa\u00eds miembro del programa, cuyo objetivo es compartir habilidades y conocimientos, m\u00e9todos y\/o herramientas.<\/p>\n<p><strong>La movilidad docente y Erasmus Plus<\/strong> se realiza el marco del proyecto educativo europeo. Erasmus Plus ofrece a profesores o personas que trabajan en el sector educativo la oportunidad de ir a pa\u00edses europeos para adquirir una nueva experiencia. <strong>El objetivo de este programa<\/strong> es incentivar a los establecimientos educativos a realizar intercambios transfronterizos y llevar a cabo proyectos de movilidad.<\/p>\n<p>Gracias a esta ayuda europea, el profesorado y el personal educativo pueden beneficiarse de diferentes oportunidades de movilidad como formaci\u00f3n, intercambios de buenas pr\u00e1cticas, pr\u00e1cticas profesionales o incluso misiones docentes en el extranjero.<\/p>\n<p>Esta experiencia te permite adaptarte a nuevos m\u00e9todos de ense\u00f1anza, realizar formaciones, descubrir nuevos m\u00e9todos de trabajo o mejorar tus habilidades ling\u00fc\u00edsticas.[\/vc_column_text][\/vc_column_inner][vc_column_inner width=\u00bb1\/12&#8243;][\/vc_column_inner][vc_column_inner width=\u00bb4\/12&#8243;][vc_single_image image=\u00bb16409&#8243; img_size=\u00bb400*200&#8243; alignment=\u00bbright\u00bb style=\u00bbvc_box_rounded\u00bb][\/vc_column_inner][\/vc_row_inner][vc_custom_heading text=\u00bb\u00bfQui\u00e9n puede beneficiarse de Erasmus Plus Profesor?\u00bb font_container=\u00bbtag:h3|text_align:right\u00bb use_theme_fonts=\u00bbyes\u00bb css=\u00bb.vc_custom_1698334948655{margin-top: 20px !important;}\u00bb][vc_row_inner][vc_column_inner width=\u00bb4\/12&#8243;][vc_single_image image=\u00bb16419&#8243; img_size=\u00bb400*200&#8243; style=\u00bbvc_box_rounded\u00bb][\/vc_column_inner][vc_column_inner width=\u00bb1\/12&#8243;][\/vc_column_inner][vc_column_inner width=\u00bb7\/12&#8243;][vc_column_text]Los programas de movilidad docente Erasmus Plus est\u00e1n destinados a todo el personal docente. Aqu\u00ed tienes la lista de profesiones que pueden optar a la beca de movilidad Erasmus Plus:<\/p>\n<ol>\n<li>Profesorado de educaci\u00f3n primaria, secundaria y superior<\/li>\n<li>L\u00edderes escolares<\/li>\n<li>Directores de escuela o CPE<\/li>\n<li>Inspectores<\/li>\n<li>Formadores del sector profesional<\/li>\n<\/ol>\n<p style=\"text-align: justify;\">La \u00fanica condici\u00f3n es que la estancia tenga un objetivo de aprendizaje, intercambio de conocimientos o formaci\u00f3n.<\/p>\n<p>[\/vc_column_text][\/vc_column_inner][\/vc_row_inner][vc_custom_heading text=\u00bb\u00bfPor qu\u00e9 contar con el apoyo de Espamob?\u00bb font_container=\u00bbtag:h3|text_align:justify\u00bb use_theme_fonts=\u00bbyes\u00bb css=\u00bb.vc_custom_1698334972886{margin-top: 20px !important;}\u00bb][vc_row_inner][vc_column_inner width=\u00bb7\/12&#8243;][vc_column_text]<\/p>\n<p style=\"text-align: center;\"><strong>\u00bfEres profesor y te gustar\u00eda adquirir nuevas habilidades y conocimientos?<\/strong><\/p>\n<p>\u00a1Erasmus plus movilidad est\u00e1 hecho para ti! Con<strong> Espamob\u2019<\/strong> organiza tu estancia en Espa\u00f1a y benef\u00edciate de una experiencia \u00fanica aprendiendo m\u00e9todos y herramientas innovadoras. \u00danete ahora a la comunidad de profesores que han elegido Erasmus Plus para su desarrollo profesional.<\/p>\n<p style=\"text-align: left;\">\u00a1Date la oportunidad de formarte como profesorado en <strong>Espa\u00f1a<\/strong>! Con <strong>Espamob\u2019,<\/strong> aprovecha un per\u00edodo de observaci\u00f3n o participa en un curso estructurado en el \u00e1mbito de la educaci\u00f3n. Benef\u00edciate de una experiencia pr\u00e1ctica y enriquecedora para tu desarrollo profesional. Reg\u00edstrate ahora para descubrir nuestras ofertas de movilidad Erasmus plus<\/p>\n<p>[\/vc_column_text][\/vc_column_inner][vc_column_inner width=\u00bb1\/12&#8243;][\/vc_column_inner][vc_column_inner width=\u00bb4\/12&#8243;][vc_single_image image=\u00bb17099&#8243; img_size=\u00bb400*200&#8243; alignment=\u00bbright\u00bb style=\u00bbvc_box_rounded\u00bb][vc_btn title=\u00bbContacto Espamob\u00bb style=\u00bbcustom\u00bb custom_background=\u00bb#e20000&#8243; custom_text=\u00bb#ffffff\u00bb align=\u00bbcenter\u00bb link=\u00bburl:https%3A%2F%2Fespamob.com%2Fes%2Fcontacto|title:Contacto|target:_blank\u00bb][\/vc_column_inner][\/vc_row_inner][vc_empty_space][\/vc_column][\/vc_row][vc_row full_width=\u00bbstretch_row\u00bb css=\u00bb.vc_custom_1688536136507{margin-bottom: 20px !important;background-color: #f9f892 !important;}\u00bb conditional_render=\u00bb%5B%7B%22value_role%22%3A%22administrator%22%7D%5D\u00bb][vc_column][vc_row_inner][vc_column_inner][vc_empty_space height=\u00bb50&#8243;][vc_custom_heading text=\u00bbPedir un presupuesto gratis\u00bb font_container=\u00bbtag:h2|text_align:center\u00bb use_theme_fonts=\u00bbyes\u00bb][vc_column_text]<\/p>\n<p style=\"text-align: justify;\">\u00bfTiene una idea para un proyecto Erasmus+ en Espa\u00f1a y est\u00e1 buscando un socio de confianza que le acompa\u00f1e? \u00a1<strong>Espamob<\/strong>\u2019 est\u00e1 aqu\u00ed para ayudarle! Le ofrecemos un presupuesto gratuito y sin compromiso para ayudarle a gestionar su proyecto de movilidad.<\/p>\n<p>Gracias a nuestra experiencia y nuestra red de empresas asociadas, podemos ofrecerle ayuda personalizada para responder a sus necesidades espec\u00edficas. Cont\u00e1ctenos ahora para hablar de su proyecto y obtener su presupuesto gratuito.[\/vc_column_text]<div id=\"modal-trg-txt-wrap-8181\" class=\"ult-modal-input-wrapper ult-adjust-bottom-margin    \" data-keypress-control=\"keypress-control-enable\" data-overlay-control=\"overlay-control-enable\"><style>\n\t\t\t\t\t.btn-modal.btn-id-69e7fcf48e22f9-82703930:hover {\n\t\t\t\t\t\tbackground-color: #e20000 !important;\n\t\t\t\t\t}\n\t\t\t\t\t<\/style><button  data-ultimate-target='#modal-trg-txt-wrap-8181 .btn-modal'  data-responsive-json-new='{\"font-size\":\"\",\"line-height\":\"\"}'  style=\"background:#888888;border-color:#888888;color:#ffffff; \" data-class-id=\"content-69e7fcf48e22f9-82703930\" class=\"btn-modal ult-responsive btn-primary btn-modal-md overlay-show ult-align-center btn-id-69e7fcf48e22f9-82703930\" data-overlay-class=\"overlay-cornerbottomleft\">PEDIR UN PRESUPUESTO GRATIS<\/button><\/div>\n<div class=\"ult-overlay content-69e7fcf48e22f9-82703930 \" data-class=\"content-69e7fcf48e22f9-82703930\" id=\"button-click-overlay\" style=\"background:rgba(51,51,51,0.8); display:none;\">\n\t<div class=\"ult_modal ult-fade ult-medium\">\n\t\t<div id=\"ult-modal-wrap-8661\" class=\"ult_modal-content ult-hide\" style=\"border-style:solid;border-width:2px;border-radius:0px;border-color:#333333;\">\n\t\t\t<div class=\"ult_modal-header\" style=\"color:#333333;border-color:#333333;\">\n\t\t\t\t<h3  data-ultimate-target='#ult-modal-wrap-8661 .ult_modal-title'  data-responsive-json-new='{\"font-size\":\"\",\"line-height\":\"\"}'  class=\"ult_modal-title ult-responsive\">PEDIR UN PRESUPUESTO GRATIS<\/h3>\n\t\t\t<\/div>\n\t\t\t<div  data-ultimate-target='#ult-modal-wrap-8661 .ult_modal-body'  data-responsive-json-new='{\"font-size\":\"\",\"line-height\":\"\"}'  class=\"ult_modal-body ult-responsive ult-html\" style=\"\">\n\t\t\t<\/p>\n<p>[caldera_form id=\u00bbCF6149c7d1c4417&#8243;]<\/p>\n<p>\n\t\t\t<\/div>\n\t<\/div>\n\t<\/div>\n\t<div class=\"ult-overlay-close top-right\" style=\"width:80px;height:80px; \"><div class=\"ult-overlay-close-inside\">Close<\/div><\/div>\n<\/div>[\/vc_column_inner][\/vc_row_inner][\/vc_column][\/vc_row][vc_row][vc_column width=\u00bb7\/12&#8243;][vc_custom_heading text=\u00bbDescubra nuestras soluciones de movilidad para profesores\u00bb font_container=\u00bbtag:h3|text_align:justify\u00bb use_theme_fonts=\u00bbyes\u00bb css=\u00bb.vc_custom_1698335230085{margin-top: 20px !important;}\u00bb][vc_column_text]En <strong>Espamob\u2018<\/strong> estamos aqu\u00ed para ayudarte a organizar tus proyectos de movilidad profesional en Espa\u00f1a. Te permitimos concentrarte en tu desarrollo profesional y personal. Gracias al programa Erasmus Plus tienes a tu disposici\u00f3n diferentes opciones:<\/p>\n<ol>\n<li>Movilidades de <strong>Job Shadowing<\/strong> en empresas para adquirir nuevas habilidades pr\u00e1cticas.<\/li>\n<li><a href=\"https:\/\/espamob.com\/es\/sectores-practicas-empresas-erasmusplus\"><strong>Pr\u00e1cticas<\/strong> <\/a>para desarrollar tus habilidades profesionales.<\/li>\n<li><strong>Reuniones<\/strong> con profesionales para discutir con expertos de tu sector.<\/li>\n<li><strong>Cursos de idiomas<\/strong> para mejorar tu nivel de idioma y facilitar tu comunicaci\u00f3n.<\/li>\n<li><strong>Diversos cursos de formaci\u00f3n<\/strong> para formarte y especializarte en un campo concreto.<\/li>\n<\/ol>\n<p>Nos comprometemos a ofrecerte una experiencia de movilidad profesional en Espa\u00f1a a tu medida y adaptada a tus aspiraciones. \u00a1No lo dudes m\u00e1s y <a href=\"https:\/\/espamob.com\/es\/contacto\">contacta con nosotros<\/a> para hacer realidad tu proyecto![\/vc_column_text][\/vc_column][vc_column width=\u00bb1\/12&#8243;][\/vc_column][vc_column width=\u00bb4\/12&#8243;][vc_empty_space][vc_images_carousel images=\u00bb7658,7602,7598,7618,7670,11991,17121,17095&#8243; img_size=\u00bb400*400&#8243; onclick=\u00bbcustom_link\u00bb custom_links_target=\u00bb_blank\u00bb speed=\u00bb1000&#8243; slides_per_view=\u00bb2&#8243; autoplay=\u00bbyes\u00bb wrap=\u00bbyes\u00bb custom_links=\u00bb#E-8_aHR0cHMlM0ElMkYlMkZ3d3cuZXNwYW1vYi5jb20lMkZmciUyRnNlY3RldXItc3RhZ2UtZW50cmVwcmlzZS1lcmFzbXVzcGx1cyUyRg==\u00bb][vc_btn title=\u00bb\u00a1Discubrir nuestros sectores de practicas!\u00bb style=\u00bbcustom\u00bb custom_background=\u00bb#e20000&#8243; custom_text=\u00bb#ffffff\u00bb align=\u00bbcenter\u00bb link=\u00bburl:https%3A%2F%2Fespamob.com%2Fes%2Fsectores-practicas-empresas-erasmusplus|title:Nuestros%20sectores%20de%20practicas|target:_blank\u00bb][\/vc_column][\/vc_row][vc_row full_width=\u00bbstretch_row\u00bb wrap_container=\u00bbyes\u00bb is_section=\u00bbyes\u00bb css=\u00bb.vc_custom_1684857344078{margin-top: 20px !important;}\u00bb][vc_column width=\u00bb7\/12&#8243;][vc_column_text]<a href=\"https:\/\/erasmus-plus.ec.europa.eu\/es\/programme-guide\/part-b\/key-action-1\/key-action-1-learning-mobility-of-individuals\" target=\"_blank\" rel=\"noopener\">PROGRAMMA ERASMUS+ KA1<\/a>[\/vc_column_text][vc_custom_heading text=\u00bbMOVILIDAD ESTUDIANTES\u00bb font_container=\u00bbtag:h2|text_align:center\u00bb use_theme_fonts=\u00bbyes\u00bb][vc_column_text]Ofrece una experiencia inolvidable a un grupo de j\u00f3venes gracias a tu beca Erasmus+ organizando una movilidad profesional en el extranjero con Espamob, tu agencia de referencia en Espa\u00f1a. Estamos aqu\u00ed para ayudarle a planificar y llevar a cabo su proyecto de movilidad, ofreciendo experiencia y soluciones personalizadas para garantizar el \u00e9xito de su programa.[\/vc_column_text][vc_btn title=\u00bbM\u00c1S INFORMACI\u00d3N\u00bb style=\u00bbcustom\u00bb custom_background=\u00bb#e20000&#8243; custom_text=\u00bb#ffffff\u00bb align=\u00bbcenter\u00bb link=\u00bburl:https%3A%2F%2Fespamob.com%2Fes%2Fpractica-erasmus-plus-estudiantes-y-aprendices|title:Movilidad%20de%20estudiantes\u00bb][\/vc_column][vc_column width=\u00bb5\/12&#8243;][vc_single_image image=\u00bb19392&#8243; img_size=\u00bbfull\u00bb style=\u00bbvc_box_rounded\u00bb animation_type=\u00bbzoomIn\u00bb][\/vc_column][\/vc_row][vc_row wrap_container=\u00bbyes\u00bb][vc_column][vc_empty_space height=\u00bb60&#8243;][vc_custom_heading text=\u00bbPreguntas frecuentes sobre la movilidad Erasmus+ para profesores\u00bb font_container=\u00bbtag:h2|text_align:center|color:%23000000&#8243; use_theme_fonts=\u00bbyes\u00bb][vc_separator][vc_row_inner][vc_column_inner width=\u00bb2\/3&#8243;][vc_custom_heading text=\u00bb\u00bfPor qu\u00e9 participar en una movilidad Erasmus plus como profesor?\u00bb font_container=\u00bbtag:h3|text_align:justify\u00bb use_theme_fonts=\u00bbyes\u00bb][vc_column_text]<\/p>\n<p style=\"text-align: justify;\"><a href=\"https:\/\/erasmus-plus.ec.europa.eu\/es\/opportunities\/opportunities-for-individuals\/training-opportunities-for-staff\" target=\"_blank\" rel=\"noopener\">La movilidad Erasmus plus para profesores <\/a>ofrece la oportunidad de desarrollar sus habilidades profesionales e intercambiar para mejorar todas las habilidades ling\u00fc\u00edsticas e interculturales.<\/p>\n<p>La movilidad Erasmus+ para profesores permite:<\/p>\n<ol>\n<li>Para que el personal docente desempe\u00f1e una misi\u00f3n docente en un centro educativo europeo.<\/li>\n<li>Para que el personal docente realice formaci\u00f3n en una escuela u otra organizaci\u00f3n educativa.<\/li>\n<\/ol>\n<p>[\/vc_column_text][vc_custom_heading text=\u00bb\u00bfC\u00f3mo configurar la movilidad Erasmus plus para Profesores?\u00bb font_container=\u00bbtag:h3|text_align:justify\u00bb use_theme_fonts=\u00bbyes\u00bb css=\u00bb.vc_custom_1698335479237{margin-top: -20px !important;}\u00bb][vc_column_text]Para organizar una movilidad Erasmus plus con Espamob, simplemente contacta con nuestra agencia para que te ofrezcamos un presupuesto personalizado gratuito en funci\u00f3n de tus necesidades y expectativas. Nuestra organizaci\u00f3n le permitir\u00e1 planificar los objetivos, duraci\u00f3n, financiaci\u00f3n y estructura de acogida ideal para su proyecto.[\/vc_column_text][vc_custom_heading text=\u00bb\u00bfPor qu\u00e9 hacer Erasmus plus movilidad en Espa\u00f1a?\u00bb font_container=\u00bbtag:h3|text_align:justify\u00bb use_theme_fonts=\u00bbyes\u00bb css=\u00bb.vc_custom_1698335497725{margin-top: -10px !important;}\u00bb][vc_column_text]Espa\u00f1a es uno de los 33 pa\u00edses participantes en el programa Erasmus+.<\/p>\n<p style=\"text-align: justify;\">Participar en una movilidad Erasmus en Espa\u00f1a ofrecer\u00e1 una experiencia en el extranjero que enriquecer\u00e1 las habilidades profesionales y personales de los participantes. Adem\u00e1s, Espa\u00f1a es el destino preferido de quienes buscan movilidad internacional.<\/p>\n<p>[\/vc_column_text][vc_custom_heading text=\u00bb\u00bfCu\u00e1les son las condiciones para participar en la movilidad docente?\u00bb font_container=\u00bbtag:h3|text_align:justify\u00bb use_theme_fonts=\u00bbyes\u00bb css=\u00bb.vc_custom_1698335518060{margin-top: -10px !important;}\u00bb][vc_column_text]La \u00fanica condici\u00f3n para acceder a esta ayuda europea a la movilidad de docentes es que el proyecto tenga como objetivo el aprendizaje, la formaci\u00f3n o el intercambio de conocimientos.<\/p>\n<p>Adem\u00e1s, los beneficiarios deber\u00e1n formar parte del personal docente de un establecimiento escolar p\u00fablico o privado (docentes, personal administrativo, personal directivo).[\/vc_column_text][vc_custom_heading text=\u00bb\u00bfCu\u00e1nto dura el intercambio de una estancia Erasmus Plus para profesores?\u00bb font_container=\u00bbtag:h3|text_align:justify\u00bb use_theme_fonts=\u00bbyes\u00bb css=\u00bb.vc_custom_1698335544229{margin-top: -10px !important;}\u00bb][vc_column_text]La duraci\u00f3n de una experiencia Erasmus Plus depende del proyecto elegido. Puede ser desde unos pocos d\u00edas hasta varios meses.<\/p>\n<p>No existe una duraci\u00f3n obligatoria; sin embargo, dependiendo del pa\u00eds elegido, puede ser relevante permanecer varias semanas durante el a\u00f1o escolar. Nuestra agencia Espamob puede ayudarte a definir la duraci\u00f3n adecuada de tu estancia de movilidad Erasmus Plus.[\/vc_column_text][\/vc_column_inner][vc_column_inner width=\u00bb1\/3&#8243;][vc_single_image image=\u00bb15074&#8243; img_size=\u00bbfull\u00bb][\/vc_column_inner][\/vc_row_inner][\/vc_column][\/vc_row][vc_row full_width=\u00bbstretch_row\u00bb wrap_container=\u00bbyes\u00bb is_section=\u00bbyes\u00bb css=\u00bb.vc_custom_1684857374728{margin-bottom: -10px !important;}\u00bb][vc_column][vc_custom_heading text=\u00bb\u00a1Escuche las opiniones de los participantes!\u00bb font_container=\u00bbtag:h2|text_align:center\u00bb use_theme_fonts=\u00bbyes\u00bb][vc_separator][vc_row_inner][vc_column_inner width=\u00bb1\/2&#8243;][vc_video link=\u00bbhttps:\/\/youtu.be\/e-gNzNoV1GY?si=Sd0Hr4LhQfKMWkzX\u00bb][\/vc_column_inner][vc_column_inner width=\u00bb1\/2&#8243;][vc_custom_heading text=\u00bbNuestros sectores de pr\u00e1cticas Erasmus Plus\u00bb font_container=\u00bbtag:h3|text_align:center\u00bb use_theme_fonts=\u00bbyes\u00bb][vc_column_text]<\/p>\n<p style=\"text-align: justify;\">En Espamob\u2019 ofrecemos pr\u00e1cticas en empresas de formaci\u00f3n profesional situadas en Espa\u00f1a. seleccionamos las empresas de acogida, para garantizar una perfecta adecuaci\u00f3n entre la empresa y el candidato a aprendiz. \u00a1Descubre algunas de nuestras \u00e1reas de pr\u00e1cticas !<\/p>\n<p>[\/vc_column_text][vc_empty_space][vc_empty_space][vc_btn title=\u00bbVER M\u00c0S\u00bb style=\u00bbcustom\u00bb custom_background=\u00bb#e20000&#8243; custom_text=\u00bb#ffffff\u00bb align=\u00bbcenter\u00bb link=\u00bburl:https%3A%2F%2Fwww.youtube.com%2Fchannel%2FUCYbzctjjUIpDPx1KyWQtzKA|title:Espamob%20youtube|target:_blank\u00bb css=\u00bb.vc_custom_1699368553430{margin-top: -5px !important;}\u00bb][\/vc_column_inner][\/vc_row_inner][vc_separator css=\u00bb.vc_custom_1682525908504{margin-top: 30px !important;margin-bottom: 15px !important;}\u00bb][vc_column_text]<\/p>\n<div align=\"center\"><video style=\"width: 100%; height: 300px;\" autoplay=\"autoplay\" loop=\"loop\" muted=\"\" controls=\"controls\" width=\"300\" height=\"150\"><br \/><source src=\"https:\/\/espamob.com\/wp-content\/uploads\/2016\/12\/entradilla_espamob.mp4\" type=\"video\/mp4\" \/><br \/><\/video><\/div>\n<p>&nbsp;<\/p>\n<p>[\/vc_column_text][\/vc_column][\/vc_row]<\/p>\n<\/div>","protected":false},"excerpt":{"rendered":"<p>[vc_row css=\u00bb.vc_custom_1699121591873{margin-top: -20px !important;background-image: url(https:\/\/espamob.com\/wp-content\/uploads\/2023\/11\/Movilidad-del-profesorado-de-formacion-profesional-con-Erasmus-Plus.jpg?id=19605) !important;background-position: center !important;background-repeat: no-repeat !important;background-size: cover !important;}\u00bb conditional_render=\u00bb%5B%7B%22value_role%22%3A%22administrator%22%7D%5D\u00bb][vc_column][vc_empty_space height=\u00bb240&#8243;][vc_custom_heading text=\u00bbMovilidad del profesorado de formaci\u00f3n profesional con Erasmus Plus\u00bb font_container=\u00bbtag:h1|font_size:27|text_align:center|color:%23ffffff\u00bb use_theme_fonts=\u00bbyes\u00bb css=\u00bb.vc_custom_1698334905696{margin-bottom: 15px !important;background-color: rgba(136,136,136,0.29) !important;*background-color: rgb(136,136,136) !important;}\u00bb][vc_empty_space height=\u00bb60&#8243;][\/vc_column][\/vc_row][vc_row wrap_container=\u00bbyes\u00bb text_align=\u00bbjustify\u00bb][vc_column text_align=\u00bbjustify\u00bb][vc_empty_space height=\u00bb50&#8243;][vc_custom_heading text=\u00bbMovilidad docente con Erasmus Plus\u00bb use_theme_fonts=\u00bbyes\u00bb css=\u00bb.vc_custom_1698334915366{margin-top: 20px !important;}\u00bb][vc_custom_heading text=\u00bb\u00bfQu\u00e9 son las movilidades Erasmus+ para profesores?\u00bb font_container=\u00bbtag:h3|text_align:justify\u00bb use_theme_fonts=\u00bbyes\u00bb<\/p>\n","protected":false},"author":1,"featured_media":16314,"parent":0,"menu_order":0,"comment_status":"closed","ping_status":"closed","template":"","meta":{"footnotes":""},"class_list":["post-19014","page","type-page","status-publish","has-post-thumbnail","hentry"],"_links":{"self":[{"href":"https:\/\/espamob.com\/es\/wp-json\/wp\/v2\/pages\/19014","targetHints":{"allow":["GET"]}}],"collection":[{"href":"https:\/\/espamob.com\/es\/wp-json\/wp\/v2\/pages"}],"about":[{"href":"https:\/\/espamob.com\/es\/wp-json\/wp\/v2\/types\/page"}],"author":[{"embeddable":true,"href":"https:\/\/espamob.com\/es\/wp-json\/wp\/v2\/users\/1"}],"replies":[{"embeddable":true,"href":"https:\/\/espamob.com\/es\/wp-json\/wp\/v2\/comments?post=19014"}],"version-history":[{"count":0,"href":"https:\/\/espamob.com\/es\/wp-json\/wp\/v2\/pages\/19014\/revisions"}],"wp:featuredmedia":[{"embeddable":true,"href":"https:\/\/espamob.com\/es\/wp-json\/wp\/v2\/media\/16314"}],"wp:attachment":[{"href":"https:\/\/espamob.com\/es\/wp-json\/wp\/v2\/media?parent=19014"}],"curies":[{"name":"wp","href":"https:\/\/api.w.org\/{rel}","templated":true}]}}