{"id":19002,"date":"2023-05-15T15:50:31","date_gmt":"2023-05-15T15:50:31","guid":{"rendered":"https:\/\/www.espamob.com\/stage-erasmus-plus-etudiants-et-apprentis\/"},"modified":"2023-11-07T11:56:01","modified_gmt":"2023-11-07T11:56:01","slug":"practica-erasmus-plus-estudiantes-y-aprendices","status":"publish","type":"page","link":"https:\/\/espamob.com\/es\/practica-erasmus-plus-estudiantes-y-aprendices\/","title":{"rendered":"Pr\u00e1ctica Erasmus Plus : estudiantes y aprendices"},"content":{"rendered":"<div class=\"wpb-content-wrapper\"><p>[vc_row css=\u00bb.vc_custom_1699121355973{margin-top: -20px !important;background-image: url(https:\/\/espamob.com\/wp-content\/uploads\/2023\/11\/Practica-Erasmus-Plus-estudiantes-y-aprendices.jpg?id=19599) !important;background-position: 0 0 !important;background-repeat: no-repeat !important;}\u00bb conditional_render=\u00bb%5B%7B%22value_role%22%3A%22administrator%22%7D%5D\u00bb][vc_column][vc_empty_space height=\u00bb220&#8243;][vc_custom_heading text=\u00bbPr\u00e1cticas Erasmus Plus: estudiantes y aprendices\u00bb font_container=\u00bbtag:h1|font_size:27|text_align:center|color:%23ffffff\u00bb use_theme_fonts=\u00bbyes\u00bb css=\u00bb.vc_custom_1698391573841{margin-bottom: 15px !important;background-color: rgba(136,136,136,0.3) !important;*background-color: rgb(136,136,136) !important;}\u00bb][vc_empty_space height=\u00bb20&#8243;][\/vc_column][\/vc_row][vc_row wrap_container=\u00bbyes\u00bb text_align=\u00bbjustify\u00bb][vc_column text_align=\u00bbjustify\u00bb][vc_empty_space height=\u00bb50&#8243;][vc_custom_heading text=\u00bbPr\u00e1cticas para aprendices y estudiantes: \u00a1Realiza tu proyecto Erasmus Plus con Espamob!\u00bb use_theme_fonts=\u00bbyes\u00bb css=\u00bb.vc_custom_1698391592249{margin-top: 20px !important;}\u00bb][vc_separator][vc_row_inner][vc_column_inner width=\u00bb7\/12&#8243;][vc_column_text]\u00bfHas obtenido una beca y te gustar\u00eda montar unas pr\u00e1cticas Erasmus Plus para un grupo de aprendices o estudiantes? Hacer unas pr\u00e1cticas Erasmus Plus en el extranjero es una oportunidad incre\u00edble para enriquecer tus experiencias y descubrir nuevos pa\u00edses. En Espamob estamos aqu\u00ed para apoyarte en cada paso del camino.<\/p>\n<p>Desde la definici\u00f3n y viabilidad del proyecto hasta el seguimiento de la movilidad in situ, nuestro equipo se encarga de la organizaci\u00f3n completa de su programa.<\/p>\n<p>Para que su proyecto salga bien, Espamob se encarga de:<\/p>\n<ol>\n<li>Colocaci\u00f3n en una empresa<\/li>\n<li>C\u00e1lculo de financiaci\u00f3n y seguros (seguro Erasmus + y seguro de la escuela)<\/li>\n<li>Gesti\u00f3n de la log\u00edstica, incluido el alojamiento y el transporte in situ.<\/li>\n<li>todos los tr\u00e1mites administrativos necesarios en Espa\u00f1a<\/li>\n<\/ol>\n<p>Nuestro objetivo es ofrecerle una experiencia a su medida, favoreciendo una red de empresas cuidadosamente seleccionadas.[\/vc_column_text][\/vc_column_inner][vc_column_inner width=\u00bb1\/12&#8243;][\/vc_column_inner][vc_column_inner width=\u00bb4\/12&#8243;][vc_single_image image=\u00bb17125&#8243; img_size=\u00bb400*200&#8243; alignment=\u00bbright\u00bb style=\u00bbvc_box_rounded\u00bb][vc_btn title=\u00bbSaber m\u00e0s\u00bb style=\u00bbcustom\u00bb custom_background=\u00bb#e20000&#8243; custom_text=\u00bb#ffffff\u00bb align=\u00bbcenter\u00bb link=\u00bburl:https%3A%2F%2Fespamob.com%2Fes%2Fcontacto|title:Contacto|target:_blank\u00bb][\/vc_column_inner][\/vc_row_inner][vc_custom_heading text=\u00bbErasmus Plus estudiantes y aprendices\u00bb font_container=\u00bbtag:h3|text_align:left\u00bb use_theme_fonts=\u00bbyes\u00bb css=\u00bb.vc_custom_1698391863055{margin-top: 20px !important;}\u00bb][vc_row_inner][vc_column_inner width=\u00bb4\/12&#8243;][vc_single_image image=\u00bb17131&#8243; img_size=\u00bb400*200&#8243; style=\u00bbvc_box_rounded\u00bb][vc_btn title=\u00bbDescubre nuestros servicios\u00bb style=\u00bbcustom\u00bb custom_background=\u00bb#e20000&#8243; custom_text=\u00bb#ffffff\u00bb align=\u00bbcenter\u00bb link=\u00bburl:https%3A%2F%2Fespamob.com%2Fes%2Fetapas-movilidad-erasmus|title:Nuestros%20servicios|target:_blank\u00bb][\/vc_column_inner][vc_column_inner width=\u00bb1\/12&#8243;][\/vc_column_inner][vc_column_inner width=\u00bb7\/12&#8243;][vc_column_text]En <strong>Espamob<\/strong> estamos aqu\u00ed para guiarte en tu proyecto Erasmus Plus con el fin de ofrecer una experiencia enriquecedora a los estudiantes o aprendices de tu establecimiento.<\/p>\n<p>Entendemos los desaf\u00edos y las preguntas que tiene y estamos aqu\u00ed para ayudar a responder todas las dudas. Gracias a nuestra experiencia y compromiso, podemos crear un programa hecho a medida que satisfar\u00e1 sus necesidades espec\u00edficas.<\/p>\n<p>Nuestro objetivo es ofrecerte un apoyo completo y personalizado durante tus pr\u00e1cticas Erasmus Plus.<\/p>\n<p>Trabajamos con usted para identificar sus objetivos y preferencias, y hacemos todo lo posible para brindarle las mejores opciones de pr\u00e1cticas.<\/p>\n<p>Ya sea para mejorar las habilidades profesionales de sus estudiantes y aprendices o para explorar nuevos campos o descubrir nuevas culturas, nuestra agencia est\u00e1 ah\u00ed para ayudarle a lograr su movilidad.<\/p>\n<p>Con Espamob disfrutar\u00e1s de un apoyo constante, ya sea para la b\u00fasqueda de pr\u00e1cticas, la organizaci\u00f3n log\u00edstica, el alojamiento o cualquier otro aspecto de tu movilidad. Estaremos all\u00ed en cada paso del camino, asegur\u00e1ndonos de que se sienta apoyado y ofreci\u00e9ndole valiosos consejos y recursos.<\/p>\n<p>Conf\u00eda en nuestro equipo de profesionales para configurar tu movilidad de pr\u00e1cticas Erasmus Plus y disfruta de una experiencia enriquecedora y memorable. \u00a1Cont\u00e1ctanos hoy y d\u00e9janos acompa\u00f1arte en esta emocionante aventura![\/vc_column_text][\/vc_column_inner][\/vc_row_inner][vc_empty_space][vc_custom_heading text=\u00bb9 preguntas esenciales para prepararte para tu movilidad\u00bb font_container=\u00bbtag:h3|text_align:left\u00bb use_theme_fonts=\u00bbyes\u00bb css=\u00bb.vc_custom_1698391873735{margin-top: 20px !important;}\u00bb][vc_row_inner][vc_column_inner width=\u00bb7\/12&#8243;][vc_column_text]Como parte de nuestro apoyo a tu proyecto de movilidad, entendemos la importancia de ayudarte a prepararte adecuadamente para tu experiencia.<\/p>\n<p>A continuaci\u00f3n, te dejamos una lista de cuestiones imprescindibles a tener en cuenta antes de realizar un programa <a href=\"https:\/\/erasmus-plus.ec.europa.eu\/es\" target=\"_blank\" rel=\"noopener\">Erasmus +<\/a> :<\/p>\n<ol>\n<li>\u00bfCu\u00e1l es la formaci\u00f3n, el sector de estudiantes y aprendices?<\/li>\n<li>\u00bfCu\u00e1ntos a\u00f1os tienen?<\/li>\n<li>\u00bfCu\u00e1ndo quieres hacer las pr\u00e1cticas Erasmus Plus?<\/li>\n<li>\u00bfCu\u00e1l es la duraci\u00f3n prevista de su proyecto?<\/li>\n<li>\u00bfCu\u00e1ntos profesores estar\u00e1n presentes para supervisar al grupo?<\/li>\n<li>\u00bfLe gustar\u00eda beneficiarse de un servicio de traslado al aeropuerto de ida y vuelta?<\/li>\n<li>\u00bfNecesitas transporte p\u00fablico?<\/li>\n<li>\u00bfTe gustar\u00eda participar en actividades culturales espec\u00edficas?<\/li>\n<li>\u00bfQu\u00e9 tipo de alojamiento prefieres?<\/li>\n<\/ol>\n<p><strong>Espamob\u2019 <\/strong>tambi\u00e9n te invita a descubrir en detalle las <a href=\"https:\/\/espamob.com\/es\/etapas-movilidad-erasmus\"><u>Etapas de la movilidad Erasmus Plus.<\/u><\/a>[\/vc_column_text][\/vc_column_inner][vc_column_inner width=\u00bb1\/12&#8243;][\/vc_column_inner][vc_column_inner width=\u00bb4\/12&#8243;][vc_images_carousel images=\u00bb7658,7614,7602,7598,7610,7618,7670,12266,12074,11991&#8243; img_size=\u00bb400*400&#8243; onclick=\u00bbcustom_link\u00bb custom_links_target=\u00bb_blank\u00bb speed=\u00bb1000&#8243; slides_per_view=\u00bb2&#8243; autoplay=\u00bbyes\u00bb wrap=\u00bbyes\u00bb custom_links=\u00bb#E-8_aHR0cHMlM0ElMkYlMkZ3d3cuZXNwYW1vYi5jb20lMkZmciUyRnNlY3RldXItc3RhZ2UtZW50cmVwcmlzZS1lcmFzbXVzcGx1cyUyRg==\u00bb][vc_btn title=\u00bb\u00a1Descubre los sectores de pr\u00e1cticas!\u00bb style=\u00bbcustom\u00bb custom_background=\u00bb#e20000&#8243; custom_text=\u00bb#ffffff\u00bb align=\u00bbcenter\u00bb link=\u00bburl:https%3A%2F%2Fespamob.com%2Fes%2Fsectores-practicas-empresas-erasmusplus|title:Sectores%20de%20practicas|target:_blank\u00bb][\/vc_column_inner][\/vc_row_inner][\/vc_column][\/vc_row][vc_row full_width=\u00bbstretch_row\u00bb wrap_container=\u00bbyes\u00bb is_section=\u00bbyes\u00bb css=\u00bb.vc_custom_1688548809334{margin-top: 20px !important;border-top-width: 0px !important;background-color: #f8f392 !important;}\u00bb conditional_render=\u00bb%5B%7B%22value_role%22%3A%22administrator%22%7D%5D\u00bb][vc_column][vc_row_inner css=\u00bb.vc_custom_1688548648248{background-color: #f8f392 !important;}\u00bb][vc_column_inner][vc_custom_heading text=\u00bbSolicite un presupuesto gratuito\u00bb font_container=\u00bbtag:h2|text_align:center\u00bb use_theme_fonts=\u00bbyes\u00bb][vc_column_text]\u00bfTienes una idea para un proyecto Erasmus+ en Espa\u00f1a y est\u00e1s buscando un referente de confianza que te apoye? \u00a1<strong>Espamob<\/strong>\u2019 est\u00e1 aqu\u00ed para ayudarte! Te ofrecemos un presupuesto gratuito y sin compromiso para ayudarte a gestionar tu proyecto de movilidad. Gracias a nuestra experiencia y nuestra red de empresas asociadas, podemos ofrecerle soporte personalizado para satisfacer sus necesidades espec\u00edficas. Cont\u00e1ctenos ahora para hablar de su proyecto y obtener su presupuesto gratuito.[\/vc_column_text]<div id=\"modal-trg-txt-wrap-1861\" class=\"ult-modal-input-wrapper ult-adjust-bottom-margin    \" data-keypress-control=\"keypress-control-enable\" data-overlay-control=\"overlay-control-enable\"><style>\n\t\t\t\t\t.btn-modal.btn-id-69e763559c9738-43770287:hover {\n\t\t\t\t\t\tbackground-color: #e20000 !important;\n\t\t\t\t\t}\n\t\t\t\t\t<\/style><button  data-ultimate-target='#modal-trg-txt-wrap-1861 .btn-modal'  data-responsive-json-new='{\"font-size\":\"\",\"line-height\":\"\"}'  style=\"background:#888888;border-color:#888888;color:#ffffff; \" data-class-id=\"content-69e763559c9738-43770287\" class=\"btn-modal ult-responsive btn-primary btn-modal-md overlay-show ult-align-center btn-id-69e763559c9738-43770287\" data-overlay-class=\"overlay-cornerbottomleft\">SOLICITAR PRESUPUESTO GRATUITO<\/button><\/div>\n<div class=\"ult-overlay content-69e763559c9738-43770287 \" data-class=\"content-69e763559c9738-43770287\" id=\"button-click-overlay\" style=\"background:rgba(51,51,51,0.8); display:none;\">\n\t<div class=\"ult_modal ult-fade ult-medium\">\n\t\t<div id=\"ult-modal-wrap-9685\" class=\"ult_modal-content ult-hide\" style=\"border-style:solid;border-width:2px;border-radius:0px;border-color:#333333;\">\n\t\t\t<div class=\"ult_modal-header\" style=\"color:#333333;border-color:#333333;\">\n\t\t\t\t<h3  data-ultimate-target='#ult-modal-wrap-9685 .ult_modal-title'  data-responsive-json-new='{\"font-size\":\"\",\"line-height\":\"\"}'  class=\"ult_modal-title ult-responsive\">SOLICITAR PRESUPUESTO GRATUITO<\/h3>\n\t\t\t<\/div>\n\t\t\t<div  data-ultimate-target='#ult-modal-wrap-9685 .ult_modal-body'  data-responsive-json-new='{\"font-size\":\"\",\"line-height\":\"\"}'  class=\"ult_modal-body ult-responsive ult-html\" style=\"\">\n\t\t\t[caldera_form id=\u00bbCF6149c7d1c4417&#8243;]\n\t\t\t<\/div>\n\t<\/div>\n\t<\/div>\n\t<div class=\"ult-overlay-close top-right\" style=\"width:80px;height:80px; \"><div class=\"ult-overlay-close-inside\">Close<\/div><\/div>\n<\/div>[\/vc_column_inner][\/vc_row_inner][\/vc_column][\/vc_row][vc_row full_width=\u00bbstretch_row\u00bb wrap_container=\u00bbyes\u00bb is_section=\u00bbyes\u00bb css=\u00bb.vc_custom_1688548008128{margin-top: 0px !important;}\u00bb conditional_render=\u00bb%5B%7B%22value_role%22%3A%22administrator%22%7D%5D\u00bb][vc_column][vc_row_inner][vc_column_inner width=\u00bb1\/2&#8243;][vc_column_text]<a href=\"https:\/\/erasmus-plus.ec.europa.eu\/es\/programme-guide\/part-b\/key-action-2\" target=\"_blank\" rel=\"noopener\">PROGRAMMA ERASMUS+ KA2<\/a>[\/vc_column_text][vc_custom_heading text=\u00bbMOVILIDAD PROFESORES\u00bb font_container=\u00bbtag:h2|text_align:center\u00bb use_theme_fonts=\u00bbyes\u00bb][vc_column_text]<\/p>\n<p style=\"margin: 0cm; text-align: justify;\"><span class=\"Fuentedeprrafopredeter\"><span style=\"font-size: 10.5pt; font-family: 'Arial',sans-serif;\">\u00bfEres <b>profesor<\/b> y te gustar\u00eda adquirir nuevas habilidades y conocimientos? \u00a1Erasmus plus movilidad est\u00e1 hecho para ti! Con <b>espamob<\/b>\u2019 organiza tu estancia en Espa\u00f1a y benef\u00edciate de una experiencia \u00fanica aprendiendo m\u00e9todos y herramientas innovadoras. \u00danete ahora a la comunidad de profesores que han elegido Erasmus Plus para su desarrollo profesional.<\/span><\/span><\/p>\n<p>[\/vc_column_text][vc_btn title=\u00bbSABER M\u00c1S\u00bb style=\u00bbcustom\u00bb custom_background=\u00bb#e20000&#8243; custom_text=\u00bb#ffffff\u00bb align=\u00bbcenter\u00bb link=\u00bburl:https%3A%2F%2Fespamob.com%2Fes%2Fmovilidad-del-profesorado-erasmus-plus|title:Movilidad%20de%20profesores\u00bb][\/vc_column_inner][vc_column_inner width=\u00bb1\/2&#8243;][vc_single_image image=\u00bb19438&#8243; img_size=\u00bbfull\u00bb style=\u00bbvc_box_rounded\u00bb animation_type=\u00bbzoomIn\u00bb][\/vc_column_inner][\/vc_row_inner][\/vc_column][\/vc_row][vc_row wrap_container=\u00bbyes\u00bb][vc_column][vc_empty_space height=\u00bb60&#8243;][vc_custom_heading text=\u00bbPreguntas frecuentes sobre la movilidad Erasmus+ para estudiantes\u00bb font_container=\u00bbtag:h2|text_align:center|color:%23000000&#8243; use_theme_fonts=\u00bbyes\u00bb][vc_separator][vc_row_inner][vc_column_inner width=\u00bb2\/3&#8243;][vc_custom_heading text=\u00bb\u00bfQu\u00e9 es el programa Erasmus + y c\u00f3mo apoya las pr\u00e1cticas en pa\u00edses europeos?\u00bb font_container=\u00bbtag:h3|text_align:left\u00bb use_theme_fonts=\u00bbyes\u00bb][vc_column_text]El programa Erasmus+ es una iniciativa de la Uni\u00f3n Europea que apoya la educaci\u00f3n, la formaci\u00f3n, la juventud y el deporte en Europa.<\/p>\n<p>Ofrece a estudiantes, personas en formaci\u00f3n, personal educativo y otras personas la oportunidad de adquirir experiencia en el extranjero, en particular mediante periodos de pr\u00e1cticas en diversos pa\u00edses europeos.<\/p>\n<p>Erasmus+ en Francia apoya diversos proyectos en distintos sectores. Entre ellos se incluyen intercambios juveniles, asociaciones estrat\u00e9gicas entre organizaciones, pr\u00e1cticas para estudiantes y j\u00f3venes trabajadores, y mucho m\u00e1s.[\/vc_column_text][vc_custom_heading text=\u00bb\u00bfQu\u00e9 criterios deben cumplir los estudiantes para participar en un programa de movilidad Erasmus+?\u00bb font_container=\u00bbtag:h3|text_align:left\u00bb use_theme_fonts=\u00bbyes\u00bb][vc_column_text]<\/p>\n<p style=\"text-align: justify;\">Para poder realizar un periodo de pr\u00e1cticas Erasmus+ en el extranjero, debes estar matriculado en un centro educativo y estar estudiando para obtener una cualificaci\u00f3n docente reconocida.<\/p>\n<p>[\/vc_column_text][vc_custom_heading text=\u00bb\u00bfC\u00f3mo puedo planificar unas pr\u00e1cticas Erasmus plus para estudiantes\/aprendices con Espamob?\u00bb font_container=\u00bbtag:h3|text_align:left\u00bb use_theme_fonts=\u00bbyes\u00bb css=\u00bb.vc_custom_1698393292094{margin-top: -20px !important;}\u00bb][vc_column_text]Para poner en marcha un programa de movilidad Erasmus+ para grupos de estudiantes o aprendices con Espamob, s\u00f3lo tiene que ponerse en contacto con nosotros para obtener un presupuesto personalizado que se ajuste a sus necesidades espec\u00edficas.<\/p>\n<p>Juntos determinaremos la duraci\u00f3n, las fechas, la financiaci\u00f3n y el esquema del proyecto. Tambi\u00e9n le ayudaremos a definir el importe de la beca Erasmus + por estudiante, que depende de varios factores (la duraci\u00f3n de las pr\u00e1cticas, el coste de la vida en el pa\u00eds de acogida y los gastos de viaje).[\/vc_column_text][vc_custom_heading text=\u00bb\u00bfCu\u00e1les son las ventajas de elegir la movilidad Erasmus+ en Espa\u00f1a con Espamob?\u00bb font_container=\u00bbtag:h3|text_align:left\u00bb use_theme_fonts=\u00bbyes\u00bb css=\u00bb.vc_custom_1698393360014{margin-top: -10px !important;}\u00bb][vc_column_text]La elecci\u00f3n de participar en un programa de movilidad Erasmus+ en Espa\u00f1a ofrece una experiencia enriquecedora en el extranjero, propicia para el desarrollo de las competencias profesionales y personales de los participantes.<\/p>\n<p>El programa Erasmus+ fomenta el empleo proporcionando una valiosa experiencia laboral en un contexto europeo. Las pr\u00e1cticas permiten a los participantes adquirir competencias espec\u00edficas, mejorar su lengua extranjera y comprender la cultura del pa\u00eds de acogida. Todas estas competencias son muy valoradas por los empleadores.<\/p>\n<p>Adem\u00e1s, Espa\u00f1a es una opci\u00f3n preferente entre los pa\u00edses europeos para quienes aspiran a la movilidad profesional internacional, por la calidad de vida que ofrece y la excelencia de sus empresas.[\/vc_column_text][\/vc_column_inner][vc_column_inner width=\u00bb1\/3&#8243;][vc_single_image image=\u00bb15074&#8243; img_size=\u00bbfull\u00bb][\/vc_column_inner][\/vc_row_inner][\/vc_column][\/vc_row][vc_row full_width=\u00bbstretch_row\u00bb wrap_container=\u00bbyes\u00bb css=\u00bb.vc_custom_1688548457446{margin-bottom: -11px !important;background-color: #f4f4f4 !important;}\u00bb conditional_render=\u00bb%5B%7B%22value_role%22%3A%22administrator%22%7D%5D\u00bb][vc_column][vc_empty_space height=\u00bb50&#8243;][vc_custom_heading text=\u00bb\u00a1Escuche las opiniones de los participantes!\u00bb font_container=\u00bbtag:h2|text_align:center\u00bb use_theme_fonts=\u00bbyes\u00bb][vc_separator color=\u00bbwhite\u00bb css=\u00bb.vc_custom_1659374596508{margin-top: -10px !important;}\u00bb][vc_empty_space height=\u00bb60&#8243;]<div class=\"mgl_tubelab mgl_tubelab_container mgl_tubelab_template_default\" data-mgl-tubelab-parameters=\"type=playlist&value=PLLGrER9ieWtBvtd3jbaFSHCKHYMIeoItQ&user=&channel_id=&count=4&cols=4&mode=lightbox&template=default&display=title&pagination=true&size=medium&video_id=&playlists=all&mini=0\">\n\t<div class=\"mgl_tubelab mgl_tubelab_content mgl_tubelab_content-cols4\">\n\t<\/div>\n\t\t\t<div class=\"mgl_tubelab_pagination\">\n\t\t\t<div class=\"mgl_tubelab_pagination_item mgl_tubelab_pagination_item_prev\">\n\t\t\t\t<a href=\"#\" class=\"mgl_tubelab_pagination_prev\">P\u00e1gina anterior<\/a>\n\t\t\t<\/div>\n\t\t\t<div class=\"mgl_tubelab_pagination_item mgl_tubelab_pagination_item_next\">\n\t\t\t\t<a href=\"#\" class=\"mgl_tubelab_pagination_next\">P\u00e1gina siguiente<\/a>\n\t\t\t<\/div>\n\t\t<\/div>\n\t<\/div>[vc_empty_space][\/vc_column][\/vc_row]<\/p>\n<\/div>","protected":false},"excerpt":{"rendered":"<p>[vc_row css=\u00bb.vc_custom_1699121355973{margin-top: -20px !important;background-image: url(https:\/\/espamob.com\/wp-content\/uploads\/2023\/11\/Practica-Erasmus-Plus-estudiantes-y-aprendices.jpg?id=19599) !important;background-position: 0 0 !important;background-repeat: no-repeat !important;}\u00bb conditional_render=\u00bb%5B%7B%22value_role%22%3A%22administrator%22%7D%5D\u00bb][vc_column][vc_empty_space height=\u00bb220&#8243;][vc_custom_heading text=\u00bbPr\u00e1cticas Erasmus Plus: estudiantes y aprendices\u00bb font_container=\u00bbtag:h1|font_size:27|text_align:center|color:%23ffffff\u00bb use_theme_fonts=\u00bbyes\u00bb css=\u00bb.vc_custom_1698391573841{margin-bottom: 15px !important;background-color: rgba(136,136,136,0.3) !important;*background-color: rgb(136,136,136) !important;}\u00bb][vc_empty_space height=\u00bb20&#8243;][\/vc_column][\/vc_row][vc_row wrap_container=\u00bbyes\u00bb text_align=\u00bbjustify\u00bb][vc_column text_align=\u00bbjustify\u00bb][vc_empty_space height=\u00bb50&#8243;][vc_custom_heading text=\u00bbPr\u00e1cticas para aprendices y estudiantes: \u00a1Realiza tu proyecto Erasmus Plus con Espamob!\u00bb use_theme_fonts=\u00bbyes\u00bb css=\u00bb.vc_custom_1698391592249{margin-top: 20px !important;}\u00bb][vc_separator][vc_row_inner][vc_column_inner width=\u00bb7\/12&#8243;][vc_column_text]\u00bfHas obtenido una beca y te<\/p>\n","protected":false},"author":2,"featured_media":16442,"parent":0,"menu_order":0,"comment_status":"closed","ping_status":"closed","template":"","meta":{"footnotes":""},"class_list":["post-19002","page","type-page","status-publish","has-post-thumbnail","hentry"],"_links":{"self":[{"href":"https:\/\/espamob.com\/es\/wp-json\/wp\/v2\/pages\/19002","targetHints":{"allow":["GET"]}}],"collection":[{"href":"https:\/\/espamob.com\/es\/wp-json\/wp\/v2\/pages"}],"about":[{"href":"https:\/\/espamob.com\/es\/wp-json\/wp\/v2\/types\/page"}],"author":[{"embeddable":true,"href":"https:\/\/espamob.com\/es\/wp-json\/wp\/v2\/users\/2"}],"replies":[{"embeddable":true,"href":"https:\/\/espamob.com\/es\/wp-json\/wp\/v2\/comments?post=19002"}],"version-history":[{"count":0,"href":"https:\/\/espamob.com\/es\/wp-json\/wp\/v2\/pages\/19002\/revisions"}],"wp:featuredmedia":[{"embeddable":true,"href":"https:\/\/espamob.com\/es\/wp-json\/wp\/v2\/media\/16442"}],"wp:attachment":[{"href":"https:\/\/espamob.com\/es\/wp-json\/wp\/v2\/media?parent=19002"}],"curies":[{"name":"wp","href":"https:\/\/api.w.org\/{rel}","templated":true}]}}