{"id":14586,"date":"2022-07-25T18:13:45","date_gmt":"2022-07-25T18:13:45","guid":{"rendered":"https:\/\/www.espamob.com\/mobility-tool\/"},"modified":"2023-06-16T06:00:05","modified_gmt":"2023-06-16T06:00:05","slug":"mobility-tool","status":"publish","type":"page","link":"https:\/\/espamob.com\/es\/mobility-tool\/","title":{"rendered":"ES &#8211; Mobility Tool"},"content":{"rendered":"<div class=\"wpb-content-wrapper\"><p>[vc_row full_width=\u00bbstretch_row\u00bb wrap_container=\u00bbyes\u00bb is_section=\u00bbyes\u00bb section_skin=\u00bbparallax\u00bb remove_margin_top=\u00bbyes\u00bb remove_margin_bottom=\u00bbyes\u00bb remove_padding_bottom=\u00bbyes\u00bb el_id=\u00bbinformacion\u00bb css=\u00bb.vc_custom_1658424984078{margin-top: -20px !important;margin-bottom: -35px !important;background-color: #f4f4f4 !important;}\u00bb][vc_column][vc_custom_heading text=\u00bbLa plataforma de la herramienta de movilidad\u00bb font_container=\u00bbtag:h1|text_align:center\u00bb use_theme_fonts=\u00bbyes\u00bb][vc_row_inner][vc_column_inner width=\u00bb1\/2&#8243;][vc_custom_heading font_container=\u00bbtag:h2|font_size:18|text_align:left\u00bb use_theme_fonts=\u00bbyes\u00bb][vc_column_text css=\u00bb.vc_custom_1658773137973{margin-top: -10px !important;}\u00bb]<\/p>\n<p style=\"text-align: justify;\">Mobility Tool es una plataforma Erasmus que se ha creado para permitir la presentaci\u00f3n de informes y la gesti\u00f3n de los diferentes proyectos. Esta plataforma ser\u00e1 \u00fatil cuando su proyecto sea confirmado por Erasmus y la Comisi\u00f3n Europea para su financiaci\u00f3n y cuando su contrato tambi\u00e9n sea firmado. Una vez validado el proyecto, recibir\u00e1 posteriormente el acceso a la plataforma de la Herramienta de Movilidad para poner a punto su proyecto. Se trata de que la Agencia Nacional le env\u00ede un correo electr\u00f3nico para confirmar que su proyecto se ajusta a las diferentes etapas del ciclo de vida del proyecto en la herramienta de gesti\u00f3n en l\u00ednea, como la selecci\u00f3n y la firma del acuerdo, por ejemplo.<\/p>\n<p style=\"text-align: justify;\">Mobility Tool tiene muchas caracter\u00edsticas. De hecho, es posible actualizar la informaci\u00f3n presupuestaria si es necesario, tambi\u00e9n puede codificar la informaci\u00f3n sobre los participantes del proyecto en cuanto tenga la informaci\u00f3n pertinente y, por \u00faltimo, puede presentar su informe final de la movilidad y los participantes. Si es necesario, puede modificar o ampliar la informaci\u00f3n de su proyecto en la plataforma a medida que \u00e9ste se desarrolla, pero debe hacerlo antes de validar el informe final.<\/p>\n<p>[\/vc_column_text][vc_custom_heading text=\u00bb\u00bfC\u00f3mo funciona Mobility Tool?\u00bb font_container=\u00bbtag:h2|font_size:18|text_align:left\u00bb use_theme_fonts=\u00bbyes\u00bb][vc_column_text css=\u00bb.vc_custom_1658858545148{margin-top: -10px !important;}\u00bb]<\/p>\n<p style=\"text-align: justify;\"><span style=\"font-weight: 400;\"><a href=\"http:\/\/(https:\/\/webgate.ec.europa.eu\/cas\/login?loginRequestId=ECAS_LR-94324831-buQ9BHCq139Qi13HQsl8jfgAaGzYzrHqFgsGGqxoc8RTjFklHxVo7Qf4Oec4if2JOCV5jDrePpizgJB982wzZ20-yntOf97TTHqI3dC5ETtzwP-a71jrHUqmGzgTscgvzIiYzO13yD3sX2GxhvPs5oYA0ZweBCw3WezwZkG7zGzvFoWXBfdyPzpzpsD1Q8TvqszlIzGe\">Mobility Tool<\/a> <\/span><span style=\"font-weight: 400;\">desempe\u00f1a un papel muy importante en el ciclo de vida de un proyecto de movilidad Erasmus. La desmaterializaci\u00f3n en l\u00ednea est\u00e1 dedicada a la presentaci\u00f3n de informes y a la gesti\u00f3n de su proyecto de movilidad <\/span><\/p>\n<p style=\"text-align: justify;\"><span style=\"font-weight: 400;\">Es importante saber que para solicitar un proyecto de movilidad Erasmus hay diferentes pasos, a saber<\/span><\/p>\n<ul style=\"text-align: justify;\">\n<li style=\"font-weight: 400;\" aria-level=\"1\"><span style=\"font-weight: 400;\">el proceso de solicitud<\/span><\/li>\n<li style=\"font-weight: 400;\" aria-level=\"1\"><span style=\"font-weight: 400;\">el proceso de selecci\u00f3n, la elegibilidad y la evaluaci\u00f3n, la decisi\u00f3n<\/span><\/li>\n<li style=\"font-weight: 400;\" aria-level=\"1\"><span style=\"font-weight: 400;\">contractualizaci\u00f3n<\/span><\/li>\n<li style=\"font-weight: 400;\" aria-level=\"1\"><span style=\"font-weight: 400;\">puesta en marcha del proyecto\u00a0<\/span><\/li>\n<li style=\"font-weight: 400;\" aria-level=\"1\"><span style=\"font-weight: 400;\">ejecuci\u00f3n y seguimiento de los proyectos<\/span><\/li>\n<li style=\"font-weight: 400;\" aria-level=\"1\"><span style=\"font-weight: 400;\">evaluaci\u00f3n final<\/span><\/li>\n<\/ul>\n<p style=\"text-align: justify;\"><span style=\"font-weight: 400;\">En la plataforma Mobility Tool, ver\u00e1 que algunos datos ya han sido rellenados y otros a\u00fan deben ser completados. Al finalizar la selecci\u00f3n, se recomienda registrar a los participantes, sin olvidar los apellidos, el nombre, el correo electr\u00f3nico, el pa\u00eds de destino y las fechas de la movilidad<\/span><\/p>\n<p>[\/vc_column_text][\/vc_column_inner][vc_column_inner width=\u00bb1\/2&#8243;][vc_single_image image=\u00bb14512&#8243; img_size=\u00bb400&#215;400&#8243; alignment=\u00bbcenter\u00bb]<div id=\"modal-trg-txt-wrap-9211\" class=\"ult-modal-input-wrapper ult-adjust-bottom-margin    \" data-keypress-control=\"keypress-control-enable\" data-overlay-control=\"overlay-control-enable\"><button  data-ultimate-target='#modal-trg-txt-wrap-9211 .btn-modal'  data-responsive-json-new='{\"font-size\":\"\",\"line-height\":\"\"}'  style=\"background:#555555;border-color:#555555;color:#FFFFFF; \" data-class-id=\"content-69e8eb2eb26066-39040588\" class=\"btn-modal ult-responsive btn-primary btn-modal-lg overlay-show ult-align-center btn-id-69e8eb2eb26066-39040588\" data-overlay-class=\"overlay-cornerbottomleft\">Presupuesto para el proyecto<\/button><\/div>\n<div class=\"ult-overlay content-69e8eb2eb26066-39040588 \" data-class=\"content-69e8eb2eb26066-39040588\" id=\"button-click-overlay\" style=\"background:rgba(51,51,51,0.8); display:none;\">\n\t<div class=\"ult_modal ult-fade ult-medium\">\n\t\t<div id=\"ult-modal-wrap-8835\" class=\"ult_modal-content ult-hide\" style=\"border-style:solid;border-width:2px;border-radius:0px;border-color:#333333;\">\n\t\t\t<div class=\"ult_modal-header\" style=\"color:#333333;border-color:#333333;\">\n\t\t\t\t<div class=\"modal-icon\"><i class=\"Defaults-envelope-o\"><\/i><\/div><h3  data-ultimate-target='#ult-modal-wrap-8835 .ult_modal-title'  data-responsive-json-new='{\"font-size\":\"\",\"line-height\":\"\"}'  class=\"ult_modal-title ult-responsive\">Presupuesto para el proyecto<\/h3>\n\t\t\t<\/div>\n\t\t\t<div  data-ultimate-target='#ult-modal-wrap-8835 .ult_modal-body'  data-responsive-json-new='{\"font-size\":\"\",\"line-height\":\"\"}'  class=\"ult_modal-body ult-responsive ult-html\" style=\"\">\n\t\t\t<\/p>\n<p>[caldera_form id=\u00bbCF6149c7d1c4417&#8243;]<\/p>\n<p>\n\t\t\t<\/div>\n\t<\/div>\n\t<\/div>\n\t<div class=\"ult-overlay-close top-right\" style=\" \"><div class=\"ult-overlay-close-inside\">Close<\/div><\/div>\n<\/div>[\/vc_column_inner][\/vc_row_inner][vc_custom_heading text=\u00bbPreguntas frecuentes sobre la plataforma Mobility Tool\u00bb font_container=\u00bbtag:h2|font_size:20|text_align:center\u00bb use_theme_fonts=\u00bbyes\u00bb][vc_row_inner][vc_column_inner width=\u00bb2\/3&#8243;][vc_custom_heading text=\u00bb\u00bfPara qu\u00e9 sirve Mobility Tool?\u00bb font_container=\u00bbtag:h3|font_size:18|text_align:left\u00bb use_theme_fonts=\u00bbyes\u00bb][vc_column_text css=\u00bb.vc_custom_1658858582482{margin-top: -10px !important;}\u00bb]<\/p>\n<p style=\"text-align: justify;\"> Mobility Tool es una plataforma de Erasmus Plus que permitir\u00e1 informar y gestionar los diferentes proyectos. Esta plataforma ser\u00e1 \u00fatil cuando su proyecto sea confirmado por Erasmus y la Comisi\u00f3n Europea para su financiaci\u00f3n.<\/p>\n<p>[\/vc_column_text][vc_custom_heading text=\u00bb\u00bfExisten otras plataformas Erasmus?\u00bb font_container=\u00bbtag:h3|font_size:18|text_align:left\u00bb use_theme_fonts=\u00bbyes\u00bb][vc_column_text css=\u00bb.vc_custom_1658858605979{margin-top: -10px !important;}\u00bb]<\/p>\n<p style=\"text-align: justify;\">Hoy en d\u00eda existen muchas plataformas Erasmus Plus que te ayudan a entender el concepto y a saber si tu proyecto de movilidad es viable, como Pen\u00e9lope o eTwinning, por ejemplo<\/p>\n<p>[\/vc_column_text][vc_btn title=\u00bb\u00a1 CONT\u00c1CTENOS !\u00bb style=\u00bbflat\u00bb color=\u00bbinverse\u00bb size=\u00bbxl\u00bb align=\u00bbleft\u00bb link=\u00bburl:https%3A%2F%2Fespamob.com%2Fes%2Fcontacto%2F|||rel:nofollow\u00bb animation_type=\u00bb\u00bb][\/vc_column_inner][vc_column_inner width=\u00bb1\/3&#8243;][vc_single_image image=\u00bb14469&#8243; img_size=\u00bb300&#215;300&#8243; alignment=\u00bbcenter\u00bb][\/vc_column_inner][\/vc_row_inner][\/vc_column][\/vc_row]<\/p>\n<\/div>","protected":false},"excerpt":{"rendered":"<p>[vc_row full_width=\u00bbstretch_row\u00bb wrap_container=\u00bbyes\u00bb is_section=\u00bbyes\u00bb section_skin=\u00bbparallax\u00bb remove_margin_top=\u00bbyes\u00bb remove_margin_bottom=\u00bbyes\u00bb remove_padding_bottom=\u00bbyes\u00bb el_id=\u00bbinformacion\u00bb css=\u00bb.vc_custom_1658424984078{margin-top: -20px !important;margin-bottom: -35px !important;background-color: #f4f4f4 !important;}\u00bb][vc_column][vc_custom_heading text=\u00bbLa plataforma de la herramienta de movilidad\u00bb font_container=\u00bbtag:h1|text_align:center\u00bb use_theme_fonts=\u00bbyes\u00bb][vc_row_inner][vc_column_inner width=\u00bb1\/2&#8243;][vc_custom_heading font_container=\u00bbtag:h2|font_size:18|text_align:left\u00bb use_theme_fonts=\u00bbyes\u00bb][vc_column_text css=\u00bb.vc_custom_1658773137973{margin-top: -10px !important;}\u00bb] Mobility Tool es una plataforma Erasmus que se ha creado para permitir la presentaci\u00f3n de informes y la gesti\u00f3n de los diferentes proyectos. Esta<\/p>\n","protected":false},"author":1,"featured_media":9790,"parent":0,"menu_order":0,"comment_status":"closed","ping_status":"closed","template":"","meta":{"footnotes":""},"class_list":["post-14586","page","type-page","status-publish","has-post-thumbnail","hentry"],"_links":{"self":[{"href":"https:\/\/espamob.com\/es\/wp-json\/wp\/v2\/pages\/14586","targetHints":{"allow":["GET"]}}],"collection":[{"href":"https:\/\/espamob.com\/es\/wp-json\/wp\/v2\/pages"}],"about":[{"href":"https:\/\/espamob.com\/es\/wp-json\/wp\/v2\/types\/page"}],"author":[{"embeddable":true,"href":"https:\/\/espamob.com\/es\/wp-json\/wp\/v2\/users\/1"}],"replies":[{"embeddable":true,"href":"https:\/\/espamob.com\/es\/wp-json\/wp\/v2\/comments?post=14586"}],"version-history":[{"count":0,"href":"https:\/\/espamob.com\/es\/wp-json\/wp\/v2\/pages\/14586\/revisions"}],"wp:featuredmedia":[{"embeddable":true,"href":"https:\/\/espamob.com\/es\/wp-json\/wp\/v2\/media\/9790"}],"wp:attachment":[{"href":"https:\/\/espamob.com\/es\/wp-json\/wp\/v2\/media?parent=14586"}],"curies":[{"name":"wp","href":"https:\/\/api.w.org\/{rel}","templated":true}]}}