{"id":14583,"date":"2022-07-25T18:13:42","date_gmt":"2022-07-25T18:13:42","guid":{"rendered":"https:\/\/www.espamob.com\/europass\/"},"modified":"2023-06-16T06:00:03","modified_gmt":"2023-06-16T06:00:03","slug":"europass","status":"publish","type":"page","link":"https:\/\/espamob.com\/es\/europass\/","title":{"rendered":"ES &#8211; EUROPASS"},"content":{"rendered":"<div class=\"wpb-content-wrapper\"><p>[vc_row full_width=\u00bbstretch_row\u00bb wrap_container=\u00bbyes\u00bb is_section=\u00bbyes\u00bb section_skin=\u00bbparallax\u00bb remove_margin_top=\u00bbyes\u00bb remove_margin_bottom=\u00bbyes\u00bb remove_padding_bottom=\u00bbyes\u00bb el_id=\u00bbinformacion\u00bb css=\u00bb.vc_custom_1658424984078{margin-top: -20px !important;margin-bottom: -35px !important;background-color: #f4f4f4 !important;}\u00bb][vc_column][vc_custom_heading text=\u00bbLa plataforma Europass\u00bb font_container=\u00bbtag:h1|text_align:center\u00bb use_theme_fonts=\u00bbyes\u00bb][vc_row_inner][vc_column_inner width=\u00bb1\/2&#8243;][vc_custom_heading text=\u00bb\u00bfQu\u00e9 es Europass?\u00bb font_container=\u00bbtag:h2|font_size:18|text_align:left\u00bb use_theme_fonts=\u00bbyes\u00bb][vc_column_text css=\u00bb.vc_custom_1658859507634{margin-top: -10px !important;}\u00bb]<\/p>\n<p style=\"text-align: justify;\"><span style=\"font-weight: 400;\">La plataforma Europass <\/span>es una plataforma compuesta por una serie de herramientas en l\u00ednea que le permiten configurar su carrera y sus proyectos europeos. Esta plataforma es una iniciativa de la Uni\u00f3n Europea que puede ayudar a los ciudadanos a presentar sus calificaciones y habilidades de manera clara y especialmente a los empleadores. Tambi\u00e9n ayuda a la movilidad profesional y geogr\u00e1fica. La plataforma es gratuita y est\u00e1 proporcionada por la Comisi\u00f3n Europea para brindarle acceso directo a diferentes oportunidades profesionales, y esto en cualquier lugar de Europa.<\/p>\n<p style=\"text-align: justify;\">Adem\u00e1s, el documento Europass contiene diferentes partes, a saber: las fases de aprendizaje, las plazas profesionales integradas, las cualificaciones y las nuevas competencias desarrolladas. La plataforma tambi\u00e9n cuenta con CV, certificados escolares, pasaporte de idiomas con los diferentes niveles de idioma as\u00ed como diplomas obtenidos con un documento de movilidad.<\/p>\n<p>[\/vc_column_text][vc_custom_heading text=\u00bb\u00bfC\u00f3mo funciona Europass?\u00bb font_container=\u00bbtag:h2|font_size:18|text_align:left\u00bb use_theme_fonts=\u00bbyes\u00bb][vc_column_text css=\u00bb.vc_custom_1658859625832{margin-top: -10px !important;}\u00bb]<\/p>\n<p style=\"text-align: justify;\">Europass est\u00e1 compuesto por cinco documentos, siendo el principal el curr\u00edculum vitae Europass, que est\u00e1 disponible en 28 idiomas y que te permite presentar tus habilidades de forma clara y l\u00f3gica. Los otros cuatro documentos de la plataforma Europass son el pasaporte de idiomas, la movilidad Europass, el suplemento al t\u00edtulo y el suplemento al certificado.<\/p>\n<p style=\"text-align: justify;\">Actualmente, el documento Europass est\u00e1 supervisado por dos organizaciones asociadas, que generalmente son la agencia del pa\u00eds de acogida que se ocupa de \u00e9l y la agencia Erasmus del pa\u00eds de origen. Para obtener el documento, simplemente ac\u00e9rquese a la secretar\u00eda Erasmus Plus generalmente presente en la universidad del estudiante, o ac\u00e9rquese a los organizadores del proyecto de movilidad o al departamento internacional de la empresa.<\/p>\n<p style=\"text-align: justify;\">Cabe destacar que la herramienta Europass es una verdadera baza para los participantes del programa Erasmus plus, porque aportar\u00e1 mucha m\u00e1s transparencia al proyecto de movilidad y ofrecer\u00e1 diferentes perspectivas de aprendizaje y trabajo durante su estancia en el extranjero.<\/p>\n<p>[\/vc_column_text][\/vc_column_inner][vc_column_inner width=\u00bb1\/2&#8243;][vc_single_image image=\u00bb14551&#8243; img_size=\u00bb350&#215;113&#8243; alignment=\u00bbcenter\u00bb]<div id=\"modal-trg-txt-wrap-7828\" class=\"ult-modal-input-wrapper ult-adjust-bottom-margin    \" data-keypress-control=\"keypress-control-enable\" data-overlay-control=\"overlay-control-enable\"><button  data-ultimate-target='#modal-trg-txt-wrap-7828 .btn-modal'  data-responsive-json-new='{\"font-size\":\"\",\"line-height\":\"\"}'  style=\"background:#555555;border-color:#555555;color:#FFFFFF; \" data-class-id=\"content-69e188d2ea56b3-57708014\" class=\"btn-modal ult-responsive btn-primary btn-modal-lg overlay-show ult-align-center btn-id-69e188d2ea56b3-57708014\" data-overlay-class=\"overlay-cornerbottomleft\">Presupuesto para el proyecto<\/button><\/div>\n<div class=\"ult-overlay content-69e188d2ea56b3-57708014 \" data-class=\"content-69e188d2ea56b3-57708014\" id=\"button-click-overlay\" style=\"background:rgba(51,51,51,0.8); display:none;\">\n\t<div class=\"ult_modal ult-fade ult-medium\">\n\t\t<div id=\"ult-modal-wrap-1221\" class=\"ult_modal-content ult-hide\" style=\"border-style:solid;border-width:2px;border-radius:0px;border-color:#333333;\">\n\t\t\t<div class=\"ult_modal-header\" style=\"color:#333333;border-color:#333333;\">\n\t\t\t\t<div class=\"modal-icon\"><i class=\"Defaults-envelope-o\"><\/i><\/div><h3  data-ultimate-target='#ult-modal-wrap-1221 .ult_modal-title'  data-responsive-json-new='{\"font-size\":\"\",\"line-height\":\"\"}'  class=\"ult_modal-title ult-responsive\">Presupuesto para el proyecto<\/h3>\n\t\t\t<\/div>\n\t\t\t<div  data-ultimate-target='#ult-modal-wrap-1221 .ult_modal-body'  data-responsive-json-new='{\"font-size\":\"\",\"line-height\":\"\"}'  class=\"ult_modal-body ult-responsive ult-html\" style=\"\">\n\t\t\t<\/p>\n<p>[caldera_form id=\u00bbCF6149c7d1c4417&#8243;]<\/p>\n<p>\n\t\t\t<\/div>\n\t<\/div>\n\t<\/div>\n\t<div class=\"ult-overlay-close top-right\" style=\" \"><div class=\"ult-overlay-close-inside\">Close<\/div><\/div>\n<\/div>[\/vc_column_inner][\/vc_row_inner][vc_custom_heading text=\u00bbPreguntas frecuentes sobre la plataforma Europass\u00bb font_container=\u00bbtag:h2|font_size:20|text_align:center\u00bb use_theme_fonts=\u00bbyes\u00bb][vc_row_inner][vc_column_inner width=\u00bb2\/3&#8243;][vc_custom_heading text=\u00bb\u00bfPara qu\u00e9 sirve la plataforma Europass?\u00bb font_container=\u00bbtag:h3|font_size:18|text_align:left\u00bb use_theme_fonts=\u00bbyes\u00bb animation_type=\u00bb\u00bb][vc_column_text css=\u00bb.vc_custom_1658859642176{margin-top: -10px !important;}\u00bb]<\/p>\n<p style=\"text-align: justify;\">La plataforma Europass est\u00e1 formada por un conjunto de herramientas europeas reconocidas en 35 pa\u00edses, que permiten gestionar la carrera a lo largo de la vida.<\/p>\n<p>[\/vc_column_text][vc_custom_heading text=\u00bb\u00bfPara qui\u00e9n es la plataforma Europass?\u00bb font_container=\u00bbtag:h3|font_size:18|text_align:left\u00bb use_theme_fonts=\u00bbyes\u00bb][vc_column_text css=\u00bb.vc_custom_1658859690625{margin-top: -10px !important;}\u00bb]<\/p>\n<p style=\"text-align: justify;\">Europass se dirige a las personas que desean comunicar eficazmente sus cualificaciones y competencias en Francia y en Europa. Tambi\u00e9n se dirige a los empresarios.<\/p>\n<p>[\/vc_column_text][vc_btn title=\u00bb\u00a1 CONT\u00c1CTENOS !\u00bb style=\u00bbflat\u00bb color=\u00bbinverse\u00bb size=\u00bbxl\u00bb align=\u00bbleft\u00bb link=\u00bburl:https%3A%2F%2Fespamob.com%2Fes%2Fcontacto%2F|||rel:nofollow\u00bb][\/vc_column_inner][vc_column_inner width=\u00bb1\/3&#8243;][vc_single_image image=\u00bb14469&#8243; img_size=\u00bb300&#215;300&#8243; alignment=\u00bbcenter\u00bb][\/vc_column_inner][\/vc_row_inner][\/vc_column][\/vc_row]<\/p>\n<\/div>","protected":false},"excerpt":{"rendered":"<p>[vc_row full_width=\u00bbstretch_row\u00bb wrap_container=\u00bbyes\u00bb is_section=\u00bbyes\u00bb section_skin=\u00bbparallax\u00bb remove_margin_top=\u00bbyes\u00bb remove_margin_bottom=\u00bbyes\u00bb remove_padding_bottom=\u00bbyes\u00bb el_id=\u00bbinformacion\u00bb css=\u00bb.vc_custom_1658424984078{margin-top: -20px !important;margin-bottom: -35px !important;background-color: #f4f4f4 !important;}\u00bb][vc_column][vc_custom_heading text=\u00bbLa plataforma Europass\u00bb font_container=\u00bbtag:h1|text_align:center\u00bb use_theme_fonts=\u00bbyes\u00bb][vc_row_inner][vc_column_inner width=\u00bb1\/2&#8243;][vc_custom_heading text=\u00bb\u00bfQu\u00e9 es Europass?\u00bb font_container=\u00bbtag:h2|font_size:18|text_align:left\u00bb use_theme_fonts=\u00bbyes\u00bb][vc_column_text css=\u00bb.vc_custom_1658859507634{margin-top: -10px !important;}\u00bb] La plataforma Europass es una plataforma compuesta por una serie de herramientas en l\u00ednea que le permiten configurar su carrera y sus proyectos europeos. Esta<\/p>\n","protected":false},"author":1,"featured_media":14550,"parent":0,"menu_order":0,"comment_status":"closed","ping_status":"closed","template":"","meta":{"footnotes":""},"class_list":["post-14583","page","type-page","status-publish","has-post-thumbnail","hentry"],"_links":{"self":[{"href":"https:\/\/espamob.com\/es\/wp-json\/wp\/v2\/pages\/14583","targetHints":{"allow":["GET"]}}],"collection":[{"href":"https:\/\/espamob.com\/es\/wp-json\/wp\/v2\/pages"}],"about":[{"href":"https:\/\/espamob.com\/es\/wp-json\/wp\/v2\/types\/page"}],"author":[{"embeddable":true,"href":"https:\/\/espamob.com\/es\/wp-json\/wp\/v2\/users\/1"}],"replies":[{"embeddable":true,"href":"https:\/\/espamob.com\/es\/wp-json\/wp\/v2\/comments?post=14583"}],"version-history":[{"count":0,"href":"https:\/\/espamob.com\/es\/wp-json\/wp\/v2\/pages\/14583\/revisions"}],"wp:featuredmedia":[{"embeddable":true,"href":"https:\/\/espamob.com\/es\/wp-json\/wp\/v2\/media\/14550"}],"wp:attachment":[{"href":"https:\/\/espamob.com\/es\/wp-json\/wp\/v2\/media?parent=14583"}],"curies":[{"name":"wp","href":"https:\/\/api.w.org\/{rel}","templated":true}]}}