{"id":14580,"date":"2022-07-25T18:13:44","date_gmt":"2022-07-25T18:13:44","guid":{"rendered":"https:\/\/www.espamob.com\/etwinning\/"},"modified":"2023-06-16T06:00:02","modified_gmt":"2023-06-16T06:00:02","slug":"etwinning","status":"publish","type":"page","link":"https:\/\/espamob.com\/es\/etwinning\/","title":{"rendered":"ES &#8211; ETWINNING"},"content":{"rendered":"<div class=\"wpb-content-wrapper\"><p>[vc_row full_width=\u00bbstretch_row\u00bb wrap_container=\u00bbyes\u00bb is_section=\u00bbyes\u00bb section_skin=\u00bbparallax\u00bb remove_margin_top=\u00bbyes\u00bb remove_margin_bottom=\u00bbyes\u00bb remove_padding_bottom=\u00bbyes\u00bb el_id=\u00bbinformacion\u00bb css=\u00bb.vc_custom_1658424984078{margin-top: -20px !important;margin-bottom: -35px !important;background-color: #f4f4f4 !important;}\u00bb][vc_column][vc_custom_heading text=\u00bbLa plataforma eTwinning\u00bb font_container=\u00bbtag:h1|text_align:center\u00bb use_theme_fonts=\u00bbyes\u00bb animation_type=\u00bb\u00bb][vc_row_inner][vc_column_inner width=\u00bb1\/2&#8243;][vc_custom_heading text=\u00bb\u00bfQu\u00e9 es eTwinning?\u00bb font_container=\u00bbtag:h2|font_size:18|text_align:left\u00bb use_theme_fonts=\u00bbyes\u00bb animation_type=\u00bb\u00bb][vc_column_text css=\u00bb.vc_custom_1658859811754{margin-top: -10px !important;}\u00bb]<\/p>\n<p style=\"text-align: justify;\">La plataforma eTwinning es una plataforma cofinanciada por Erasmus Plus y que representa a la comunidad de escuelas de Europa. De hecho, su objetivo es vincular diferentes escuelas para la creaci\u00f3n de bolsas de movilidad en toda Europa. Estar\u00e1 dedicado a los profesionales de los establecimientos, como educadores, profesores, directores, para permitir la creaci\u00f3n de asociaciones y crear nuevos proyectos Erasmus.<\/p>\n<p style=\"text-align: justify;\">Uno de los elementos fundamentales de eTwinning es la colaboraci\u00f3n entre los diferentes participantes como profesores, alumnos, padres y muchos otros. Es cierto que esto ayuda a crear v\u00ednculos, porque los profesores trabajan juntos y organizan actividades para sus alumnos. Tendr\u00e1n un papel importante en la toma de decisiones respetando y desarrollando nuevas habilidades. Poner en marcha un proyecto eTwinning implica la contribuci\u00f3n de cada miembro del equipo.<\/p>\n<p>[\/vc_column_text][vc_custom_heading text=\u00bb\u00bfC\u00f3mo funciona eTwinning?\u00bb font_container=\u00bbtag:h2|font_size:18|text_align:left\u00bb use_theme_fonts=\u00bbyes\u00bb animation_type=\u00bb\u00bb][vc_column_text css=\u00bb.vc_custom_1658859829779{margin-top: -10px !important;}\u00bb]<\/p>\n<p style=\"text-align: justify;\">En primer lugar, debe iniciar sesi\u00f3n en la plataforma eTwinning, donde puede encontrarse con profesores en los \u00abgrupos\u00bb, pero tambi\u00e9n buscar socios de proyectos para proyectos a distancia eTwinning, as\u00ed como proyectos de movilidad en el marco de &#8216;Erasmus more&#8217;. Muchos consejos est\u00e1n disponibles directamente en la plataforma para ayudarlo en su investigaci\u00f3n. Posteriormente, tambi\u00e9n puede registrarse para recibir capacitaci\u00f3n en el idioma que elija y mantenerse actualizado con las \u00faltimas noticias sobre proyectos de movilidad.<\/p>\n<p style=\"text-align: justify;\">Tambi\u00e9n encontrar\u00e1s el TwinSpace, que es un espacio de trabajo colaborativo, abierto para cada proyecto de movilidad y que luego permite que sea validado por su respectiva oficina nacional de asistencia. En este espacio, puede agregar los miembros de su elecci\u00f3n, como estudiantes o padres, por ejemplo, o incluso socios.<\/p>\n<p>\u00a0[\/vc_column_text][\/vc_column_inner][vc_column_inner width=\u00bb1\/2&#8243;][vc_single_image image=\u00bb14538&#8243; img_size=\u00bb300&#215;100&#8243; alignment=\u00bbcenter\u00bb]<div id=\"modal-trg-txt-wrap-4302\" class=\"ult-modal-input-wrapper ult-adjust-bottom-margin    \" data-keypress-control=\"keypress-control-enable\" data-overlay-control=\"overlay-control-enable\"><button  data-ultimate-target='#modal-trg-txt-wrap-4302 .btn-modal'  data-responsive-json-new='{\"font-size\":\"\",\"line-height\":\"\"}'  style=\"background:#555555;border-color:#555555;color:#FFFFFF; \" data-class-id=\"content-69e8d9da1d4213-51564757\" class=\"btn-modal ult-responsive btn-primary btn-modal-lg overlay-show ult-align-center btn-id-69e8d9da1d4213-51564757\" data-overlay-class=\"overlay-cornerbottomleft\">Presupuesto para el proyecto<\/button><\/div>\n<div class=\"ult-overlay content-69e8d9da1d4213-51564757 \" data-class=\"content-69e8d9da1d4213-51564757\" id=\"button-click-overlay\" style=\"background:rgba(51,51,51,0.8); display:none;\">\n\t<div class=\"ult_modal ult-fade ult-medium\">\n\t\t<div id=\"ult-modal-wrap-6151\" class=\"ult_modal-content ult-hide\" style=\"border-style:solid;border-width:2px;border-radius:0px;border-color:#333333;\">\n\t\t\t<div class=\"ult_modal-header\" style=\"color:#333333;border-color:#333333;\">\n\t\t\t\t<div class=\"modal-icon\"><i class=\"Defaults-envelope-o\"><\/i><\/div><h3  data-ultimate-target='#ult-modal-wrap-6151 .ult_modal-title'  data-responsive-json-new='{\"font-size\":\"\",\"line-height\":\"\"}'  class=\"ult_modal-title ult-responsive\">Presupuesto para el proyecto<\/h3>\n\t\t\t<\/div>\n\t\t\t<div  data-ultimate-target='#ult-modal-wrap-6151 .ult_modal-body'  data-responsive-json-new='{\"font-size\":\"\",\"line-height\":\"\"}'  class=\"ult_modal-body ult-responsive ult-html\" style=\"\">\n\t\t\t<\/p>\n<p>[caldera_form id=\u00bbCF6149c7d1c4417&#8243;]<\/p>\n<p>\n\t\t\t<\/div>\n\t<\/div>\n\t<\/div>\n\t<div class=\"ult-overlay-close top-right\" style=\" \"><div class=\"ult-overlay-close-inside\">Close<\/div><\/div>\n<\/div>[\/vc_column_inner][\/vc_row_inner][vc_custom_heading text=\u00bbPreguntas frecuentes sobre la plataforma eTwinning\u00bb font_container=\u00bbtag:h2|font_size:20|text_align:center\u00bb use_theme_fonts=\u00bbyes\u00bb animation_type=\u00bb\u00bb][vc_row_inner][vc_column_inner width=\u00bb2\/3&#8243;][vc_custom_heading text=\u00bb\u00bfPara qu\u00e9 sirve eTwinning?\u00bb font_container=\u00bbtag:h3|font_size:18|text_align:left\u00bb use_theme_fonts=\u00bbyes\u00bb animation_type=\u00bb\u00bb][vc_column_text css=\u00bb.vc_custom_1658859866857{margin-top: -10px !important;}\u00bb]<\/p>\n<p style=\"text-align: justify;\">La plataforma eTwinning ayuda a la colaboraci\u00f3n entre diferentes escuelas europeas con el uso de las tecnolog\u00edas de la informaci\u00f3n y la comunicaci\u00f3n, al tiempo que proporciona apoyo y servicios a estas escuelas.<\/p>\n<p>[\/vc_column_text][vc_custom_heading text=\u00bb\u00bfPara qui\u00e9n es la plataforma eTwinning?\u00bb font_container=\u00bbtag:h3|font_size:18|text_align:left\u00bb use_theme_fonts=\u00bbyes\u00bb animation_type=\u00bb\u00bb][vc_column_text css=\u00bb.vc_custom_1658859872457{margin-top: -10px !important;}\u00bb]<\/p>\n<p style=\"text-align: justify;\">Esta plataforma est\u00e1 dirigida principalmente a colegios de Europa, con el fin de ayudarles lo mejor posible en sus proyectos de movilidad.<\/p>\n<p>[\/vc_column_text][vc_btn title=\u00bb\u00a1 CONT\u00c1CTENOS !\u00bb style=\u00bbflat\u00bb color=\u00bbinverse\u00bb size=\u00bbxl\u00bb align=\u00bbleft\u00bb link=\u00bburl:https%3A%2F%2Fespamob.com%2Fes%2Fcontacto%2F|||rel:nofollow\u00bb][\/vc_column_inner][vc_column_inner width=\u00bb1\/3&#8243;][vc_single_image image=\u00bb14469&#8243; img_size=\u00bb300&#215;300&#8243; alignment=\u00bbcenter\u00bb][\/vc_column_inner][\/vc_row_inner][\/vc_column][\/vc_row]<\/p>\n<\/div>","protected":false},"excerpt":{"rendered":"<p>[vc_row full_width=\u00bbstretch_row\u00bb wrap_container=\u00bbyes\u00bb is_section=\u00bbyes\u00bb section_skin=\u00bbparallax\u00bb remove_margin_top=\u00bbyes\u00bb remove_margin_bottom=\u00bbyes\u00bb remove_padding_bottom=\u00bbyes\u00bb el_id=\u00bbinformacion\u00bb css=\u00bb.vc_custom_1658424984078{margin-top: -20px !important;margin-bottom: -35px !important;background-color: #f4f4f4 !important;}\u00bb][vc_column][vc_custom_heading text=\u00bbLa plataforma eTwinning\u00bb font_container=\u00bbtag:h1|text_align:center\u00bb use_theme_fonts=\u00bbyes\u00bb animation_type=\u00bb\u00bb][vc_row_inner][vc_column_inner width=\u00bb1\/2&#8243;][vc_custom_heading text=\u00bb\u00bfQu\u00e9 es eTwinning?\u00bb font_container=\u00bbtag:h2|font_size:18|text_align:left\u00bb use_theme_fonts=\u00bbyes\u00bb animation_type=\u00bb\u00bb][vc_column_text css=\u00bb.vc_custom_1658859811754{margin-top: -10px !important;}\u00bb] La plataforma eTwinning es una plataforma cofinanciada por Erasmus Plus y que representa a la comunidad de escuelas de Europa. De hecho, su<\/p>\n","protected":false},"author":1,"featured_media":14542,"parent":0,"menu_order":0,"comment_status":"closed","ping_status":"closed","template":"","meta":{"footnotes":""},"class_list":["post-14580","page","type-page","status-publish","has-post-thumbnail","hentry"],"_links":{"self":[{"href":"https:\/\/espamob.com\/es\/wp-json\/wp\/v2\/pages\/14580","targetHints":{"allow":["GET"]}}],"collection":[{"href":"https:\/\/espamob.com\/es\/wp-json\/wp\/v2\/pages"}],"about":[{"href":"https:\/\/espamob.com\/es\/wp-json\/wp\/v2\/types\/page"}],"author":[{"embeddable":true,"href":"https:\/\/espamob.com\/es\/wp-json\/wp\/v2\/users\/1"}],"replies":[{"embeddable":true,"href":"https:\/\/espamob.com\/es\/wp-json\/wp\/v2\/comments?post=14580"}],"version-history":[{"count":0,"href":"https:\/\/espamob.com\/es\/wp-json\/wp\/v2\/pages\/14580\/revisions"}],"wp:featuredmedia":[{"embeddable":true,"href":"https:\/\/espamob.com\/es\/wp-json\/wp\/v2\/media\/14542"}],"wp:attachment":[{"href":"https:\/\/espamob.com\/es\/wp-json\/wp\/v2\/media?parent=14580"}],"curies":[{"name":"wp","href":"https:\/\/api.w.org\/{rel}","templated":true}]}}