{"id":14577,"date":"2022-07-25T18:13:43","date_gmt":"2022-07-25T18:13:43","guid":{"rendered":"https:\/\/www.espamob.com\/epale\/"},"modified":"2023-06-16T06:00:00","modified_gmt":"2023-06-16T06:00:00","slug":"epale","status":"publish","type":"page","link":"https:\/\/espamob.com\/es\/epale\/","title":{"rendered":"ES &#8211; EPALE"},"content":{"rendered":"<div class=\"wpb-content-wrapper\"><p>[vc_row full_width=\u00bbstretch_row\u00bb wrap_container=\u00bbyes\u00bb is_section=\u00bbyes\u00bb section_skin=\u00bbparallax\u00bb remove_margin_top=\u00bbyes\u00bb remove_margin_bottom=\u00bbyes\u00bb remove_padding_bottom=\u00bbyes\u00bb el_id=\u00bbinformacion\u00bb css=\u00bb.vc_custom_1658424984078{margin-top: -20px !important;margin-bottom: -35px !important;background-color: #f4f4f4 !important;}\u00bb][vc_column][vc_custom_heading text=\u00bbLa plataforma Epale\u00bb font_container=\u00bbtag:h1|text_align:center\u00bb use_theme_fonts=\u00bbyes\u00bb][vc_row_inner][vc_column_inner width=\u00bb1\/2&#8243;][vc_custom_heading text=\u00bb\u00bfQu\u00e9 es Epale?\u00bb font_container=\u00bbtag:h2|font_size:18|text_align:left\u00bb use_theme_fonts=\u00bbyes\u00bb animation_type=\u00bb\u00bb][vc_column_text css=\u00bb.vc_custom_1658859329634{margin-top: -10px !important;}\u00bb]<\/p>\n<p style=\"text-align: justify;\"><span style=\"font-weight: 400;\">La plataforma Epale es una plataforma de colaboraci\u00f3n para voluntarios, investigadores, formadores y todos los actores de la econom\u00eda social y solidaria. De hecho, actualmente hay m\u00e1s de 60.000 europeos registrados en esta plataforma, procedentes de una treintena de pa\u00edses diferentes, que trabajan para promover el acceso a la formaci\u00f3n de los adultos.<\/span><\/p>\n<p style=\"text-align: justify;\">Cabe destacar que la comunidad de la plataforma Epale se re\u00fane entre s\u00ed para intercambiar y encontrar soluciones e inspiraci\u00f3n para sus pr\u00e1cticas diarias, pero tambi\u00e9n para desarrollar sus redes y dar a conocer la plataforma. La ventaja de esta plataforma de \u00e1mbito europeo es que trata de abordar todas las posibles formas generales de aprendizaje de adultos, ya sean formales o informales, impartidas por organizaciones privadas o p\u00fablicas, incluida la formaci\u00f3n profesional y la educaci\u00f3n popular.<\/p>\n<p>[\/vc_column_text][vc_custom_heading text=\u00bb\u00bfC\u00f3mo funciona Epale?\u00bb font_container=\u00bbtag:h2|font_size:18|text_align:left\u00bb use_theme_fonts=\u00bbyes\u00bb][vc_column_text css=\u00bb.vc_custom_1658859406427{margin-top: -10px !important;}\u00bb]<\/p>\n<p style=\"text-align: justify;\">Si se une a la comunidad de Epale, encontrar\u00e1 muchas herramientas que le ayudar\u00e1n en su proyecto de movilidad. En efecto, Epale le permite enriquecer sus conocimientos y mantenerse al d\u00eda de las innovaciones educativas. Epale se organiza en torno a cinco temas: entornos de aprendizaje, competencias b\u00e1sicas, apoyo a los alumnos, pol\u00edticas y financiaci\u00f3n, y calidad de la formaci\u00f3n. Es cierto que hay muchas publicaciones que se ponen regularmente en l\u00ednea y que ofrecen puntos de vista complementarios sobre los adultos y la educaci\u00f3n.<\/p>\n<p style=\"text-align: justify;\">La plataforma Epale cuenta con un espacio en el que se pueden encontrar socios para iniciar diferentes formas de colaboraci\u00f3n en los pa\u00edses europeos. Esto ayuda a concretar al m\u00e1ximo los proyectos Erasmus plus.<\/p>\n<p style=\"text-align: justify;\">A trav\u00e9s de la plataforma, tambi\u00e9n puede ampliar su c\u00edrculo profesional, as\u00ed como dialogar y celebrar reuniones tem\u00e1ticas, a menudo organizadas en Francia para fomentar la interacci\u00f3n entre profesionales, lo que permite aprender y formarse en una situaci\u00f3n de trabajo en la educaci\u00f3n de adultos<\/p>\n<p>[\/vc_column_text][\/vc_column_inner][vc_column_inner width=\u00bb1\/2&#8243;][vc_single_image image=\u00bb14530&#8243; img_size=\u00bb300*80&#8243; alignment=\u00bbcenter\u00bb]<div id=\"modal-trg-txt-wrap-8541\" class=\"ult-modal-input-wrapper ult-adjust-bottom-margin    \" data-keypress-control=\"keypress-control-enable\" data-overlay-control=\"overlay-control-enable\"><button  data-ultimate-target='#modal-trg-txt-wrap-8541 .btn-modal'  data-responsive-json-new='{\"font-size\":\"\",\"line-height\":\"\"}'  style=\"background:#555555;border-color:#555555;color:#FFFFFF; \" data-class-id=\"content-69e7f8239c1b17-38113597\" class=\"btn-modal ult-responsive btn-primary btn-modal-lg overlay-show ult-align-center btn-id-69e7f8239c1b17-38113597\" data-overlay-class=\"overlay-cornerbottomleft\">Presupuesto para el proyecto<\/button><\/div>\n<div class=\"ult-overlay content-69e7f8239c1b17-38113597 \" data-class=\"content-69e7f8239c1b17-38113597\" id=\"button-click-overlay\" style=\"background:rgba(51,51,51,0.8); display:none;\">\n\t<div class=\"ult_modal ult-fade ult-medium\">\n\t\t<div id=\"ult-modal-wrap-5265\" class=\"ult_modal-content ult-hide\" style=\"border-style:solid;border-width:2px;border-radius:0px;border-color:#333333;\">\n\t\t\t<div class=\"ult_modal-header\" style=\"color:#333333;border-color:#333333;\">\n\t\t\t\t<div class=\"modal-icon\"><i class=\"Defaults-envelope-o\"><\/i><\/div><h3  data-ultimate-target='#ult-modal-wrap-5265 .ult_modal-title'  data-responsive-json-new='{\"font-size\":\"\",\"line-height\":\"\"}'  class=\"ult_modal-title ult-responsive\">Presupuesto para el proyecto<\/h3>\n\t\t\t<\/div>\n\t\t\t<div  data-ultimate-target='#ult-modal-wrap-5265 .ult_modal-body'  data-responsive-json-new='{\"font-size\":\"\",\"line-height\":\"\"}'  class=\"ult_modal-body ult-responsive ult-html\" style=\"\">\n\t\t\t<\/p>\n<p>[caldera_form id=\u00bbCF6149c7d1c4417&#8243;]<\/p>\n<p>\n\t\t\t<\/div>\n\t<\/div>\n\t<\/div>\n\t<div class=\"ult-overlay-close top-right\" style=\" \"><div class=\"ult-overlay-close-inside\">Close<\/div><\/div>\n<\/div>[\/vc_column_inner][\/vc_row_inner][vc_custom_heading text=\u00bbPreguntas frecuentes sobre la plataforma Epale\u00bb font_container=\u00bbtag:h2|font_size:20|text_align:center\u00bb use_theme_fonts=\u00bbyes\u00bb][vc_row_inner][vc_column_inner width=\u00bb2\/3&#8243;][vc_custom_heading text=\u00bb\u00bfPara qu\u00e9 se utiliza Epale?\u00bb font_container=\u00bbtag:h3|font_size:18|text_align:left\u00bb use_theme_fonts=\u00bbyes\u00bb][vc_column_text css=\u00bb.vc_custom_1658859432090{margin-top: -10px !important;}\u00bb]<\/p>\n<p style=\"text-align: justify;\">Epale es una plataforma Erasmus Plus que te permitir\u00e1 crear una red de profesionales cercanos a tu sector de actividad y potenciar los proyectos de los profesionales a la vez que adquieres conocimientos e innovaciones educativas.<\/p>\n<p>[\/vc_column_text][vc_custom_heading text=\u00bb\u00bfPara qui\u00e9n es la plataforma Epale?\u00bb font_container=\u00bbtag:h3|font_size:18|text_align:left\u00bb use_theme_fonts=\u00bbyes\u00bb][vc_column_text css=\u00bb.vc_custom_1658859442057{margin-top: -10px !important;}\u00bb]<\/p>\n<p style=\"text-align: justify;\">La plataforma Epale est\u00e1 dirigida a todas las formas de educaci\u00f3n y formaci\u00f3n: formal, informal o no formal, de organismos p\u00fablicos o privados.<\/p>\n<p>[\/vc_column_text][vc_btn title=\u00bb\u00a1 CONT\u00c1CTENOS !\u00bb style=\u00bbflat\u00bb color=\u00bbinverse\u00bb size=\u00bbxl\u00bb align=\u00bbleft\u00bb link=\u00bburl:https%3A%2F%2Fespamob.com%2Fes%2Fcontacto%2F|||rel:nofollow\u00bb][\/vc_column_inner][vc_column_inner width=\u00bb1\/3&#8243;][vc_single_image image=\u00bb14469&#8243; img_size=\u00bb300&#215;300&#8243; alignment=\u00bbcenter\u00bb][\/vc_column_inner][\/vc_row_inner][\/vc_column][\/vc_row]<\/p>\n<\/div>","protected":false},"excerpt":{"rendered":"<p>[vc_row full_width=\u00bbstretch_row\u00bb wrap_container=\u00bbyes\u00bb is_section=\u00bbyes\u00bb section_skin=\u00bbparallax\u00bb remove_margin_top=\u00bbyes\u00bb remove_margin_bottom=\u00bbyes\u00bb remove_padding_bottom=\u00bbyes\u00bb el_id=\u00bbinformacion\u00bb css=\u00bb.vc_custom_1658424984078{margin-top: -20px !important;margin-bottom: -35px !important;background-color: #f4f4f4 !important;}\u00bb][vc_column][vc_custom_heading text=\u00bbLa plataforma Epale\u00bb font_container=\u00bbtag:h1|text_align:center\u00bb use_theme_fonts=\u00bbyes\u00bb][vc_row_inner][vc_column_inner width=\u00bb1\/2&#8243;][vc_custom_heading text=\u00bb\u00bfQu\u00e9 es Epale?\u00bb font_container=\u00bbtag:h2|font_size:18|text_align:left\u00bb use_theme_fonts=\u00bbyes\u00bb animation_type=\u00bb\u00bb][vc_column_text css=\u00bb.vc_custom_1658859329634{margin-top: -10px !important;}\u00bb] La plataforma Epale es una plataforma de colaboraci\u00f3n para voluntarios, investigadores, formadores y todos los actores de la econom\u00eda social y solidaria. De hecho,<\/p>\n","protected":false},"author":1,"featured_media":17581,"parent":0,"menu_order":0,"comment_status":"closed","ping_status":"closed","template":"","meta":{"footnotes":""},"class_list":["post-14577","page","type-page","status-publish","has-post-thumbnail","hentry"],"_links":{"self":[{"href":"https:\/\/espamob.com\/es\/wp-json\/wp\/v2\/pages\/14577","targetHints":{"allow":["GET"]}}],"collection":[{"href":"https:\/\/espamob.com\/es\/wp-json\/wp\/v2\/pages"}],"about":[{"href":"https:\/\/espamob.com\/es\/wp-json\/wp\/v2\/types\/page"}],"author":[{"embeddable":true,"href":"https:\/\/espamob.com\/es\/wp-json\/wp\/v2\/users\/1"}],"replies":[{"embeddable":true,"href":"https:\/\/espamob.com\/es\/wp-json\/wp\/v2\/comments?post=14577"}],"version-history":[{"count":0,"href":"https:\/\/espamob.com\/es\/wp-json\/wp\/v2\/pages\/14577\/revisions"}],"wp:featuredmedia":[{"embeddable":true,"href":"https:\/\/espamob.com\/es\/wp-json\/wp\/v2\/media\/17581"}],"wp:attachment":[{"href":"https:\/\/espamob.com\/es\/wp-json\/wp\/v2\/media?parent=14577"}],"curies":[{"name":"wp","href":"https:\/\/api.w.org\/{rel}","templated":true}]}}