{"id":13893,"date":"2022-07-14T18:20:00","date_gmt":"2022-07-14T18:20:00","guid":{"rendered":"https:\/\/www.espamob.com\/?page_id=13893"},"modified":"2023-11-22T16:37:26","modified_gmt":"2023-11-22T16:37:26","slug":"islas-canarias","status":"publish","type":"page","link":"https:\/\/espamob.com\/es\/practicas-de-movilidad-en-espana\/islas-canarias\/","title":{"rendered":"Es &#8211; ISLAS CANARIAS"},"content":{"rendered":"<div class=\"wpb-content-wrapper\"><p>[vc_row css=\u00bb.vc_custom_1700593546811{margin-top: -20px !important;background-image: url(https:\/\/espamob.com\/wp-content\/uploads\/2023\/11\/Explore-Islas-canarias.webp?id=20872) !important;background-position: center !important;background-repeat: no-repeat !important;background-size: cover !important;}\u00bb conditional_render=\u00bb%5B%7B%22value_role%22%3A%22administrator%22%7D%5D\u00bb][vc_column][vc_empty_space height=\u00bb220&#8243;][vc_custom_heading text=\u00bbPr\u00e1cticas y movilidad Erasmus Plus en las Islas Canarias &#8211; Gran Canaria &#8211; Tenerife &#8211; Fuerteventura\u00bb font_container=\u00bbtag:h1|font_size:27|text_align:center|color:%23ffffff\u00bb use_theme_fonts=\u00bbyes\u00bb el_class=\u00bbh1blancocentro\u00bb css=\u00bb.vc_custom_1700593384020{background-color: rgba(136,136,136,0.3) !important;*background-color: rgb(136,136,136) !important;}\u00bb][vc_empty_space height=\u00bb15&#8243;][\/vc_column][\/vc_row][vc_row][vc_column][vc_empty_space height=\u00bb15&#8243;][vc_column_text]<\/p>\n<nav aria-label=\"breadcrumb\">\n<ol class=\"breadcrumb\">\n<li class=\"breadcrumb-item\"><a href=\"https:\/\/espamob.com\/\">Home<\/a><\/li>\n<li class=\"breadcrumb-item\"><a href=\"https:\/\/espamob.com\/es\/practicas-de-movilidad-en-espana\">Pr\u00e1ctica Erasmus Plus en Espa\u00f1a<\/a><\/li>\n<li class=\"breadcrumb-item active\" aria-current=\"page\">Pr\u00e1ctica Erasmus Plus en las Islas Canarias<\/li>\n<\/ol>\n<\/nav>\n<p>[\/vc_column_text][vc_custom_heading text=\u00bb\u00a1Inf\u00f3rmese sobre las oportunidades de movilidad y pr\u00e1cticas Erasmus Plus en las Islas Canarias!\u00bb font_container=\u00bbtag:h2|text_align:center\u00bb use_theme_fonts=\u00bbyes\u00bb][vc_custom_heading text=\u00bbLas Islas Canarias, ubicadas en el Oc\u00e9ano Atl\u00e1ntico, se erigen como un destino privilegiado para estudiantes y aprendices de diversas nacionalidades, brindando un entorno din\u00e1mico y multicultural propicio para su formaci\u00f3n. Gracias al programa Erasmus+, tienen la fascinante oportunidad de llevar a cabo pr\u00e1cticas en el extranjero, enriqueciendo sus competencias profesionales y ampliando sus horizontes acad\u00e9micos. Los estudiantes tendr\u00e1n acceso a una amplia diversidad de sectores y empresas en las Islas Canarias, que ofrecen oportunidades de pr\u00e1cticas en distintos campos.<\/p>\n<p>Participar en unas pr\u00e1cticas Erasmus Plus en las Islas Canarias les permitir\u00e1 adquirir una experiencia laboral valiosa mientras exploran la rica cultura espa\u00f1ola, perfeccionan sus habilidades en espa\u00f1ol y se sumergen en la vida cotidiana de estas hermosas islas atl\u00e1nticas.\u00bb font_container=\u00bbtag:p|text_align:justify\u00bb use_theme_fonts=\u00bbyes\u00bb][vc_custom_heading text=\u00bbEn Espamob, estamos comprometidos a facilitar la organizaci\u00f3n de tu movilidad Erasmus+, proporcionando servicios personalizados y un seguimiento atento para ayudarte a encontrar la ubicaci\u00f3n ideal y garantizar una experiencia exitosa. Como socios internacionales, nos aseguramos de que encuentres un alojamiento c\u00f3modo para tu estancia, facilitemos el proceso de obtenci\u00f3n de becas si es necesario y te apoyemos en la preparaci\u00f3n de tu proyecto para el pr\u00f3ximo semestre.<\/p>\n<p>\u00a1No dudes en ponerte en contacto con nosotros y prep\u00e1rate para vivir una experiencia inolvidable en Canarias gracias a Erasmus+! Aprovecha esta oportunidad \u00fanica que te brinda la cooperaci\u00f3n europea para mejorar tu formaci\u00f3n y llevar a cabo proyectos gratificantes.\u00bb font_container=\u00bbtag:p|text_align:justify\u00bb use_theme_fonts=\u00bbyes\u00bb][vc_row_inner][vc_column_inner width=\u00bb1\/2&#8243;][vc_btn title=\u00bbSectores de pr\u00e1cticas\u00bb style=\u00bbcustom\u00bb custom_background=\u00bb#e20e00&#8243; custom_text=\u00bb#ffffff\u00bb size=\u00bblg\u00bb align=\u00bbcenter\u00bb link=\u00bburl:https%3A%2F%2Fespamob.com%2Fes%2Fsectores-practicas-empresas-erasmusplus|title:Sectores%20de%20pr%C3%A1cticas|rel:nofollow\u00bb el_class=\u00bb.botonrojo\u00bb][\/vc_column_inner][vc_column_inner width=\u00bb1\/2&#8243;][vc_btn title=\u00bb\u00a1Cont\u00e1ctenos!\u00bb style=\u00bbcustom\u00bb custom_background=\u00bb#e20e00&#8243; custom_text=\u00bb#ffffff\u00bb size=\u00bblg\u00bb align=\u00bbcenter\u00bb link=\u00bburl:https%3A%2F%2Fespamob.com%2Fes%2Fcontacto|title:Contacto|rel:nofollow\u00bb el_class=\u00bbbotonrojo\u00bb][\/vc_column_inner][vc_column_inner][vc_empty_space][\/vc_column_inner][\/vc_row_inner][\/vc_column][\/vc_row][vc_row wrap_container=\u00bbyes\u00bb is_section=\u00bbyes\u00bb section_skin=\u00bbparallax\u00bb remove_margin_top=\u00bbyes\u00bb remove_margin_bottom=\u00bbyes\u00bb remove_padding_bottom=\u00bbyes\u00bb remove_border=\u00bbyes\u00bb el_id=\u00bbdestino\u00bb][vc_column][vc_custom_heading text=\u00bb\u00bfPor qu\u00e9 hacer una movilidad de pr\u00e1cticas en las <strong>Islas Canarias<\/strong>?\u00bb font_container=\u00bbtag:h2|text_align:center\u00bb use_theme_fonts=\u00bbyes\u00bb][vc_row_inner][vc_column_inner width=\u00bb1\/3&#8243;]<div class=\"aio-icon-component    style_1\"><div id=\"Info-box-wrap-5824\" class=\"aio-icon-box default-icon\" style=\"\"  ><div class=\"aio-icon-default\"><div class=\"ult-just-icon-wrapper  \"><div class=\"align-icon\" style=\"text-align:center;\">\n<div class=\"aio-icon none \"  style=\"color:#e2001a;font-size:44px;display:inline-block;\">\n\t<i class=\"Defaults-user\"><\/i>\n<\/div><\/div><\/div><\/div><div class=\"aio-icon-header\" ><h3 class=\"aio-icon-title ult-responsive\"  data-ultimate-target='#Info-box-wrap-5824 .aio-icon-title'  data-responsive-json-new='{\"font-size\":\"desktop:20px;\",\"line-height\":\"\"}'  style=\"\">Tejidos econ\u00f3micos<\/h3><\/div> <!-- header --><div class=\"aio-icon-description ult-responsive\"  data-ultimate-target='#Info-box-wrap-5824 .aio-icon-description'  data-responsive-json-new='{\"font-size\":\"\",\"line-height\":\"\"}'  style=\"\"><\/p>\n<p style=\"text-align: justify;\">Las Islas Canarias forman parte de la Macaronesia, que es un conjunto de territorios volc\u00e1nicos formado por las Islas Canarias, Madeira, Cabo Verde y las Azores. El archipi\u00e9lago canario est\u00e1 formado por siete islas y m\u00e1s concretamente por tres: Gran Canaria, Tenerife y Fuerteventura, que son las m\u00e1s conocidas. Estas islas le seducir\u00e1n y le ofrecer\u00e1n diversos sectores de actividad, como la hosteler\u00eda, el turismo y la restauraci\u00f3n, aptos para aprendices y practicantes que quieran adquirir una experiencia nueva y enriquecedora<\/p>\n<p><\/div> <!-- description --><\/div> <!-- aio-icon-box --><\/div> <!-- aio-icon-component -->[\/vc_column_inner][vc_column_inner width=\u00bb1\/3&#8243;]<div class=\"aio-icon-component    style_1\"><div id=\"Info-box-wrap-1420\" class=\"aio-icon-box default-icon\" style=\"\"  ><div class=\"aio-icon-default\"><div class=\"ult-just-icon-wrapper  \"><div class=\"align-icon\" style=\"text-align:center;\">\n<div class=\"aio-icon none \"  style=\"color:#e2001a;font-size:44px;display:inline-block;\">\n\t<i class=\"Defaults-globe\"><\/i>\n<\/div><\/div><\/div><\/div><div class=\"aio-icon-header\" ><h3 class=\"aio-icon-title ult-responsive\"  data-ultimate-target='#Info-box-wrap-1420 .aio-icon-title'  data-responsive-json-new='{\"font-size\":\"desktop:20px;\",\"line-height\":\"\"}'  style=\"\">Aspecto log\u00edstico<\/h3><\/div> <!-- header --><div class=\"aio-icon-description ult-responsive\"  data-ultimate-target='#Info-box-wrap-1420 .aio-icon-description'  data-responsive-json-new='{\"font-size\":\"\",\"line-height\":\"\"}'  style=\"\"><\/p>\n<p style=\"text-align: justify;\">Espamob se compromete a organizar su movilidad de la A a la Z. Al ofrecerle una movilidad \u00fanica en las Islas Canarias, el equipo podr\u00e1 proponer diferentes posibilidades de alojamiento para adaptarse mejor a sus necesidades. Gran Canaria, Tenerife y Fuerteventura son islas llenas de lugares por descubrir y por eso haremos todo lo posible para que no se pierda a su llegada, acompa\u00f1\u00e1ndolo en cada paso.<\/p>\n<p><\/div> <!-- description --><\/div> <!-- aio-icon-box --><\/div> <!-- aio-icon-component -->[\/vc_column_inner][vc_column_inner width=\u00bb1\/3&#8243;]<div class=\"aio-icon-component    style_1\"><div id=\"Info-box-wrap-7454\" class=\"aio-icon-box default-icon\" style=\"\"  ><div class=\"aio-icon-default\"><div class=\"ult-just-icon-wrapper  \"><div class=\"align-icon\" style=\"text-align:center;\">\n<div class=\"aio-icon none \"  style=\"color:#e2001a;font-size:44px;display:inline-block;\">\n\t<i class=\"Defaults-sun-o\"><\/i>\n<\/div><\/div><\/div><\/div><div class=\"aio-icon-header\" ><h3 class=\"aio-icon-title ult-responsive\"  data-ultimate-target='#Info-box-wrap-7454 .aio-icon-title'  data-responsive-json-new='{\"font-size\":\"desktop:20px;\",\"line-height\":\"\"}'  style=\"\">Medio ambiente y clima<\/h3><\/div> <!-- header --><div class=\"aio-icon-description ult-responsive\"  data-ultimate-target='#Info-box-wrap-7454 .aio-icon-description'  data-responsive-json-new='{\"font-size\":\"\",\"line-height\":\"\"}'  style=\"\"><\/p>\n<p style=\"text-align: justify;\">Las Islas Canarias, situadas en el Oc\u00e9ano Atl\u00e1ntico, se caracterizan por un clima extremadamente suave, que le permitir\u00e1 aprovechar al m\u00e1ximo su estancia. La temperatura media anual oscila entre los 22 y los 24 grados, lo que permite respirar el aire puro de la naturaleza sin sentir demasiado el calor. Su posici\u00f3n geogr\u00e1fica las hace muy atractivas para los grupos de estudiantes que vienen a realizar una estancia Erasmus plus.<\/p>\n<p><\/div> <!-- description --><\/div> <!-- aio-icon-box --><\/div> <!-- aio-icon-component -->[\/vc_column_inner][\/vc_row_inner][vc_row_inner][vc_column_inner width=\u00bb1\/3&#8243;]<div class=\"aio-icon-component    style_1\"><div id=\"Info-box-wrap-7665\" class=\"aio-icon-box default-icon\" style=\"\"  ><div class=\"aio-icon-default\"><div class=\"ult-just-icon-wrapper  \"><div class=\"align-icon\" style=\"text-align:center;\">\n<div class=\"aio-icon none \"  style=\"color:#e2001a;font-size:44px;display:inline-block;\">\n\t<i class=\"Defaults-building-o\"><\/i>\n<\/div><\/div><\/div><\/div><div class=\"aio-icon-header\" ><h3 class=\"aio-icon-title ult-responsive\"  data-ultimate-target='#Info-box-wrap-7665 .aio-icon-title'  data-responsive-json-new='{\"font-size\":\"desktop:20px;\",\"line-height\":\"\"}'  style=\"\">Lugares de inter\u00e9s<\/h3><\/div> <!-- header --><div class=\"aio-icon-description ult-responsive\"  data-ultimate-target='#Info-box-wrap-7665 .aio-icon-description'  data-responsive-json-new='{\"font-size\":\"\",\"line-height\":\"\"}'  style=\"\"><\/p>\n<p style=\"text-align: justify;\">Estas tres islas, muy acogedoras, permitir\u00e1n a sus grupos vivir una experiencia \u00fanica, mientras descubren una arquitectura que marca la identidad visual de cada una de ellas. Gran Canaria, Tenerife y Fuerteventura son muy adecuadas para grupos y le permitir\u00e1n descubrir lugares ins\u00f3litos como las dunas de Maspalomas en Gran Canaria, las playas de arena negra en Tenerife y el Oasis Park con m\u00e1s de 3.000 animales en Fuerteventura<\/p>\n<p><\/div> <!-- description --><\/div> <!-- aio-icon-box --><\/div> <!-- aio-icon-component -->[\/vc_column_inner][vc_column_inner width=\u00bb1\/3&#8243;]<div class=\"aio-icon-component    style_1\"><div id=\"Info-box-wrap-1568\" class=\"aio-icon-box default-icon\" style=\"\"  ><div class=\"aio-icon-default\"><div class=\"ult-just-icon-wrapper  \"><div class=\"align-icon\" style=\"text-align:center;\">\n<div class=\"aio-icon none \"  style=\"color:#e2001a;font-size:44px;display:inline-block;\">\n\t<i class=\"Defaults-language\"><\/i>\n<\/div><\/div><\/div><\/div><div class=\"aio-icon-header\" ><h3 class=\"aio-icon-title ult-responsive\"  data-ultimate-target='#Info-box-wrap-1568 .aio-icon-title'  data-responsive-json-new='{\"font-size\":\"desktop:20px;\",\"line-height\":\"\"}'  style=\"\">Idiomas<\/h3><\/div> <!-- header --><div class=\"aio-icon-description ult-responsive\"  data-ultimate-target='#Info-box-wrap-1568 .aio-icon-description'  data-responsive-json-new='{\"font-size\":\"\",\"line-height\":\"\"}'  style=\"\"><\/p>\n<p style=\"text-align: justify;\">Las Islas Canarias son islas bastante multiculturales. Efectivamente, aqu\u00ed se habla espa\u00f1ol, pero tambi\u00e9n se pueden descubrir otros idiomas como el ingl\u00e9s. Tienen una gran diversidad de idiomas debido a su car\u00e1cter internacional gracias a los sectores del turismo, la restauraci\u00f3n y la hosteler\u00eda. Hay muchas opciones de pr\u00e1cticas en diferentes idiomas para que se adapten mejor a tus necesidades durante tu movilidad.<\/p>\n<p><\/div> <!-- description --><\/div> <!-- aio-icon-box --><\/div> <!-- aio-icon-component -->[\/vc_column_inner][vc_column_inner width=\u00bb1\/3&#8243;]<div class=\"aio-icon-component    style_1\"><div id=\"Info-box-wrap-3034\" class=\"aio-icon-box default-icon\" style=\"\"  ><div class=\"aio-icon-default\"><div class=\"ult-just-icon-wrapper  \"><div class=\"align-icon\" style=\"text-align:center;\">\n<div class=\"aio-icon none \"  style=\"color:#e2001a;font-size:44px;display:inline-block;\">\n\t<i class=\"Defaults-slideshare\"><\/i>\n<\/div><\/div><\/div><\/div><div class=\"aio-icon-header\" ><h3 class=\"aio-icon-title ult-responsive\"  data-ultimate-target='#Info-box-wrap-3034 .aio-icon-title'  data-responsive-json-new='{\"font-size\":\"desktop:20px;\",\"line-height\":\"\"}'  style=\"\">Fiestas populares<\/h3><\/div> <!-- header --><div class=\"aio-icon-description ult-responsive\"  data-ultimate-target='#Info-box-wrap-3034 .aio-icon-description'  data-responsive-json-new='{\"font-size\":\"\",\"line-height\":\"\"}'  style=\"\"><\/p>\n<p style=\"text-align: justify;\">El ambiente festivo tambi\u00e9n es caracter\u00edstico de las Islas Canarias. Son conocidos por los numerosos festivales y celebraciones que tienen lugar a lo largo del a\u00f1o. Algunos de los m\u00e1s famosos son el carnaval de Las Palmas de Gran Canaria y la fiesta de Agaete La Rama. La mayor\u00eda de las festividades incluyen desfiles, fuegos artificiales y mucho m\u00e1s<\/p>\n<p><\/div> <!-- description --><\/div> <!-- aio-icon-box --><\/div> <!-- aio-icon-component -->[\/vc_column_inner][\/vc_row_inner][vc_row_inner][vc_column_inner width=\u00bb1\/3&#8243;]<div class=\"aio-icon-component    style_1\"><div id=\"Info-box-wrap-5223\" class=\"aio-icon-box default-icon\" style=\"\"  ><div class=\"aio-icon-default\"><div class=\"ult-just-icon-wrapper  \"><div class=\"align-icon\" style=\"text-align:center;\">\n<div class=\"aio-icon none \"  style=\"color:#e2001a;font-size:44px;display:inline-block;\">\n\t<i class=\"Defaults-slideshare\"><\/i>\n<\/div><\/div><\/div><\/div><div class=\"aio-icon-header\" ><h3 class=\"aio-icon-title ult-responsive\"  data-ultimate-target='#Info-box-wrap-5223 .aio-icon-title'  data-responsive-json-new='{\"font-size\":\"desktop:20px;\",\"line-height\":\"\"}'  style=\"\">Movilidad de pr\u00e1cticas Erasmus en el sector hotelero<\/h3><\/div> <!-- header --><div class=\"aio-icon-description ult-responsive\"  data-ultimate-target='#Info-box-wrap-5223 .aio-icon-description'  data-responsive-json-new='{\"font-size\":\"\",\"line-height\":\"\"}'  style=\"\"><\/p>\n<p style=\"text-align: justify;\">Con Espamob tenemos muchos contactos en diferentes cadenas hoteleras en las Islas Canarias y m\u00e1s concretamente en Gran Canaria, Tenerife y Fuerteventura. De hecho, es posible hacer pr\u00e1cticas en la industria hotelera, ocup\u00e1ndose de las reservas, en las relaciones p\u00fablicas, como agente de ventas, pero tambi\u00e9n en la gesti\u00f3n de eventos. Los puestos son variados y permitir\u00e1n a los alumnos mejorar sus habilidades ling\u00fc\u00edsticas practic\u00e1ndolas y sinti\u00e9ndose m\u00e1s c\u00f3modos al hablarlas.<\/p>\n<p><\/div> <!-- description --><\/div> <!-- aio-icon-box --><\/div> <!-- aio-icon-component -->[\/vc_column_inner][vc_column_inner width=\u00bb1\/3&#8243;]<div class=\"aio-icon-component    style_1\"><div id=\"Info-box-wrap-3755\" class=\"aio-icon-box default-icon\" style=\"\"  ><div class=\"aio-icon-default\"><div class=\"ult-just-icon-wrapper  \"><div class=\"align-icon\" style=\"text-align:center;\">\n<div class=\"aio-icon none \"  style=\"color:#e2001a;font-size:44px;display:inline-block;\">\n\t<i class=\"Defaults-language\"><\/i>\n<\/div><\/div><\/div><\/div><div class=\"aio-icon-header\" ><h3 class=\"aio-icon-title ult-responsive\"  data-ultimate-target='#Info-box-wrap-3755 .aio-icon-title'  data-responsive-json-new='{\"font-size\":\"desktop:20px;\",\"line-height\":\"\"}'  style=\"\">Movilidad de pr\u00e1cticas Erasmus en Turismo<\/h3><\/div> <!-- header --><div class=\"aio-icon-description ult-responsive\"  data-ultimate-target='#Info-box-wrap-3755 .aio-icon-description'  data-responsive-json-new='{\"font-size\":\"\",\"line-height\":\"\"}'  style=\"\"><\/p>\n<p style=\"text-align: justify;\">El sector tur\u00edstico es un elemento muy importante para la econom\u00eda de islas como Gran Canaria, Tenerife y Fuerteventura. Es un sector complejo, ya que existen diferentes tipos de turismo, como el turismo de lujo, el gastron\u00f3mico, el cultural y muchos otros. Una movilidad de pr\u00e1cticas en el \u00e1mbito del turismo en las Islas Canarias ser\u00e1 una experiencia \u00fanica y enriquecedora.<\/p>\n<p><\/div> <!-- description --><\/div> <!-- aio-icon-box --><\/div> <!-- aio-icon-component -->[\/vc_column_inner][vc_column_inner width=\u00bb1\/3&#8243;]<div class=\"aio-icon-component    style_1\"><div id=\"Info-box-wrap-6212\" class=\"aio-icon-box default-icon\" style=\"\"  ><div class=\"aio-icon-default\"><div class=\"ult-just-icon-wrapper  \"><div class=\"align-icon\" style=\"text-align:center;\">\n<div class=\"aio-icon none \"  style=\"color:#e2001a;font-size:44px;display:inline-block;\">\n\t<i class=\"Defaults-slideshare\"><\/i>\n<\/div><\/div><\/div><\/div><div class=\"aio-icon-header\" ><h3 class=\"aio-icon-title ult-responsive\"  data-ultimate-target='#Info-box-wrap-6212 .aio-icon-title'  data-responsive-json-new='{\"font-size\":\"desktop:20px;\",\"line-height\":\"\"}'  style=\"\">Movilidad de pr\u00e1cticas Erasmus en restauraci\u00f3n<\/h3><\/div> <!-- header --><div class=\"aio-icon-description ult-responsive\"  data-ultimate-target='#Info-box-wrap-6212 .aio-icon-description'  data-responsive-json-new='{\"font-size\":\"\",\"line-height\":\"\"}'  style=\"\"><\/p>\n<p style=\"text-align: justify;\">Las movilidades de pr\u00e1cticas en el sector de la restauraci\u00f3n son muy diversas y est\u00e1n relacionadas con muchos empleos, como las movilidades de pr\u00e1cticas en cocina y pasteler\u00eda, o como camarero de bar o restaurante. Es una experiencia que permitir\u00e1 a los aprendices y a los alumnos descubrir muchas cosas, como servir y preparar, recibir a los clientes y hablar lenguas extranjeras.<\/p>\n<p><\/div> <!-- description --><\/div> <!-- aio-icon-box --><\/div> <!-- aio-icon-component -->[\/vc_column_inner][\/vc_row_inner]<div id=\"modal-trg-txt-wrap-7935\" class=\"ult-modal-input-wrapper ult-adjust-bottom-margin    \" data-keypress-control=\"keypress-control-enable\" data-overlay-control=\"overlay-control-enable\"><button  data-ultimate-target='#modal-trg-txt-wrap-7935 .btn-modal'  data-responsive-json-new='{\"font-size\":\"\",\"line-height\":\"\"}'  style=\"background:#555555;border-color:#555555;color:#FFFFFF; \" data-class-id=\"content-69e80b8841b1d5-44928982\" class=\"btn-modal ult-responsive btn-primary btn-modal-lg overlay-show ult-align-center btn-id-69e80b8841b1d5-44928982\" data-overlay-class=\"overlay-cornerbottomleft\">Presupuesto para el proyecto<\/button><\/div>\n<div class=\"ult-overlay content-69e80b8841b1d5-44928982 \" data-class=\"content-69e80b8841b1d5-44928982\" id=\"button-click-overlay\" style=\"background:rgba(51,51,51,0.8); display:none;\">\n\t<div class=\"ult_modal ult-fade ult-medium\">\n\t\t<div id=\"ult-modal-wrap-4439\" class=\"ult_modal-content ult-hide\" style=\"border-style:solid;border-width:2px;border-radius:0px;border-color:#333333;\">\n\t\t\t<div class=\"ult_modal-header\" style=\"color:#333333;border-color:#333333;\">\n\t\t\t\t<div class=\"modal-icon\"><i class=\"Defaults-envelope-o\"><\/i><\/div><h3  data-ultimate-target='#ult-modal-wrap-4439 .ult_modal-title'  data-responsive-json-new='{\"font-size\":\"\",\"line-height\":\"\"}'  class=\"ult_modal-title ult-responsive\">Presupuesto para el proyecto<\/h3>\n\t\t\t<\/div>\n\t\t\t<div  data-ultimate-target='#ult-modal-wrap-4439 .ult_modal-body'  data-responsive-json-new='{\"font-size\":\"\",\"line-height\":\"\"}'  class=\"ult_modal-body ult-responsive ult-html\" style=\"\">\n\t\t\t<\/p>\n<p>[caldera_form id=\u00bbCF6149c7d1c4417&#8243;]<\/p>\n<p>\n\t\t\t<\/div>\n\t<\/div>\n\t<\/div>\n\t<div class=\"ult-overlay-close top-right\" style=\" \"><div class=\"ult-overlay-close-inside\">Close<\/div><\/div>\n<\/div>[\/vc_column][\/vc_row][vc_row full_width=\u00bbstretch_row\u00bb wrap_container=\u00bbyes\u00bb is_section=\u00bbyes\u00bb section_skin=\u00bbparallax\u00bb remove_margin_top=\u00bbyes\u00bb remove_margin_bottom=\u00bbyes\u00bb remove_padding_bottom=\u00bbyes\u00bb el_id=\u00bbinformacion\u00bb css=\u00bb.vc_custom_1657354823619{margin-bottom: -35px !important;background-color: #f4f4f4 !important;}\u00bb][vc_column][vc_custom_heading text=\u00bbPreguntas frecuentes sobre la movilidad de pr\u00e1cticas Erasmus en Gran Canaria, Tenerife y Fuerteventura\u00bb font_container=\u00bbtag:h2|text_align:center\u00bb use_theme_fonts=\u00bbyes\u00bb][vc_row_inner][vc_column_inner width=\u00bb2\/3&#8243;][vc_custom_heading text=\u00bb\u00bfQu\u00e9 te aportar\u00e1 una movilidad de pr\u00e1cticas Erasmus plus en las Islas Canarias?\u00bb font_container=\u00bbtag:h3|font_size:18|text_align:left\u00bb use_theme_fonts=\u00bbyes\u00bb css=\u00bb.vc_custom_1657566455340{margin-bottom: 15px !important;}\u00bb][vc_column_text css=\u00bb.vc_custom_1700670966758{margin-top: -10px !important;}\u00bb]<\/p>\n<p style=\"text-align: justify;\">Las Islas Canarias, reconocidas como un destino tur\u00edstico, te permitir\u00e1n comunicarte en diversos idiomas, ofreci\u00e9ndote la oportunidad de desarrollar una experiencia nueva y \u00fanica mientras exploras otra cultura y estilo de vida.<\/p>\n<p>[\/vc_column_text][vc_custom_heading text=\u00bb\u00bfPor qu\u00e9 optar por una movilidad de pr\u00e1cticas en las Islas Canarias?\u00bb font_container=\u00bbtag:h3|font_size:18|text_align:left\u00bb use_theme_fonts=\u00bbyes\u00bb css=\u00bb.vc_custom_1700670987792{margin-bottom: 15px !important;}\u00bb][vc_column_text css=\u00bb.vc_custom_1700670997927{margin-top: -10px !important;}\u00bb]<\/p>\n<p style=\"text-align: justify;\">Realizar pr\u00e1cticas en las Islas Canarias se presenta como una oportunidad ideal para numerosos estudiantes que buscan agregar una experiencia innovadora a su curr\u00edculum y al mismo tiempo adquirir nuevas habilidades profesionales.<\/p>\n<p>[\/vc_column_text][vc_custom_heading text=\u00bb\u00bfQu\u00e9 ventajas pueden ofrecer unas pr\u00e1cticas en el sector hotelero de las Islas Canarias?\u00bb font_container=\u00bbtag:h3|font_size:18|text_align:left\u00bb use_theme_fonts=\u00bbyes\u00bb css=\u00bb.vc_custom_1700671015057{margin-bottom: 15px !important;}\u00bb][vc_column_text css=\u00bb.vc_custom_1700671041184{margin-top: -10px !important;}\u00bb]<\/p>\n<p style=\"text-align: justify;\">Si te apasiona la hosteler\u00eda y quieres vivir una experiencia \u00fanica en el extranjero, las Islas Canarias te har\u00e1n so\u00f1ar y te transportar\u00e1n a un mundo enfocado al turismo.<\/p>\n<p>[\/vc_column_text][\/vc_column_inner][vc_column_inner width=\u00bb1\/3&#8243;][vc_single_image image=\u00bb13913&#8243; img_size=\u00bbfull\u00bb alignment=\u00bbcenter\u00bb][vc_column_text]<strong>M\u00e1s informaci\u00f3n sobre los diferentes destinos Erasmus + en Espa\u00f1a :<\/strong><\/p>\n<ul>\n<li><a href=\"https:\/\/espamob.com\/es\/practicas-de-movilidad-en-espana\/barcelona\">Practica Erasmus Plus en Barcelona<\/a><\/li>\n<li><a href=\"https:\/\/espamob.com\/es\/practicas-de-movilidad-en-espana\/islas-baleares\">Practica Erasmus Plus en las Islas Baleares<\/a><\/li>\n<li><a href=\"https:\/\/espamob.com\/es\/practicas-de-movilidad-en-espana\/valencia\">Practica Erasmus Plus en Valencia<\/a><\/li>\n<\/ul>\n<p>[\/vc_column_text][\/vc_column_inner][\/vc_row_inner][vc_btn title=\u00bb\u00a1 CONT\u00c1CTENOS !\u00bb style=\u00bbcustom\u00bb custom_background=\u00bb#e3001a\u00bb custom_text=\u00bb#ffffff\u00bb shape=\u00bbrounded\u00bb size=\u00bblg\u00bb align=\u00bbcenter\u00bb link=\u00bburl:https%3A%2F%2Fespamob.com%2Fes%2Fcontacto%2F|||rel:nofollow\u00bb][\/vc_column][\/vc_row]<\/p>\n<\/div>","protected":false},"excerpt":{"rendered":"<p>[vc_row css=\u00bb.vc_custom_1700593546811{margin-top: -20px !important;background-image: url(https:\/\/espamob.com\/wp-content\/uploads\/2023\/11\/Explore-Islas-canarias.webp?id=20872) !important;background-position: center !important;background-repeat: no-repeat !important;background-size: cover !important;}\u00bb conditional_render=\u00bb%5B%7B%22value_role%22%3A%22administrator%22%7D%5D\u00bb][vc_column][vc_empty_space height=\u00bb220&#8243;][vc_custom_heading text=\u00bbPr\u00e1cticas y movilidad Erasmus Plus en las Islas Canarias &#8211; Gran Canaria &#8211; Tenerife &#8211; Fuerteventura\u00bb font_container=\u00bbtag:h1|font_size:27|text_align:center|color:%23ffffff\u00bb use_theme_fonts=\u00bbyes\u00bb el_class=\u00bbh1blancocentro\u00bb css=\u00bb.vc_custom_1700593384020{background-color: rgba(136,136,136,0.3) !important;*background-color: rgb(136,136,136) !important;}\u00bb][vc_empty_space height=\u00bb15&#8243;][\/vc_column][\/vc_row][vc_row][vc_column][vc_empty_space height=\u00bb15&#8243;][vc_column_text] Home Pr\u00e1ctica Erasmus Plus en Espa\u00f1a Pr\u00e1ctica Erasmus Plus en las Islas Canarias [\/vc_column_text][vc_custom_heading text=\u00bb\u00a1Inf\u00f3rmese<\/p>\n","protected":false},"author":1,"featured_media":0,"parent":8087,"menu_order":0,"comment_status":"closed","ping_status":"closed","template":"","meta":{"footnotes":""},"class_list":["post-13893","page","type-page","status-publish","hentry"],"_links":{"self":[{"href":"https:\/\/espamob.com\/es\/wp-json\/wp\/v2\/pages\/13893","targetHints":{"allow":["GET"]}}],"collection":[{"href":"https:\/\/espamob.com\/es\/wp-json\/wp\/v2\/pages"}],"about":[{"href":"https:\/\/espamob.com\/es\/wp-json\/wp\/v2\/types\/page"}],"author":[{"embeddable":true,"href":"https:\/\/espamob.com\/es\/wp-json\/wp\/v2\/users\/1"}],"replies":[{"embeddable":true,"href":"https:\/\/espamob.com\/es\/wp-json\/wp\/v2\/comments?post=13893"}],"version-history":[{"count":0,"href":"https:\/\/espamob.com\/es\/wp-json\/wp\/v2\/pages\/13893\/revisions"}],"up":[{"embeddable":true,"href":"https:\/\/espamob.com\/es\/wp-json\/wp\/v2\/pages\/8087"}],"wp:attachment":[{"href":"https:\/\/espamob.com\/es\/wp-json\/wp\/v2\/media?parent=13893"}],"curies":[{"name":"wp","href":"https:\/\/api.w.org\/{rel}","templated":true}]}}