{"id":13870,"date":"2022-07-11T17:03:59","date_gmt":"2022-07-11T17:03:59","guid":{"rendered":"https:\/\/www.espamob.com\/?page_id=13870"},"modified":"2023-11-22T16:34:57","modified_gmt":"2023-11-22T16:34:57","slug":"islas-baleares","status":"publish","type":"page","link":"https:\/\/espamob.com\/es\/practicas-de-movilidad-en-espana\/islas-baleares\/","title":{"rendered":"Es &#8211; ISLAS BALEARES"},"content":{"rendered":"<div class=\"wpb-content-wrapper\"><p>[vc_row css=\u00bb.vc_custom_1700591995799{margin-top: -20px !important;background-image: url(https:\/\/espamob.com\/wp-content\/uploads\/2023\/11\/Explore-Islas-baleares.webp?id=20834) !important;background-position: center !important;background-repeat: no-repeat !important;background-size: cover !important;}\u00bb conditional_render=\u00bb%5B%7B%22value_role%22%3A%22administrator%22%7D%5D\u00bb][vc_column][vc_empty_space height=\u00bb220&#8243;][vc_custom_heading text=\u00bbPr\u00e1cticas y movilidad Erasmus Plus en las Islas Baleares &#8211; Mallorca &#8211; Menorca &#8211; Ibiza\u00bb font_container=\u00bbtag:h1|font_size:27|text_align:center|color:%23ffffff\u00bb use_theme_fonts=\u00bbyes\u00bb el_class=\u00bbh1blancocentro\u00bb css=\u00bb.vc_custom_1700591648572{background-color: rgba(136,136,136,0.3) !important;*background-color: rgb(136,136,136) !important;}\u00bb][vc_empty_space height=\u00bb15&#8243;][\/vc_column][\/vc_row][vc_row][vc_column][vc_empty_space height=\u00bb15&#8243;][vc_column_text]<\/p>\n<nav aria-label=\"breadcrumb\">\n<ol class=\"breadcrumb\">\n<li class=\"breadcrumb-item\"><a href=\"https:\/\/espamob.com\/es\">Home<\/a><\/li>\n<li class=\"breadcrumb-item\"><a href=\"https:\/\/espamob.com\/es\/practicas-de-movilidad-en-espana\">Pr\u00e1ctica Erasmus Plus en Espa\u00f1a<\/a><\/li>\n<li class=\"breadcrumb-item active\" aria-current=\"page\">Pr\u00e1ctica Erasmus Plus en las Islas Baleares<\/li>\n<\/ol>\n<\/nav>\n<p>[\/vc_column_text][vc_custom_heading text=\u00bbInf\u00f3rmese sobre las oportunidades de movilidad y pr\u00e1cticas Erasmus Plus en las Islas Baleares.\u00bb font_container=\u00bbtag:h2|text_align:center\u00bb use_theme_fonts=\u00bbyes\u00bb][vc_custom_heading text=\u00bbDescubre las Islas Baleares, ubicadas en el coraz\u00f3n del Mediterr\u00e1neo, un destino elegido por estudiantes y aprendices de diversas nacionalidades que buscan un entorno din\u00e1mico para su formaci\u00f3n. Gracias al programa Erasmus+, tienen la oportunidad de realizar pr\u00e1cticas enriquecedoras en el extranjero, perfeccionando no solo sus habilidades profesionales sino tambi\u00e9n sus estudios. Nuestros estudiantes disfrutar\u00e1n de acceso a una amplia variedad de sectores y empresas en las Islas Baleares que ofrecen oportunidades de pr\u00e1cticas en diversos campos.<\/p>\n<p>Participando en pr\u00e1cticas Erasmus Plus en las Islas Baleares, obtendr\u00e1n una valiosa experiencia laboral mientras exploran la rica cultura espa\u00f1ola, mejoran sus conocimientos de espa\u00f1ol y se sumergen en la vida cotidiana de estas hermosas islas mediterr\u00e1neas.\u00bb font_container=\u00bbtag:p|text_align:justify\u00bb use_theme_fonts=\u00bbyes\u00bb][vc_custom_heading text=\u00bbEn Espamob, estamos aqu\u00ed para facilitar la organizaci\u00f3n de tu movilidad Erasmus+, brind\u00e1ndote servicios personalizados y un seguimiento atento para ayudarte a encontrar la ubicaci\u00f3n ideal y asegurar una experiencia exitosa. Como socios internacionales, nos encargamos de garantizar un alojamiento c\u00f3modo para tu estancia, facilitamos el proceso de obtenci\u00f3n de becas si es necesario y te apoyamos en la preparaci\u00f3n de tu proyecto para el pr\u00f3ximo semestre.<\/p>\n<p>\u00a1Ponte en contacto con nosotros y prep\u00e1rate para vivir una experiencia inolvidable en las Islas Baleares gracias a Erasmus+! Aprovecha esta oportunidad \u00fanica que te ofrece la cooperaci\u00f3n europea para mejorar tu formaci\u00f3n y llevar a cabo proyectos gratificantes.\u00bb font_container=\u00bbtag:p|text_align:justify\u00bb use_theme_fonts=\u00bbyes\u00bb][vc_row_inner][vc_column_inner width=\u00bb1\/2&#8243;][vc_btn title=\u00bbSectores de pr\u00e1cticas\u00bb style=\u00bbcustom\u00bb custom_background=\u00bb#e20e00&#8243; custom_text=\u00bb#ffffff\u00bb size=\u00bblg\u00bb align=\u00bbcenter\u00bb link=\u00bburl:https%3A%2F%2Fespamob.com%2Fes%2Fsectores-practicas-empresas-erasmusplus|title:Sectores%20de%20pr%C3%A1cticas|rel:nofollow\u00bb el_class=\u00bb.botonrojo\u00bb][\/vc_column_inner][vc_column_inner width=\u00bb1\/2&#8243;][vc_btn title=\u00bb\u00a1Cont\u00e1ctenos!\u00bb style=\u00bbcustom\u00bb custom_background=\u00bb#e20e00&#8243; custom_text=\u00bb#ffffff\u00bb size=\u00bblg\u00bb align=\u00bbcenter\u00bb link=\u00bburl:https%3A%2F%2Fespamob.com%2Fes%2Fcontacto|title:Contacto|rel:nofollow\u00bb el_class=\u00bbbotonrojo\u00bb][\/vc_column_inner][\/vc_row_inner][\/vc_column][\/vc_row][vc_row wrap_container=\u00bbyes\u00bb is_section=\u00bbyes\u00bb section_skin=\u00bbparallax\u00bb remove_margin_top=\u00bbyes\u00bb remove_margin_bottom=\u00bbyes\u00bb remove_padding_bottom=\u00bbyes\u00bb remove_border=\u00bbyes\u00bb el_id=\u00bbdestino\u00bb][vc_column][vc_custom_heading text=\u00bbPor qu\u00e9 hacer una movilidad de pr\u00e1cticas en las <strong>Islas Baleares<\/strong>\u00bb font_container=\u00bbtag:h2|text_align:center\u00bb use_theme_fonts=\u00bbyes\u00bb][vc_row_inner][vc_column_inner width=\u00bb1\/3&#8243;]<div class=\"aio-icon-component    style_1\"><div id=\"Info-box-wrap-7919\" class=\"aio-icon-box default-icon\" style=\"\"  ><div class=\"aio-icon-default\"><div class=\"ult-just-icon-wrapper  \"><div class=\"align-icon\" style=\"text-align:center;\">\n<div class=\"aio-icon none \"  style=\"color:#e2001a;font-size:44px;display:inline-block;\">\n\t<i class=\"Defaults-user\"><\/i>\n<\/div><\/div><\/div><\/div><div class=\"aio-icon-header\" ><h3 class=\"aio-icon-title ult-responsive\"  data-ultimate-target='#Info-box-wrap-7919 .aio-icon-title'  data-responsive-json-new='{\"font-size\":\"desktop:20px;\",\"line-height\":\"\"}'  style=\"\">Tejidos econ\u00f3micos<\/h3><\/div> <!-- header --><div class=\"aio-icon-description ult-responsive\"  data-ultimate-target='#Info-box-wrap-7919 .aio-icon-description'  data-responsive-json-new='{\"font-size\":\"\",\"line-height\":\"\"}'  style=\"\"><\/p>\n<p style=\"text-align: justify;\">Las Islas Baleares forman parte de las comunidades aut\u00f3nomas de Espa\u00f1a y est\u00e1n situadas en el Mar Balear. El archipi\u00e9lago est\u00e1 formado por cinco islas, tres de las cuales son las m\u00e1s conocidas: Mallorca, Menorca e Ibiza. Estas islas le seducir\u00e1n y le ofrecer\u00e1n diversos sectores de actividad, como la hosteler\u00eda, el turismo y la restauraci\u00f3n, aptos para aprendices y practicantes que quieran adquirir una experiencia nueva y enriquecedora.<\/p>\n<p><\/div> <!-- description --><\/div> <!-- aio-icon-box --><\/div> <!-- aio-icon-component -->[\/vc_column_inner][vc_column_inner width=\u00bb1\/3&#8243;]<div class=\"aio-icon-component    style_1\"><div id=\"Info-box-wrap-2447\" class=\"aio-icon-box default-icon\" style=\"\"  ><div class=\"aio-icon-default\"><div class=\"ult-just-icon-wrapper  \"><div class=\"align-icon\" style=\"text-align:center;\">\n<div class=\"aio-icon none \"  style=\"color:#e2001a;font-size:44px;display:inline-block;\">\n\t<i class=\"Defaults-globe\"><\/i>\n<\/div><\/div><\/div><\/div><div class=\"aio-icon-header\" ><h3 class=\"aio-icon-title ult-responsive\"  data-ultimate-target='#Info-box-wrap-2447 .aio-icon-title'  data-responsive-json-new='{\"font-size\":\"desktop:20px;\",\"line-height\":\"\"}'  style=\"\">Aspecto log\u00edstico<\/h3><\/div> <!-- header --><div class=\"aio-icon-description ult-responsive\"  data-ultimate-target='#Info-box-wrap-2447 .aio-icon-description'  data-responsive-json-new='{\"font-size\":\"\",\"line-height\":\"\"}'  style=\"\"><\/p>\n<p style=\"text-align: justify;\">Espamob se compromete a organizar su movilidad de la A a la Z. Al ofrecerle una movilidad \u00fanica en las Islas Baleares, el equipo podr\u00e1 proponerle diferentes posibilidades de alojamiento que se adapten a sus necesidades. Mallorca, Menorca e Ibiza son islas llenas de lugares por descubrir y por eso haremos todo lo posible para que no te pierdas desde tu llegada, acompa\u00f1\u00e1ndote en cada paso.<\/p>\n<p><\/div> <!-- description --><\/div> <!-- aio-icon-box --><\/div> <!-- aio-icon-component -->[\/vc_column_inner][vc_column_inner width=\u00bb1\/3&#8243;]<div class=\"aio-icon-component    style_1\"><div id=\"Info-box-wrap-8086\" class=\"aio-icon-box default-icon\" style=\"\"  ><div class=\"aio-icon-default\"><div class=\"ult-just-icon-wrapper  \"><div class=\"align-icon\" style=\"text-align:center;\">\n<div class=\"aio-icon none \"  style=\"color:#e2001a;font-size:44px;display:inline-block;\">\n\t<i class=\"Defaults-sun-o\"><\/i>\n<\/div><\/div><\/div><\/div><div class=\"aio-icon-header\" ><h3 class=\"aio-icon-title ult-responsive\"  data-ultimate-target='#Info-box-wrap-8086 .aio-icon-title'  data-responsive-json-new='{\"font-size\":\"desktop:20px;\",\"line-height\":\"\"}'  style=\"\">Medio ambiente y clima<\/h3><\/div> <!-- header --><div class=\"aio-icon-description ult-responsive\"  data-ultimate-target='#Info-box-wrap-8086 .aio-icon-description'  data-responsive-json-new='{\"font-size\":\"\",\"line-height\":\"\"}'  style=\"\"><\/p>\n<p style=\"text-align: justify;\">Las Islas Baleares se caracterizan por un clima mediterr\u00e1neo, acentuado por veranos m\u00e1s bien calurosos y secos e inviernos m\u00e1s bien suaves y h\u00famedos, que le permitir\u00e1n aprovechar al m\u00e1ximo su estancia. Su posici\u00f3n geogr\u00e1fica las hace muy atractivas para los grupos de estudiantes que vienen a realizar una <a href=\"https:\/\/erasmus-plus.ec.europa.eu\/es\/opportunities\/opportunities-for-individuals\/students\/traineeships-abroad-for-students\" target=\"_blank\" rel=\"noopener\">estancia Erasmus plus<\/a>.<\/p>\n<p><\/div> <!-- description --><\/div> <!-- aio-icon-box --><\/div> <!-- aio-icon-component -->[\/vc_column_inner][\/vc_row_inner][vc_row_inner][vc_column_inner width=\u00bb1\/3&#8243;]<div class=\"aio-icon-component    style_1\"><div id=\"Info-box-wrap-7378\" class=\"aio-icon-box default-icon\" style=\"\"  ><div class=\"aio-icon-default\"><div class=\"ult-just-icon-wrapper  \"><div class=\"align-icon\" style=\"text-align:center;\">\n<div class=\"aio-icon none \"  style=\"color:#e2001a;font-size:44px;display:inline-block;\">\n\t<i class=\"Defaults-building-o\"><\/i>\n<\/div><\/div><\/div><\/div><div class=\"aio-icon-header\" ><h3 class=\"aio-icon-title ult-responsive\"  data-ultimate-target='#Info-box-wrap-7378 .aio-icon-title'  data-responsive-json-new='{\"font-size\":\"desktop:20px;\",\"line-height\":\"\"}'  style=\"\">Lugares de inter\u00e9s<\/h3><\/div> <!-- header --><div class=\"aio-icon-description ult-responsive\"  data-ultimate-target='#Info-box-wrap-7378 .aio-icon-description'  data-responsive-json-new='{\"font-size\":\"\",\"line-height\":\"\"}'  style=\"\"><\/p>\n<p style=\"text-align: justify;\">Estas tres islas, muy acogedoras, permitir\u00e1n a sus grupos disfrutar de una experiencia \u00fanica, mientras descubren una arquitectura que marca claramente la identidad visual de cada una de ellas. Mallorca, Menorca e Ibiza son muy adecuadas para grupos y le permitir\u00e1n descubrir lugares ins\u00f3litos como la Catedral en Palma de Mallorca o el puerto de Mah\u00f3n en Menorca y otros muchos magn\u00edficos lugares clasificados como Patrimonio de la Unesco en Ibiza<\/p>\n<p><\/div> <!-- description --><\/div> <!-- aio-icon-box --><\/div> <!-- aio-icon-component -->[\/vc_column_inner][vc_column_inner width=\u00bb1\/3&#8243;]<div class=\"aio-icon-component    style_1\"><div id=\"Info-box-wrap-2155\" class=\"aio-icon-box default-icon\" style=\"\"  ><div class=\"aio-icon-default\"><div class=\"ult-just-icon-wrapper  \"><div class=\"align-icon\" style=\"text-align:center;\">\n<div class=\"aio-icon none \"  style=\"color:#e2001a;font-size:44px;display:inline-block;\">\n\t<i class=\"Defaults-language\"><\/i>\n<\/div><\/div><\/div><\/div><div class=\"aio-icon-header\" ><h3 class=\"aio-icon-title ult-responsive\"  data-ultimate-target='#Info-box-wrap-2155 .aio-icon-title'  data-responsive-json-new='{\"font-size\":\"desktop:20px;\",\"line-height\":\"\"}'  style=\"\">Idiomas<\/h3><\/div> <!-- header --><div class=\"aio-icon-description ult-responsive\"  data-ultimate-target='#Info-box-wrap-2155 .aio-icon-description'  data-responsive-json-new='{\"font-size\":\"\",\"line-height\":\"\"}'  style=\"\"><\/p>\n<p style=\"text-align: justify;\">Las Islas Baleares son islas bastante multiculturales. Efectivamente, aqu\u00ed se habla espa\u00f1ol, pero tambi\u00e9n se pueden descubrir otros idiomas como el ingl\u00e9s o el alem\u00e1n, por ejemplo. Tienen una gran diversidad de idiomas debido a su car\u00e1cter internacional gracias a los sectores hotelero y tur\u00edstico. Hay muchas opciones de pr\u00e1cticas en diferentes idiomas para adaptarse a sus necesidades durante su movilidad.<\/p>\n<p><\/div> <!-- description --><\/div> <!-- aio-icon-box --><\/div> <!-- aio-icon-component -->[\/vc_column_inner][vc_column_inner width=\u00bb1\/3&#8243;]<div class=\"aio-icon-component    style_1\"><div id=\"Info-box-wrap-4382\" class=\"aio-icon-box default-icon\" style=\"\"  ><div class=\"aio-icon-default\"><div class=\"ult-just-icon-wrapper  \"><div class=\"align-icon\" style=\"text-align:center;\">\n<div class=\"aio-icon none \"  style=\"color:#e2001a;font-size:44px;display:inline-block;\">\n\t<i class=\"Defaults-slideshare\"><\/i>\n<\/div><\/div><\/div><\/div><div class=\"aio-icon-header\" ><h3 class=\"aio-icon-title ult-responsive\"  data-ultimate-target='#Info-box-wrap-4382 .aio-icon-title'  data-responsive-json-new='{\"font-size\":\"desktop:20px;\",\"line-height\":\"\"}'  style=\"\">Fiestas populares<\/h3><\/div> <!-- header --><div class=\"aio-icon-description ult-responsive\"  data-ultimate-target='#Info-box-wrap-4382 .aio-icon-description'  data-responsive-json-new='{\"font-size\":\"\",\"line-height\":\"\"}'  style=\"\"><\/p>\n<p style=\"text-align: justify;\"><span style=\"font-weight: 400;\">El ambiente festivo tambi\u00e9n es caracter\u00edstico de las Islas Baleares. Son conocidos por sus numerosos festivales y celebraciones a lo largo del a\u00f1o. Algunas de las m\u00e1s famosas son Sant Ferran y la fiesta de la Virgen del Carmen. La mayor\u00eda de las festividades incluyen desfiles, fuegos artificiales y mucho m\u00e1s<\/span><\/p>\n<p><\/div> <!-- description --><\/div> <!-- aio-icon-box --><\/div> <!-- aio-icon-component -->[\/vc_column_inner][\/vc_row_inner][vc_row_inner][vc_column_inner width=\u00bb1\/3&#8243;]<div class=\"aio-icon-component    style_1\"><div id=\"Info-box-wrap-4698\" class=\"aio-icon-box default-icon\" style=\"\"  ><div class=\"aio-icon-default\"><div class=\"ult-just-icon-wrapper  \"><div class=\"align-icon\" style=\"text-align:center;\">\n<div class=\"aio-icon none \"  style=\"color:#e2001a;font-size:44px;display:inline-block;\">\n\t<i class=\"Defaults-slideshare\"><\/i>\n<\/div><\/div><\/div><\/div><div class=\"aio-icon-header\" ><h3 class=\"aio-icon-title ult-responsive\"  data-ultimate-target='#Info-box-wrap-4698 .aio-icon-title'  data-responsive-json-new='{\"font-size\":\"desktop:20px;\",\"line-height\":\"\"}'  style=\"\">Movilidad de pr\u00e1cticas Erasmus en el sector hotelero<\/h3><\/div> <!-- header --><div class=\"aio-icon-description ult-responsive\"  data-ultimate-target='#Info-box-wrap-4698 .aio-icon-description'  data-responsive-json-new='{\"font-size\":\"\",\"line-height\":\"\"}'  style=\"\"><\/p>\n<p style=\"text-align: justify;\">Con Espamob tenemos muchos contactos en diferentes cadenas hoteleras de las Islas Baleares y especialmente en Mallorca, Menorca e Ibiza. En efecto, es posible trabajar en la industria hotelera como agente de reservas, pero tambi\u00e9n en relaciones p\u00fablicas y eventos. Los puestos de trabajo son muy variados y permitir\u00e1n a los alumnos y estudiantes mejorar diferentes idiomas practic\u00e1ndolos y sinti\u00e9ndose m\u00e1s c\u00f3modos al hablarlos.<\/p>\n<p><\/div> <!-- description --><\/div> <!-- aio-icon-box --><\/div> <!-- aio-icon-component -->[\/vc_column_inner][vc_column_inner width=\u00bb1\/3&#8243;]<div class=\"aio-icon-component    style_1\"><div id=\"Info-box-wrap-5751\" class=\"aio-icon-box default-icon\" style=\"\"  ><div class=\"aio-icon-default\"><div class=\"ult-just-icon-wrapper  \"><div class=\"align-icon\" style=\"text-align:center;\">\n<div class=\"aio-icon none \"  style=\"color:#e2001a;font-size:44px;display:inline-block;\">\n\t<i class=\"Defaults-language\"><\/i>\n<\/div><\/div><\/div><\/div><div class=\"aio-icon-header\" ><h3 class=\"aio-icon-title ult-responsive\"  data-ultimate-target='#Info-box-wrap-5751 .aio-icon-title'  data-responsive-json-new='{\"font-size\":\"desktop:20px;\",\"line-height\":\"\"}'  style=\"\">Movilidad de pr\u00e1cticas Erasmus en Turismo<\/h3><\/div> <!-- header --><div class=\"aio-icon-description ult-responsive\"  data-ultimate-target='#Info-box-wrap-5751 .aio-icon-description'  data-responsive-json-new='{\"font-size\":\"\",\"line-height\":\"\"}'  style=\"\"><\/p>\n<p style=\"text-align: justify;\">El sector tur\u00edstico es un elemento muy importante para la econom\u00eda de islas como Mallorca, Menorca e Ibiza. Es un sector muy complejo, ya que existen diferentes tipos de turismo, como el cultural, el de lujo, el gastron\u00f3mico y muchos otros. Una movilidad de pr\u00e1cticas en el \u00e1mbito del turismo en las Islas Baleares ser\u00e1 una experiencia \u00fanica y enriquecedora.<\/p>\n<p><\/div> <!-- description --><\/div> <!-- aio-icon-box --><\/div> <!-- aio-icon-component -->[\/vc_column_inner][vc_column_inner width=\u00bb1\/3&#8243;]<div class=\"aio-icon-component    style_1\"><div id=\"Info-box-wrap-9977\" class=\"aio-icon-box default-icon\" style=\"\"  ><div class=\"aio-icon-default\"><div class=\"ult-just-icon-wrapper  \"><div class=\"align-icon\" style=\"text-align:center;\">\n<div class=\"aio-icon none \"  style=\"color:#e2001a;font-size:44px;display:inline-block;\">\n\t<i class=\"Defaults-slideshare\"><\/i>\n<\/div><\/div><\/div><\/div><div class=\"aio-icon-header\" ><h3 class=\"aio-icon-title ult-responsive\"  data-ultimate-target='#Info-box-wrap-9977 .aio-icon-title'  data-responsive-json-new='{\"font-size\":\"desktop:20px;\",\"line-height\":\"\"}'  style=\"\">Movilidad de pr\u00e1cticas Erasmus en restauraci\u00f3n<\/h3><\/div> <!-- header --><div class=\"aio-icon-description ult-responsive\"  data-ultimate-target='#Info-box-wrap-9977 .aio-icon-description'  data-responsive-json-new='{\"font-size\":\"\",\"line-height\":\"\"}'  style=\"\"><\/p>\n<p style=\"text-align: justify;\">Las movilidades de pr\u00e1cticas en el sector de la restauraci\u00f3n son muy diversas y est\u00e1n relacionadas con muchos empleos, como las pr\u00e1cticas de cocina y pasteler\u00eda, o como camareros de bar o restaurante. Es una experiencia que permitir\u00e1 a los alumnos y aprendices descubrir muchas cosas, como servir y preparar, recibir a los clientes y hablar idiomas extranjeros<\/p>\n<p><\/div> <!-- description --><\/div> <!-- aio-icon-box --><\/div> <!-- aio-icon-component -->[\/vc_column_inner][\/vc_row_inner]<div id=\"modal-trg-txt-wrap-9634\" class=\"ult-modal-input-wrapper ult-adjust-bottom-margin    \" data-keypress-control=\"keypress-control-enable\" data-overlay-control=\"overlay-control-enable\"><button  data-ultimate-target='#modal-trg-txt-wrap-9634 .btn-modal'  data-responsive-json-new='{\"font-size\":\"\",\"line-height\":\"\"}'  style=\"background:#555555;border-color:#555555;color:#FFFFFF; \" data-class-id=\"content-69e75075ae0631-66647916\" class=\"btn-modal ult-responsive btn-primary btn-modal-lg overlay-show ult-align-center btn-id-69e75075ae0631-66647916\" data-overlay-class=\"overlay-cornerbottomleft\">Presupuesto para el proyecto<\/button><\/div>\n<div class=\"ult-overlay content-69e75075ae0631-66647916 \" data-class=\"content-69e75075ae0631-66647916\" id=\"button-click-overlay\" style=\"background:rgba(51,51,51,0.8); display:none;\">\n\t<div class=\"ult_modal ult-fade ult-medium\">\n\t\t<div id=\"ult-modal-wrap-918\" class=\"ult_modal-content ult-hide\" style=\"border-style:solid;border-width:2px;border-radius:0px;border-color:#333333;\">\n\t\t\t<div class=\"ult_modal-header\" style=\"color:#333333;border-color:#333333;\">\n\t\t\t\t<div class=\"modal-icon\"><i class=\"Defaults-envelope-o\"><\/i><\/div><h3  data-ultimate-target='#ult-modal-wrap-918 .ult_modal-title'  data-responsive-json-new='{\"font-size\":\"\",\"line-height\":\"\"}'  class=\"ult_modal-title ult-responsive\">Presupuesto para el proyecto<\/h3>\n\t\t\t<\/div>\n\t\t\t<div  data-ultimate-target='#ult-modal-wrap-918 .ult_modal-body'  data-responsive-json-new='{\"font-size\":\"\",\"line-height\":\"\"}'  class=\"ult_modal-body ult-responsive ult-html\" style=\"\">\n\t\t\t<\/p>\n<p>[caldera_form id=\u00bbCF6149c7d1c4417&#8243;]<\/p>\n<p>\n\t\t\t<\/div>\n\t<\/div>\n\t<\/div>\n\t<div class=\"ult-overlay-close top-right\" style=\" \"><div class=\"ult-overlay-close-inside\">Close<\/div><\/div>\n<\/div>[\/vc_column][\/vc_row][vc_row full_width=\u00bbstretch_row\u00bb wrap_container=\u00bbyes\u00bb is_section=\u00bbyes\u00bb section_skin=\u00bbparallax\u00bb remove_margin_top=\u00bbyes\u00bb remove_margin_bottom=\u00bbyes\u00bb remove_padding_bottom=\u00bbyes\u00bb el_id=\u00bbinformacion\u00bb css=\u00bb.vc_custom_1657354823619{margin-bottom: -35px !important;background-color: #f4f4f4 !important;}\u00bb][vc_column][vc_custom_heading text=\u00bbPreguntas frecuentes sobre la movilidad de pr\u00e1cticas Erasmus en Mallorca, Menorca e Ibiza\u00bb font_container=\u00bbtag:h2|text_align:center\u00bb use_theme_fonts=\u00bbyes\u00bb][vc_row_inner][vc_column_inner width=\u00bb2\/3&#8243;][vc_custom_heading text=\u00bb\u00bfQu\u00e9 te aportar\u00e1 una movilidad de pr\u00e1cticas Erasmus plus en las Islas Baleares?\u00bb font_container=\u00bbtag:h3|font_size:18|text_align:left\u00bb use_theme_fonts=\u00bbyes\u00bb css=\u00bb.vc_custom_1657560381545{margin-bottom: 15px !important;}\u00bb][vc_column_text css=\u00bb.vc_custom_1700670772802{margin-top: -10px !important;}\u00bb]<\/p>\n<p style=\"text-align: justify;\">Las Islas Baleares, caracterizadas por su diversidad cultural y su atractivo tur\u00edstico, te brindar\u00e1n no solo una experiencia nueva, sino tambi\u00e9n \u00fanica, permiti\u00e9ndote sumergirte en otra cultura y estilo de vida.<\/p>\n<p>[\/vc_column_text][vc_custom_heading text=\u00bb\u00bfPor qu\u00e9 optar por pr\u00e1cticas Erasmus Plus en las Islas Baleares?\u00bb font_container=\u00bbtag:h3|font_size:18|text_align:left\u00bb use_theme_fonts=\u00bbyes\u00bb css=\u00bb.vc_custom_1700670782568{margin-bottom: 15px !important;}\u00bb][vc_column_text css=\u00bb.vc_custom_1700670892862{margin-top: -10px !important;}\u00bb]<\/p>\n<p style=\"text-align: justify;\">Realizar pr\u00e1cticas en las Islas Baleares se presenta como una oportunidad de ensue\u00f1o para muchos estudiantes que buscan enriquecer su curr\u00edculum con una experiencia \u00fanica y adquirir nuevas habilidades profesionales. Las<a href=\"https:\/\/erasmus-plus.ec.europa.eu\/es\/opportunities\/opportunities-for-individuals\/students\/traineeships-abroad-for-students\" target=\"_blank\" rel=\"noopener\"> pr\u00e1cticas en el extranjero<\/a> para estudiantes son una excelente manera de abrirse al mundo y ampliar horizontes.<\/p>\n<p>[\/vc_column_text][vc_custom_heading text=\u00bb\u00bfQu\u00e9 puedes esperar de unas pr\u00e1cticas en el sector hotelero de las Islas Baleares?\u00bb font_container=\u00bbtag:h3|font_size:18|text_align:left\u00bb use_theme_fonts=\u00bbyes\u00bb css=\u00bb.vc_custom_1700670803375{margin-bottom: 15px !important;}\u00bb][vc_column_text css=\u00bb.vc_custom_1700670828999{margin-top: -10px !important;}\u00bb]<\/p>\n<p style=\"text-align: justify;\">Si te apasiona la hosteler\u00eda y quieres vivir una experiencia en el extranjero, las Islas Baleares te har\u00e1n so\u00f1ar y te transportar\u00e1n a un mundo enfocado al turismo.<\/p>\n<p>[\/vc_column_text][\/vc_column_inner][vc_column_inner width=\u00bb1\/3&#8243;][vc_single_image image=\u00bb16983&#8243; img_size=\u00bbfull\u00bb alignment=\u00bbcenter\u00bb][vc_column_text]<strong>M\u00e1s informaci\u00f3n sobre los diferentes destinos Erasmus + en Espa\u00f1a :<\/strong><\/p>\n<ul>\n<li><a href=\"https:\/\/espamob.com\/es\/practicas-de-movilidad-en-espana\/barcelona\">Practica Erasmus Plus en Barcelona<\/a><\/li>\n<li><a href=\"https:\/\/espamob.com\/es\/practicas-de-movilidad-en-espana\/islas-canarias\">Practica Erasmus Plus en las Islas Canarias<\/a><\/li>\n<li><a href=\"https:\/\/espamob.com\/es\/practicas-de-movilidad-en-espana\/valencia\">Practica Erasmus Plus en Valencia<\/a><\/li>\n<\/ul>\n<p>[\/vc_column_text][\/vc_column_inner][\/vc_row_inner][vc_btn title=\u00bb\u00a1 CONT\u00c1CTENOS !\u00bb style=\u00bbcustom\u00bb custom_background=\u00bb#e3001a\u00bb custom_text=\u00bb#ffffff\u00bb shape=\u00bbrounded\u00bb size=\u00bblg\u00bb align=\u00bbcenter\u00bb link=\u00bburl:https%3A%2F%2Fespamob.com%2Fes%2Fcontacto%2F|||rel:nofollow\u00bb][\/vc_column][\/vc_row]<\/p>\n<\/div>","protected":false},"excerpt":{"rendered":"<p>[vc_row css=\u00bb.vc_custom_1700591995799{margin-top: -20px !important;background-image: url(https:\/\/espamob.com\/wp-content\/uploads\/2023\/11\/Explore-Islas-baleares.webp?id=20834) !important;background-position: center !important;background-repeat: no-repeat !important;background-size: cover !important;}\u00bb conditional_render=\u00bb%5B%7B%22value_role%22%3A%22administrator%22%7D%5D\u00bb][vc_column][vc_empty_space height=\u00bb220&#8243;][vc_custom_heading text=\u00bbPr\u00e1cticas y movilidad Erasmus Plus en las Islas Baleares &#8211; Mallorca &#8211; Menorca &#8211; Ibiza\u00bb font_container=\u00bbtag:h1|font_size:27|text_align:center|color:%23ffffff\u00bb use_theme_fonts=\u00bbyes\u00bb el_class=\u00bbh1blancocentro\u00bb css=\u00bb.vc_custom_1700591648572{background-color: rgba(136,136,136,0.3) !important;*background-color: rgb(136,136,136) !important;}\u00bb][vc_empty_space height=\u00bb15&#8243;][\/vc_column][\/vc_row][vc_row][vc_column][vc_empty_space height=\u00bb15&#8243;][vc_column_text] Home Pr\u00e1ctica Erasmus Plus en Espa\u00f1a Pr\u00e1ctica Erasmus Plus en las Islas Baleares [\/vc_column_text][vc_custom_heading text=\u00bbInf\u00f3rmese sobre<\/p>\n","protected":false},"author":1,"featured_media":0,"parent":8087,"menu_order":0,"comment_status":"closed","ping_status":"closed","template":"","meta":{"footnotes":""},"class_list":["post-13870","page","type-page","status-publish","hentry"],"_links":{"self":[{"href":"https:\/\/espamob.com\/es\/wp-json\/wp\/v2\/pages\/13870","targetHints":{"allow":["GET"]}}],"collection":[{"href":"https:\/\/espamob.com\/es\/wp-json\/wp\/v2\/pages"}],"about":[{"href":"https:\/\/espamob.com\/es\/wp-json\/wp\/v2\/types\/page"}],"author":[{"embeddable":true,"href":"https:\/\/espamob.com\/es\/wp-json\/wp\/v2\/users\/1"}],"replies":[{"embeddable":true,"href":"https:\/\/espamob.com\/es\/wp-json\/wp\/v2\/comments?post=13870"}],"version-history":[{"count":0,"href":"https:\/\/espamob.com\/es\/wp-json\/wp\/v2\/pages\/13870\/revisions"}],"up":[{"embeddable":true,"href":"https:\/\/espamob.com\/es\/wp-json\/wp\/v2\/pages\/8087"}],"wp:attachment":[{"href":"https:\/\/espamob.com\/es\/wp-json\/wp\/v2\/media?parent=13870"}],"curies":[{"name":"wp","href":"https:\/\/api.w.org\/{rel}","templated":true}]}}