{"id":13772,"date":"2022-07-06T18:25:35","date_gmt":"2022-07-06T18:25:35","guid":{"rendered":"https:\/\/www.espamob.com\/?page_id=13772"},"modified":"2023-11-22T16:31:15","modified_gmt":"2023-11-22T16:31:15","slug":"barcelona","status":"publish","type":"page","link":"https:\/\/espamob.com\/es\/practicas-de-movilidad-en-espana\/barcelona\/","title":{"rendered":"Es &#8211; BARCELONA"},"content":{"rendered":"<div class=\"wpb-content-wrapper\"><p>[vc_row css=\u00bb.vc_custom_1700590010745{margin-top: -20px !important;background-image: url(https:\/\/espamob.com\/wp-content\/uploads\/2023\/11\/Explore-Barcelona-1240_300.webp?id=20767) !important;background-position: center !important;background-repeat: no-repeat !important;background-size: cover !important;}\u00bb conditional_render=\u00bb%5B%7B%22value_role%22%3A%22administrator%22%7D%5D\u00bb][vc_column][vc_empty_space height=\u00bb220&#8243;][vc_custom_heading text=\u00bbPr\u00e1cticas y movilidad Erasmus Plus en Barcelona, Catalu\u00f1a\u00bb font_container=\u00bbtag:h1|font_size:27|text_align:center|color:%23ffffff\u00bb use_theme_fonts=\u00bbyes\u00bb el_class=\u00bbh1blancocentro\u00bb css=\u00bb.vc_custom_1700589862173{background-color: rgba(136,136,136,0.3) !important;*background-color: rgb(136,136,136) !important;}\u00bb][vc_empty_space height=\u00bb15&#8243;][\/vc_column][\/vc_row][vc_row][vc_column][vc_empty_space][vc_column_text]<\/p>\n<ol class=\"breadcrumb\">\n<li class=\"breadcrumb-item\"><a href=\"https:\/\/espamob.com\/es\">Home<\/a><\/li>\n<li class=\"breadcrumb-item\"><a href=\"https:\/\/espamob.com\/es\/practicas-de-movilidad-en-espana\">Pr\u00e1ctica Erasmus Plus en Espa\u00f1a<\/a><\/li>\n<li class=\"breadcrumb-item active\" aria-current=\"page\">Pr\u00e1ctica Erasmus Plus en Barcelona<\/li>\n<\/ol>\n<p>[\/vc_column_text][vc_custom_heading text=\u00bbInf\u00f3rmese sobre las oportunidades de movilidad y pr\u00e1cticas Erasmus Plus en Barcelona.\u00bb font_container=\u00bbtag:h2|text_align:center\u00bb use_theme_fonts=\u00bbyes\u00bb][vc_column_text]Barcelona se destaca como un destino muy solicitado entre estudiantes y aprendices, gracias a su entorno de aprendizaje din\u00e1mico. A trav\u00e9s del programa Erasmus Plus, tienen la oportunidad de participar en pr\u00e1cticas enriquecedoras que mejoran significativamente sus competencias profesionales. Nuestros estudiantes acceder\u00e1n a una amplia variedad de sectores y empresas en Barcelona, que ofrecen oportunidades de pr\u00e1cticas en diversos campos.<\/p>\n<p>Al participar en pr\u00e1cticas en Barcelona a trav\u00e9s de Erasmus+, experimentar\u00e1n un crecimiento profesional invaluable al tiempo que exploran la rica cultura espa\u00f1ola, perfeccionan sus habilidades ling\u00fc\u00edsticas y se sumergen en la vida cotidiana de esta hermosa ciudad mediterr\u00e1nea.<\/p>\n<p>En Espamob, estamos aqu\u00ed para facilitarte la organizaci\u00f3n de tu movilidad <a href=\"https:\/\/espamob.com\/es\/practicas-de-movilidad-en-espana\">Erasmus Plus en Espa\u00f1a<\/a> mediante nuestros servicios personalizados y un seguimiento atento, asegur\u00e1ndonos de que encuentres la colocaci\u00f3n ideal y disfrutes de una experiencia exitosa. \u00a1No dudes en ponerte en contacto con nosotros y prep\u00e1rate para vivir una experiencia inolvidable en Barcelona gracias a Erasmus+![\/vc_column_text][vc_row_inner][vc_column_inner width=\u00bb1\/2&#8243;][vc_btn title=\u00bbSectores de pr\u00e1cticas\u00bb style=\u00bbcustom\u00bb custom_background=\u00bb#e3001a\u00bb custom_text=\u00bb#ffffff\u00bb shape=\u00bbrounded\u00bb size=\u00bblg\u00bb align=\u00bbcenter\u00bb link=\u00bburl:https%3A%2F%2Fespamob.com%2Fes%2Fsectores-practicas-empresas-erasmusplus|title:Sectores%20de%20pr%C3%A1cticas\u00bb][\/vc_column_inner][vc_column_inner width=\u00bb1\/2&#8243;][vc_btn title=\u00bb\u00a1Cont\u00e1ctenos!\u00bb style=\u00bbcustom\u00bb custom_background=\u00bb#e3001a\u00bb custom_text=\u00bb#ffffff\u00bb shape=\u00bbrounded\u00bb size=\u00bblg\u00bb align=\u00bbcenter\u00bb link=\u00bburl:https%3A%2F%2Fespamob.com%2Fes%2Fcontacto|title:Contacto\u00bb][\/vc_column_inner][\/vc_row_inner][\/vc_column][\/vc_row][vc_row wrap_container=\u00bbyes\u00bb is_section=\u00bbyes\u00bb section_skin=\u00bbparallax\u00bb remove_margin_top=\u00bbyes\u00bb remove_margin_bottom=\u00bbyes\u00bb remove_padding_bottom=\u00bbyes\u00bb remove_border=\u00bbyes\u00bb el_id=\u00bbdestino\u00bb][vc_column][vc_custom_heading text=\u00bbPor qu\u00e9 hacer una movilidad de pr\u00e1cticas en <strong>Barcelona<\/strong>\u00bb font_container=\u00bbtag:h2|text_align:center\u00bb use_theme_fonts=\u00bbyes\u00bb][vc_row_inner][vc_column_inner width=\u00bb1\/3&#8243;]<div class=\"aio-icon-component    style_1\"><div id=\"Info-box-wrap-5329\" class=\"aio-icon-box default-icon\" style=\"\"  ><div class=\"aio-icon-default\"><div class=\"ult-just-icon-wrapper  \"><div class=\"align-icon\" style=\"text-align:center;\">\n<div class=\"aio-icon none \"  style=\"color:#e2001a;font-size:44px;display:inline-block;\">\n\t<i class=\"Defaults-user\"><\/i>\n<\/div><\/div><\/div><\/div><div class=\"aio-icon-header\" ><h3 class=\"aio-icon-title ult-responsive\"  data-ultimate-target='#Info-box-wrap-5329 .aio-icon-title'  data-responsive-json-new='{\"font-size\":\"desktop:20px;\",\"line-height\":\"\"}'  style=\"\">Tejidos econ\u00f3micos<\/h3><\/div> <!-- header --><div class=\"aio-icon-description ult-responsive\"  data-ultimate-target='#Info-box-wrap-5329 .aio-icon-description'  data-responsive-json-new='{\"font-size\":\"\",\"line-height\":\"\"}'  style=\"\"><\/p>\n<p style=\"text-align: justify;\"><a href=\"https:\/\/erasmus-plus.ec.europa.eu\/es\" target=\"_blank\" rel=\"noopener\"><strong>ERASMUS PLUS<\/strong><\/a> en Barcelona : est\u00e1 considerada la segunda ciudad m\u00e1s grande de Espa\u00f1a, con una poblaci\u00f3n de 1,62 millones de habitantes. Es una ciudad muy din\u00e1mica y cosmopolita, que te atraer\u00e1 y ofrecer\u00e1 varios sectores empresariales adecuados para los becarios y aprendices que vengan a <strong>Barcelona<\/strong> a adquirir una experiencia nueva y gratificante. De hecho, cuenta con un capital humano \u00fanico y esto permitir\u00e1 a los estudiantes descubrir y aprender una nueva cultura.<\/p>\n<p><\/div> <!-- description --><\/div> <!-- aio-icon-box --><\/div> <!-- aio-icon-component -->[\/vc_column_inner][vc_column_inner width=\u00bb1\/3&#8243;]<div class=\"aio-icon-component    style_1\"><div id=\"Info-box-wrap-1785\" class=\"aio-icon-box default-icon\" style=\"\"  ><div class=\"aio-icon-default\"><div class=\"ult-just-icon-wrapper  \"><div class=\"align-icon\" style=\"text-align:center;\">\n<div class=\"aio-icon none \"  style=\"color:#e2001a;font-size:44px;display:inline-block;\">\n\t<i class=\"Defaults-globe\"><\/i>\n<\/div><\/div><\/div><\/div><div class=\"aio-icon-header\" ><h3 class=\"aio-icon-title ult-responsive\"  data-ultimate-target='#Info-box-wrap-1785 .aio-icon-title'  data-responsive-json-new='{\"font-size\":\"desktop:20px;\",\"line-height\":\"\"}'  style=\"\">Aspecto log\u00edstico<\/h3><\/div> <!-- header --><div class=\"aio-icon-description ult-responsive\"  data-ultimate-target='#Info-box-wrap-1785 .aio-icon-description'  data-responsive-json-new='{\"font-size\":\"\",\"line-height\":\"\"}'  style=\"\"><\/p>\n<p style=\"text-align: justify;\">Espamob se compromete a organizar su movilidad de la A a la Z. Ofreci\u00e9ndole una acogida c\u00e1lida y \u00fanica en <a href=\"https:\/\/www.barcelonaturisme.com\/wv3\/es\/page\/38\/puntos-de-informacion-turistica.html\" target=\"_blank\" rel=\"noopener\">Barcelona<\/a>, el equipo podr\u00e1 proponer diferentes opciones de alojamiento, as\u00ed como de transporte p\u00fablico, para adaptarse mejor a sus necesidades. Barcelona es una ciudad llena de lugares por descubrir y por eso haremos todo lo posible para que no se pierda a su llegada, acompa\u00f1\u00e1ndolo en todo momento.<\/p>\n<p><\/div> <!-- description --><\/div> <!-- aio-icon-box --><\/div> <!-- aio-icon-component -->[\/vc_column_inner][vc_column_inner width=\u00bb1\/3&#8243;]<div class=\"aio-icon-component    style_1\"><div id=\"Info-box-wrap-4682\" class=\"aio-icon-box default-icon\" style=\"\"  ><div class=\"aio-icon-default\"><div class=\"ult-just-icon-wrapper  \"><div class=\"align-icon\" style=\"text-align:center;\">\n<div class=\"aio-icon none \"  style=\"color:#e2001a;font-size:44px;display:inline-block;\">\n\t<i class=\"Defaults-sun-o\"><\/i>\n<\/div><\/div><\/div><\/div><div class=\"aio-icon-header\" ><h3 class=\"aio-icon-title ult-responsive\"  data-ultimate-target='#Info-box-wrap-4682 .aio-icon-title'  data-responsive-json-new='{\"font-size\":\"desktop:20px;\",\"line-height\":\"\"}'  style=\"\">Medio ambiente y clima<\/h3><\/div> <!-- header --><div class=\"aio-icon-description ult-responsive\"  data-ultimate-target='#Info-box-wrap-4682 .aio-icon-description'  data-responsive-json-new='{\"font-size\":\"\",\"line-height\":\"\"}'  style=\"\"><\/p>\n<p style=\"text-align: justify;\">El clima mediterr\u00e1neo de <a href=\"https:\/\/es.wikipedia.org\/wiki\/Barcelona\" target=\"_blank\" rel=\"noopener\">Barcelona<\/a> es muy agradable y le permitir\u00e1 disfrutar al m\u00e1ximo de la ciudad. De hecho, entre el mar y la monta\u00f1a, sus paisajes se diversifican y son uno de los muchos activos de la capital catalana. La posici\u00f3n geogr\u00e1fica de Barcelona la hace muy atractiva para los grupos de estudiantes que vienen a realizar una estancia Erasmus plus.<\/p>\n<p><\/div> <!-- description --><\/div> <!-- aio-icon-box --><\/div> <!-- aio-icon-component -->[\/vc_column_inner][\/vc_row_inner][vc_row_inner][vc_column_inner width=\u00bb1\/3&#8243;]<div class=\"aio-icon-component    style_1\"><div id=\"Info-box-wrap-3043\" class=\"aio-icon-box default-icon\" style=\"\"  ><div class=\"aio-icon-default\"><div class=\"ult-just-icon-wrapper  \"><div class=\"align-icon\" style=\"text-align:center;\">\n<div class=\"aio-icon none \"  style=\"color:#e2001a;font-size:44px;display:inline-block;\">\n\t<i class=\"Defaults-building-o\"><\/i>\n<\/div><\/div><\/div><\/div><div class=\"aio-icon-header\" ><h3 class=\"aio-icon-title ult-responsive\"  data-ultimate-target='#Info-box-wrap-3043 .aio-icon-title'  data-responsive-json-new='{\"font-size\":\"desktop:20px;\",\"line-height\":\"\"}'  style=\"\">Lugares de inter\u00e9s<\/h3><\/div> <!-- header --><div class=\"aio-icon-description ult-responsive\"  data-ultimate-target='#Info-box-wrap-3043 .aio-icon-description'  data-responsive-json-new='{\"font-size\":\"\",\"line-height\":\"\"}'  style=\"\"><\/p>\n<p class=\"text-align-justify\" style=\"text-align: justify;\">Esta gran y acogedora ciudad permitir\u00e1 a su grupo disfrutar de una experiencia \u00fanica, al tiempo que descubre su arquitectura, muy presente en su identidad visual. Barcelona es una ciudad muy adecuada para grupos grandes y le permitir\u00e1 descubrir lugares ins\u00f3litos como la <a href=\"https:\/\/sagradafamilia.org\/es\/home\" target=\"_blank\" rel=\"noopener\">Sagrada Familia<\/a>, la Casa Batll\u00f3 y muchas otras obras arquitect\u00f3nicas de Gaud\u00ed.<\/p>\n<p><\/div> <!-- description --><\/div> <!-- aio-icon-box --><\/div> <!-- aio-icon-component -->[\/vc_column_inner][vc_column_inner width=\u00bb1\/3&#8243;]<div class=\"aio-icon-component    style_1\"><div id=\"Info-box-wrap-5101\" class=\"aio-icon-box default-icon\" style=\"\"  ><div class=\"aio-icon-default\"><div class=\"ult-just-icon-wrapper  \"><div class=\"align-icon\" style=\"text-align:center;\">\n<div class=\"aio-icon none \"  style=\"color:#e2001a;font-size:44px;display:inline-block;\">\n\t<i class=\"Defaults-language\"><\/i>\n<\/div><\/div><\/div><\/div><div class=\"aio-icon-header\" ><h3 class=\"aio-icon-title ult-responsive\"  data-ultimate-target='#Info-box-wrap-5101 .aio-icon-title'  data-responsive-json-new='{\"font-size\":\"desktop:20px;\",\"line-height\":\"\"}'  style=\"\">Idiomas<\/h3><\/div> <!-- header --><div class=\"aio-icon-description ult-responsive\"  data-ultimate-target='#Info-box-wrap-5101 .aio-icon-description'  data-responsive-json-new='{\"font-size\":\"\",\"line-height\":\"\"}'  style=\"\"><\/p>\n<p class=\"text-align-justify\" style=\"text-align: justify;\">Barcelona es una ciudad multicultural. Las lenguas oficiales son el espa\u00f1ol y el catal\u00e1n, pero tambi\u00e9n se pueden aprender otros idiomas como el ingl\u00e9s. Barcelona tiene una gran variedad de idiomas debido a su car\u00e1cter internacional. Hay muchas opciones de pr\u00e1cticas en diferentes idiomas para adaptarse a sus necesidades durante su movilidad.<\/p>\n<p><\/div> <!-- description --><\/div> <!-- aio-icon-box --><\/div> <!-- aio-icon-component -->[\/vc_column_inner][vc_column_inner width=\u00bb1\/3&#8243;]<div class=\"aio-icon-component    style_1\"><div id=\"Info-box-wrap-6610\" class=\"aio-icon-box default-icon\" style=\"\"  ><div class=\"aio-icon-default\"><div class=\"ult-just-icon-wrapper  \"><div class=\"align-icon\" style=\"text-align:center;\">\n<div class=\"aio-icon none \"  style=\"color:#e2001a;font-size:44px;display:inline-block;\">\n\t<i class=\"Defaults-slideshare\"><\/i>\n<\/div><\/div><\/div><\/div><div class=\"aio-icon-header\" ><h3 class=\"aio-icon-title ult-responsive\"  data-ultimate-target='#Info-box-wrap-6610 .aio-icon-title'  data-responsive-json-new='{\"font-size\":\"desktop:20px;\",\"line-height\":\"\"}'  style=\"\">Fiestas populares<\/h3><\/div> <!-- header --><div class=\"aio-icon-description ult-responsive\"  data-ultimate-target='#Info-box-wrap-6610 .aio-icon-description'  data-responsive-json-new='{\"font-size\":\"\",\"line-height\":\"\"}'  style=\"\"><\/p>\n<p class=\"text-align-justify\" style=\"text-align: justify;\">El ambiente festivo tambi\u00e9n es caracter\u00edstico de Barcelona. Catalu\u00f1a es conocida por sus numerosas fiestas y celebraciones a lo largo del a\u00f1o. Entre las m\u00e1s famosas se encuentran <strong>Sant Joan<\/strong> y la <strong>Merc\u00e9<\/strong>. En la mayor\u00eda de las festividades se puede disfrutar de desfiles, fuegos artificiales y mucho m\u00e1s.<\/p>\n<p><\/div> <!-- description --><\/div> <!-- aio-icon-box --><\/div> <!-- aio-icon-component -->[\/vc_column_inner][\/vc_row_inner]<div id=\"modal-trg-txt-wrap-7819\" class=\"ult-modal-input-wrapper ult-adjust-bottom-margin    \" data-keypress-control=\"keypress-control-enable\" data-overlay-control=\"overlay-control-enable\"><button  data-ultimate-target='#modal-trg-txt-wrap-7819 .btn-modal'  data-responsive-json-new='{\"font-size\":\"\",\"line-height\":\"\"}'  style=\"background:#555555;border-color:#555555;color:#FFFFFF; \" data-class-id=\"content-69e7505b4bf806-50034074\" class=\"btn-modal ult-responsive btn-primary btn-modal-lg overlay-show ult-align-center btn-id-69e7505b4bf806-50034074\" data-overlay-class=\"overlay-cornerbottomleft\">Presupuesto para el proyecto<\/button><\/div>\n<div class=\"ult-overlay content-69e7505b4bf806-50034074 \" data-class=\"content-69e7505b4bf806-50034074\" id=\"button-click-overlay\" style=\"background:rgba(51,51,51,0.8); display:none;\">\n\t<div class=\"ult_modal ult-fade ult-medium\">\n\t\t<div id=\"ult-modal-wrap-1362\" class=\"ult_modal-content ult-hide\" style=\"border-style:solid;border-width:2px;border-radius:0px;border-color:#333333;\">\n\t\t\t<div class=\"ult_modal-header\" style=\"color:#333333;border-color:#333333;\">\n\t\t\t\t<div class=\"modal-icon\"><i class=\"Defaults-envelope-o\"><\/i><\/div><h3  data-ultimate-target='#ult-modal-wrap-1362 .ult_modal-title'  data-responsive-json-new='{\"font-size\":\"\",\"line-height\":\"\"}'  class=\"ult_modal-title ult-responsive\">Presupuesto para el proyecto<\/h3>\n\t\t\t<\/div>\n\t\t\t<div  data-ultimate-target='#ult-modal-wrap-1362 .ult_modal-body'  data-responsive-json-new='{\"font-size\":\"\",\"line-height\":\"\"}'  class=\"ult_modal-body ult-responsive ult-html\" style=\"\">\n\t\t\t<\/p>\n<p>[caldera_form id=\u00bbCF6149c7d1c4417&#8243;]<\/p>\n<p>\n\t\t\t<\/div>\n\t<\/div>\n\t<\/div>\n\t<div class=\"ult-overlay-close top-right\" style=\" \"><div class=\"ult-overlay-close-inside\">Close<\/div><\/div>\n<\/div>[\/vc_column][\/vc_row][vc_row full_width=\u00bbstretch_row\u00bb wrap_container=\u00bbyes\u00bb is_section=\u00bbyes\u00bb section_skin=\u00bbparallax\u00bb remove_margin_top=\u00bbyes\u00bb remove_margin_bottom=\u00bbyes\u00bb remove_padding_bottom=\u00bbyes\u00bb el_id=\u00bbinformacion\u00bb css=\u00bb.vc_custom_1657354823619{margin-bottom: -35px !important;background-color: #f4f4f4 !important;}\u00bb][vc_column][vc_custom_heading text=\u00bbPreguntas frecuentes sobre la movilidad de pr\u00e1cticas Erasmus en Barcelona\u00bb font_container=\u00bbtag:h2|text_align:center\u00bb use_theme_fonts=\u00bbyes\u00bb][vc_row_inner][vc_column_inner width=\u00bb2\/3&#8243;][vc_custom_heading text=\u00bb\u00bfQu\u00e9 te aportar\u00e1 una movilidad de pr\u00e1cticas Erasmus plus en Barcelona?\u00bb font_container=\u00bbtag:h3|font_size:18|text_align:left\u00bb use_theme_fonts=\u00bbyes\u00bb css=\u00bb.vc_custom_1700670462078{margin-bottom: 15px !important;}\u00bb][vc_column_text css=\u00bb.vc_custom_1700670642598{margin-top: -10px !important;}\u00bb]<\/p>\n<p style=\"text-align: justify;\">Barcelona, una ciudad multicultural, brinda <a href=\"https:\/\/espamob.com\/es\/sectores-practicas-empresas-erasmusplus\">diversas oportunidades de pr\u00e1cticas en sectores<\/a> que van desde el turismo hasta la tecnolog\u00eda. Al participar en estas pr\u00e1cticas adaptadas a tus necesidades e intereses, no solo desarrollar\u00e1s una experiencia \u00fanica, sino que tambi\u00e9n descubrir\u00e1s una cultura y estilo de vida apasionantes.<\/p>\n<p>[\/vc_column_text][vc_custom_heading text=\u00bb\u00bfPor qu\u00e9 optar por pr\u00e1cticas Erasmus Plus en Barcelona?\u00bb font_container=\u00bbtag:h3|font_size:18|text_align:left\u00bb use_theme_fonts=\u00bbyes\u00bb css=\u00bb.vc_custom_1700670498153{margin-bottom: 15px !important;}\u00bb][vc_column_text css=\u00bb.vc_custom_1700670509815{margin-top: -10px !important;}\u00bb]<\/p>\n<p style=\"text-align: justify;\">Para muchos estudiantes, realizar pr\u00e1cticas Erasmus Plus en Barcelona representa una oportunidad ideal para enriquecer su curr\u00edculum con una experiencia \u00fanica y adquirir nuevas habilidades profesionales de cara al futuro.<\/p>\n<p>[\/vc_column_text][vc_custom_heading text=\u00bb\u00bfCu\u00e1l es el procedimiento para las pr\u00e1cticas de movilidad en Barcelona?\u00bb font_container=\u00bbtag:h3|font_size:18|text_align:left\u00bb use_theme_fonts=\u00bbyes\u00bb css=\u00bb.vc_custom_1700670520039{margin-bottom: 15px !important;}\u00bb][vc_column_text css=\u00bb.vc_custom_1700670670319{margin-top: -10px !important;}\u00bb]<\/p>\n<p style=\"text-align: justify;\">\u00bfC\u00f3mo funciona el<a href=\"https:\/\/espamob.com\/es\/etapas-movilidad-erasmus\"> proceso de las pr\u00e1cticas Erasmus Plus<\/a> en Barcelona con Espamob? Es muy sencillo. Solo necesitas ponerte en contacto con nosotros para solicitar un presupuesto, detallando tus requisitos. Si aceptas nuestra oferta, nos encargaremos de todo, desde la planificaci\u00f3n hasta la ejecuci\u00f3n, brind\u00e1ndote apoyo en cada paso del camino.<\/p>\n<p>[\/vc_column_text][\/vc_column_inner][vc_column_inner width=\u00bb1\/3&#8243;][vc_single_image image=\u00bb13369&#8243; img_size=\u00bb300&#215;300&#8243; alignment=\u00bbcenter\u00bb title=\u00bbErasmus plus Barcelona\u00bb][vc_column_text]<strong>M\u00e1s informaci\u00f3n sobre los diferentes destinos Erasmus + en Espa\u00f1a :<\/strong><\/p>\n<ul>\n<li><a href=\"https:\/\/espamob.com\/es\/practicas-de-movilidad-en-espana\/islas-baleares\">Practica Erasmus Plus en las Islas Baleares<\/a><\/li>\n<li><a href=\"https:\/\/espamob.com\/es\/practicas-de-movilidad-en-espana\/islas-canarias\">Practica Erasmus Plus en las Islas Canarias<\/a><\/li>\n<li><a href=\"https:\/\/espamob.com\/es\/practicas-de-movilidad-en-espana\/valencia\">Practica Erasmus Plus en Valencia<\/a><\/li>\n<\/ul>\n<p>[\/vc_column_text][\/vc_column_inner][\/vc_row_inner][vc_btn title=\u00bb\u00a1 CONT\u00c1CTENOS !\u00bb style=\u00bbcustom\u00bb custom_background=\u00bb#e3001a\u00bb custom_text=\u00bb#ffffff\u00bb shape=\u00bbrounded\u00bb size=\u00bblg\u00bb align=\u00bbcenter\u00bb link=\u00bburl:https%3A%2F%2Fespamob.com%2Fes%2Fcontacto%2F|||rel:nofollow\u00bb][\/vc_column][\/vc_row]<\/p>\n<\/div>","protected":false},"excerpt":{"rendered":"<p>[vc_row css=\u00bb.vc_custom_1700590010745{margin-top: -20px !important;background-image: url(https:\/\/espamob.com\/wp-content\/uploads\/2023\/11\/Explore-Barcelona-1240_300.webp?id=20767) !important;background-position: center !important;background-repeat: no-repeat !important;background-size: cover !important;}\u00bb conditional_render=\u00bb%5B%7B%22value_role%22%3A%22administrator%22%7D%5D\u00bb][vc_column][vc_empty_space height=\u00bb220&#8243;][vc_custom_heading text=\u00bbPr\u00e1cticas y movilidad Erasmus Plus en Barcelona, Catalu\u00f1a\u00bb font_container=\u00bbtag:h1|font_size:27|text_align:center|color:%23ffffff\u00bb use_theme_fonts=\u00bbyes\u00bb el_class=\u00bbh1blancocentro\u00bb css=\u00bb.vc_custom_1700589862173{background-color: rgba(136,136,136,0.3) !important;*background-color: rgb(136,136,136) !important;}\u00bb][vc_empty_space height=\u00bb15&#8243;][\/vc_column][\/vc_row][vc_row][vc_column][vc_empty_space][vc_column_text] Home Pr\u00e1ctica Erasmus Plus en Espa\u00f1a Pr\u00e1ctica Erasmus Plus en Barcelona [\/vc_column_text][vc_custom_heading text=\u00bbInf\u00f3rmese sobre las oportunidades de movilidad y pr\u00e1cticas Erasmus Plus en Barcelona.\u00bb<\/p>\n","protected":false},"author":1,"featured_media":0,"parent":8087,"menu_order":0,"comment_status":"closed","ping_status":"closed","template":"","meta":{"footnotes":""},"class_list":["post-13772","page","type-page","status-publish","hentry"],"_links":{"self":[{"href":"https:\/\/espamob.com\/es\/wp-json\/wp\/v2\/pages\/13772","targetHints":{"allow":["GET"]}}],"collection":[{"href":"https:\/\/espamob.com\/es\/wp-json\/wp\/v2\/pages"}],"about":[{"href":"https:\/\/espamob.com\/es\/wp-json\/wp\/v2\/types\/page"}],"author":[{"embeddable":true,"href":"https:\/\/espamob.com\/es\/wp-json\/wp\/v2\/users\/1"}],"replies":[{"embeddable":true,"href":"https:\/\/espamob.com\/es\/wp-json\/wp\/v2\/comments?post=13772"}],"version-history":[{"count":0,"href":"https:\/\/espamob.com\/es\/wp-json\/wp\/v2\/pages\/13772\/revisions"}],"up":[{"embeddable":true,"href":"https:\/\/espamob.com\/es\/wp-json\/wp\/v2\/pages\/8087"}],"wp:attachment":[{"href":"https:\/\/espamob.com\/es\/wp-json\/wp\/v2\/media?parent=13772"}],"curies":[{"name":"wp","href":"https:\/\/api.w.org\/{rel}","templated":true}]}}