{"id":12440,"date":"2021-11-28T14:38:40","date_gmt":"2021-11-28T14:38:40","guid":{"rendered":"https:\/\/www.espamob.com\/colocacion-de-estudiantes-para-practicas-en-empresas-en-espana\/stage-erasmusplus-sante\/"},"modified":"2024-02-24T14:48:23","modified_gmt":"2024-02-24T14:48:23","slug":"salud","status":"publish","type":"page","link":"https:\/\/espamob.com\/es\/sectores-practicas-empresas-erasmusplus\/salud\/","title":{"rendered":"ES &#8211; Pr\u00e1cticas erasmusplus sector salud"},"content":{"rendered":"<div class=\"wpb-content-wrapper\"><p>[vc_row css=\u00bb.vc_custom_1701371745459{margin-top: -20px !important;margin-bottom: 40px !important;background-image: url(https:\/\/espamob.com\/wp-content\/uploads\/2023\/11\/Profesiones-sanitarias.webp?id=21295) !important;}\u00bb conditional_render=\u00bb%5B%7B%22value_role%22%3A%22administrator%22%7D%5D\u00bb][vc_column css=\u00bb.vc_custom_1687965657482{padding-top: 30px !important;}\u00bb conditional_render=\u00bb%5B%7B%22value_role%22%3A%22administrator%22%7D%5D\u00bb][vc_empty_space height=\u00bb170&#8243;][vc_custom_heading text=\u00bbMovilidad Erasmus Plus en las profesiones sanitarias\u00bb font_container=\u00bbtag:h1|font_size:27|text_align:center|color:%23ffffff\u00bb use_theme_fonts=\u00bbyes\u00bb css=\u00bb.vc_custom_1701602140320{margin-bottom: 15px !important;background-color: rgba(136,136,136,0.29) !important;*background-color: rgb(136,136,136) !important;}\u00bb animation_type=\u00bbzoomIn\u00bb][vc_empty_space height=\u00bb40&#8243;][\/vc_column][\/vc_row][vc_row conditional_render=\u00bb%5B%7B%22value_role%22%3A%22administrator%22%7D%5D\u00bb][vc_column][vc_raw_html]JTNDbmF2JTIwYXJpYS1sYWJlbCUzRCUyMmJyZWFkY3J1bWIlMjIlM0UlMEElMjAlMjAlM0NvbCUyMGNsYXNzJTNEJTIyYnJlYWRjcnVtYiUyMiUzRSUwQSUyMCUyMCUyMCUyMCUzQ2xpJTIwY2xhc3MlM0QlMjJicmVhZGNydW1iLWl0ZW0lMjIlM0UlM0NhJTIwaHJlZiUzRCUyMmh0dHBzJTNBJTJGJTJGd3d3LmVzcGFtb2IuY29tJTJGZXMlMkYlMjIlM0VIb21lJTNDJTJGYSUzRSUzQyUyRmxpJTNFJTBBJTIwJTIwJTIwJTIwJTNDbGklMjBjbGFzcyUzRCUyMmJyZWFkY3J1bWItaXRlbSUyMiUzRSUzQ2ElMjBocmVmJTNEJTIyaHR0cHMlM0ElMkYlMkZ3d3cuZXNwYW1vYi5jb20lMkZlcyUyRnNlY3RvcmVzLXByYWN0aWNhcy1lbXByZXNhcy1lcmFzbXVzcGx1cyUyRiUyMiUzRVByJUMzJUExY3RpY2FzJTIwZW4lMjBlbXByZXNhcyUzQyUyRmElM0UlM0MlMkZsaSUzRSUwQSUyMCUyMCUyMCUyMCUzQ2xpJTIwY2xhc3MlM0QlMjJicmVhZGNydW1iLWl0ZW0lMjBhY3RpdmUlMjIlMjBhcmlhLWN1cnJlbnQlM0QlMjJwYWdlJTIyJTNFTW92aWxpZGFkJTIwc2VjdG9yJTIwc2FuaWRhZCUzQyUyRmxpJTNFJTBBJTIwJTIwJTNDJTJGb2wlM0UlMEElM0MlMkZuYXYlM0U=[\/vc_raw_html][vc_custom_heading text=\u00bbInf\u00f3rmese sobre las oportunidades de pr\u00e1cticas de Erasmus Plus en las profesiones sanitarias\u00bb font_container=\u00bbtag:h2|text_align:center\u00bb use_theme_fonts=\u00bbyes\u00bb][vc_separator]<div class=\"aio-icon-component    style_1\"><div id=\"Info-box-wrap-9071\" class=\"aio-icon-box top-icon\" style=\"\"  ><div class=\"aio-icon-description ult-responsive\"  data-ultimate-target='#Info-box-wrap-9071 .aio-icon-description'  data-responsive-json-new='{\"font-size\":\"\",\"line-height\":\"\"}'  style=\"\"><\/p>\n<p class=\"text-align-justify\" style=\"font-weight: 400; text-align: justify; text-justify: inter-word;\">Este sector incluye una variedad de ocupaciones relacionadas con las enfermeras, los asistentes veterinarios, los t\u00e9cnicos dentales y los auxiliares de cuidados.<\/p>\n<p><\/div> <!-- description --><\/div> <!-- aio-icon-box --><\/div> <!-- aio-icon-component -->[\/vc_column][\/vc_row][vc_row css=\u00bb.vc_custom_1636631874200{padding-bottom: 5% !important;}\u00bb][vc_column width=\u00bb1\/3&#8243;]<div class=\"aio-icon-component    style_1\"><div id=\"Info-box-wrap-6139\" class=\"aio-icon-box default-icon\" style=\"\"  ><div class=\"aio-icon-default\"><div class=\"ult-just-icon-wrapper  \"><div class=\"align-icon\" style=\"text-align:center;\">\n<div class=\"aio-icon-img \" style=\"font-size:48px;display:inline-block;\" >\n\t<img decoding=\"async\" class=\"img-icon\" alt=\"null\" src=\"https:\/\/espamob.com\/wp-content\/uploads\/2021\/11\/nurse.png\"\/>\n<\/div><\/div><\/div><\/div><div class=\"aio-icon-header\" ><h3 class=\"aio-icon-title ult-responsive\"  data-ultimate-target='#Info-box-wrap-6139 .aio-icon-title'  data-responsive-json-new='{\"font-size\":\"\",\"line-height\":\"\"}'  style=\"\">Enfermer\u00eda<\/h3><\/div> <!-- header --><div class=\"aio-icon-description ult-responsive\"  data-ultimate-target='#Info-box-wrap-6139 .aio-icon-description'  data-responsive-json-new='{\"font-size\":\"\",\"line-height\":\"\"}'  style=\"\"><\/p>\n<p class=\"text-align-justify\" style=\"font-weight: 400; text-align: justify; text-justify: inter-word;\">El profesional llevar\u00e1 a cabo los cuidados destinados a restablecer o mantener la salud y a vigilar el estado cl\u00ednico de los pacientes. La enfermera necesita conocimientos tanto te\u00f3ricos como pr\u00e1cticos. Unas pr\u00e1cticas en el extranjero permitir\u00e1n al aprendiz desarrollar nuevas t\u00e9cnicas.<\/p>\n<p><\/div> <!-- description --><\/div> <!-- aio-icon-box --><\/div> <!-- aio-icon-component -->[vc_column_text]<a href=\"https:\/\/espamob.com\/es\/sectores-practicas-empresas-erasmusplus\/salud\/practica-erasmus-enfermeria\/\">\u2192 Inf\u00f3rmese sobre la pr\u00e1ctica de enfermer\u00eda<\/a>[\/vc_column_text][\/vc_column][vc_column width=\u00bb1\/3&#8243;]<div class=\"aio-icon-component    style_1\"><div id=\"Info-box-wrap-3180\" class=\"aio-icon-box default-icon\" style=\"\"  ><div class=\"aio-icon-default\"><div class=\"ult-just-icon-wrapper  \"><div class=\"align-icon\" style=\"text-align:center;\">\n<div class=\"aio-icon-img \" style=\"font-size:48px;display:inline-block;\" >\n\t<img decoding=\"async\" class=\"img-icon\" alt=\"null\" src=\"https:\/\/espamob.com\/wp-content\/uploads\/2021\/11\/Veterinary-Auxiliary.png\"\/>\n<\/div><\/div><\/div><\/div><div class=\"aio-icon-header\" ><h3 class=\"aio-icon-title ult-responsive\"  data-ultimate-target='#Info-box-wrap-3180 .aio-icon-title'  data-responsive-json-new='{\"font-size\":\"\",\"line-height\":\"\"}'  style=\"\">Auxiliar de veterinaria<\/h3><\/div> <!-- header --><div class=\"aio-icon-description ult-responsive\"  data-ultimate-target='#Info-box-wrap-3180 .aio-icon-description'  data-responsive-json-new='{\"font-size\":\"\",\"line-height\":\"\"}'  style=\"\"><\/p>\n<p class=\"text-align-justify\" style=\"font-weight: 400; text-align: justify; text-justify: inter-word;\">Esta persona ser\u00e1 esencial para el buen funcionamiento de todas las instalaciones veterinarias. El profesional recibe al cliente, se ocupa de los animales y desinfecta el equipo. Unas pr\u00e1cticas permitir\u00e1n a los j\u00f3venes aprendices descubrir nuevos m\u00e9todos en un pa\u00eds extranjero.<\/p>\n<p><\/div> <!-- description --><\/div> <!-- aio-icon-box --><\/div> <!-- aio-icon-component -->[vc_column_text]<a href=\"https:\/\/espamob.com\/es\/sectores-practicas-empresas-erasmusplus\/salud\/practica-erasmus-veterinaria\/\">\u2192 Inf\u00f3rmese sobre la pr\u00e1ctica de veterinaria<\/a>[\/vc_column_text][\/vc_column][vc_column width=\u00bb1\/3&#8243;]<div class=\"aio-icon-component    style_1\"><div id=\"Info-box-wrap-7683\" class=\"aio-icon-box default-icon\" style=\"\"  ><div class=\"aio-icon-default\"><div class=\"ult-just-icon-wrapper  \"><div class=\"align-icon\" style=\"text-align:center;\">\n<div class=\"aio-icon-img \" style=\"font-size:48px;display:inline-block;\" >\n\t<img decoding=\"async\" class=\"img-icon\" alt=\"null\" src=\"https:\/\/espamob.com\/wp-content\/uploads\/2021\/11\/Dental-assistant-and-prosthetist.png\"\/>\n<\/div><\/div><\/div><\/div><div class=\"aio-icon-header\" ><h3 class=\"aio-icon-title ult-responsive\"  data-ultimate-target='#Info-box-wrap-7683 .aio-icon-title'  data-responsive-json-new='{\"font-size\":\"\",\"line-height\":\"\"}'  style=\"\">Asistente dental y t\u00e9cnico dental<\/h3><\/div> <!-- header --><div class=\"aio-icon-description ult-responsive\"  data-ultimate-target='#Info-box-wrap-7683 .aio-icon-description'  data-responsive-json-new='{\"font-size\":\"\",\"line-height\":\"\"}'  style=\"\"><\/p>\n<p class=\"text-align-justify\" style=\"font-weight: 400; text-align: justify; text-justify: inter-word;\">El odont\u00f3logo es un verdadero artista que puede hacer milagros. Deben ser meticulosos a la hora de realizar los tratamientos e incluso los aparatos correctores prescritos por los ortodoncistas. Unas pr\u00e1cticas permitir\u00e1n a los aprendices desarrollar nuevas habilidades en un idioma extranjero.<\/p>\n<p><\/div> <!-- description --><\/div> <!-- aio-icon-box --><\/div> <!-- aio-icon-component -->[vc_column_text]<a href=\"https:\/\/espamob.com\/es\/sectores-practicas-empresas-erasmusplus\/salud\/practica-erasmus-asistente-dental\/\">\u2192 Inf\u00f3rmese sobre la pr\u00e1ctica de asistente dental<\/a>[\/vc_column_text][\/vc_column][\/vc_row][vc_row css=\u00bb.vc_custom_1636631916236{padding-bottom: 5% !important;}\u00bb][vc_column width=\u00bb1\/3&#8243;][\/vc_column][vc_column width=\u00bb1\/3&#8243;]<div class=\"aio-icon-component    style_1\"><div id=\"Info-box-wrap-7908\" class=\"aio-icon-box default-icon\" style=\"\"  ><div class=\"aio-icon-default\"><div class=\"ult-just-icon-wrapper  \"><div class=\"align-icon\" style=\"text-align:center;\">\n<div class=\"aio-icon-img \" style=\"font-size:48px;display:inline-block;\" >\n\t<img decoding=\"async\" class=\"img-icon\" alt=\"null\" src=\"https:\/\/espamob.com\/wp-content\/uploads\/2021\/11\/Caregiver.png\"\/>\n<\/div><\/div><\/div><\/div><div class=\"aio-icon-header\" ><h3 class=\"aio-icon-title ult-responsive\"  data-ultimate-target='#Info-box-wrap-7908 .aio-icon-title'  data-responsive-json-new='{\"font-size\":\"\",\"line-height\":\"\"}'  style=\"\">Cuidador<\/h3><\/div> <!-- header --><div class=\"aio-icon-description ult-responsive\"  data-ultimate-target='#Info-box-wrap-7908 .aio-icon-description'  data-responsive-json-new='{\"font-size\":\"\",\"line-height\":\"\"}'  style=\"\"><\/p>\n<p class=\"text-align-justify\" style=\"font-weight: 400; text-align: justify; text-justify: inter-word;\">El profesional est\u00e1 en contacto permanente con las personas para proporcionarles mantenimiento, prevenci\u00f3n y educaci\u00f3n sanitaria, para preservar su bienestar y autonom\u00eda. Unas pr\u00e1cticas en el extranjero permitir\u00e1n a los j\u00f3venes aprendices descubrir y desarrollar nuevas t\u00e9cnicas.<\/p>\n<p><\/div> <!-- description --><\/div> <!-- aio-icon-box --><\/div> <!-- aio-icon-component -->[vc_column_text]<a href=\"https:\/\/espamob.com\/es\/sectores-practicas-empresas-erasmusplus\/salud\/practica-erasmus-auxiliar-de-enfermeria\/\">\u2192 Inf\u00f3rmese sobre la pr\u00e1ctica de auxiliar de enfermer\u00eda<\/a>[\/vc_column_text][\/vc_column][vc_column width=\u00bb1\/3&#8243;][\/vc_column][\/vc_row][vc_row][vc_column][vc_empty_space height=\u00bb10px\u00bb][\/vc_column][\/vc_row][vc_row css=\u00bb.vc_custom_1636631982137{padding-bottom: 3% !important;}\u00bb][vc_column width=\u00bb1\/3&#8243;][\/vc_column][vc_column width=\u00bb1\/3&#8243;]<div id=\"modal-trg-txt-wrap-6699\" class=\"ult-modal-input-wrapper ult-adjust-bottom-margin    \" data-keypress-control=\"keypress-control-enable\" data-overlay-control=\"overlay-control-enable\"><button  data-ultimate-target='#modal-trg-txt-wrap-6699 .btn-modal'  data-responsive-json-new='{\"font-size\":\"\",\"line-height\":\"\"}'  style=\"background:#333333;border-color:#333333;color:#ffffff; \" data-class-id=\"content-69e77b4d2b0b87-43598699\" class=\"btn-modal ult-responsive btn-primary btn-modal-lg overlay-show-genie ult-align-center btn-id-69e77b4d2b0b87-43598699\" >Presupuesto en menos de 5 minutos<\/button><\/div>\n<div class=\"ult-overlay overlay-genie content-69e77b4d2b0b87-43598699 \" style=\"display:none\" data-class=\"content-69e77b4d2b0b87-43598699\" data-steps=\"m 701.56545,809.01175 35.16718,0 0,19.68384 -35.16718,0 z;m 698.9986,728.03569 41.23353,0 -3.41953,77.8735 -34.98557,0 z;m 687.08153,513.78234 53.1506,0 C 738.0505,683.9161 737.86917,503.34193 737.27015,806 l -35.90067,0 c -7.82727,-276.34892 -2.06916,-72.79261 -14.28795,-292.21766 z;m 403.87105,257.94772 566.31246,2.93091 C 923.38284,513.78233 738.73561,372.23931 737.27015,806 l -35.90067,0 C 701.32034,404.49318 455.17312,480.07689 403.87105,257.94772 z;M 51.871052,165.94772 1362.1835,168.87863 C 1171.3828,653.78233 738.73561,372.23931 737.27015,806 l -35.90067,0 C 701.32034,404.49318 31.173122,513.78234 51.871052,165.94772 z;m 52,26 1364,4 c -12.8007,666.9037 -273.2644,483.78234 -322.7299,776 l -633.90062,0 C 359.32034,432.49318 -6.6979288,733.83462 52,26 z;m 0,0 1439.999975,0 0,805.99999 -1439.999975,0 z\">\n\t<svg xmlns=\"http:\/\/www.w3.org\/2000\/svg\" width=\"100%\" height=\"100%\" viewBox=\"0 0 1440 806\" preserveAspectRatio=\"none\">\n\t\t\t\t\t\t\t<path class=\"overlay-path\" d=\"m 701.56545,809.01175 35.16718,0 0,19.68384 -35.16718,0 z\" style=\"fill:rgba(51,51,51,0.8);\"\/>\n\t\t\t\t\t\t<\/svg>\n\t<div class=\"ult_modal ult-fade ult-medium\">\n\t\t<div id=\"ult-modal-wrap-1318\" class=\"ult_modal-content ult-hide\" style=\"border-style:solid;border-width:2px;border-radius:0px;border-color:#333333;\">\n\t\t\t<div class=\"ult_modal-header\" style=\"color:#333333;border-color:#333333;\">\n\t\t\t\t<div class=\"modal-icon\"><i class=\"Defaults-envelope-o\"><\/i><\/div><h3  data-ultimate-target='#ult-modal-wrap-1318 .ult_modal-title'  data-responsive-json-new='{\"font-size\":\"\",\"line-height\":\"\"}'  class=\"ult_modal-title ult-responsive\">Presupuesto para su proyecto<\/h3>\n\t\t\t<\/div>\n\t\t\t<div  data-ultimate-target='#ult-modal-wrap-1318 .ult_modal-body'  data-responsive-json-new='{\"font-size\":\"\",\"line-height\":\"\"}'  class=\"ult_modal-body ult-responsive ult-html\" style=\"\">\n\t\t\t<\/p>\n<p>[caldera_form id=\u00bbCF6149c7d1c4417&#8243;]<\/p>\n<p>\n\t\t\t<\/div>\n\t<\/div>\n\t<\/div>\n\t<div class=\"ult-overlay-close top-right\" style=\" \"><div class=\"ult-overlay-close-inside\">Close<\/div><\/div>\n<\/div>[\/vc_column][vc_column width=\u00bb1\/3&#8243;][\/vc_column][\/vc_row][vc_row][vc_column css=\u00bb.vc_custom_1636634852301{padding-bottom: 3% !important;}\u00bb]<div class=\"mgl_tubelab mgl_tubelab_container mgl_tubelab_template_default\" data-mgl-tubelab-parameters=\"type=playlist&value=PLLGrER9ieWtA32I7mddfI7UuFU91w6OtN&user=&channel_id=&count=4&cols=4&mode=lightbox&template=default&display=title&pagination=true&size=medium&video_id=&playlists=all&mini=0\">\n\t<div class=\"mgl_tubelab mgl_tubelab_content mgl_tubelab_content-cols4\">\n\t<\/div>\n\t\t\t<div class=\"mgl_tubelab_pagination\">\n\t\t\t<div class=\"mgl_tubelab_pagination_item mgl_tubelab_pagination_item_prev\">\n\t\t\t\t<a href=\"#\" class=\"mgl_tubelab_pagination_prev\">P\u00e1gina anterior<\/a>\n\t\t\t<\/div>\n\t\t\t<div class=\"mgl_tubelab_pagination_item mgl_tubelab_pagination_item_next\">\n\t\t\t\t<a href=\"#\" class=\"mgl_tubelab_pagination_next\">P\u00e1gina siguiente<\/a>\n\t\t\t<\/div>\n\t\t<\/div>\n\t<\/div>[\/vc_column][\/vc_row][vc_row full_width=\u00bbstretch_row\u00bb css=\u00bb.vc_custom_1701246735895{padding-top: 15px !important;padding-bottom: 15px !important;background-color: #f8f893 !important;}\u00bb conditional_render=\u00bb%5B%7B%22value_role%22%3A%22administrator%22%7D%5D\u00bb][vc_column][vc_custom_heading text=\u00bb\u00bfTienes alguna pregunta sobre tus pr\u00e1cticas Erasmus Plus?\u00bb font_container=\u00bbtag:h2|text_align:center\u00bb google_fonts=\u00bbfont_family:Open%20Sans%3A300%2C300italic%2Cregular%2Citalic%2C600%2C600italic%2C700%2C700italic%2C800%2C800italic|font_style:300%20light%20regular%3A300%3Anormal\u00bb][vc_column_text]Espamob selecciona a sus socios para ofrecerte una amplia gama de pr\u00e1cticas en diferentes sectores. Benef\u00edciate de un acompa\u00f1amiento personalizado que te ayudar\u00e1 a preparar tu experiencia de movilidad en Espa\u00f1a.<\/p>\n<p>No esperes m\u00e1s, \u00a1contacta ahora con un experto de Espamob y da el primer paso hacia una experiencia Erasmus + exitosa![\/vc_column_text][vc_btn title=\u00bbContacto espamob\u00bb style=\u00bbcustom\u00bb custom_background=\u00bb#d3001a\u00bb custom_text=\u00bb#ffffff\u00bb shape=\u00bbrounded\u00bb align=\u00bbcenter\u00bb link=\u00bburl:https%3A%2F%2Fespamob.com%2Fes%2Fcontacto|title:Contacto\u00bb][\/vc_column][\/vc_row][vc_row][vc_column][vc_custom_heading text=\u00bbPreguntas frecuentes sobre pr\u00e1cticas en el sector sanitario\u00bb font_container=\u00bbtag:h2|text_align:center|color:%23cd6155&#8243; use_theme_fonts=\u00bbyes\u00bb][vc_separator][\/vc_column][\/vc_row][vc_row][vc_column width=\u00bb2\/3&#8243;][vc_custom_heading text=\u00bb\u00bfPor qu\u00e9 hacer unas pr\u00e1cticas en el extranjero en el \u00e1mbito de las profesiones sanitarias?\u00bb font_container=\u00bbtag:h3|text_align:justify|color:%23cd6155&#8243; use_theme_fonts=\u00bbyes\u00bb][vc_column_text]<\/p>\n<p class=\"text-align-justify\" style=\"font-weight: 400; text-align: justify; text-justify: inter-word;\">En primer lugar, la realizaci\u00f3n de pr\u00e1cticas en el extranjero permitir\u00e1 al aprendiz desarrollar nuevas competencias propias del pa\u00eds extranjero. Adem\u00e1s, ser\u00e1 una experiencia valiosa para incluir en el CV.<\/p>\n<p>[\/vc_column_text][vc_custom_heading text=\u00bb\u00bfEs posible ir al extranjero durante un periodo de movilidad aunque no se hable necesariamente bien el idioma del pa\u00eds de acogida?\u00bb font_container=\u00bbtag:h3|text_align:justify|color:%23cd6155&#8243; use_theme_fonts=\u00bbyes\u00bb][vc_column_text]<\/p>\n<p class=\"text-align-justify\" style=\"font-weight: 400; text-align: justify; text-justify: inter-word;\">No todos los aprendices que vienen a hacer pr\u00e1cticas en el extranjero con Espamob hablan perfectamente el idioma del pa\u00eds de acogida y no por ello la movilidad no va bien. Es precisamente una experiencia como \u00e9sta la que te ayudar\u00e1 a descubrir el idioma y el trabajo que te gusta en otro pa\u00eds.<\/p>\n<p>[\/vc_column_text][vc_custom_heading text=\u00bb\u00bfCu\u00e1l es la duraci\u00f3n m\u00ednima y m\u00e1xima de la movilidad en las profesiones sanitarias?\u00bb font_container=\u00bbtag:h3|text_align:justify|color:%23cd6155&#8243; use_theme_fonts=\u00bbyes\u00bb][vc_column_text]<\/p>\n<p class=\"text-align-justify\" style=\"font-weight: 400; text-align: justify; text-justify: inter-word;\">La duraci\u00f3n m\u00ednima de una movilidad en los sectores de servicios personales es de dos semanas. Las pr\u00e1cticas suelen durar entre dos y cuatro semanas, pero pueden variar. Tambi\u00e9n podemos hacer movilidades m\u00e1s largas, de hasta seis meses.<\/p>\n<p>&nbsp;<\/p>\n<p><script type=\"application\/ld+json\">{\"@context\":\"https:\/\/schema.org\",\"@type\":\"FAQPage\",\"mainEntity\":[{\"@type\":\"Question\",\"name\":\"\u00bfPor qu\u00e9 hacer unas pr\u00e1cticas en el extranjero en el \u00e1mbito de las profesiones sanitarias?\",\"acceptedAnswer\":{\"@type\":\"Answer\",\"text\":\"En primer lugar, la realizaci\u00f3n de pr\u00e1cticas en el extranjero permitir\u00e1 al aprendiz desarrollar nuevas competencias propias del pa\u00eds extranjero. Adem\u00e1s, ser\u00e1 una experiencia valiosa para incluir en el CV.\"}},{\"@type\":\"Question\",\"name\":\"\u00bfEs posible ir al extranjero durante un periodo de movilidad aunque no se hable necesariamente bien el idioma del pa\u00eds de acogida?\",\"acceptedAnswer\":{\"@type\":\"Answer\",\"text\":\"No todos los aprendices que vienen a hacer pr\u00e1cticas en el extranjero con Espamob hablan perfectamente el idioma del pa\u00eds de acogida y no por ello la movilidad no va bien. Es precisamente una experiencia como \u00e9sta la que te ayudar\u00e1 a descubrir el idioma y el trabajo que te gusta en otro pa\u00eds.\"}},{\"@type\":\"Question\",\"name\":\"\u00bfCu\u00e1l es la duraci\u00f3n m\u00ednima y m\u00e1xima de la movilidad en las profesiones sanitarias?\",\"acceptedAnswer\":{\"@type\":\"Answer\",\"text\":\"La duraci\u00f3n m\u00ednima de una movilidad en los sectores de servicios personales es de dos semanas. Las pr\u00e1cticas suelen durar entre dos y cuatro semanas, pero pueden variar. Tambi\u00e9n podemos hacer movilidades m\u00e1s largas, de hasta seis meses.\"}}]}<\/script>[\/vc_column_text][\/vc_column][vc_column width=\u00bb1\/3&#8243;][vc_single_image image=\u00bb12185&#8243; img_size=\u00bb400&#215;600&#8243; alignment=\u00bbcenter\u00bb][\/vc_column][\/vc_row]<\/p>\n<\/div>","protected":false},"excerpt":{"rendered":"<p>[vc_row css=\u00bb.vc_custom_1701371745459{margin-top: -20px !important;margin-bottom: 40px !important;background-image: url(https:\/\/espamob.com\/wp-content\/uploads\/2023\/11\/Profesiones-sanitarias.webp?id=21295) !important;}\u00bb conditional_render=\u00bb%5B%7B%22value_role%22%3A%22administrator%22%7D%5D\u00bb][vc_column css=\u00bb.vc_custom_1687965657482{padding-top: 30px !important;}\u00bb conditional_render=\u00bb%5B%7B%22value_role%22%3A%22administrator%22%7D%5D\u00bb][vc_empty_space height=\u00bb170&#8243;][vc_custom_heading text=\u00bbMovilidad Erasmus Plus en las profesiones sanitarias\u00bb font_container=\u00bbtag:h1|font_size:27|text_align:center|color:%23ffffff\u00bb use_theme_fonts=\u00bbyes\u00bb css=\u00bb.vc_custom_1701602140320{margin-bottom: 15px !important;background-color: rgba(136,136,136,0.29) !important;*background-color: rgb(136,136,136) !important;}\u00bb animation_type=\u00bbzoomIn\u00bb][vc_empty_space height=\u00bb40&#8243;][\/vc_column][\/vc_row][vc_row conditional_render=\u00bb%5B%7B%22value_role%22%3A%22administrator%22%7D%5D\u00bb][vc_column][vc_raw_html]JTNDbmF2JTIwYXJpYS1sYWJlbCUzRCUyMmJyZWFkY3J1bWIlMjIlM0UlMEElMjAlMjAlM0NvbCUyMGNsYXNzJTNEJTIyYnJlYWRjcnVtYiUyMiUzRSUwQSUyMCUyMCUyMCUyMCUzQ2xpJTIwY2xhc3MlM0QlMjJicmVhZGNydW1iLWl0ZW0lMjIlM0UlM0NhJTIwaHJlZiUzRCUyMmh0dHBzJTNBJTJGJTJGd3d3LmVzcGFtb2IuY29tJTJGZXMlMkYlMjIlM0VIb21lJTNDJTJGYSUzRSUzQyUyRmxpJTNFJTBBJTIwJTIwJTIwJTIwJTNDbGklMjBjbGFzcyUzRCUyMmJyZWFkY3J1bWItaXRlbSUyMiUzRSUzQ2ElMjBocmVmJTNEJTIyaHR0cHMlM0ElMkYlMkZ3d3cuZXNwYW1vYi5jb20lMkZlcyUyRnNlY3RvcmVzLXByYWN0aWNhcy1lbXByZXNhcy1lcmFzbXVzcGx1cyUyRiUyMiUzRVByJUMzJUExY3RpY2FzJTIwZW4lMjBlbXByZXNhcyUzQyUyRmElM0UlM0MlMkZsaSUzRSUwQSUyMCUyMCUyMCUyMCUzQ2xpJTIwY2xhc3MlM0QlMjJicmVhZGNydW1iLWl0ZW0lMjBhY3RpdmUlMjIlMjBhcmlhLWN1cnJlbnQlM0QlMjJwYWdlJTIyJTNFTW92aWxpZGFkJTIwc2VjdG9yJTIwc2FuaWRhZCUzQyUyRmxpJTNFJTBBJTIwJTIwJTNDJTJGb2wlM0UlMEElM0MlMkZuYXYlM0U=[\/vc_raw_html][vc_custom_heading text=\u00bbInf\u00f3rmese sobre las oportunidades de pr\u00e1cticas de Erasmus Plus en las profesiones sanitarias\u00bb font_container=\u00bbtag:h2|text_align:center\u00bb use_theme_fonts=\u00bbyes\u00bb][vc_separator][\/vc_column][\/vc_row][vc_row css=\u00bb.vc_custom_1636631874200{padding-bottom: 5% !important;}\u00bb][vc_column width=\u00bb1\/3&#8243;][vc_column_text]\u2192 Inf\u00f3rmese sobre la<\/p>\n","protected":false},"author":2,"featured_media":0,"parent":12548,"menu_order":0,"comment_status":"closed","ping_status":"closed","template":"","meta":{"footnotes":""},"class_list":["post-12440","page","type-page","status-publish","hentry"],"_links":{"self":[{"href":"https:\/\/espamob.com\/es\/wp-json\/wp\/v2\/pages\/12440","targetHints":{"allow":["GET"]}}],"collection":[{"href":"https:\/\/espamob.com\/es\/wp-json\/wp\/v2\/pages"}],"about":[{"href":"https:\/\/espamob.com\/es\/wp-json\/wp\/v2\/types\/page"}],"author":[{"embeddable":true,"href":"https:\/\/espamob.com\/es\/wp-json\/wp\/v2\/users\/2"}],"replies":[{"embeddable":true,"href":"https:\/\/espamob.com\/es\/wp-json\/wp\/v2\/comments?post=12440"}],"version-history":[{"count":0,"href":"https:\/\/espamob.com\/es\/wp-json\/wp\/v2\/pages\/12440\/revisions"}],"up":[{"embeddable":true,"href":"https:\/\/espamob.com\/es\/wp-json\/wp\/v2\/pages\/12548"}],"wp:attachment":[{"href":"https:\/\/espamob.com\/es\/wp-json\/wp\/v2\/media?parent=12440"}],"curies":[{"name":"wp","href":"https:\/\/api.w.org\/{rel}","templated":true}]}}