{"id":11431,"date":"2021-10-22T10:44:20","date_gmt":"2021-10-22T10:44:20","guid":{"rendered":"https:\/\/www.espamob.com\/offre-relation-entreprises-erasmus\/"},"modified":"2023-06-16T05:58:31","modified_gmt":"2023-06-16T05:58:31","slug":"offre-relation-entreprises-erasmus","status":"publish","type":"page","link":"https:\/\/espamob.com\/es\/offre-relation-entreprises-erasmus\/","title":{"rendered":"OFFRE RELATION ENTREPRISES ERASMUS +"},"content":{"rendered":"<div class=\"wpb-content-wrapper\"><p>[vc_row][vc_column][vc_custom_heading text=\u00bbERASMUS + COMPANY RELATIONS OFFER\u00bb font_container=\u00bbtag:h1|text_align:center\u00bb use_theme_fonts=\u00bbyes\u00bb css=\u00bb.vc_custom_1634899703669{padding-top: 2% !important;}\u00bb][vc_separator][vc_row_inner][vc_column_inner][vc_empty_space][\/vc_column_inner][\/vc_row_inner][vc_custom_heading text=\u00bbContexto de la empresa\u00bb font_container=\u00bbtag:h2|text_align:left|color:%23e30019&#8243;][vc_column_text css=\u00bb.vc_custom_1635331269924{padding-left: 6% !important;}\u00bb]<span style=\"color: #999999;\" data-darkreader-inline-color=\"\">Espamob&#8217; es una organizaci\u00f3n aliada con<strong> Erasmus +<\/strong> Movilidades europeas. Ofrecemos y coordinamos proyectos de Erasmus de todos los pa\u00edses de la uni\u00f3n europea para garantizar la <strong>experiencia<\/strong> y la <strong>movilidad exitosa<\/strong>.<\/span><\/p>\n<p><span style=\"color: #999999;\" data-darkreader-inline-color=\"\">En nuestra agencia, le pediremos que ponga todas sus habilidades para desarrollar las mejores relaciones con nuestras empresas asociadas y crear nuevas alianzas. Estamos ubicados en el \u00e1rea empresarial de Barcelona, a solo 200 metros del mar. \u00a1Estaremos encantados de darle la bienvenida a nuestro equipo multicultural si cumple con todos<br \/>\nnuestros criterios de b\u00fasqueda!<\/span><\/p>\n<p><span style=\"color: #999999;\" data-darkreader-inline-color=\"\">Para este puesto, se le otorgar\u00e1n la siguientes misiones:<\/span><\/p>\n<div id=\"simple-translate\">\n<div>\n<div class=\"simple-translate-button isShow\" style=\"background-image: url('moz-extension:\/\/e70d48cc-1379-4f58-afbb-4e126b80ad3d\/icons\/512.png'); height: 22px; width: 22px; top: 78px; left: 70px;\"><\/div>\n<div class=\"simple-translate-panel \" style=\"width: 300px; height: 200px; top: 0px; left: 0px; font-size: 13px; background-color: #181818;\">\n<div class=\"simple-translate-result-wrapper\" style=\"overflow: hidden;\">\n<div class=\"simple-translate-move\" draggable=\"true\"><\/div>\n<div class=\"simple-translate-result-contents\">\n<p class=\"simple-translate-candidate\" dir=\"auto\" style=\"color: #aaaaaa;\">\n<\/div>\n<\/div>\n<\/div>\n<\/div>\n<\/div>\n<p>[\/vc_column_text][vc_custom_heading text=\u00bbMisi\u00f3n de las pr\u00e1cticas\u00bb font_container=\u00bbtag:h2|text_align:left|color:%23e30019&#8243;][vc_row_inner][vc_column_inner][vc_custom_heading text=\u00bbLa b\u00fasqueda de nuevas colaboraciones\u00bb font_container=\u00bbtag:h3|text_align:left\u00bb css=\u00bb.vc_custom_1635331315769{padding-left: 6% !important;}\u00bb][vc_column_text css=\u00bb.vc_custom_1635331444438{padding-left: 8% !important;}\u00bb]<span style=\"color: #999999;\" data-darkreader-inline-color=\"\">Tus principales tareas ser\u00e1n buscar nuevas colaboraciones con empresas para ampliar los contactos de Espamob y as\u00ed desarrollar los sectores de actividad propuestos a estudiantes e instituciones. Las misiones relativas a la b\u00fasqueda de nuevas colaboraciones ser\u00e1n variadas:<\/span><\/p>\n<ul>\n<li style=\"list-style-type: none;\">\n<ul>\n<li><span style=\"color: #999999;\" data-darkreader-inline-color=\"\">B\u00fasqueda de empresas potenciales<\/span><\/li>\n<li><span style=\"color: #999999;\" data-darkreader-inline-color=\"\">Prospecci\u00f3n inteligente <\/span><\/li>\n<li><span style=\"color: #999999;\" data-darkreader-inline-color=\"\">Establecer colaboraciones estrat\u00e9gicas con diferentes sectores (empresas, asociaciones &#8230;)<\/span><\/li>\n<li><span style=\"color: #999999;\" data-darkreader-inline-color=\"\">Prospecci\u00f3n de empresas por diferentes medios: correo electr\u00f3nico, tel\u00e9fono &#8230;<\/span><\/li>\n<li><span style=\"color: #999999;\" data-darkreader-inline-color=\"\">Visitas en empresas<\/span><\/li>\n<li><span style=\"color: #999999;\" data-darkreader-inline-color=\"\">Presentaci\u00f3n de nuestros servicios y proyectos<\/span><\/li>\n<li><span style=\"color: #999999;\" data-darkreader-inline-color=\"\">SEstablecimiento de colaboraciones con empresas asociadas<\/span><\/li>\n<li><span style=\"color: #999999;\" data-darkreader-inline-color=\"\">Optimizaci\u00f3n de la relaci\u00f3n con el cliente<\/span><\/li>\n<\/ul>\n<\/li>\n<\/ul>\n<p><span style=\"color: #999999;\" data-darkreader-inline-color=\"\">Nuestro equipo multicultural le ense\u00f1ar\u00e1 c\u00f3mo crear relaciones comerciales con nuestras empresas colaboradoras, para alcanzar objetivos internos. Su implicaci\u00f3n ser\u00e1 fundamental para la realizaci\u00f3n de futuros proyectos.<\/span>[\/vc_column_text][vc_custom_heading text=\u00bbLogistica\u00bb font_container=\u00bbtag:h3|text_align:left\u00bb css=\u00bb.vc_custom_1635331566511{padding-left: 6% !important;}\u00bb][vc_column_text css=\u00bb.vc_custom_1635331624912{padding-left: 8% !important;}\u00bb]<span style=\"color: #999999;\" data-darkreader-inline-color=\"\">La organizaci\u00f3n de proyectos de movilidad con instituciones y empresas colaboradoras es una tarea que requiere mucha log\u00edstica y organizaci\u00f3n. Las tareas relativas a la log\u00edstica interna ser\u00e1n variadas :<\/span><\/p>\n<ul>\n<li><span style=\"color: #999999;\" data-darkreader-inline-color=\"\">Definir los objetivos internos pero tambi\u00e9n los objetivos de los proyectos y socios.<\/span><\/li>\n<li><span style=\"color: #999999;\" data-darkreader-inline-color=\"\">Organizaci\u00f3n de los horarios de movilidad.<\/span><\/li>\n<li><span style=\"color: #999999;\" data-darkreader-inline-color=\"\">Respetar los plazos estipulados.<\/span><\/li>\n<li><span style=\"color: #999999;\" data-darkreader-inline-color=\"\">Reuniones peri\u00f3dicas con el equipo para asegurar el buen funcionamiento de los proyectos<\/span><\/li>\n<\/ul>\n<p>[\/vc_column_text][vc_custom_heading text=\u00bbSeguimiento del proyecto\u00bb font_container=\u00bbtag:h3|text_align:left\u00bb css=\u00bb.vc_custom_1635331633048{padding-left: 6% !important;}\u00bb][vc_column_text css=\u00bb.vc_custom_1635331707683{padding-left: 8% !important;}\u00bb]<span style=\"color: #999999;\" data-darkreader-inline-color=\"\">Espamob &#8216;tiene como objetivo satisfacer a sus socios gracias a su experiencia y servicios de calidad. Para demostrar este profesionalismo, el seguimiento del proyecto es una tarea importante. Las misiones que te ser\u00e1n encomendadas para el seguimiento del proyecto son variadas:<\/span><\/p>\n<ul>\n<li><span style=\"color: #999999;\" data-darkreader-inline-color=\"\">Recepci\u00f3n de grupos<\/span><\/li>\n<li><span style=\"color: #999999;\" data-darkreader-inline-color=\"\">Visitas a empresas<\/span><\/li>\n<li><span style=\"color: #999999;\" data-darkreader-inline-color=\"\">Participaci\u00f3n en evaluaciones de los proyectos<\/span><\/li>\n<li><span style=\"color: #999999;\" data-darkreader-inline-color=\"\">Contacto constante con las empresas<\/span><\/li>\n<li><span style=\"color: #999999;\" data-darkreader-inline-color=\"\">Asegurar el buen desarrollo de la experiencia laboral con los participantes.<\/span><\/li>\n<\/ul>\n<p>[\/vc_column_text][\/vc_column_inner][\/vc_row_inner][vc_custom_heading text=\u00bbPerfil deseado\u00bb font_container=\u00bbtag:h2|text_align:left|color:%23e30019&#8243;][vc_column_text css=\u00bb.vc_custom_1635332395601{padding-left: 6% !important;}\u00bb]<span style=\"color: #999999;\" data-darkreader-inline-color=\"\">Para este puesto, buscamos a un estudiante de maestr\u00eda o un reci\u00e9n graduado de una escuela de negocios o ventas. Se requiere experiencia previa en ventas para postularse para este puesto. Motivados, vers\u00e1tiles y aut\u00f3nomos.<\/span><\/p>\n<p><span style=\"color: #999999;\" data-darkreader-inline-color=\"\">Se requerir\u00e1n varios tipos de habilidades :<\/span>[\/vc_column_text][vc_row_inner][vc_column_inner][vc_custom_heading text=\u00bbHabilidades t\u00e9cnicas\u00bb font_container=\u00bbtag:h3|text_align:left\u00bb css=\u00bb.vc_custom_1635332407609{padding-left: 6% !important;}\u00bb][vc_column_text css=\u00bb.vc_custom_1635332467343{padding-left: 8% !important;}\u00bb]<\/p>\n<ul>\n<li><span style=\"color: #999999;\" data-darkreader-inline-color=\"\">Pack Oficina<\/span><\/li>\n<li><span style=\"color: #999999;\" data-darkreader-inline-color=\"\">Nivel de espa\u00f1ol C1, nivel de ingl\u00e9s B2<\/span><\/li>\n<li><span style=\"color: #999999;\" data-darkreader-inline-color=\"\">El franc\u00e9s y el catal\u00e1n son un plus<\/span><\/li>\n<\/ul>\n<p>[\/vc_column_text][vc_custom_heading text=\u00bbHabilidades funcionales\u00bb font_container=\u00bbtag:h3|text_align:left\u00bb css=\u00bb.vc_custom_1635332420212{padding-left: 6% !important;}\u00bb][vc_column_text css=\u00bb.vc_custom_1635332521003{padding-left: 8% !important;}\u00bb]<\/p>\n<ul>\n<li><span style=\"color: #999999;\" data-darkreader-inline-color=\"\">Gran sentido de organizaci\u00f3n y negociaci\u00f3n<\/span><\/li>\n<li><span style=\"color: #999999;\" data-darkreader-inline-color=\"\">Esp\u00edritu comercial<\/span><\/li>\n<li><span style=\"color: #999999;\" data-darkreader-inline-color=\"\">Visi\u00f3n estrat\u00e9gica<\/span><\/li>\n<li><span style=\"color: #999999;\" data-darkreader-inline-color=\"\">Optimizaci\u00f3n de tiempos<\/span><\/li>\n<li><span style=\"color: #999999;\" data-darkreader-inline-color=\"\">Gran autonom\u00eda<\/span><\/li>\n<\/ul>\n<p>[\/vc_column_text][\/vc_column_inner][\/vc_row_inner][vc_row_inner][vc_column_inner width=\u00bb1\/3&#8243;][\/vc_column_inner][vc_column_inner width=\u00bb1\/3&#8243;]\n<div class=\"wpcf7 no-js\" id=\"wpcf7-f11327-o1\" lang=\"en-US\" dir=\"ltr\" data-wpcf7-id=\"11327\">\n<div class=\"screen-reader-response\"><p role=\"status\" aria-live=\"polite\" aria-atomic=\"true\"><\/p> <ul><\/ul><\/div>\n<form action=\"\/es\/wp-json\/wp\/v2\/pages\/11431#wpcf7-f11327-o1\" method=\"post\" class=\"wpcf7-form init\" aria-label=\"Contact form\" enctype=\"multipart\/form-data\" novalidate=\"novalidate\" data-status=\"init\">\n<fieldset class=\"hidden-fields-container\"><input type=\"hidden\" name=\"_wpcf7\" value=\"11327\" \/><input type=\"hidden\" name=\"_wpcf7_version\" value=\"6.1.5\" \/><input type=\"hidden\" name=\"_wpcf7_locale\" value=\"en_US\" \/><input type=\"hidden\" name=\"_wpcf7_unit_tag\" value=\"wpcf7-f11327-o1\" \/><input type=\"hidden\" name=\"_wpcf7_container_post\" value=\"0\" \/><input type=\"hidden\" name=\"_wpcf7_posted_data_hash\" value=\"\" \/><input type=\"hidden\" name=\"_wpcf7_recaptcha_response\" value=\"\" \/>\n<\/fieldset>\n<label >su curr\u00edculum vitae : \n<span class=\"wpcf7-form-control-wrap\" data-name=\"file-863\"><input size=\"40\" class=\"wpcf7-form-control wpcf7-file wpcf7-validates-as-required\" accept=\".pdf\" aria-required=\"true\" aria-invalid=\"false\" type=\"file\" name=\"file-863\" \/><\/span><label>\n<input class=\"wpcf7-form-control wpcf7-submit has-spinner\" type=\"submit\" value=\"Enviar\" \/><div class=\"wpcf7-response-output\" aria-hidden=\"true\"><\/div>\n<\/form>\n<\/div>\n[\/vc_column_inner][vc_column_inner width=\u00bb1\/3&#8243;][vc_btn title=\u00bbDescargar la oferta en pdf\u00bb size=\u00bblg\u00bb align=\u00bbcenter\u00bb link=\u00bburl:https%3A%2F%2Fespamob.com%2Fwp-content%2Fuploads%2F2021%2F10%2FOFFRE-RELATION-ENTREPRISES-ERASMUS-ES.pdf|||\u00bb][\/vc_column_inner][\/vc_row_inner][\/vc_column][\/vc_row]<\/p>\n<\/div>","protected":false},"excerpt":{"rendered":"<p>[vc_row][vc_column][vc_custom_heading text=\u00bbERASMUS + COMPANY RELATIONS OFFER\u00bb font_container=\u00bbtag:h1|text_align:center\u00bb use_theme_fonts=\u00bbyes\u00bb css=\u00bb.vc_custom_1634899703669{padding-top: 2% !important;}\u00bb][vc_separator][vc_row_inner][vc_column_inner][vc_empty_space][\/vc_column_inner][\/vc_row_inner][vc_custom_heading text=\u00bbContexto de la empresa\u00bb font_container=\u00bbtag:h2|text_align:left|color:%23e30019&#8243;][vc_column_text css=\u00bb.vc_custom_1635331269924{padding-left: 6% !important;}\u00bb]Espamob&#8217; es una organizaci\u00f3n aliada con Erasmus + Movilidades europeas. Ofrecemos y coordinamos proyectos de Erasmus de todos los pa\u00edses de la uni\u00f3n europea para garantizar la experiencia y la movilidad exitosa. En nuestra agencia, le pediremos<\/p>\n","protected":false},"author":2,"featured_media":0,"parent":0,"menu_order":0,"comment_status":"closed","ping_status":"closed","template":"","meta":{"footnotes":""},"class_list":["post-11431","page","type-page","status-publish","hentry"],"_links":{"self":[{"href":"https:\/\/espamob.com\/es\/wp-json\/wp\/v2\/pages\/11431","targetHints":{"allow":["GET"]}}],"collection":[{"href":"https:\/\/espamob.com\/es\/wp-json\/wp\/v2\/pages"}],"about":[{"href":"https:\/\/espamob.com\/es\/wp-json\/wp\/v2\/types\/page"}],"author":[{"embeddable":true,"href":"https:\/\/espamob.com\/es\/wp-json\/wp\/v2\/users\/2"}],"replies":[{"embeddable":true,"href":"https:\/\/espamob.com\/es\/wp-json\/wp\/v2\/comments?post=11431"}],"version-history":[{"count":0,"href":"https:\/\/espamob.com\/es\/wp-json\/wp\/v2\/pages\/11431\/revisions"}],"wp:attachment":[{"href":"https:\/\/espamob.com\/es\/wp-json\/wp\/v2\/media?parent=11431"}],"curies":[{"name":"wp","href":"https:\/\/api.w.org\/{rel}","templated":true}]}}