{"id":11366,"date":"2021-10-21T12:03:24","date_gmt":"2021-10-21T12:03:24","guid":{"rendered":"https:\/\/www.espamob.com\/offres-de-stage-mkt-et-communication-espamob\/"},"modified":"2023-06-16T05:58:11","modified_gmt":"2023-06-16T05:58:11","slug":"offres-de-stage-mkt-et-communication-espamob","status":"publish","type":"page","link":"https:\/\/espamob.com\/es\/offres-de-stage-mkt-et-communication-espamob\/","title":{"rendered":"OFFRES DE STAGE MKT ET COMMUNICATION ESPAMOB"},"content":{"rendered":"<div class=\"wpb-content-wrapper\"><p>[vc_row][vc_column][vc_custom_heading text=\u00bboffer in digital marketing\/communication and project coordination\u00bb font_container=\u00bbtag:h1|text_align:center\u00bb use_theme_fonts=\u00bbyes\u00bb css=\u00bb.vc_custom_1634817241300{padding-top: 2% !important;}\u00bb][vc_separator][vc_video link=\u00bbhttps:\/\/www.youtube.com\/watch?v=nnLvkDAqiQ4&amp;ab_channel=Espamob%27-EuropeanMobilityProgram\u00bb el_width=\u00bb60&#8243; align=\u00bbcenter\u00bb][vc_row_inner][vc_column_inner][vc_empty_space][\/vc_column_inner][\/vc_row_inner][vc_custom_heading text=\u00bbContexto de la empresa\u00bb font_container=\u00bbtag:h2|text_align:left|color:%23e30019&#8243;][vc_column_text css=\u00bb.vc_custom_1635324073066{padding-left: 6% !important;}\u00bb]<span style=\"color: #999999;\" data-darkreader-inline-color=\"\">Espamob&#8217; es una organizaci\u00f3n aliada con <strong>Erasmus +<\/strong> Movilidades europeas. Ofrecemos y coordinamos proyectos de Erasmus de todos los pa\u00edses de la uni\u00f3n europea para garantizar la <strong>experiencia<\/strong> y la <strong>movilidad exitosa<\/strong>.<\/span><\/p>\n<p><span style=\"color: #999999;\" data-darkreader-inline-color=\"\">En nuestra agencia, le pediremos que ponga todas sus habilidades para desarrollar las mejores relaciones con nuestras empresas asociadas y crear nuevas alianzas. Estamos ubicados en el \u00e1rea empresarial de Barcelona, a solo 200 metros del mar. \u00a1Estaremos encantados de darle la bienvenida a nuestro equipo multicultural si cumple con todos nuestros criterios de b\u00fasqueda!<\/span><\/p>\n<p><span style=\"color: #999999;\" data-darkreader-inline-color=\"\">Para este puesto, se le otorgar\u00e1n la siguientes misiones:<\/span>[\/vc_column_text][vc_custom_heading text=\u00bbMisi\u00f3n de las pr\u00e1cticas\u00bb font_container=\u00bbtag:h2|text_align:left|color:%23e30019&#8243;][vc_row_inner][vc_column_inner][vc_custom_heading text=\u00bbDigital marketing :\u00bb font_container=\u00bbtag:h3|text_align:left|color:%23000000&#8243; css=\u00bb.vc_custom_1634822065211{padding-left: 6% !important;}\u00bb][vc_column_text css=\u00bb.vc_custom_1635324868030{padding-left: 8% !important;}\u00bb]<span style=\"color: #999999;\" data-darkreader-inline-color=\"\">El marketing digital en Espamob &#8216;incluye varios tipos de tareas. Desde las redes sociales hasta la edici\u00f3n de videos y las campa\u00f1as de mailing, las misiones que se te encomienden ser\u00e1n variadas:<\/span><\/p>\n<ul>\n<li><span style=\"color: #999999;\" data-darkreader-inline-color=\"\">Gesti\u00f3n y desarrollo de redes sociales<\/span><\/li>\n<li><span style=\"color: #999999;\" data-darkreader-inline-color=\"\">Dise\u00f1o de un calendario de publicaciones<\/span><\/li>\n<li><span style=\"color: #999999;\" data-darkreader-inline-color=\"\">Animaci\u00f3n de comunidades<\/span><\/li>\n<li><span style=\"color: #999999;\" data-darkreader-inline-color=\"\">Comunicaci\u00f3n externa a trav\u00e9s de mailings<span style=\"color: #999999;\" data-darkreader-inline-color=\"\">(planificaci\u00f3n, redacci\u00f3n, dise\u00f1o, gesti\u00f3n de bases de datos, an\u00e1lisis de resultados y retenci\u00f3n)<\/span><\/span><\/li>\n<li><span style=\"color: #999999;\" data-darkreader-inline-color=\"\">Creaci\u00f3n y edici\u00f3n de videos de YouTube<\/span><\/li>\n<li><span style=\"color: #999999;\" data-darkreader-inline-color=\"\">Producci\u00f3n de contenido web<\/span><\/li>\n<li><span style=\"color: #999999;\" data-darkreader-inline-color=\"\">Gesti\u00f3n de art\u00edculos de WordPress<\/span><\/li>\n<li><span style=\"color: #999999;\" data-darkreader-inline-color=\"\">Optimizaci\u00f3n SEO<\/span><\/li>\n<\/ul>\n<p>[\/vc_column_text][vc_custom_heading text=\u00bbPlanificaci\u00f3n y coordinaci\u00f3n de la movilidad :\u00bb font_container=\u00bbtag:h3|text_align:left|color:%23000000&#8243; css=\u00bb.vc_custom_1635324879679{padding-left: 6% !important;}\u00bb][vc_column_text css=\u00bb.vc_custom_1635325841396{padding-left: 8% !important;}\u00bb]<span style=\"color: #999999;\" data-darkreader-inline-color=\"\">El principal objetivo de Espamob es satisfacer a sus clientes gracias a su experiencia en la organizaci\u00f3n de la movilidad. Durante su pasant\u00eda en nuestra empresa, se le dar\u00e0n varias misiones para la planificaci\u00f3n de movilidades:<br \/>\n<\/span><\/p>\n<ul>\n<li><span style=\"color: #999999;\" data-darkreader-inline-color=\"\">Relaci\u00f3n con diferentes proveedores<\/span><\/li>\n<li><span style=\"color: #999999;\" data-darkreader-inline-color=\"\">Prospecci\u00f3n inteligente<\/span><\/li>\n<li><span style=\"color: #999999;\" data-darkreader-inline-color=\"\">Presentaci\u00f3n del servicio y negociaci\u00f3n comercial<\/span><\/li>\n<li><span style=\"color: #999999;\" data-darkreader-inline-color=\"\">Recepci\u00f3n de grupos<\/span><\/li>\n<li><span style=\"color: #999999;\" data-darkreader-inline-color=\"\">Acompa\u00f1amiento de los participantes en la empresa<\/span><\/li>\n<li><span style=\"color: #999999;\" data-darkreader-inline-color=\"\">Creaci\u00f3n de packs de bienvenida<\/span><\/li>\n<li><span style=\"color: #999999;\" data-darkreader-inline-color=\"\">Redacci\u00f3n de cotizaciones y contratos comerciales<\/span><\/li>\n<\/ul>\n<p>[\/vc_column_text][\/vc_column_inner][\/vc_row_inner][vc_custom_heading text=\u00bbPerfil buscado :\u00bb font_container=\u00bbtag:h2|text_align:left|color:%23e30019&#8243;][vc_column_text css=\u00bb.vc_custom_1635325886622{padding-left: 8% !important;}\u00bb]<span style=\"color: #999999;\" data-darkreader-inline-color=\"\">Para esta pasant\u00eda, buscamos un estudiante de escuela de negocios o comunicaci\u00f3n y marketing digital. Se valorar\u00e1 la experiencia previa. Motivados, vers\u00e1tiles y aut\u00f3nomos, buscamos la perla rara.<\/span><\/p>\n<p><span style=\"color: #999999;\" data-darkreader-inline-color=\"\">Se requerir\u00e1n varios tipos de habilidades :<\/span>[\/vc_column_text][vc_row_inner][vc_column_inner][vc_custom_heading text=\u00bbHabilidades t\u00e9cnicas :\u00bb font_container=\u00bbtag:h3|text_align:left\u00bb css=\u00bb.vc_custom_1635325937354{padding-left: 6% !important;}\u00bb][vc_column_text css=\u00bb.vc_custom_1635326791126{padding-left: 8% !important;}\u00bb]<\/p>\n<ul>\n<li><span style=\"color: #999999;\" data-darkreader-inline-color=\"\">WordPress<\/span><\/li>\n<li><span style=\"color: #999999;\" data-darkreader-inline-color=\"\">Adobe Suite, Canva, Mailshimp<\/span><\/li>\n<li><span style=\"color: #999999;\" data-darkreader-inline-color=\"\">Software de edici\u00f3n de video<\/span><\/li>\n<li><span style=\"color: #999999;\" data-darkreader-inline-color=\"\">Escritura y ortograf\u00eda perfectas<\/span><\/li>\n<li><span style=\"color: #999999;\" data-darkreader-inline-color=\"\">Traducci\u00f3n de art\u00edculos<\/span><\/li>\n<li><span style=\"color: #999999;\" data-darkreader-inline-color=\"\">Nivel nativo de franc\u00e9s, espa\u00f1ol e ingl\u00e9s B2-C1<\/span><\/li>\n<\/ul>\n<p>[\/vc_column_text][vc_custom_heading text=\u00bbHabilidades funcionales :\u00bb font_container=\u00bbtag:h3|text_align:left\u00bb css=\u00bb.vc_custom_1635325931956{padding-left: 6% !important;}\u00bb][vc_column_text css=\u00bb.vc_custom_1635326827148{padding-left: 8% !important;}\u00bb]<\/p>\n<ul>\n<li><span style=\"color: #999999;\" data-darkreader-inline-color=\"\">Motivado<\/span><\/li>\n<li><span style=\"color: #999999;\" data-darkreader-inline-color=\"\">Amable y sonriente<\/span><\/li>\n<li><span style=\"color: #999999;\" data-darkreader-inline-color=\"\">aut\u00f3nomo<\/span><\/li>\n<li><span style=\"color: #999999;\" data-darkreader-inline-color=\"\">Fuerza de propuesta<\/span><\/li>\n<\/ul>\n<p>[\/vc_column_text][\/vc_column_inner][\/vc_row_inner][\/vc_column][\/vc_row][vc_row][vc_column width=\u00bb1\/3&#8243;][\/vc_column][vc_column width=\u00bb1\/3&#8243;]\n<div class=\"wpcf7 no-js\" id=\"wpcf7-f11325-o1\" lang=\"en-US\" dir=\"ltr\" data-wpcf7-id=\"11325\">\n<div class=\"screen-reader-response\"><p role=\"status\" aria-live=\"polite\" aria-atomic=\"true\"><\/p> <ul><\/ul><\/div>\n<form action=\"\/es\/wp-json\/wp\/v2\/pages\/11366#wpcf7-f11325-o1\" method=\"post\" class=\"wpcf7-form init\" aria-label=\"Contact form\" enctype=\"multipart\/form-data\" novalidate=\"novalidate\" data-status=\"init\">\n<fieldset class=\"hidden-fields-container\"><input type=\"hidden\" name=\"_wpcf7\" value=\"11325\" \/><input type=\"hidden\" name=\"_wpcf7_version\" value=\"6.1.5\" \/><input type=\"hidden\" name=\"_wpcf7_locale\" value=\"en_US\" \/><input type=\"hidden\" name=\"_wpcf7_unit_tag\" value=\"wpcf7-f11325-o1\" \/><input type=\"hidden\" name=\"_wpcf7_container_post\" value=\"0\" \/><input type=\"hidden\" name=\"_wpcf7_posted_data_hash\" value=\"\" \/><input type=\"hidden\" name=\"_wpcf7_recaptcha_response\" value=\"\" \/>\n<\/fieldset>\n<label >su curr\u00edculum vitae: \n<span class=\"wpcf7-form-control-wrap\" data-name=\"file-863\"><input size=\"40\" class=\"wpcf7-form-control wpcf7-file wpcf7-validates-as-required\" accept=\".pdf\" aria-required=\"true\" aria-invalid=\"false\" type=\"file\" name=\"file-863\" \/><\/span><label>\n<input class=\"wpcf7-form-control wpcf7-submit has-spinner\" type=\"submit\" value=\"Enviar\" \/><div class=\"wpcf7-response-output\" aria-hidden=\"true\"><\/div>\n<\/form>\n<\/div>\n[\/vc_column][vc_column width=\u00bb1\/3&#8243;][vc_btn title=\u00bbDescargar la oferta en pdf\u00bb size=\u00bblg\u00bb align=\u00bbcenter\u00bb link=\u00bburl:https%3A%2F%2Fespamob.com%2Fwp-content%2Fuploads%2F2021%2F10%2FOFFRES-DE-STAGE-MKT-ET-COMMUNICATION-ESPAMOB-ES.pdf|||\u00bb][\/vc_column][\/vc_row]<\/p>\n<\/div>","protected":false},"excerpt":{"rendered":"<p>[vc_row][vc_column][vc_custom_heading text=\u00bboffer in digital marketing\/communication and project coordination\u00bb font_container=\u00bbtag:h1|text_align:center\u00bb use_theme_fonts=\u00bbyes\u00bb css=\u00bb.vc_custom_1634817241300{padding-top: 2% !important;}\u00bb][vc_separator][vc_video link=\u00bbhttps:\/\/www.youtube.com\/watch?v=nnLvkDAqiQ4&amp;ab_channel=Espamob%27-EuropeanMobilityProgram\u00bb el_width=\u00bb60&#8243; align=\u00bbcenter\u00bb][vc_row_inner][vc_column_inner][vc_empty_space][\/vc_column_inner][\/vc_row_inner][vc_custom_heading text=\u00bbContexto de la empresa\u00bb font_container=\u00bbtag:h2|text_align:left|color:%23e30019&#8243;][vc_column_text css=\u00bb.vc_custom_1635324073066{padding-left: 6% !important;}\u00bb]Espamob&#8217; es una organizaci\u00f3n aliada con Erasmus + Movilidades europeas. Ofrecemos y coordinamos proyectos de Erasmus de todos los pa\u00edses de la uni\u00f3n europea para garantizar la experiencia y la movilidad exitosa.<\/p>\n","protected":false},"author":2,"featured_media":0,"parent":0,"menu_order":0,"comment_status":"closed","ping_status":"closed","template":"","meta":{"footnotes":""},"class_list":["post-11366","page","type-page","status-publish","hentry"],"_links":{"self":[{"href":"https:\/\/espamob.com\/es\/wp-json\/wp\/v2\/pages\/11366","targetHints":{"allow":["GET"]}}],"collection":[{"href":"https:\/\/espamob.com\/es\/wp-json\/wp\/v2\/pages"}],"about":[{"href":"https:\/\/espamob.com\/es\/wp-json\/wp\/v2\/types\/page"}],"author":[{"embeddable":true,"href":"https:\/\/espamob.com\/es\/wp-json\/wp\/v2\/users\/2"}],"replies":[{"embeddable":true,"href":"https:\/\/espamob.com\/es\/wp-json\/wp\/v2\/comments?post=11366"}],"version-history":[{"count":0,"href":"https:\/\/espamob.com\/es\/wp-json\/wp\/v2\/pages\/11366\/revisions"}],"wp:attachment":[{"href":"https:\/\/espamob.com\/es\/wp-json\/wp\/v2\/media?parent=11366"}],"curies":[{"name":"wp","href":"https:\/\/api.w.org\/{rel}","templated":true}]}}